{"id":2854,"date":"2016-08-03T15:14:27","date_gmt":"2016-08-03T15:14:27","guid":{"rendered":"http:\/\/blogs.magicjudges.org\/o\/?page_id=2854"},"modified":"2017-08-15T04:54:55","modified_gmt":"2017-08-15T04:54:55","slug":"disqualification-process-cs","status":"publish","type":"page","link":"https:\/\/blogs.magicjudges.org\/o\/disqualification-process-cs\/","title":{"rendered":"Diskvalifika\u010dn\u00ed Proces"},"content":{"rendered":"<p style=\"text-align: justify\"><b><div class=\"alert alert-danger\" role=\"alert\"> Kdykoliv je hr\u00e1\u010d diskvalifikov\u00e1n ze sankcionovan\u00e9ho turnaje, tak je pot\u0159eba, aby o tom hlavn\u00ed rozhod\u010d\u00ed podal hl\u00e1\u0161en\u00ed. Tento dokument popisuje jak na to a jak\u00fdproces n\u00e1sleduje po odesl\u00e1n\u00ed hl\u00e1\u0161en\u00ed.<\/div><\/b><\/p>\n<h2><b>D\u016fle\u017eit\u00e9 body k zapamatov\u00e1n\u00ed<\/b><\/h2>\n<ol>\n<li>Postupuj dle procesu popsan\u00e9ho v dokumentu <a href=\"http:\/\/blogs.magicjudges.org\/o\/files\/2016\/08\/HeadJudgeDisqualificationProcedure-CS.pdf\" target=\"_blank\" rel=\"noopener noreferrer\">Diskvalifika\u010dn\u00ed proces pro hlavn\u00edho rozhod\u010d\u00edho<\/a>.<\/li>\n<li>Nejd\u016fle\u017eitej\u0161\u00ed je z\u00edskat kontaktn\u00ed informace od hr\u00e1\u010de, sv\u011bdk\u016f a pod\u00edlej\u00edc\u00edch se rozhod\u010d\u00edch<\/li>\n<li>Vytiskni dokument jm\u00e9nem <a href=\"http:\/\/blogs.magicjudges.org\/o\/files\/2016\/07\/PlayerDisqualificationFAQ-CS.pdf\" target=\"_blank\" rel=\"noopener noreferrer\">Ot\u00e1zky a odpov\u011bdi pro diskvalifikovan\u00e9ho hr\u00e1\u010de<\/a> a p\u0159edej jej hr\u00e1\u010di.. Tento dokument vysv\u011btl\u00ed hr\u00e1\u010di co se bude d\u00edt a odpov\u00ed na ve\u0161ker\u00e9 b\u011b\u017en\u00e9 ot\u00e1zky, kter\u00e9 diskvalifikovan\u00ed hr\u00e1\u010di maj\u00ed. D\u00e1le jim vysv\u011btl\u00ed, jak\u00e9 maj\u00ed mo\u017enosti p\u0159i pod\u00e1n\u00ed prohl\u00e1\u0161en\u00ed<\/li>\n<li>Pokud si diskvalifikovan\u00fd hr\u00e1\u010d p\u0159eje napsat prohl\u00e1\u0161en\u00ed hned, m\u016f\u017ee jej napsat na zadn\u00ed stranu FAQ a\/nebo dostane dal\u0161\u00ed pr\u00e1zdn\u00e9 pap\u00edry.<\/li>\n<li>Po\u017e\u00e1dej hr\u00e1\u010de, aby opustil m\u00edsto kon\u00e1n\u00ed turnaje, pokud jeho\/jej\u00ed p\u0159\u00edtomnost m\u016f\u017ee nad\u00e1le zasahovat do pr\u016fb\u011bhu turnaje anebo obt\u011b\u017eovat hr\u00e1\u010de (pro napaden\u00ed, kr\u00e1de\u017e \u010di pro cokoliv, co se nehod\u00ed; pro h\u00e1zen\u00ed kostkou s \u00fa\u010delem stanovit v\u00edt\u011bze, p\u0159edev\u0161\u00edm, kdy\u017e nev\u011bd\u011bli o tom, \u017ee se to nesm\u00ed, m\u016f\u017ee\u0161 je klidn\u011b nechat v m\u00edst\u011b kon\u00e1n\u00ed turnaje po diskvalifikaci<\/li>\n<li>Po turnaji za\u0161li Diskvalifika\u010dn\u00ed report pomoc\u00ed <a href=\"https:\/\/apps.magicjudges.org\/investigations\/\" target=\"_blank\" rel=\"noopener noreferrer\">Google formul\u00e1\u0159e nalinkovan\u00e9ho na JudgeApps co nejd\u0159\u00edve.<\/a><\/li>\n<li>Organiz\u00e1tora turnaje m\u016f\u017ee zaj\u00edmat dokument <a href=\"http:\/\/blogs.magicjudges.org\/o\/files\/2016\/08\/TournamentOrganizerDisqualificationFAQ-CS.pdf\" target=\"_blank\" rel=\"noopener noreferrer\">Ot\u00e1zky a odpov\u011bdi pro organiz\u00e1tora turnaje<\/a>.<\/li>\n<\/ol>\n<h2 style=\"text-align: justify\"><b>Resources<\/b><\/h2>\n<table class=\"table table-hover table-condensed\">\n<thead>\n<tr>\n<th style=\"width: 33%\">Document<\/th>\n<th style=\"width: 37%\">Description<\/th>\n<th style=\"width: 15%\"><b>Aktualizov\u00e1no<\/b><\/th>\n<th style=\"width: 10%\">Download<\/th>\n<\/tr>\n<\/thead>\n<tbody>\n<tr>\n<th><a href=\"http:\/\/blogs.magicjudges.org\/o\/files\/2016\/08\/HeadJudgeDisqualificationProcedure-CS.pdf\" target=\"_blank\" rel=\"noopener noreferrer\">Diskvalifika\u010dn\u00ed proces pro hlavn\u00edho rozhod\u010d\u00edho<\/a><\/th>\n<td>Dokument obsahuj\u00edc\u00ed v\u0161echny<\/td>\n<td>\n<p style=\"font-size: 15px\">17 b\u0159ezen 2017<\/p>\n<\/td>\n<th><a href=\"http:\/\/blogs.magicjudges.org\/o\/files\/2016\/08\/HeadJudgeDisqualificationProcedure-CS.pdf\" target=\"_blank\" rel=\"noopener noreferrer\"><img loading=\"lazy\" decoding=\"async\" class=\"aligncenter wp-image-1390 size-full\" src=\"http:\/\/blogs.magicjudges.org\/o\/files\/2015\/01\/1420963073_699581-icon-70-document-file-pdf-128.png\" width=\"48\" height=\"48\" \/><\/a><\/th>\n<\/tr>\n<tr>\n<th><a href=\"http:\/\/blogs.magicjudges.org\/o\/files\/2016\/07\/PlayerDisqualificationFAQ-CS.pdf\" target=\"_blank\" rel=\"noopener noreferrer\">Ot\u00e1zky a odpov\u011bdi pro diskvalifikovan\u00e9ho hr\u00e1\u010de<\/a><\/th>\n<td>Kr\u00e1tk\u00fd dokument, kter\u00fd se p\u0159ed\u00e1v\u00e1 v\u0161em diskvalifikovan\u00fdm hr\u00e1\u010d\u016fm p\u0159ed t\u00edm, ne je po\u017e\u00e1d\u00e1me o seps\u00e1n\u00ed prohl\u00e1\u0161en\u00ed (odpov\u00ed na nej\u010dast\u011bj\u0161\u00ed dotazy).<\/td>\n<td>\n<p style=\"font-size: 15px\">21 \u010dervenec 2016<\/p>\n<\/td>\n<th colspan=\"2\"><a class=\"media-left\" title=\"Player Disqualification FAQ\" href=\"http:\/\/blogs.magicjudges.org\/o\/files\/2016\/07\/PlayerDisqualificationFAQ-CS.pdf\" target=\"_blank\" rel=\"noopener noreferrer\"><img loading=\"lazy\" decoding=\"async\" class=\"aligncenter wp-image-1390 size-full\" src=\"http:\/\/blogs.magicjudges.org\/o\/files\/2015\/01\/1420963073_699581-icon-70-document-file-pdf-128.png\" width=\"48\" height=\"48\" \/><\/a><\/th>\n<\/tr>\n<tr>\n<th><a href=\"http:\/\/blogs.magicjudges.org\/o\/files\/2016\/08\/TournamentOrganizerDisqualificationFAQ-CS.pdf\" target=\"_blank\" rel=\"noopener noreferrer\">Ot\u00e1zky a odpov\u011bdi pro organiz\u00e1tora turnaje<\/a><\/th>\n<td>Kr\u00e1tk\u00fd dokument pro organiz\u00e1tora turnaje, kter\u00fd nen\u00ed obezn\u00e1men s diskvalifika\u010dn\u00edm procesem p\u0159edev\u0161\u00edm na Regular RELu.<\/td>\n<td>\n<p style=\"font-size: 15px\">03 srpen 2016<\/p>\n<\/td>\n<th colspan=\"2\"><a class=\"media-left\" title=\"TO Disqualification FAQ\" href=\"http:\/\/blogs.magicjudges.org\/o\/files\/2016\/08\/TournamentOrganizerDisqualificationFAQ-CS.pdf\" target=\"_blank\" rel=\"noopener noreferrer\"><img loading=\"lazy\" decoding=\"async\" class=\"aligncenter wp-image-1390 size-full\" src=\"http:\/\/blogs.magicjudges.org\/o\/files\/2015\/01\/1420963073_699581-icon-70-document-file-pdf-128.png\" width=\"48\" height=\"48\" \/><\/a><\/th>\n<\/tr>\n<\/tbody>\n<\/table>\n<p style=\"text-align: justify\">If you would like to help to translate these documents into your language, please contact <span class='judge-tooltip'><a href='https:\/\/apps.magicjudges.org\/judges\/dci\/88735146' >Alejandro Raggio<\/a><span class='avatar'><img width='200' height='200' src='https:\/\/apps.magicjudges.org\/dci\/avatar?dci=88735146&size=200'><\/span><\/span>.<\/p>\n","protected":false},"excerpt":{"rendered":"<p>D\u016fle\u017eit\u00e9 body k zapamatov\u00e1n\u00ed Postupuj dle procesu popsan\u00e9ho v dokumentu Diskvalifika\u010dn\u00ed proces pro hlavn\u00edho rozhod\u010d\u00edho. Nejd\u016fle\u017eitej\u0161\u00ed je z\u00edskat kontaktn\u00ed informace od hr\u00e1\u010de, sv\u011bdk\u016f a pod\u00edlej\u00edc\u00edch se rozhod\u010d\u00edch Vytiskni dokument jm\u00e9nem Ot\u00e1zky a odpov\u011bdi pro diskvalifikovan\u00e9ho hr\u00e1\u010de a p\u0159edej jej hr\u00e1\u010di.. Tento dokument vysv\u011btl\u00ed hr\u00e1\u010di co se bude d\u00edt a odpov\u00ed na ve\u0161ker\u00e9 b\u011b\u017en\u00e9 ot\u00e1zky, kter\u00e9 [&hellip;]<\/p>\n","protected":false},"author":126,"featured_media":0,"parent":0,"menu_order":0,"comment_status":"closed","ping_status":"closed","template":"","meta":{"footnotes":"","_links_to":"","_links_to_target":""},"language":[23],"class_list":["post-2854","page","type-page","status-publish","hentry","language-cs"],"_links":{"self":[{"href":"https:\/\/blogs.magicjudges.org\/o\/wp-json\/wp\/v2\/pages\/2854","targetHints":{"allow":["GET"]}}],"collection":[{"href":"https:\/\/blogs.magicjudges.org\/o\/wp-json\/wp\/v2\/pages"}],"about":[{"href":"https:\/\/blogs.magicjudges.org\/o\/wp-json\/wp\/v2\/types\/page"}],"author":[{"embeddable":true,"href":"https:\/\/blogs.magicjudges.org\/o\/wp-json\/wp\/v2\/users\/126"}],"replies":[{"embeddable":true,"href":"https:\/\/blogs.magicjudges.org\/o\/wp-json\/wp\/v2\/comments?post=2854"}],"version-history":[{"count":13,"href":"https:\/\/blogs.magicjudges.org\/o\/wp-json\/wp\/v2\/pages\/2854\/revisions"}],"predecessor-version":[{"id":4329,"href":"https:\/\/blogs.magicjudges.org\/o\/wp-json\/wp\/v2\/pages\/2854\/revisions\/4329"}],"wp:attachment":[{"href":"https:\/\/blogs.magicjudges.org\/o\/wp-json\/wp\/v2\/media?parent=2854"}],"wp:term":[{"taxonomy":"language","embeddable":true,"href":"https:\/\/blogs.magicjudges.org\/o\/wp-json\/wp\/v2\/language?post=2854"}],"curies":[{"name":"wp","href":"https:\/\/api.w.org\/{rel}","templated":true}]}}