{"id":2933,"date":"2016-09-07T23:42:25","date_gmt":"2016-09-07T23:42:25","guid":{"rendered":"http:\/\/blogs.magicjudges.org\/o\/?page_id=2933"},"modified":"2017-04-22T22:10:47","modified_gmt":"2017-04-22T22:10:47","slug":"disqualification-process-sr","status":"publish","type":"page","link":"https:\/\/blogs.magicjudges.org\/o\/disqualification-process-sr\/","title":{"rendered":"Postupak Diskvalifikacije"},"content":{"rendered":"<p><span style=\"font-weight: 400\"><div class=\"alert alert-danger\" role=\"alert\"> Svaki put kada je igra\u010d diskvalifikovan sa sankcionisanog turnira, od Glavnog Sudije se o\u010dekuje da podnese izve\u0161taj. U ovom odeljku \u0107ete na\u0107i kako se to radi i proces koji zatim sledi.<\/div><\/span><\/p>\n<h2><b>Najva\u017enije \u0161to morate imati na umu<\/b><\/h2>\n<ol>\n<li style=\"font-weight: 400\"><span style=\"font-weight: 400\">Pratite proceduru obja\u0161njenu u \u00a0<\/span><a href=\"http:\/\/blogs.magicjudges.org\/o\/files\/2016\/09\/HeadJudgeDisqualificationProcedure-SR.pdf\"><span style=\"font-weight: 400\">Postupak Diskvalifikacije za Glavnog Sudiju<\/span><\/a><span style=\"font-weight: 400\">.<\/span><\/li>\n<li style=\"font-weight: 400\"><span style=\"font-weight: 400\">Najva\u017eniji deo je uzeti od igra\u010da, sudija koji su u\u010destvovali i svedoka, njihove <\/span><b>kontakt informacije.<\/b><\/li>\n<li style=\"font-weight: 400\"><span style=\"font-weight: 400\">Od\u0161tampajte kopiju \u00a0<\/span><a href=\"http:\/\/blogs.magicjudges.org\/o\/files\/2016\/09\/PlayerDisqualificationFAQ-SR.pdf\"><span style=\"font-weight: 400\">Diskvalifikacija igra\u010da FAQ<\/span><\/a><span style=\"font-weight: 400\"> i dajte je diskvalifikovanom igra\u010du. Ovaj dokument \u0107e objasniti igra\u010du \u0161ta se de\u0161ava i odgovoriti na \u00a0naj\u010de\u0161\u0107a pitanja koja diskvalifikovani igra\u010di postavljaju. Takodje \u0107e im objasniti koje sve imaju opcije prilikom \u00a0davanja izjave.<\/span><\/li>\n<li style=\"font-weight: 400\"><span style=\"font-weight: 400\">Ako diskvalifikovani igra\u010d \u017eeli da da izjavu odmah, on\/ona je mo\u017ee napisati na poledjini dokumenta i\/ili na dodatnom praznom papiru koji \u0107ete mu dati po potrebi.<\/span><\/li>\n<li style=\"font-weight: 400\"><span style=\"font-weight: 400\">Zamolite igra\u010da da napusti dogadjaj ako bi njegovo\/njeno prisustvo dalje ometalo turnir ili druge igra\u010de (stvari poput napada, kradje, i bilo \u010dega \u0161to je nelagodno; za stvari poput bacanja kockice da bi se odredio pobednik, pogotovu ako je iz neznanja, mo\u017eete im dozvoliti da ostanu na dogadjaju i \u00a0posle diskvalifikacije).<\/span><\/li>\n<li style=\"font-weight: 400\"><span style=\"font-weight: 400\">Posle turnira, <\/span><a href=\"https:\/\/apps.magicjudges.org\/investigations\/\"><span style=\"font-weight: 400\">prijavite izve\u0161taj o diskvalifikaciji koriste\u0107i Google form koji se nalazi u linku na JudgeApps<\/span><\/a><span style=\"font-weight: 400\"> \u0161to je pre mogu\u0107e.<\/span><\/li>\n<li style=\"font-weight: 400\">Organizatora turnira mo\u017ee zanimati \u00a0<a href=\"http:\/\/blogs.magicjudges.org\/o\/files\/2016\/09\/TournamentOrganizerDisqualificationFAQ-SR.pdf\"><span style=\"font-weight: 400\">Organizator Turnira Diskvalifikacija FAQ<\/span><\/a><span style=\"font-weight: 400\">.<\/span><\/li>\n<\/ol>\n<p><b>Sredstva<\/b><\/p>\n<table class=\"table table-hover table-condensed\">\n<thead>\n<tr>\n<th style=\"width: 33%\"><b>Dokument<\/b><\/th>\n<th style=\"width: 37%\"><b>Opis<\/b><\/th>\n<th style=\"width: 15%\"><b>A\u017eurirano<\/b><\/th>\n<th style=\"width: 10%\"><b>Preuzimanje<\/b><\/th>\n<\/tr>\n<\/thead>\n<tbody>\n<tr>\n<th><a href=\"http:\/\/blogs.magicjudges.org\/o\/files\/2016\/09\/HeadJudgeDisqualificationProcedure-SR.pdf\" target=\"_blank\"><b>Postupak Diskvalifikacije za Glavnog Sudiju<\/b><\/a><\/th>\n<td><span style=\"font-weight: 400\">Dokument sa svim potrebnim koracima posle diskvalifikacije\u00a0igra\u010da.<\/span><\/td>\n<td><span style=\"font-weight: 400\">17 Mar 2017<\/span><\/td>\n<th><a class=\"media-left\" title=\"Head Judge Disqualification Procedure\" href=\"http:\/\/blogs.magicjudges.org\/o\/files\/2015\/02\/HeadJudgeDisqualificationProcedure-EN.pdf\" target=\"_blank\"><img loading=\"lazy\" decoding=\"async\" class=\" size-full wp-image-1390 aligncenter\" src=\"http:\/\/blogs.magicjudges.org\/o\/files\/2015\/01\/1420963073_699581-icon-70-document-file-pdf-128.png\" alt=\"\" width=\"48\" height=\"48\" \/><\/a><\/th>\n<\/tr>\n<tr>\n<th><a href=\"http:\/\/blogs.magicjudges.org\/o\/files\/2016\/09\/PlayerDisqualificationFAQ-SR.pdf\" target=\"_blank\"><b>Diskvalifikacija Igra\u010da FAQ<\/b><\/a><\/th>\n<td><span style=\"font-weight: 400\">Dokument na jednoj strani koji se daje svim diskvalifikovanim igra\u010dima pre nego \u0161to im zatra\u017eite da napi\u0161u izjavu (sadr\u017ei\u00a0odgovore na naj\u010de\u0161\u0107a pitanja).<\/span><\/td>\n<td>17 Jan 2017<\/td>\n<th colspan=\"2\"><a class=\"media-left\" title=\"Player Disqualification FAQ\" href=\"http:\/\/blogs.magicjudges.org\/o\/files\/2015\/02\/PlayerDisqualificationFAQ-EN.pdf\" target=\"_blank\"><img loading=\"lazy\" decoding=\"async\" class=\" size-full wp-image-1390 aligncenter\" src=\"http:\/\/blogs.magicjudges.org\/o\/files\/2015\/01\/1420963073_699581-icon-70-document-file-pdf-128.png\" alt=\"\" width=\"48\" height=\"48\" \/><\/a><\/th>\n<\/tr>\n<tr>\n<th><a href=\"http:\/\/blogs.magicjudges.org\/o\/files\/2016\/09\/TournamentOrganizerDisqualificationFAQ-SR.pdf\" target=\"_blank\"><b>Organizator Turnira Diskvalifikacija FAQ<\/b><\/a><\/th>\n<td><span style=\"font-weight: 400\">Dokukment na jednoj strani koji se daje organizatoru turnira koji nije upoznat sa procesom diskvalifikacije, pogotovu na Regular REL dogadjajima.<\/span><\/td>\n<td>01 Jul 2016<\/td>\n<th colspan=\"2\"><a class=\"media-left\" title=\"TO Disqualification FAQ\" href=\"http:\/\/puu.sh\/pLeeE\/f6c0b98de9.pdf\" target=\"_blank\"><img loading=\"lazy\" decoding=\"async\" class=\" size-full wp-image-1390 aligncenter\" src=\"http:\/\/blogs.magicjudges.org\/o\/files\/2015\/01\/1420963073_699581-icon-70-document-file-pdf-128.png\" alt=\"\" width=\"48\" height=\"48\" \/><\/a><\/th>\n<\/tr>\n<\/tbody>\n<\/table>\n<p>If you would like to help to translate these documents into your language, please contact <span class='judge-tooltip'><a href='https:\/\/apps.magicjudges.org\/judges\/dci\/88735146' >Alejandro Raggio<\/a><span class='avatar'><img width='200' height='200' src='https:\/\/apps.magicjudges.org\/dci\/avatar?dci=88735146&size=200'><\/span><\/span>.<\/p>\n<p>&nbsp;<\/p>\n<p><i><span style=\"font-weight: 400\">Ovu stranicu je napisao <span class='judge-tooltip'><a href='https:\/\/apps.magicjudges.org\/judges\/dci\/88735146' >Alejandro Raggio<\/a><span class='avatar'><img width='200' height='200' src='https:\/\/apps.magicjudges.org\/dci\/avatar?dci=88735146&size=200'><\/span><\/span><\/span><\/i><\/p>\n","protected":false},"excerpt":{"rendered":"<p>Najva\u017enije \u0161to morate imati na umu Pratite proceduru obja\u0161njenu u \u00a0Postupak Diskvalifikacije za Glavnog Sudiju. Najva\u017eniji deo je uzeti od igra\u010da, sudija koji su u\u010destvovali i svedoka, njihove kontakt informacije. Od\u0161tampajte kopiju \u00a0Diskvalifikacija igra\u010da FAQ i dajte je diskvalifikovanom igra\u010du. Ovaj dokument \u0107e objasniti igra\u010du \u0161ta se de\u0161ava i odgovoriti na \u00a0naj\u010de\u0161\u0107a pitanja koja diskvalifikovani [&hellip;]<\/p>\n","protected":false},"author":126,"featured_media":0,"parent":0,"menu_order":0,"comment_status":"closed","ping_status":"closed","template":"","meta":{"footnotes":"","_links_to":"","_links_to_target":""},"language":[24],"class_list":["post-2933","page","type-page","status-publish","hentry","language-rs"],"_links":{"self":[{"href":"https:\/\/blogs.magicjudges.org\/o\/wp-json\/wp\/v2\/pages\/2933","targetHints":{"allow":["GET"]}}],"collection":[{"href":"https:\/\/blogs.magicjudges.org\/o\/wp-json\/wp\/v2\/pages"}],"about":[{"href":"https:\/\/blogs.magicjudges.org\/o\/wp-json\/wp\/v2\/types\/page"}],"author":[{"embeddable":true,"href":"https:\/\/blogs.magicjudges.org\/o\/wp-json\/wp\/v2\/users\/126"}],"replies":[{"embeddable":true,"href":"https:\/\/blogs.magicjudges.org\/o\/wp-json\/wp\/v2\/comments?post=2933"}],"version-history":[{"count":9,"href":"https:\/\/blogs.magicjudges.org\/o\/wp-json\/wp\/v2\/pages\/2933\/revisions"}],"predecessor-version":[{"id":3959,"href":"https:\/\/blogs.magicjudges.org\/o\/wp-json\/wp\/v2\/pages\/2933\/revisions\/3959"}],"wp:attachment":[{"href":"https:\/\/blogs.magicjudges.org\/o\/wp-json\/wp\/v2\/media?parent=2933"}],"wp:term":[{"taxonomy":"language","embeddable":true,"href":"https:\/\/blogs.magicjudges.org\/o\/wp-json\/wp\/v2\/language?post=2933"}],"curies":[{"name":"wp","href":"https:\/\/api.w.org\/{rel}","templated":true}]}}