{"id":3017,"date":"2016-09-28T09:29:48","date_gmt":"2016-09-28T09:29:48","guid":{"rendered":"http:\/\/blogs.magicjudges.org\/o\/?page_id=3017"},"modified":"2016-11-15T21:32:13","modified_gmt":"2016-11-15T21:32:13","slug":"welcome-to-the-official-resources-cz","status":"publish","type":"page","link":"https:\/\/blogs.magicjudges.org\/o\/welcome-to-the-official-resources-cz\/","title":{"rendered":""},"content":{"rendered":"<p style=\"margin-top: 40px;text-align: justify\">V\u00edtejte na str\u00e1nku ofici\u00e1ln\u00edch zdroj\u016f pro Magic Judge programem. Naleznete zde pot\u0159ebn\u00e9 informace o levelech rozhod\u010d\u00edch, struktu\u0159e programu, procesu certifikace a tak\u00e9 origin\u00e1ln\u00ed dokumenty <strong>Magic<\/strong>: the Gatheringu &#8211; kompletn\u00ed pravidla, turnajov\u00e1 pravidla a mnoh\u00e9 dal\u0161\u00ed.<\/p>\n<p style=\"text-align: justify\">Ve\u0161ker\u00fd obsah na t\u00e9to str\u00e1nce je Ofici\u00e1ln\u011b schv\u00e1len Magic Judge programem.<\/p>\n","protected":false},"excerpt":{"rendered":"<p>V\u00edtejte na str\u00e1nku ofici\u00e1ln\u00edch zdroj\u016f pro Magic Judge programem. Naleznete zde pot\u0159ebn\u00e9 informace o levelech rozhod\u010d\u00edch, struktu\u0159e programu, procesu certifikace a tak\u00e9 origin\u00e1ln\u00ed dokumenty Magic: the Gatheringu &#8211; kompletn\u00ed pravidla, turnajov\u00e1 pravidla a mnoh\u00e9 dal\u0161\u00ed. Ve\u0161ker\u00fd obsah na t\u00e9to str\u00e1nce je Ofici\u00e1ln\u011b schv\u00e1len Magic Judge programem.<\/p>\n","protected":false},"author":13,"featured_media":0,"parent":0,"menu_order":0,"comment_status":"closed","ping_status":"closed","template":"page_width-index.php","meta":{"footnotes":"","_links_to":"","_links_to_target":""},"language":[23],"class_list":["post-3017","page","type-page","status-publish","hentry","language-cs"],"_links":{"self":[{"href":"https:\/\/blogs.magicjudges.org\/o\/wp-json\/wp\/v2\/pages\/3017","targetHints":{"allow":["GET"]}}],"collection":[{"href":"https:\/\/blogs.magicjudges.org\/o\/wp-json\/wp\/v2\/pages"}],"about":[{"href":"https:\/\/blogs.magicjudges.org\/o\/wp-json\/wp\/v2\/types\/page"}],"author":[{"embeddable":true,"href":"https:\/\/blogs.magicjudges.org\/o\/wp-json\/wp\/v2\/users\/13"}],"replies":[{"embeddable":true,"href":"https:\/\/blogs.magicjudges.org\/o\/wp-json\/wp\/v2\/comments?post=3017"}],"version-history":[{"count":5,"href":"https:\/\/blogs.magicjudges.org\/o\/wp-json\/wp\/v2\/pages\/3017\/revisions"}],"predecessor-version":[{"id":3371,"href":"https:\/\/blogs.magicjudges.org\/o\/wp-json\/wp\/v2\/pages\/3017\/revisions\/3371"}],"wp:attachment":[{"href":"https:\/\/blogs.magicjudges.org\/o\/wp-json\/wp\/v2\/media?parent=3017"}],"wp:term":[{"taxonomy":"language","embeddable":true,"href":"https:\/\/blogs.magicjudges.org\/o\/wp-json\/wp\/v2\/language?post=3017"}],"curies":[{"name":"wp","href":"https:\/\/api.w.org\/{rel}","templated":true}]}}