{"id":3056,"date":"2016-10-03T16:18:26","date_gmt":"2016-10-03T16:18:26","guid":{"rendered":"http:\/\/blogs.magicjudges.org\/o\/?page_id=3056"},"modified":"2018-03-27T12:48:35","modified_gmt":"2018-03-27T12:48:35","slug":"advanced-roles-es","status":"publish","type":"page","link":"https:\/\/blogs.magicjudges.org\/o\/advanced-roles-es\/","title":{"rendered":"Roles Avanzados"},"content":{"rendered":"<p style=\"text-align: justify\">Los Roles Avanzados representan estructuras adicionales para los Jueces nivel 3 que representan aspectos del liderazgo del Programa de Jueces. Cada rol tiene un n\u00famero de puestos disponibles (a pesar de que ese n\u00famero puede fluctuar en el tiempo seg\u00fan cambien las necesidades). Los jueces nivel 2 que tengan la <a href=\"https:\/\/blogs.magicjudges.org\/o\/judge-levels-es\/certifications-es\/the-level-2-tester-certification-es\/\">Certificaci\u00f3n de Examinador de nivel 2<\/a>\u00a0pueden aplicar para el rol de Coordinador regional en su regi\u00f3n principal.<\/p>\n<p style=\"text-align: justify\">Los Coordinadores del programa y los Jueces principales de Grand Prix mantienen su Rol Avanzado por 18 meses. Los Coordinadores regionales lo mantienen por 24 meses. Cada seis meses un tercio de los roles expirar\u00e1 y una nueva ronda de solicitudes ser\u00e1 considerada. Para los Coordinadores regionales esto sucede cada 12 meses para la mitad de\u00a0 los roles. Los jueces que terminan su rol son bienvenidos a solicitarlo nuevamente durante este proceso. Estas solicitudes las gestionan los miembros que se mantienen en ese rol, quienes recopilar\u00e1n los resultados y enviar\u00e1n feedback de cada candidato a Wizards para la selecci\u00f3n final.<\/p>\n<p style=\"text-align: justify\">Un Juez nivel 3 que solicite un Rol Avanzado debe haber demostrado habilidades excepcionales como Juez nivel 3; el trabajo en proyectos y eventos ser\u00e1 considerado en la solicitud. Porque tienen un plazo de expiraci\u00f3n, no hay requisitos formales para mantener los Roles Avanzados (aunque en circunstancias excepcionales un juez puede ser apartado a discreci\u00f3n del Administrador de la Comunidad de Jueces).<\/p>\n<p style=\"text-align: justify\">Se podr\u00e1n tener en cuenta aspectos geo-regionales durante la selecci\u00f3n de un candidato para un rol. En general no se recomienda que un juez tenga m\u00e1s de dos de estos roles al mismo tiempo.<\/p>\n<p style=\"text-align: justify\"><div class=\"row judge-familiar-stacked-pills horizontal\"><ul class=\"nav nav-pills nav-stacked col-lg-2\" role=\"tablist\"><li class=\"nav-item\"><a href=\"#coordinadores-del-programa\" class=\"nav-link active\" role=\"tab\" data-toggle=\"tab\">Coordinadores del Programa<\/a><\/li><li class=\"nav-item\"><a href=\"#jueces-principales-de-grand-prix\" class=\"nav-link \" role=\"tab\" data-toggle=\"tab\">Jueces Principales de Grand Prix<\/a><\/li><li class=\"nav-item\"><a href=\"#coordinadores-regionales\" class=\"nav-link \" role=\"tab\" data-toggle=\"tab\">Coordinadores Regionales<\/a><\/li><\/ul><div class=\"tab-content col-lg-10\"><div role=\"tabpanel\" class=\"tab-pane fade in active\" id=\"coordinadores-del-programa\">\n<p style=\"text-align: justify\">Estos jueces son responsables de recibir instrucciones estrat\u00e9gicas de parte de Wizards y buscar c\u00f3mo implementarlas en el conjunto del programa. Esto se hace coordinando con otros jueces que lideren varios proyectos, y parte de su rol es asegurar que los proyectos tengan una clara direcci\u00f3n, criterios de \u00e9xito y que los miembros de estos proyectos sean apropiadamente reconocidos.<\/p>\n<p>Si quieres saber m\u00e1s sobre <a href=\"https:\/\/blogs.magicjudges.org\/o\/advanced-roles-es\/program-coordinators-es\/\">los Coordinadores del programa y sus tareas<\/a>, visita esta p\u00e1gina.<\/p>\n<p style=\"text-align: justify\"><\/div><div role=\"tabpanel\" class=\"tab-pane fade \" id=\"jueces-principales-de-grand-prix\">\n<p style=\"text-align: justify\">Estos jueces son responsables de actuar como Jueces Principales, Jueces de Apoyo y Jueces de Apelaci\u00f3n en Grand Prix. Las tareas pueden variar de acuerdo al rol al cual han sido asignados para un Grand Prix en particular, pero pueden incluir pre-planificaci\u00f3n del personal del torneo, coordinaci\u00f3n del evento, recibir apelaciones y proporcionar reports tras el evento.<\/p>\n<p style=\"text-align: justify\">Un juez nuevo en este rol pasar\u00e1 sus primeros Grand Prix como Juez de Apoyo para asegurar una adecuada transici\u00f3n al desempe\u00f1o del rol completo de Juez Principal de un Grand Prix.<\/p>\n<p style=\"text-align: justify\">Se espera de los Jueces Principales de Grand Prix que demuestren un excepcional conocimiento de reglas, habilidad para expresar elocuentemente las reglas, pol\u00edticas y las filosof\u00edas subyacentes, liderazgo y habilidades organizativas.<\/p>\n<p style=\"text-align: justify\">La cantidad actual de jueces necesarios para Juez Principal de Grand Prix es de 21-24.<\/p>\n<h4 style=\"text-align: justify\">Proceso de Solicitud:<\/h4>\n<ul style=\"text-align: justify\">\n<li>\u00c9xito demostrado como l\u00edder de equipo en un Grand Prix.<\/li>\n<li>Carta de presentaci\u00f3n.<\/li>\n<li>Examen de reglas.<\/li>\n<li>Examen de pol\u00edticas.<\/li>\n<\/ul>\n<p style=\"text-align: justify\">Los solicitantes que aprueben este paso pasar\u00e1n a:<\/p>\n<ul style=\"text-align: justify\">\n<li style=\"margin-top: -20px\">Examen de Situaci\u00f3n de Pol\u00edticas y evaluaci\u00f3n para Juez Principal de Grand Prix.<\/li>\n<\/ul>\n<p style=\"text-align: justify\"><\/div><div role=\"tabpanel\" class=\"tab-pane fade \" id=\"coordinadores-regionales\">\n<p style=\"text-align: justify\">Estos jueces son responsables del mantenimiento del Programa de Jueces a un nivel regional. Se encargan de las necesidades diarias de los jueces de su regi\u00f3n, supervisan la certificaci\u00f3n, el avance y el mantenimiento de Niveles 1 y Niveles 2, trabajan con organizadores para asegurarse de que sus necesidades se cubran y se aseguran del cuidado y entrenamiento de los jueces de su regi\u00f3n.<\/p>\n<p style=\"text-align: justify\">Si quieres saber m\u00e1s sobre <a href=\"https:\/\/blogs.magicjudges.org\/o\/advanced-roles-es\/regional-coordinators-es\/\">el grupo de Coordinadores regionales y sus tareas<\/a>, visita esta p\u00e1gina.<\/p>\n<p style=\"text-align: justify\"><\/div><\/div><\/div><\/p>\n<div class=\"row judge-familiar-stacked-pills horizontal\"><ul class=\"nav nav-pills nav-stacked col-lg-2\" role=\"tablist\"><li class=\"nav-item\"><a href=\"#lider-de-jueces-principales-de-grand-prix\" class=\"nav-link active\" role=\"tab\" data-toggle=\"tab\">L\u00edder de Jueces principales de Grand Prix<\/a><\/li><li class=\"nav-item\"><a href=\"#lider-de-coordinadores-regionales\" class=\"nav-link \" role=\"tab\" data-toggle=\"tab\">L\u00edder de Coordinadores regionales<\/a><\/li><\/ul><div class=\"tab-content col-lg-10\"><div role=\"tabpanel\" class=\"tab-pane fade in active\" id=\"lider-de-jueces-principales-de-grand-prix\">\n<p>La posici\u00f3n de L\u00edder de Jueces principales de Grand Prix es un rol administrativo focalizado en supervisar a los Jueces principales de Grand Prix y las pol\u00edticas y pr\u00e1cticas de torneos grandes. Es una posici\u00f3n de un a\u00f1o (abril a marzo) contratado por Wizards of the Coast.<\/p>\n<p>No es un requisito previo que el candidato sea un Juez principal de Grand Prix, pero es preferible experiencia en ese rol.<\/p>\n<p>Las tareas del\u00a0L\u00edder de Jueces principales de Grand Prix son:<\/p>\n<ul>\n<li>Administrar el proceso de selecci\u00f3n de nuevos Jueces principales de Grand Prix dos veces al a\u00f1o, generando preguntas y coordinando evaluaciones.<\/li>\n<li>Facilitar las discusiones de Jueces principales de Grand Prix. Actuar como mentor de nuevos miembros y ser una voz representativa de la log\u00edstica y las preguntas de pol\u00edticas de los Grand Prix. Mediar discusiones en la lista si es necesario.<\/li>\n<li>Coordinar centralizadamente con los OTs y los Jueces principales de Grand Prix para asegurarse que los eventos de Grand Prix tengan el personal necesario (Jueces principales y de apelaci\u00f3n) del grupo.<\/li>\n<li>Definir las mejores pr\u00e1cticas y procedimientos para torneos a gran escala.<\/li>\n<li>Asegurarse que los Jueces principales de Grand Prix est\u00e1n cumpliendo sus obligaciones, incluyendo los reportes de torneo post-evento.<\/li>\n<\/ul>\n<p>El comit\u00e9 de selecci\u00f3n de\u00a0L\u00edder de Jueces principales de Grand Prix consiste en un Coordinador de programa, cuatro Jueces principales de Grand Prix activos y dos jueces nivel 3 del resto del grupo. No puede participar del comit\u00e9 cualquiera que aspire a esta posici\u00f3n.<\/div><div role=\"tabpanel\" class=\"tab-pane fade \" id=\"lider-de-coordinadores-regionales\">\n<p>La posici\u00f3n de L\u00edder de Coordinadores regionales es un rol administrativo focalizado en supervisar a los Coordinadores regionales y asegurarse que las regiones implementan la estructura del programa correctamente. Es una posici\u00f3n de un a\u00f1o (enero a diciembre) contratado por Wizards of the Coast.<\/p>\n<p>No es un requisito previo que el candidato sea un Coordinador regional, pero es preferible experiencia en ese rol. Si un Coordinador regional terminar\u00eda su tiempo con este rol mientras es L\u00edder de Coordinadores regionales, su tiempo se extender\u00eda autom\u00e1ticamente.<\/p>\n<p>Las tareas del L\u00edder de Coordinadores regionales son:<\/p>\n<ul>\n<li>Supervisar el proceso de selecci\u00f3n de nuevos Coordinadores regionales de una parte de las regionales globales dos veces al a\u00f1o, incluyendo generar preguntas y coordinar las evaluaciones.<\/li>\n<li>Facilitar las discusiones de los Coordinadores regionales, actuar como mentor de nuevos miembros y ser una voz representativa de la administraci\u00f3n regional. Mediar discusiones en la lista si es necesario.<\/li>\n<li>Asegurar la implementaci\u00f3n consistente a nivel regional de las definiciones de nivel 1 y 2.<\/li>\n<li>Ayudar a los Coordinadores regionales a desarrollar estructuras de liderazgo en sus regiones locales.<\/li>\n<li>Asegurarse que los Coordinadores regionales tienen los recursos que necesitan para su tarea y delegar cualquier problema a gran escala a los Coordinadores de programa o a Wizards of the Coast.<\/li>\n<li>Ser part\u00edcipe con el Comit\u00e9 de conducta de jueces y el Comit\u00e9 de Coordinadores regionales de preguntas sobre disciplina regionales.<\/li>\n<\/ul>\n<p><\/div><\/div><\/div>\n<p style=\"text-align: justify\">\n","protected":false},"excerpt":{"rendered":"<p>Los Roles Avanzados representan estructuras adicionales para los Jueces nivel 3 que representan aspectos del liderazgo del Programa de Jueces. Cada rol tiene un n\u00famero de puestos disponibles (a pesar de que ese n\u00famero puede fluctuar en el tiempo seg\u00fan cambien las necesidades). Los jueces nivel 2 que tengan la Certificaci\u00f3n de Examinador de nivel [&hellip;]<\/p>\n","protected":false},"author":13,"featured_media":0,"parent":0,"menu_order":0,"comment_status":"closed","ping_status":"closed","template":"page_width-index.php","meta":{"footnotes":"","_links_to":"","_links_to_target":""},"language":[8],"class_list":["post-3056","page","type-page","status-publish","hentry","language-es"],"_links":{"self":[{"href":"https:\/\/blogs.magicjudges.org\/o\/wp-json\/wp\/v2\/pages\/3056","targetHints":{"allow":["GET"]}}],"collection":[{"href":"https:\/\/blogs.magicjudges.org\/o\/wp-json\/wp\/v2\/pages"}],"about":[{"href":"https:\/\/blogs.magicjudges.org\/o\/wp-json\/wp\/v2\/types\/page"}],"author":[{"embeddable":true,"href":"https:\/\/blogs.magicjudges.org\/o\/wp-json\/wp\/v2\/users\/13"}],"replies":[{"embeddable":true,"href":"https:\/\/blogs.magicjudges.org\/o\/wp-json\/wp\/v2\/comments?post=3056"}],"version-history":[{"count":17,"href":"https:\/\/blogs.magicjudges.org\/o\/wp-json\/wp\/v2\/pages\/3056\/revisions"}],"predecessor-version":[{"id":4589,"href":"https:\/\/blogs.magicjudges.org\/o\/wp-json\/wp\/v2\/pages\/3056\/revisions\/4589"}],"wp:attachment":[{"href":"https:\/\/blogs.magicjudges.org\/o\/wp-json\/wp\/v2\/media?parent=3056"}],"wp:term":[{"taxonomy":"language","embeddable":true,"href":"https:\/\/blogs.magicjudges.org\/o\/wp-json\/wp\/v2\/language?post=3056"}],"curies":[{"name":"wp","href":"https:\/\/api.w.org\/{rel}","templated":true}]}}