{"id":3109,"date":"2016-10-06T10:14:52","date_gmt":"2016-10-06T10:14:52","guid":{"rendered":"http:\/\/blogs.magicjudges.org\/o\/?page_id=3109"},"modified":"2016-10-06T14:59:50","modified_gmt":"2016-10-06T14:59:50","slug":"the-level-2-tester-certification-fr","status":"publish","type":"page","link":"https:\/\/blogs.magicjudges.org\/o\/judge-levels-fr\/the-level-2-tester-certification-fr\/","title":{"rendered":"La certification de testeur de niveaux 2"},"content":{"rendered":"<p><span style=\"font-weight: 400\">En avril, nous avons chang\u00e9 la structure du programme d\u2019arbitrage. Les leader du programme d\u2019arbitrage ont partag\u00e9s les d\u00e9tails <\/span><a href=\"http:\/\/blogs.magicjudges.org\/blog\/2016\/04\/11\/the-new-new-world-order-fr\/\"><span style=\"font-weight: 400\">ici<\/span><\/a><span style=\"font-weight: 400\">. Un des grands changements a \u00e9t\u00e9 l\u2019ajout de certifications pour des t\u00e2ches sp\u00e9cifiques. Pour les arbitres de niveau 2, une des nouvelles certifications disponibles est celle de testeur de niveaux 2.<\/span><\/p>\n<h1 style=\"text-align: justify\"><span style=\"font-weight: 400\">Pourquoi nous l\u2019avons cr\u00e9\u00e9e<\/span><\/h1>\n<p><span style=\"font-weight: 400\">Cette nouvelle certification de testeur de niveaux 2 r\u00e9pond \u00e0 deux besoins importants :<\/span><\/p>\n<ol>\n<li style=\"font-weight: 400\"><span style=\"font-weight: 400\">Nous souhaitons qu\u2019il soit plus facile pour les candidats au niveau 2 de passer le test.<\/span><\/li>\n<li style=\"font-weight: 400\"><span style=\"font-weight: 400\">Nous souhaitons que les arbitres de niveau 2 aient plus de possibilit\u00e9s pour s\u2019am\u00e9liorer et contribuer au programme d\u2019arbitrage, sans pour autant s\u2019orienter forc\u00e9ment vers le niveau 3.<\/span><\/li>\n<\/ol>\n<p><span style=\"font-weight: 400\">Avec le nouveau syst\u00e8me de PPTQ il y a un besoin plus grand et plus r\u00e9gulier de niveaux 2 \u201clocaux\u201d. Le terme \u201carbitre de niveau 2\u201d signifie maintenant \u201carbitre de REL Comp\u00e9titif\u201d. Les candidats au niveau 2 ne devraient pas avoir \u00e0 voyager sur de longues distances pour \u00eatre certifi\u00e9s. Cependant, quand les anciens PTQs ont disparu, moins d&#8217;\u00e9v\u00e9nements \u00e0 l\u2019\u00e9chelle locale ont eu besoin d\u2019un arbitre en chef de niveau 3. Deux cons\u00e9quences inattendues de ce changement furent :<\/span><\/p>\n<ol>\n<li style=\"font-weight: 400\"><span style=\"font-weight: 400\">Beaucoup d\u2019arbitres de niveau 2 actuels se sont sentis submerg\u00e9s par d\u2019intenses planning de PPTQs<\/span><\/li>\n<li style=\"font-weight: 400\"><span style=\"font-weight: 400\">Les candidats de niveau 2 ont eu plus de mal \u00e0 trouver un moyen de passer au niveau sup\u00e9rieur avec un niveau 3 pour les tester.<\/span><\/li>\n<\/ol>\n<p><span style=\"font-weight: 400\">Les arbitres de niveau 2 sont vitaux pour que le programme d\u2019arbitrage r\u00e9ussisse sur le long terme. Maintenant, avec des capacit\u00e9s et de la pr\u00e9paration, un niveau 2 peut devenir un testeur de niveau 2 sans s\u2019investir dans tout le processus requis pour devenir un niveau 3. Cela permet au programme d\u2019arbitrage d\u2019agrandir sa base de dirigeants locaux. Cela permet aussi \u00e0 des arbitres de niveau 2 de se concentrer sur ce qui leur tient le plus \u00e0 coeur sans prendre en compte toutes les qualit\u00e9s d\u2019un arbitre de niveau 3.<\/span><\/p>\n<h1 style=\"text-align: justify\"><span style=\"font-weight: 400\">Pour qui est-ce<\/span><\/h1>\n<p><span style=\"font-weight: 400\">La certification de testeur de niveaux 2 est faite pour les arbitres qui veulent certifier d\u2019autres arbitres au niveau 2. Avant aujourd\u2019hui, tester un candidat pour le niveau 2 \u00e9tait uniquement faisable par les arbitres de niveau 3. Chaque arbitre de niveau 3 a la connaissance et la compr\u00e9hension requise pour certifier de nouveaux arbitres de niveau 2. Nous savons depuis toujours qu\u2019il y a des arbitres de niveau 2 poss\u00e9dant aussi cette connaissance et cette compr\u00e9hension.<\/span><\/p>\n<p><span style=\"font-weight: 400\">Cette certification s\u2019adresse \u00e0 ces arbitres.<\/span><\/p>\n<p><span style=\"font-weight: 400\">Une bonne candidate \u00e0 cette certification enseigne aux autres dans sa r\u00e9gion. Elle sait donner de commentaires utiles et constructifs. Elle aide probablement d\u00e9j\u00e0 les arbitres de niveau 1 \u00e0 progresser et avancer et donne d\u00e9j\u00e0 des retours \u00e0 d\u2019autres arbitres de leur niveau.<\/span><\/p>\n<p><span style=\"font-weight: 400\">Les candidats \u00e0 la certification de testeur de niveau 2 peuvent \u00eatre des capitaines de r\u00e9gion. Ils peuvent \u00eatre les seuls arbitres de niveau 2 dans une zone g\u00e9ographique isol\u00e9e. Mais ils n\u2019ont pas \u00e0 \u00eatre dans l\u2019un de ces deux cas. N\u2019importe quel arbitre certifi\u00e9 de niveau 2 peut obtenir cette certification. Le candidat id\u00e9al est un arbitre qui aide d\u00e9j\u00e0 les candidats au niveau 2 \u00e0 progresser. Maintenant, ces arbitres seront \u00e9galement capables de tester les candidats au niveau 2 tout au long de leur chemin vers le passage de niveau.<\/span><\/p>\n<h1 style=\"text-align: justify\"><span style=\"font-weight: 400\">Pour qui ce n\u2019est pas fait<\/span><\/h1>\n<p><span style=\"font-weight: 400\">La certification de testeur de niveaux 2 n\u2019est pas faite pour tous les niveaux 2. Le temps n\u00e9cessaire pour certifier un testeur de niveaux 2 peut s\u2019ajouter \u00e0 un planning de coordinateur r\u00e9gional ou d\u2019arbitre de niveau 3 d\u00e9j\u00e0 bien charg\u00e9. Si vous tentez de vous certifier, vous devez \u00eatre capable de d\u00e9crire clairement pourquoi votre certification fera une diff\u00e9rence.<\/span><\/p>\n<p><span style=\"font-weight: 400\">Ce n\u2019est pas le niveau 2.5.<\/span><\/p>\n<p><span style=\"font-weight: 400\">La certification de testeur de niveau 2 n\u2019est <\/span><i><span style=\"font-weight: 400\">pas<\/span><\/i><span style=\"font-weight: 400\"> requise ou demand\u00e9e dans le processus de passage au niveau 3.<\/span><\/p>\n<p><span style=\"font-weight: 400\">Des candidats au niveau 3 recevront cette certification durant leur parcours et d\u2019autres non. Si vous \u00eates un arbitre de niveau 2 sans d\u00e9sir de certifier d\u2019autres arbitres de niveau 2, s\u2019il vous pla\u00eet, ne tentez pas cette certification.<\/span><\/p>\n<p><span style=\"font-weight: 400\">Cela ne fait pas de vous un meilleur arbitre que les autres niveaux 2; \u00e7a ne vous fera pas accepter plus facilement aux \u00e9v\u00e9nements que les autres niveaux 2; et \u00e7a ne vous aidera pas \u00e0 gagner des amis ou \u00e0 influencer les gens. Vous n\u2019avez pas non plus besoin de cette certification pour enseigner aux autres arbitres et pour apprendre d\u2019eux !<\/span><\/p>\n<h1 style=\"text-align: justify\"><span style=\"font-weight: 400\">Ce que nous attendons<\/span><\/h1>\n<p><span style=\"font-weight: 400\">Les testeurs de niveaux 2 ont le pouvoir d\u2019\u00e9valuer si un niveau 1 est pr\u00eat pour passer niveau 2. Ils doivent \u00eatre capables d\u2019identifier les forces et les faiblesses d\u2019un candidat. Ils doivent leur apporter un retour l\u00e0-dessus. Ils doivent l\u2019aider \u00e0 grandir et \u00e0 obtenir les capacit\u00e9s n\u00e9cessaires pour le niveau 2.<\/span><\/p>\n<p><span style=\"font-weight: 400\">En tant qu\u2019\u00e9tape finale, les testeurs de niveaux 2 doivent \u00eatre capables de tester le candidat. Cela inclut les aider \u00e0 comprendre leurs erreurs et incompr\u00e9hensions lors de l\u2019examen de niveau 2. Cela inclut \u00e9galement \u00e9crire une \u00e9valuation pour les faire avancer au niveau 2. Les candidats \u00e0 la certification de testeur de niveaux 2 doivent prouver qu\u2019ils ont ces quatres capacit\u00e9s cruciales.<\/span><\/p>\n<ol>\n<li style=\"font-weight: 400\"><span style=\"font-weight: 400\">Connaissances des r\u00e8gles et du r\u00e8glement<\/span><\/li>\n<\/ol>\n<p><span style=\"font-weight: 400\">Les candidats doivent avoir une forte connaissance des r\u00e8gles et du r\u00e8glement. Ils doivent \u00eatre capable d\u2019expliquer les r\u00e9ponses et concepts d\u2019un examen de niveau 2. Ils doivent \u00eatre capable de fournir un retour sur des mises en situation concernant les r\u00e8gles ou le r\u00e8glement. Les testeurs de niveaux 2 doivent \u00eatre capables d\u2019aider les candidats au niveau 2 \u00e0 apprendre de leurs erreurs sur l\u2019examen concernant les r\u00e8gles. La connaissance de ce qui se passe dans tel ou tel sc\u00e9nario n\u2019est pas suffisante. Ils doivent avoir la ma\u00eetrise des r\u00e8gles et r\u00e8glements pour pouvoir expliquer le pourquoi du comment dans un langage technique correct.<\/span><\/p>\n<p><span style=\"font-weight: 400\">Afin de d\u00e9velopper cette connaissance, les candidats doivent \u00e9tudier les R\u00e8gles Compl\u00e8tes, les R\u00e8gles de Tournoi et le Guide des Infraction et des P\u00e9nalit\u00e9s. Utiliser des tests d\u2019entra\u00eenement tels que le test d\u2019entra\u00eenement difficile ou le test d\u2019entra\u00eenement sur le r\u00e8glement. De plus, les candidats peuvent suivre et\/ou participer \u00e0 des projets d\u2019\u00e9ducation via JudgeApps.<\/span><\/p>\n<p><span style=\"font-weight: 400\">Nous avions pens\u00e9 demander \u00e0 un testeur de niveaux 2 d\u2019avoir un score plus haut que la normale \u00e0 un examen de niveau 2 ou d\u2019entra\u00eenement au niveau 2. Nous avions \u00e9galement pens\u00e9 \u00e0 utiliser d\u2019autres ressources de tests tels que l\u2019examen pr\u00e9liminaire de niveau 3. Chacune de ces approches contient des d\u00e9fis d\u00e9passant ses b\u00e9n\u00e9fices. Avec cela en t\u00eate, la certification de testeur de niveaux 2 ne contient pas de pr\u00e9-requis sp\u00e9cifique concernant un examen sur les r\u00e8gles. Les arbitres \u00e9ligibles pour \u00eatre testeur de niveaux 2 ont d\u00e9j\u00e0 pass\u00e9 l\u2019examen de niveau 2 et c\u2019est suffisant pour ce but.<\/span><\/p>\n<p><span style=\"font-weight: 400\">\u00a0 \u00a0 \u00a0 \u00a0 2. Compr\u00e9hension des capacit\u00e9s requises pour \u00eatre niveau 2<\/span><\/p>\n<p><span style=\"font-weight: 400\">Il est important pour chaque arbitre de niveau 2 d\u2019avoir les capacit\u00e9s et l\u2019exp\u00e9rience n\u00e9cessaire pour \u00eatre arbitre en chef de PPTQ. Les arbitres de niveau 2 doivent \u00eatre \u00e0 l\u2019aise lorsqu\u2019ils arbitrent un \u00e9v\u00e8nement en REL Comp\u00e9titif. En accord avec cela, les candidats testeurs de niveaux 2 doivent avoir une bonne compr\u00e9hension de leurs capacit\u00e9s et connaissances. Cela signifie qu\u2019il doivent \u00eatre capable d\u2019\u00e9vakuer si un potentiel niveau 2 sera capable d\u2019arbitrer directement un PPTQ apr\u00e8s l\u2019\u00eatre devenu.<\/span><\/p>\n<p><span style=\"font-weight: 400\">C\u2019est aussi important de comprendre ce qu\u2019il n\u2019est <\/span><i><span style=\"font-weight: 400\">pas<\/span><\/i><span style=\"font-weight: 400\"> attendu d\u2019un nouveau niveau 2. Les arbitres sont divers et talentueux et les pr\u00e9-requis ont \u00e9volu\u00e9s au fil des ann\u00e9es. Les capacit\u00e9s et connaissances que nous attendons d\u2019un arbitre de niveau 2 sont significatives, mais nous n\u2019attendons pas d\u2019un niveau 2 fra\u00eechement certifi\u00e9 qu\u2019il ait les m\u00eames capacit\u00e9s et connaissances que quelqu\u2019un \u00e9tant niveau 2 depuis plusieurs ann\u00e9es.<\/span><\/p>\n<p><span style=\"font-weight: 400\">Pour ma\u00eetriser cette compr\u00e9hension, les candidats peuvent vouloir discuter des attentes concernant les niveaux 1-2 avec un niveau 3 ou leur coordinateur r\u00e9gional. Ces discussions peuvent se faire en ligne pour les arbitres dans des zones \u00e9loign\u00e9es. Il y a aussi beaucoup d\u2019articles sur ce qui est attendu d\u2019un niveau 2 que les candidats pourraient lire. Les candidats doivent comparer les pr\u00e9-requis des niveaux 1 et 2 et chercher \u00e0 comprendre les raisons pour lesquelles chacun d\u2019eux existe.<\/span><\/p>\n<p><span style=\"font-weight: 400\">\u00a0 \u00a0 \u00a0 \u00a03. Capacit\u00e9 \u00e0 \u00e9valuer les candidats<\/span><\/p>\n<p><span style=\"font-weight: 400\">La candidate doit \u00eatre capable de reconna\u00eetre et \u00e9valuer chez un candidat au niveau 2 sa diplomatie, ses capacit\u00e9s de travail en \u00e9quipe, et sa connaissance de la philosophie de ce qu\u2019est un niveau 1. Il est important que nous maintenions un standard constant pour les arbitres de chaque niveau. Le programme d\u2019arbitrage fait un effort conscient pour s\u2019assurer que chaque arbitre ne baisse ou n\u2019augmente pas la barre pour chaque niveau de mani\u00e8re individuelle. Une arbitre testeuse de niveaux 2 doit \u00eatre capable d\u2019\u00e9valuer si oui ou non un candidat au niveau 2 a les capacit\u00e9s appropri\u00e9es. Il est aussi importants pour les nouveaux arbitres de niveau 2 d\u2019\u00e9lever un potentiel candidat au niveau 1 au standard appropri\u00e9. Cela veut dire que les testeurs de niveaux 2 doivent \u00eatre capables de s\u2019assurer que les standards du niveau 1 pour un nouveau niveau 2 sont corrects.<\/span><\/p>\n<p><span style=\"font-weight: 400\">La meilleure fa\u00e7on pour une candidate testeuse de niveaux 2 d\u2019obtenir cette capacit\u00e9 est de participer enti\u00e8rement \u00e0 l\u2019exp\u00e9rience de certification au niveau 1 et au niveau 2. La candidate testeuse de niveaux 2 doit s\u2019entra\u00eener \u00e0 \u00e9valuer les capacit\u00e9s d\u2019un niveau 1 ou d\u2019un niveau 2. Les \u00e9valuations qui ciblent sp\u00e9cifiquement les forces et les faiblesses des arbitres de niveau 1 relatives au niveau 2 sont importantes. Elles d\u00e9montrent que le candidat a cette capacit\u00e9. Lorsque c\u2019est possible, les candidats testeurs de niveaux 2 peuvent apprendre en observant le processus d\u2019entretien d\u2019un candidat au niveau 2 avec un autre testeur de niveau 2 ou un niveau 3.<\/span><\/p>\n<p><span style=\"font-weight: 400\">\u00a0 \u00a0 \u00a04. Capacit\u00e9 \u00e0 mentorer et \u00e0 fournir des retours constructifs aux candidats<\/span><\/p>\n<p><span style=\"font-weight: 400\">Un candidat testeur de niveaux 2 doit \u00eatre capable d\u2019aider un candidat au niveau 2 \u00e0 planifier son niveau 2. Cela inclut fournir des retours sur les comp\u00e9tences requises avant et apr\u00e8s l\u2019examen de passage.<\/span><\/p>\n<p><span style=\"font-weight: 400\">Pour s\u2019am\u00e9liorer dans ce domaine, le candidat doit donner des retours oraux et \u00e9crits sur les \u00e9v\u00e8nements. Il peut \u00eatre aussi utile de suivre les projets d\u2019arbitres et les blogs concernant les retours.<\/span><\/p>\n<h1 style=\"text-align: justify\"><span style=\"font-weight: 400\">Comment certifier<\/span><\/h1>\n<p><span style=\"font-weight: 400\">La premi\u00e8re \u00e9tape vers la certification pour le candidat, est la prise de contact avec son coordinateur r\u00e9gional. Le coordinateur r\u00e9gional pourra conseiller le candidat sur des points \u00e0 am\u00e9liorer avant son entretien. Le coordinateur r\u00e9gional saura \u00e9galement quel niveau 3 est capable de d\u00e9livrer la certification de testeur de niveaux 2.<\/span><\/p>\n<p><span style=\"font-weight: 400\">Les candidats doivent remplir les pr\u00e9-requis suivants :<\/span><\/p>\n<ul>\n<li><b><b>Est actuellement un niveau 2 actif.<\/b><\/b><\/li>\n<li><b>A effectu\u00e9 deux reviews d\u2019entretien, dont une dans les 12 derniers mois, d\u2019un candidat au niveau 1 qu\u2019il a certifi\u00e9. <\/b><span style=\"font-weight: 400\">La review doit montrer des exemples de retours constructifs bas\u00e9s sur les r\u00e9sultats de l\u2019examen de certification et de l\u2019entretien. Elle doit aussi expliquer en quoi le candidat remplit les pr\u00e9-requis du niveau 1.<\/span><\/li>\n<\/ul>\n<ul>\n<li style=\"font-weight: 400\"><b>A effectu\u00e9 une review dans les 12 derniers mois d\u2019un arbitre de niveau 1 qui aimerait devenir niveau 2.<\/b><span style=\"font-weight: 400\"> La review doit expliquer en quoi le niveau 1 remplit les pr\u00e9-requis pour le niveau 2 et\/ou en quoi il peut s\u2019am\u00e9liorer pour les remplir.<\/span><\/li>\n<li style=\"font-weight: 400\"><b>A effectu\u00e9 trois autres reviews sur trois arbitres diff\u00e9rents dans les 12 derniers mois.<\/b><span style=\"font-weight: 400\"> Ces reviews doivent montrer des exemples de retours constructifs aux arbitres \u00e9valu\u00e9s dans les domaines des actions de tournois, des r\u00e8gles, et du r\u00e8glement dans des \u00e9v\u00e8nements au REF Comp\u00e9titif. Ces reviews ne doivent pas \u00eatre pour des candidats au niveau 1. Elles ne peuvent pas non plus faire partie des reviews de niveaux 1 pour le niveau 2 cit\u00e9es pr\u00e9c\u00e9demment.<\/span><\/li>\n<li style=\"font-weight: 400\"><b>Un entretien et une recommandation du coordinateur r\u00e9gional ou d\u2019un autre arbitre de niveau 3 avec l\u2019accord du coordinateur r\u00e9gional.<\/b><span style=\"font-weight: 400\"> L\u2019entretien et la recommandation doivent couvrir les qualit\u00e9s et domaines de connaissances suivants :<\/span>\n<ul>\n<li style=\"font-weight: 400\"><span style=\"font-weight: 400\">Diplomatie<\/span><\/li>\n<li style=\"font-weight: 400\"><span style=\"font-weight: 400\">Enseignement<\/span><\/li>\n<li style=\"font-weight: 400\"><span style=\"font-weight: 400\">D\u00e9finition et pr\u00e9-requis n\u00e9cessaires du niveau 2<\/span><\/li>\n<li style=\"font-weight: 400\"><span style=\"font-weight: 400\">Bonnes pratiques pour les \u00e9valuations<\/span><\/li>\n<li style=\"font-weight: 400\"><span style=\"font-weight: 400\">Bonnes pratiques pour les entretiens<\/span><\/li>\n<li style=\"font-weight: 400\"><span style=\"font-weight: 400\">Utilisation du Judge Center et de JudgeApps pour compl\u00e8ter le processus de passage de niveau<\/span><\/li>\n<li style=\"font-weight: 400\"><span style=\"font-weight: 400\">Capacit\u00e9 \u00e0 expliquer ce processus \u00e0 quelqu\u2019un d\u2019autre<\/span><\/li>\n<\/ul>\n<\/li>\n<\/ul>\n<p><span style=\"font-weight: 400\">L\u2019entretien pour satisfaire les points pr\u00e9sent\u00e9s ci-dessus peuvent \u00eatre effectu\u00e9s en ligne plut\u00f4t qu\u2019en personne \u00e0 la discr\u00e9tion du coordinateur r\u00e9gional ou du niveau 3 d\u00e9sign\u00e9.<\/span><\/p>\n<p><span style=\"font-weight: 400\">Une candidate re\u00e7oit la certification de testeuse de niveaux 2 lorsque cette liste est remplie et que le coordinateur r\u00e9gional ou le niveau 3 d\u00e9sign\u00e9 l\u2019approuve. La certification donne acc\u00e8s aux tests de niveau 2 dans le Judge Center ainsi que la capacit\u00e9 de passer un arbitre du niveau 1 au niveau 2 sur JudgeApps.<\/span><\/p>\n<p><span style=\"font-weight: 400\">Vous pouvez contacter votre coordinateur r\u00e9gional via le <\/span><a href=\"http:\/\/blogs.magicjudges.org\/contact\/contact-a-regional-coordinator\/\"><span style=\"font-weight: 400\">formulaire de contact des coordinateurs r\u00e9gionaux<\/span><\/a><span style=\"font-weight: 400\">.<\/span><\/p>\n<p><span style=\"font-weight: 400\">La certification de testeur de niveaux 2, comme d\u2019autres certifications, peut expirer. Un testeur de niveaux 2 doit l\u2019utiliser au moins une fois tous les deux ans en faisant passer l\u2019examen de niveau 2 \u00e0 un arbitre de niveau 1 qui voudrait passer niveau 2 (suivi de l\u2019\u00e9valuation \u00e9crite appropri\u00e9e, comme tous les examens de passage). A la discr\u00e9tion de son coordinateur r\u00e9gional, il peut \u00eatre demand\u00e9 \u00e0 un testeur de niveaux 2 d\u00e9j\u00e0 certifi\u00e9 de d\u00e9montrer le maintien de ses connaissances des r\u00e8gles en passant un examen de niveau 2 dans le Judge Center. <\/span><\/p>\n<h1 style=\"text-align: justify\"><span style=\"font-weight: 400\">En r\u00e9sum\u00e9<\/span><\/h1>\n<p><span style=\"font-weight: 400\">Beaucoup de travail et de conversations ont \u00e9t\u00e9 n\u00e9cessaires \u00e0 la cr\u00e9ation de cette certification. Ce projet a suscit\u00e9 beaucoup d\u2019enthousiasme, et pas moins de 29 (!) arbitres de niveau 3 se sont port\u00e9s volontaires en premier lieu pour aider \u00e0 la mettre en place. Cela a pris longtemps \u00e0 finaliser et \u00e0 publier, mais nous y sommes enfin. Je voudrais remercier les \u00e9quipes d\u2019arbitres qui nous ont aid\u00e9 \u00e0 d\u00e9crire la philosophie derri\u00e8re cette certification, \u00e9crire ses pr\u00e9-requis, collecter des retours de la part des coordinateurs r\u00e9gionaux et des potentiels futurs testeurs de niveaux 2, s\u2019assurer de la faisabilit\u00e9 dans DCIX et JudgeApps, et \u00e9crire cette annonce. Plusieurs de ces arbitres ont servi dans plus d\u2019un domaine durant ce processus, ils sont donc list\u00e9s sans ordre pr\u00e9cis :<\/span><\/p>\n<ul>\n<li><span style=\"font-weight: 400\">Paul Baranay<\/span><\/li>\n<li><span style=\"font-weight: 400\">Kevin Binswanger<\/span><\/li>\n<li><span style=\"font-weight: 400\">Sean Catanese<\/span><\/li>\n<li><span style=\"font-weight: 400\">Adena Chernosky<\/span><\/li>\n<li><span style=\"font-weight: 400\">Joshua Feingold<\/span><\/li>\n<li><span style=\"font-weight: 400\">Jara Karaban<\/span><\/li>\n<li><span style=\"font-weight: 400\">Rob McKenzie<\/span><\/li>\n<li><span style=\"font-weight: 400\">Fabian Peck<\/span><\/li>\n<li><span style=\"font-weight: 400\">Sergio Perez<\/span><\/li>\n<li><span style=\"font-weight: 400\">Carlos Rada<\/span><\/li>\n<li><span style=\"font-weight: 400\">Brian Schenck<\/span><\/li>\n<li><span style=\"font-weight: 400\">John Temple<\/span><\/li>\n<li><span style=\"font-weight: 400\">Justin Turner<\/span><\/li>\n<li><span style=\"font-weight: 400\">Edwin Zhang<\/span><\/li>\n<\/ul>\n<p><span style=\"font-weight: 400\">Nous vous encourageons \u00e0 rejoindre la discussion sur JudgeApps. Si vous avez des questions sp\u00e9cifiques, vous pouvez joindre n\u2019importe quelle personne list\u00e9e ci-dessus ou votre coordinateur r\u00e9gional.<\/span><\/p>\n<p>&nbsp;<\/p>\n","protected":false},"excerpt":{"rendered":"<p>En avril, nous avons chang\u00e9 la structure du programme d\u2019arbitrage. Les leader du programme d\u2019arbitrage ont partag\u00e9s les d\u00e9tails ici. Un des grands changements a \u00e9t\u00e9 l\u2019ajout de certifications pour des t\u00e2ches sp\u00e9cifiques. Pour les arbitres de niveau 2, une des nouvelles certifications disponibles est celle de testeur de niveaux 2. Pourquoi nous l\u2019avons cr\u00e9\u00e9e [&hellip;]<\/p>\n","protected":false},"author":30,"featured_media":0,"parent":2616,"menu_order":0,"comment_status":"closed","ping_status":"closed","template":"","meta":{"footnotes":"","_links_to":"","_links_to_target":""},"language":[15],"class_list":["post-3109","page","type-page","status-publish","hentry","language-fr"],"_links":{"self":[{"href":"https:\/\/blogs.magicjudges.org\/o\/wp-json\/wp\/v2\/pages\/3109","targetHints":{"allow":["GET"]}}],"collection":[{"href":"https:\/\/blogs.magicjudges.org\/o\/wp-json\/wp\/v2\/pages"}],"about":[{"href":"https:\/\/blogs.magicjudges.org\/o\/wp-json\/wp\/v2\/types\/page"}],"author":[{"embeddable":true,"href":"https:\/\/blogs.magicjudges.org\/o\/wp-json\/wp\/v2\/users\/30"}],"replies":[{"embeddable":true,"href":"https:\/\/blogs.magicjudges.org\/o\/wp-json\/wp\/v2\/comments?post=3109"}],"version-history":[{"count":1,"href":"https:\/\/blogs.magicjudges.org\/o\/wp-json\/wp\/v2\/pages\/3109\/revisions"}],"predecessor-version":[{"id":3110,"href":"https:\/\/blogs.magicjudges.org\/o\/wp-json\/wp\/v2\/pages\/3109\/revisions\/3110"}],"up":[{"embeddable":true,"href":"https:\/\/blogs.magicjudges.org\/o\/wp-json\/wp\/v2\/pages\/2616"}],"wp:attachment":[{"href":"https:\/\/blogs.magicjudges.org\/o\/wp-json\/wp\/v2\/media?parent=3109"}],"wp:term":[{"taxonomy":"language","embeddable":true,"href":"https:\/\/blogs.magicjudges.org\/o\/wp-json\/wp\/v2\/language?post=3109"}],"curies":[{"name":"wp","href":"https:\/\/api.w.org\/{rel}","templated":true}]}}