{"id":3113,"date":"2016-10-06T10:38:54","date_gmt":"2016-10-06T10:38:54","guid":{"rendered":"http:\/\/blogs.magicjudges.org\/o\/?page_id=3113"},"modified":"2016-10-16T18:37:40","modified_gmt":"2016-10-16T18:37:40","slug":"level-2-certification-template-review-fr","status":"publish","type":"page","link":"https:\/\/blogs.magicjudges.org\/o\/judge-levels-fr\/level-2-certification-template-review-fr\/","title":{"rendered":"Exemple de review de certification pour le niveau 2"},"content":{"rendered":"<h2 style=\"text-align: justify\">Instructions<\/h2>\n<p style=\"text-align: justify\">La section 1 devra \u00eatre \u00e9crite dans la partie commentaires de la review. La section 2 sera dans les forces et points \u00e0 am\u00e9liorer.<\/p>\n<h2 style=\"text-align: justify\">Section 1<\/h2>\n<p style=\"text-align: justify\">Quel \u00e9v\u00e8nement avez-vous arbitr\u00e9 avec le sujet de la review ? Date ? REL ? Nombre de joueurs ?<\/p>\n<p style=\"text-align: justify\">Ensuite, r\u00e9pondez par oui ou non :<\/p>\n<ul style=\"text-align: justify\">\n<li>Recommandez-vous le sujet \u00e9valu\u00e9 pour le niveau 2 \u00e0 partir des interactions que vous avez eu avec lui durant cet \u00e9v\u00e8nement ?<\/li>\n<li>Pensez-vous que le sujet \u00e9valu\u00e9 fera un travail honorable lors d&#8217;un PPTQ moyen ?<\/li>\n<\/ul>\n<h2 style=\"text-align: justify\">Section 2<\/h2>\n<p style=\"text-align: justify\">Veuillez ensuite d\u00e9tailler les cat\u00e9gories\u00a0suivantes dans les parties &#8220;Force&#8221; ou &#8220;Point \u00e0 Am\u00e9liorer&#8221;. Gardez \u00e0 l&#8217;esprit que certains points peuvent \u00eatre plac\u00e9s dans les deux, l&#8217;arbitre \u00e9valu\u00e9 pouvant \u00eatre excellent dans certains points de la cat\u00e9gorie et faible dans d&#8217;autres.<\/p>\n<p style=\"text-align: justify\">Les points abord\u00e9s ci-dessous entre parenth\u00e8ses ne sont que des exemples : le candidat n&#8217;a pas besoin d&#8217;\u00eatre bon dans tous et vous n&#8217;avez pas l&#8217;obligation de tous les \u00e9valuer. Vous pouvez \u00e9galement ajouter des points qui ne sont pas list\u00e9s.<\/p>\n<ul>\n<li style=\"text-align: justify\">Structure de l&#8217;\u00e9v\u00e8nement\u00a0(Exemples: comprendre la structure en ronde suisse, en \u00e9limination directe, la proc\u00e9dure de scell\u00e9 et de draft, ainsi que toutes les proc\u00e9dures d&#8217;un tournoi du lancement jusqu&#8217;\u00e0 la finale, etc)<\/li>\n<li style=\"text-align: justify\">Techniques et pratiques arbitrales\u00a0(Exemples: capacit\u00e9 \u00e0 pr\u00e9parer la logistique d&#8217;un tournoi en paquet scell\u00e9, comprendre comment mener un deckcheck, savoir comment rentrer un rapport de disqualification dans le jJudge Center, etc)<\/li>\n<li style=\"text-align: justify\">Diplomatie et interactions (Exemples: capacit\u00e9 \u00e0 communiquer avec l&#8217;organisateur ou les autres arbitres, capacit\u00e9 \u00e0 rendre un ruling aux joueurs, etc)<\/li>\n<\/ul>\n","protected":false},"excerpt":{"rendered":"<p>Instructions La section 1 devra \u00eatre \u00e9crite dans la partie commentaires de la review. La section 2 sera dans les forces et points \u00e0 am\u00e9liorer. Section 1 Quel \u00e9v\u00e8nement avez-vous arbitr\u00e9 avec le sujet de la review ? Date ? REL ? Nombre de joueurs ? Ensuite, r\u00e9pondez par oui ou non : Recommandez-vous le [&hellip;]<\/p>\n","protected":false},"author":30,"featured_media":0,"parent":2616,"menu_order":0,"comment_status":"closed","ping_status":"closed","template":"","meta":{"footnotes":"","_links_to":"","_links_to_target":""},"language":[15],"class_list":["post-3113","page","type-page","status-publish","hentry","language-fr"],"_links":{"self":[{"href":"https:\/\/blogs.magicjudges.org\/o\/wp-json\/wp\/v2\/pages\/3113","targetHints":{"allow":["GET"]}}],"collection":[{"href":"https:\/\/blogs.magicjudges.org\/o\/wp-json\/wp\/v2\/pages"}],"about":[{"href":"https:\/\/blogs.magicjudges.org\/o\/wp-json\/wp\/v2\/types\/page"}],"author":[{"embeddable":true,"href":"https:\/\/blogs.magicjudges.org\/o\/wp-json\/wp\/v2\/users\/30"}],"replies":[{"embeddable":true,"href":"https:\/\/blogs.magicjudges.org\/o\/wp-json\/wp\/v2\/comments?post=3113"}],"version-history":[{"count":2,"href":"https:\/\/blogs.magicjudges.org\/o\/wp-json\/wp\/v2\/pages\/3113\/revisions"}],"predecessor-version":[{"id":3115,"href":"https:\/\/blogs.magicjudges.org\/o\/wp-json\/wp\/v2\/pages\/3113\/revisions\/3115"}],"up":[{"embeddable":true,"href":"https:\/\/blogs.magicjudges.org\/o\/wp-json\/wp\/v2\/pages\/2616"}],"wp:attachment":[{"href":"https:\/\/blogs.magicjudges.org\/o\/wp-json\/wp\/v2\/media?parent=3113"}],"wp:term":[{"taxonomy":"language","embeddable":true,"href":"https:\/\/blogs.magicjudges.org\/o\/wp-json\/wp\/v2\/language?post=3113"}],"curies":[{"name":"wp","href":"https:\/\/api.w.org\/{rel}","templated":true}]}}