{"id":3116,"date":"2016-10-06T12:12:46","date_gmt":"2016-10-06T12:12:46","guid":{"rendered":"http:\/\/blogs.magicjudges.org\/o\/?page_id=3116"},"modified":"2017-09-24T16:58:44","modified_gmt":"2017-09-24T16:58:44","slug":"the-team-leader-certification-feedback-form-fr","status":"publish","type":"page","link":"https:\/\/blogs.magicjudges.org\/o\/judge-levels-fr\/the-level-2-team-leader-certification-fr\/the-team-leader-certification-feedback-form-fr\/","title":{"rendered":"Le formulaire de certification de Team Leader"},"content":{"rendered":"<p style=\"text-align: justify\">Chaque partie de ce formulaire doit \u00eatre rempli par les deux arbitres ayant suivi\u00a0le candidat, c&#8217;est \u00e0 dire le Head-judge ou Appeal Judge en charge de l&#8217;\u00e9valuation ainsi que le niveau 3 observateur du candidat. Il doit ensuite \u00eatre soumis dans le Judge Center par ce premier avec le contenu ci-dessous dans la partie &#8220;Commentaires&#8221;. Les deux \u00e9valuateurs sont ensuite encourag\u00e9s \u00e0 \u00e9crire une review compl\u00e8te pour le candidat, avec des forces et des points \u00e0 am\u00e9liorer, mais cela n&#8217;est pas obligatoire.<\/p>\n<p>Chaque comp\u00e9tence est \u00e9valu\u00e9e sur une \u00e9chelle de 5 niveaux :<\/p>\n<p><b>D\u00e9ficient :<\/b>\u00a0Le candidat ne r\u00e9ussit pas \u00e0 comprendre ou ex\u00e9cuter le domaine \u00e9valu\u00e9. Le candidat a, ou aurait pu, compromettre l&#8217;\u00e9v\u00e8nement.<\/p>\n<p><b>Insuffisant :<\/b>\u00a0Le candidat est en \u00e9chec, mais pas au point de compromettre l&#8217;\u00e9v\u00e8nement. Le candidat n&#8217;est pas au niveau attendu d&#8217;un Team Leader d\u00e9butant.<\/p>\n<p><b>Succ\u00e8s :<\/b>\u00a0Le candidat remplit son r\u00f4le avec succ\u00e8s, mais conserve une marge d&#8217;am\u00e9lioration. Il s&#8217;agit du niveau minimum pour la validation.<\/p>\n<p><b>Tr\u00e8s bien : <\/b>Le candidat r\u00e9ussit au niveau d&#8217;un Team Leader d\u00e9butant en d\u00e9montrant une ma\u00eetrise et une compr\u00e9hension de ses comp\u00e9tences. Le candidat est apte \u00e0 diriger sans supervision.<\/p>\n<p><b>Excellent :<\/b>\u00a0Le candidat d\u00e9passe les attentes et agit comme un Team Leader exp\u00e9riment\u00e9. Le candidat innove et est un m\u00eame un exemple pour les Team Leaders exp\u00e9riment\u00e9s.<\/p>\n<p>Il est attendu des candidats qu&#8217;ils pr\u00e9sentent au moins avec succ\u00e8s les qualit\u00e9s suivantes pour r\u00e9ussir leur Team Leader Certification Test. Si le candidat est insuffisant sur au plus 2 des comp\u00e9tences mentionn\u00e9es (\u00e9valu\u00e9es par le Head-judge ou Appeal Judge en charge de l&#8217;\u00e9valuation et\/ou le niveau 3 observateur du candidat), il pourra toujours valider en compensant avec au moins 2 \u00e9valuations &#8220;tr\u00e8s bien&#8221; ou &#8220;excellent&#8221;. Un candidat avec au moins une comp\u00e9tence \u00e9valu\u00e9e comme d\u00e9ficiente, quelqu&#8217;elle soit, \u00e9choue au Team Leader Certification Test, ainsi qu&#8217;un candidat \u00e9valu\u00e9 insuffisant en Pr\u00e9paration des t\u00e2ches ou Succ\u00e8s dans la r\u00e9alisation de la t\u00e2che de l&#8217;\u00e9quipe.<\/p>\n<p>Pour plus d&#8217;explications d\u00e9taill\u00e9es dans le processus et la d\u00e9finition des notations par cat\u00e9gorie, merci de consulter la page de <a href=\"https:\/\/blogs.magicjudges.org\/o\/judge-levels\/certifications\/the-level-2-team-leader-certification\/\">Certification des Team Leader<\/a>.<\/p>\n<p>Si vous avez des retours ou des questions \u00e0 propos de la CTL, merci d&#8217;\u00e9crire \u00e0 <a href=\"mailto:L3.testing.manager@gmail.com\">L3.testing.manager@gmail.com<\/a>.<\/p>\n<h2><b>Section pour le L3 observateur\u00a0<\/b><\/h2>\n<p>Evaluer\u00a0les questions suivantes depuis votre point de vue de membre de l&#8217;\u00e9quipe :<\/p>\n<p><b>Succ\u00e8s dans la r\u00e9alisation de la t\u00e2che de l&#8217;\u00e9quipe <\/b><strong>:<\/strong> D\u00e9ficient\/ Insuffisant \/ Succ\u00e8s \/ Tr\u00e8s bien \/ Excellent<\/p>\n<p><b>D\u00e9l\u00e9gation\u00a0<\/b><strong>:<\/strong> D\u00e9ficient\/ Insuffisant \/ Succ\u00e8s \/ Tr\u00e8s bien \/ Excellent<\/p>\n<p><b>Constitution des \u00e9quipes\u00a0<strong>:<\/strong> D\u00e9ficient\/ Insuffisant \/ Succ\u00e8s \/ Tr\u00e8s bien \/ Excellent <\/b><\/p>\n<p><b>Mentorat\u00a0<\/b><strong>:<\/strong> D\u00e9ficient\/ Insuffisant \/ Succ\u00e8s \/ Tr\u00e8s bien \/ Excellent<\/p>\n<p><b>Communication :<\/b> D\u00e9ficient\/ Insuffisant \/ Succ\u00e8s \/ Tr\u00e8s bien \/ Excellent<\/p>\n<p><b>Selon vous, le HJ devrait-il accordez le TLC \u00e0 ce candidat ? <\/b>Oui \/ Non<b>\u00a0\u00a0<\/b><\/p>\n<p>Le niveau 3 observateur du candidat doit agir comme un niveau 2 passif et inexp\u00e9riment\u00e9, qui ne va pas ralentir l&#8217;\u00e9quipe mais ne contribuera pas activement, sauf demande explicite du candidat.<\/p>\n<p>Il n&#8217;est pas attendu du niveau 3 observateur du candidat d&#8217;effectuer un travail de tuteur pendant l&#8217;\u00e9valuation mais il est encourag\u00e9 \u00e0 donner son retour et \u00e0 effectuer un tel travail par la suite. \u00a0Ils ne devraient pas prendre la t\u00eate de l&#8217;\u00e9quipe, ne devraient pas montrer trop d&#8217;initiative, diriger les actions de l&#8217;\u00e9quipe ou donner trop de commentaires non sollicit\u00e9s au cours de la journ\u00e9e, afin de donner au candidat au CTL une chance de montrer leur leadership et leur vision sur leurs propres m\u00e9rites. \u00a0Il n&#8217;est pas attendu du\u00a0niveau 3 observateur du candidat de mettre en place des situations sp\u00e9cifiques, mais il est encourag\u00e9 \u00e0 impliquer le candidat dans des situations difficiles ou inhabituelles qui ont lieu lors de l&#8217;\u00e9v\u00e8nement. Le\u00a0niveau 3 observateur du candidat doit intervenir et prendre les mesures n\u00e9cessaires en cas de risques pour le tournoi; si cela devait arriver, il est vraisemblable que le candidat ait \u00e9chou\u00e9 \u00e0 l&#8217;\u00e9preuve. Par exemple, si le plan d&#8217;actions du Team Leader devait amener \u00e0 des appareillements affich\u00e9s de mani\u00e8re non-optimale, le\u00a0niveau 3 observateur du candidat devrait alors laisser faire et observer comment le Team Leader s&#8217;adapte \u00e0 la situation. Si le plan d&#8217;actions du Team Leader devait amener \u00e0 un post vacant concernant les appareillements alors que l&#8217;\u00e9quipe est en pause, alors le\u00a0niveau 3 observateur du candidat devrait intervenir.<\/p>\n<h2><b>Section pour le Head Judge\u00a0<\/b><\/h2>\n<p>Evaluer\u00a0les questions suivantes depuis votre point de vue de Head Judge.<\/p>\n<p><b>Pr\u00e9paration des t\u00e2ches\u00a0<\/b><strong>:<\/strong> D\u00e9ficient\/ Insuffisant \/ Succ\u00e8s \/ Tr\u00e8s bien \/ Excellent<\/p>\n<p><b>Succes dans la r\u00e9alisation de la t\u00e2che de l&#8217;\u00e9quipe\u00a0<\/b><strong>:<\/strong> D\u00e9ficient\/ Insuffisant \/ Succ\u00e8s \/ Tr\u00e8s bien \/ Excellent<\/p>\n<p><b>Vue d&#8217;ensemble de l&#8217;\u00e9v\u00e8nement et\u00a0feedback\u00a0<\/b><strong>:<\/strong> D\u00e9ficient\/ Insuffisant \/ Succ\u00e8s \/ Tr\u00e8s bien \/ Excellent<\/p>\n<p><b>Communication\u00a0<\/b><strong>:<\/strong> D\u00e9ficient\/ Insuffisant \/ Succ\u00e8s \/ Tr\u00e8s bien \/ Excellent<\/p>\n<h2><b>Informations G\u00e9n\u00e9rales<\/b><\/h2>\n<p>Nom du candidat :<\/p>\n<p>Equipe dirig\u00e9e par le candidat :<\/p>\n<p>Nom de \u00e9valuateur en chemise rouge (HJ ou AJ) :<\/p>\n<p>Nom du L3 Observateur :<\/p>\n<p>Nom du L3 v\u00e9rifiant les pr\u00e9-requis pour candidater et recommandant le candidat :<\/p>\n<p>Type d&#8217;\u00e9v\u00e8nement, nom et date :<\/p>\n<p>Le candidat a-t-il re\u00e7u la certification de team leader : Oui \/ Non<\/p>\n<p>&nbsp;<\/p>\n","protected":false},"excerpt":{"rendered":"<p>Chaque partie de ce formulaire doit \u00eatre rempli par les deux arbitres ayant suivi\u00a0le candidat, c&#8217;est \u00e0 dire le Head-judge ou Appeal Judge en charge de l&#8217;\u00e9valuation ainsi que le niveau 3 observateur du candidat. Il doit ensuite \u00eatre soumis dans le Judge Center par ce premier avec le contenu ci-dessous dans la partie &#8220;Commentaires&#8221;. [&hellip;]<\/p>\n","protected":false},"author":30,"featured_media":0,"parent":3111,"menu_order":0,"comment_status":"closed","ping_status":"closed","template":"","meta":{"footnotes":"","_links_to":"","_links_to_target":""},"language":[15],"class_list":["post-3116","page","type-page","status-publish","hentry","language-fr"],"_links":{"self":[{"href":"https:\/\/blogs.magicjudges.org\/o\/wp-json\/wp\/v2\/pages\/3116","targetHints":{"allow":["GET"]}}],"collection":[{"href":"https:\/\/blogs.magicjudges.org\/o\/wp-json\/wp\/v2\/pages"}],"about":[{"href":"https:\/\/blogs.magicjudges.org\/o\/wp-json\/wp\/v2\/types\/page"}],"author":[{"embeddable":true,"href":"https:\/\/blogs.magicjudges.org\/o\/wp-json\/wp\/v2\/users\/30"}],"replies":[{"embeddable":true,"href":"https:\/\/blogs.magicjudges.org\/o\/wp-json\/wp\/v2\/comments?post=3116"}],"version-history":[{"count":7,"href":"https:\/\/blogs.magicjudges.org\/o\/wp-json\/wp\/v2\/pages\/3116\/revisions"}],"predecessor-version":[{"id":4408,"href":"https:\/\/blogs.magicjudges.org\/o\/wp-json\/wp\/v2\/pages\/3116\/revisions\/4408"}],"up":[{"embeddable":true,"href":"https:\/\/blogs.magicjudges.org\/o\/wp-json\/wp\/v2\/pages\/3111"}],"wp:attachment":[{"href":"https:\/\/blogs.magicjudges.org\/o\/wp-json\/wp\/v2\/media?parent=3116"}],"wp:term":[{"taxonomy":"language","embeddable":true,"href":"https:\/\/blogs.magicjudges.org\/o\/wp-json\/wp\/v2\/language?post=3116"}],"curies":[{"name":"wp","href":"https:\/\/api.w.org\/{rel}","templated":true}]}}