{"id":3211,"date":"2016-10-16T16:33:37","date_gmt":"2016-10-16T16:33:37","guid":{"rendered":"http:\/\/blogs.magicjudges.org\/o\/?page_id=3211"},"modified":"2016-10-16T18:35:22","modified_gmt":"2016-10-16T18:35:22","slug":"certifications-es","status":"publish","type":"page","link":"https:\/\/blogs.magicjudges.org\/o\/judge-levels-es\/certifications-es\/","title":{"rendered":"Certificaciones"},"content":{"rendered":"<p style=\"text-align: justify\">Las certificaciones son oportunidades de peque\u00f1o alcance para que un juez acepte un nuevo desaf\u00edo fuera de su nivel. Son suplementarias y reconocen que el juez ha adquirido una capacidad adicional. Aunque las certificaciones est\u00e1n abiertas a todos los jueces algunas pueden tener prerrequisitos (nivel o certificaci\u00f3n) que deben ser conseguidos primero.<\/p>\n<p style=\"text-align: justify\">Las certificaciones conseguidas ser\u00e1n listadas en la p\u00e1gina de perfil del juez en JudgeApps.<br \/>\n<div class=\"row judge-familiar-stacked-pills \"><ul class=\"nav nav-pills nav-stacked col-lg-4\" role=\"tablist\"><li class=\"nav-item\"><a href=\"#examinador-de-nivel-2\" class=\"nav-link active\" role=\"tab\" data-toggle=\"tab\">Examinador de Nivel 2<\/a><\/li><li class=\"nav-item\"><a href=\"#liderazgo-de-equipo-basico\" class=\"nav-link \" role=\"tab\" data-toggle=\"tab\">Liderazgo de Equipo B\u00e1sico<\/a><\/li><li class=\"nav-item\"><a href=\"#lider-de-panel-de-nivel-3\" class=\"nav-link \" role=\"tab\" data-toggle=\"tab\">L\u00edder de Panel de Nivel 3<\/a><\/li><\/ul><div class=\"tab-content col-lg-8\"><div role=\"tabpanel\" class=\"tab-pane fade in active\" id=\"examinador-de-nivel-2\">\n<p style=\"text-align: justify\">Disponible para todos los jueces de Nivel 2. Les permite probar candidatos para que avancen a Nivel 2.\u00a0Lee m\u00e1s sobre esta certificaci\u00f3n en\u00a0<a href=\"http:\/\/blogs.magicjudges.org\/o\/judge-levels-es\/the-level-2-tester-certification-es\/\">Certificaci\u00f3n de Examinador de Nivel 2<\/a>.<br \/>\n<\/div><div role=\"tabpanel\" class=\"tab-pane fade \" id=\"liderazgo-de-equipo-basico\">\n<p style=\"text-align: justify\">Disponible para todos los jueces de Nivel 2. Certifica que son capaces de liderar un equipo de d\u00eda 2 en un Grand Prix peque\u00f1o. Lee m\u00e1s sobre esta certificaci\u00f3n en\u00a0<a href=\"http:\/\/blogs.magicjudges.org\/o\/judge-levels-es\/the-level-2-team-leader-certification-es\/\">La certificaci\u00f3n de Nivel 2 como L\u00edder de Equipo<\/a>.<\/div><div role=\"tabpanel\" class=\"tab-pane fade \" id=\"lider-de-panel-de-nivel-3\">\n<p style=\"text-align: justify\">Disponible para los jueces de Nivel 3. Certifica que son capaces de liderar el panel de un candidato a Nivel 3.<\/div><\/div><\/div><\/p>\n","protected":false},"excerpt":{"rendered":"<p>Las certificaciones son oportunidades de peque\u00f1o alcance para que un juez acepte un nuevo desaf\u00edo fuera de su nivel. Son suplementarias y reconocen que el juez ha adquirido una capacidad adicional. Aunque las certificaciones est\u00e1n abiertas a todos los jueces algunas pueden tener prerrequisitos (nivel o certificaci\u00f3n) que deben ser conseguidos primero. Las certificaciones conseguidas [&hellip;]<\/p>\n","protected":false},"author":13,"featured_media":0,"parent":2632,"menu_order":0,"comment_status":"closed","ping_status":"closed","template":"","meta":{"footnotes":"","_links_to":"","_links_to_target":""},"language":[8],"class_list":["post-3211","page","type-page","status-publish","hentry","language-es"],"_links":{"self":[{"href":"https:\/\/blogs.magicjudges.org\/o\/wp-json\/wp\/v2\/pages\/3211","targetHints":{"allow":["GET"]}}],"collection":[{"href":"https:\/\/blogs.magicjudges.org\/o\/wp-json\/wp\/v2\/pages"}],"about":[{"href":"https:\/\/blogs.magicjudges.org\/o\/wp-json\/wp\/v2\/types\/page"}],"author":[{"embeddable":true,"href":"https:\/\/blogs.magicjudges.org\/o\/wp-json\/wp\/v2\/users\/13"}],"replies":[{"embeddable":true,"href":"https:\/\/blogs.magicjudges.org\/o\/wp-json\/wp\/v2\/comments?post=3211"}],"version-history":[{"count":8,"href":"https:\/\/blogs.magicjudges.org\/o\/wp-json\/wp\/v2\/pages\/3211\/revisions"}],"predecessor-version":[{"id":3242,"href":"https:\/\/blogs.magicjudges.org\/o\/wp-json\/wp\/v2\/pages\/3211\/revisions\/3242"}],"up":[{"embeddable":true,"href":"https:\/\/blogs.magicjudges.org\/o\/wp-json\/wp\/v2\/pages\/2632"}],"wp:attachment":[{"href":"https:\/\/blogs.magicjudges.org\/o\/wp-json\/wp\/v2\/media?parent=3211"}],"wp:term":[{"taxonomy":"language","embeddable":true,"href":"https:\/\/blogs.magicjudges.org\/o\/wp-json\/wp\/v2\/language?post=3211"}],"curies":[{"name":"wp","href":"https:\/\/api.w.org\/{rel}","templated":true}]}}