{"id":3226,"date":"2016-10-16T16:45:47","date_gmt":"2016-10-16T16:45:47","guid":{"rendered":"http:\/\/blogs.magicjudges.org\/o\/?page_id=3226"},"modified":"2017-07-06T12:36:24","modified_gmt":"2017-07-06T12:36:24","slug":"advanced-roles-it","status":"publish","type":"page","link":"https:\/\/blogs.magicjudges.org\/o\/judge-levels-it\/advanced-roles-it\/","title":{"rendered":"Ruoli Avanzati"},"content":{"rendered":"<p style=\"text-align: justify\">I Ruoli Avanzati sono strutture addizionali per Premier Judges che incarnano aspetti di leadership del Judge Program. Ogni ruolo ha un numero fissato di posti disponibili (che pu\u00f2 variare nel tempo secondo necessit\u00e0). Un Premier Judge pu\u00f2 assumere pi\u00f9 di un Ruolo Avanzato contemporaneamente.<\/p>\n<p style=\"text-align: justify\">I Ruoli Avanzati hanno la durata di 18 mesi. Ogni 6 mesi, un terzo delle cariche per ciascun ruolo giunge al termine e viene rinnovato aprendo una nuova finestra di application. Un Judge precedentemente in carica pu\u00f2 riapplicare per lo stesso ruolo. Le application sono gestite dagli tutti gli altri membri ancora in carica per quel ruolo, che raccolgono feedback su ogni candidato e li inviano alla Wizards per la selezione finale.<\/p>\n<p>&lt;p style=&#8221;text-align: justify;&#8221;Un Premier Judge che applica per un Ruolo Avanzato deve aver dimostrato in precedenza capacit\u00e0 eccezionali come Premier Judge; il lavoro fatto agli eventi come nei progetti sar\u00e0 considerato ai fini dell\u2019application. Dato che hanno una durata limitata, non ci sono requisiti formali per il mantenimento di un Ruolo Avanzato (anche se, in circostanze eccezionali, un judge pu\u00f2 essere rimosso dal ruolo, a discrezione del Judge Community Manager).<\/p>\n<p style=\"text-align: justify\">Considerazioni geo-regionali possono influire sulla selezione di un candidato per un ruolo. In generale, \u00e8 sconsigliato ad uno stesso Judge di assumere pi\u00f9 di due di questi ruoli contemporaneamente.<br \/>\n<div class=\"row judge-familiar-stacked-pills horizontal\"><ul class=\"nav nav-pills nav-stacked col-lg-2\" role=\"tablist\"><li class=\"nav-item\"><a href=\"#program-coordinators\" class=\"nav-link active\" role=\"tab\" data-toggle=\"tab\">Program Coordinators<\/a><\/li><li class=\"nav-item\"><a href=\"#grand-prix-head-judges\" class=\"nav-link \" role=\"tab\" data-toggle=\"tab\">Grand Prix Head Judges<\/a><\/li><li class=\"nav-item\"><a href=\"#coordinatori-regionali\" class=\"nav-link \" role=\"tab\" data-toggle=\"tab\">Coordinatori Regionali<\/a><\/li><\/ul><div class=\"tab-content col-lg-10\"><div role=\"tabpanel\" class=\"tab-pane fade in active\" id=\"program-coordinators\">\n<p style=\"text-align: justify\">Questi Judge sono responsabili di ricevere direttive strategiche dalla Wizards e di implementarle all\u2019interno del Judge Program. Per farlo, si coordinano con gli altri Judge in carica ai vari progetti, e parte del ruolo consiste nell\u2019assicurarsi che questi progetti mantengano una direzione chiara, degli obiettivi definiti, e che il contributo dei loro membri sia adeguatamente riconosciuto.<\/p>\n<p style=\"text-align: justify\">Attualmente sono previsti dai 4 ai 6 Program Coordinator.<\/p>\n<h4 style=\"text-align: justify\">Pre-requisiti per la candidatura<\/h4>\n<ul style=\"text-align: justify\">\n<li>Aver dimostrato successo nel dirigere un progetto<\/li>\n<li>Un\u2019application scritta, in cui si descrivono aspetti di difficile gestione nel Judge Program e ragionamenti su come risolverli<\/li>\n<li>Un\u2019intervista finale con un attuale Coordinatore del Program per i candidati selezionati<\/li>\n<\/ul>\n<p style=\"text-align: justify\">Potete trovare ulteriori informazioni riguardo ai Program Coordinator e ai loro compiti <a href=\"http:\/\/blogs.magicjudges.org\/o\/advanced-roles\/program-coordinators\/\">qui<\/a>.<\/p>\n<p><\/div><div role=\"tabpanel\" class=\"tab-pane fade \" id=\"grand-prix-head-judges\">br \/>\n&lt;p style=&#8221;text-align: justify;&#8221;Questi Judge assumono i ruoli di Head Judge, Support Judge e Appeal Judge ai Grand Prix. I loro compiti dipendono dal ruolo che \u00e8 assegnato loro nello specifico Grand Prix, ma possono includere l\u2019organizzazione dello staff prima del torneo, le relative comunicazioni, la gestione dell\u2019evento, il rispondere agli appelli, e la scrittura di un report dopo l\u2019evento.<\/p>\n<p style=\"text-align: justify\">I Judge neo-promossi a questo livello svolgeranno per alcuni Grand Prix il ruolo di Support Judge per garantire una graduale transizione verso il ruolo di Grand Prix Head Judge.<\/p>\n<p style=\"text-align: justify\">I Grand Prix Head Judge devono dimostrare una conoscenza delle regole eccezionale, capacit\u00e0 di spiegare chiaramente le regole, le policy e la filosofia che ne \u00e8 alla base, leadership e abilit\u00e0 di pianificazione.<\/p>\n<p style=\"text-align: justify\">Attualmente sono previsti dai 21 ai 24 Grand Prix Head Judge.<\/p>\n<h4 style=\"text-align: justify\">Pre-requisiti per la candidatura:<\/h4>\n<ul style=\"text-align: justify\">\n<li>Aver svolto con successo il ruolo di Team Leader a un Grand Prix<\/li>\n<li>Cover letter<\/li>\n<li>Test di regole<\/li>\n<li>Test di Policy<\/li>\n<\/ul>\n<p style=\"text-align: justify\">Superata questa fase, il candidato procede con:<\/p>\n<ul style=\"text-align: justify\">\n<li style=\"margin-top: -20px\">Test su Situazioni di Policy e valutazione da Grand Prix Head Judge.<\/li>\n<\/ul>\n<p style=\"text-align: justify\"><\/div><div role=\"tabpanel\" class=\"tab-pane fade \" id=\"coordinatori-regionali\">\n<p style=\"text-align: justify\">Questi judge si occupano di gestire il Judge Program a livello regionale. Ogni Coordinatore gestisce le necessit\u00e0 quotidiane dei Judge della sua regione, supervisiona il processo di esame, certificazione e mantenimento per i suoi Livelli 1 e Livelli 2, lavora con gli organizzatori per assicurarsi che siano adeguatamente supportati, e si premurano di fornire aiuto e formazione a tutti i Judge della regione.<\/p>\n<p style=\"text-align: justify\">Il processo di candidatura per Coordinatore Regionale include un colloquio con un membro del gruppo dei Coordinatori Regionali.<\/p>\n<p style=\"text-align: justify\">Potete trovare altre informazioni riguardo il gruppo dei Coordinatori Regionali e i loro compiti <a href=\"http:\/\/blogs.magicjudges.org\/o\/advanced-roles\/regional-coordinators\/\">qui<\/a>.<\/p>\n<p><\/div><\/div><\/div><\/p>\n<div class=\"row judge-familiar-stacked-pills horizontal\"><ul class=\"nav nav-pills nav-stacked col-lg-2\" role=\"tablist\"><li class=\"nav-item\"><a href=\"#grand-prix-head-judge-leader\" class=\"nav-link active\" role=\"tab\" data-toggle=\"tab\">Grand Prix Head Judge Leader<\/a><\/li><li class=\"nav-item\"><a href=\"#leader-dei-coordinatori-regionali\" class=\"nav-link \" role=\"tab\" data-toggle=\"tab\">Leader dei Coordinatori Regionali<\/a><\/li><\/ul><div class=\"tab-content col-lg-10\"><div role=\"tabpanel\" class=\"tab-pane fade in active\" id=\"grand-prix-head-judge-leader\">\n<p style=\"text-align: justify\">Il Grand Prix Head Judge Leader \u00e8 un ruolo focalizzato sulla gestione dei Grand Prix Head Judge e sulla supervisione delle regole e delle operazioni di tornei di grandi dimensioni. La durata di questo ruolo \u00e8 annuale (da Aprile a Marzo), come da contratto con Wizards of the Coast.<\/p>\n<p style=\"text-align: justify\">Che il candidato sia un Grand Prix Head Judge non \u00e8 un prerequisito, ma \u00e8 consigliata esperienza con il ruolo.<\/p>\n<p style=\"text-align: justify\">Compiti di un Grand Prix Head Judge Leader:<\/p>\n<ul style=\"text-align: justify\">\n<li style=\"margin-top: -20px\">Gestire il processo di selezione per nuovi Grand Prix Head Judge due volte l&#8217;anno, crearne le domande e coordinarne le valutazioni<\/li>\n<li>Facilitare le discussioni fra Grand Prix Head Judge. Fare da mentore ai nuovi membri, ed essere una presenza significativa per questioni logistiche e di policy ai Grand Prix. Mediare nelle dispute riguardanti la lista qualora necessario<\/li>\n<li>Coordinarsi con TO e Grand Prix Head Judges per assicurarsi che tutti i Grand Prix dispongano di un personale adeguato (Head Judges ed Appeal Judges)<\/li>\n<li>Avere padronanza dei metodi per gestire un evento su larga scala<\/li>\n<li>Assicurarsi che i Grand Prix Head Judges adempiano ai loro doveri, inclusi i report post-evento<\/li>\n<\/ul>\n<p style=\"text-align: justify\">Il comitato di selezione del Grand Prix Head Judge Leader \u00e8 costituito da un Program Coordinator, da quattro Grand Prix Head Judges attivi e da due Arbitri di Livello 3 scelti tra i tanti. Chiunque voglia ricoprire questa carica non sar\u00e0 idoneo a far parte del comitato di selezione.<\/div><div role=\"tabpanel\" class=\"tab-pane fade \" id=\"leader-dei-coordinatori-regionali\">\n<p style=\"text-align: justify\">Quello di Leader dei Coordinatori Regionali \u00e8 un ruolo di gestione incentrato sulla guida dei coordinatori regionali che serve a garantire che le regioni applichino la struttura del programma in maniera appropriata. Questo ruolo ha la durata di un anno (da gennaio a dicembre), come da contratto con Wizards of the Coast.<\/p>\n<p style=\"text-align: justify\">Essere un Regional Coordinator non \u00e8 un prerequisito, ma \u00e8 consigliata esperienza con quel ruolo.<\/p>\n<p style=\"text-align: justify\">Compiti di un Leader dei Coordinatori Regionali:<\/p>\n<ul style=\"text-align: justify\">\n<li style=\"margin-top: -20px\">Supervisionare due volte l&#8217;anno il processo di selezione dei nuovi Coordinatori Regionali in una parte delle regioni, generarne le domande e coordinarne le valutazioni.<\/li>\n<li>Facilitare le discussioni fra coordinatori regionali, fare da mentore ai nuovi membri ed essere una presenza significativa per questioni di amministrazione regionale. Mediare nelle dispute tra i Coordinatori regionali qualora necessario.<\/li>\n<li>Garantire una consistente implementazione delle definizioni di L1 e L2 a livello regionale.<\/li>\n<li>Assistere i Coordinatori Regionali nello sviluppo delle strutture di leadership per le loro rispettive regioni.<\/li>\n<li>Assicurarsi che i Coordinatori Regionali dispongano delle risorse a loro necessarie e trasmettere eventuali problemi su larga scala ai Program Coordinators o a Wizards of the Coast.<\/li>\n<li>Involvere il Judge Conduct Committee ed il Regional Coordinator Committee riguardo le questioni di disciplina a livello regionale.<\/li>\n<\/ul>\n<p style=\"text-align: justify\">Il comitato di selezione per il Leader dei Coordinatori Regionali \u00e8 costituito da un Program Coordinator, da quattro Coordinatori Regionali attivi (di diverse aree geografiche) e da due arbitri di livello 3 scelti tra i tanti. Chiunque voglia ricoprire questa carica non \u00e8 idoneo a far parte del comitato di selezione.[\/<\/div><\/div><\/div>\n","protected":false},"excerpt":{"rendered":"<p>I Ruoli Avanzati sono strutture addizionali per Premier Judges che incarnano aspetti di leadership del Judge Program. Ogni ruolo ha un numero fissato di posti disponibili (che pu\u00f2 variare nel tempo secondo necessit\u00e0). Un Premier Judge pu\u00f2 assumere pi\u00f9 di un Ruolo Avanzato contemporaneamente. I Ruoli Avanzati hanno la durata di 18 mesi. Ogni 6 [&hellip;]<\/p>\n","protected":false},"author":13,"featured_media":0,"parent":2626,"menu_order":0,"comment_status":"closed","ping_status":"closed","template":"page_width-index.php","meta":{"footnotes":"","_links_to":"","_links_to_target":""},"language":[14],"class_list":["post-3226","page","type-page","status-publish","hentry","language-it"],"_links":{"self":[{"href":"https:\/\/blogs.magicjudges.org\/o\/wp-json\/wp\/v2\/pages\/3226","targetHints":{"allow":["GET"]}}],"collection":[{"href":"https:\/\/blogs.magicjudges.org\/o\/wp-json\/wp\/v2\/pages"}],"about":[{"href":"https:\/\/blogs.magicjudges.org\/o\/wp-json\/wp\/v2\/types\/page"}],"author":[{"embeddable":true,"href":"https:\/\/blogs.magicjudges.org\/o\/wp-json\/wp\/v2\/users\/13"}],"replies":[{"embeddable":true,"href":"https:\/\/blogs.magicjudges.org\/o\/wp-json\/wp\/v2\/comments?post=3226"}],"version-history":[{"count":5,"href":"https:\/\/blogs.magicjudges.org\/o\/wp-json\/wp\/v2\/pages\/3226\/revisions"}],"predecessor-version":[{"id":4131,"href":"https:\/\/blogs.magicjudges.org\/o\/wp-json\/wp\/v2\/pages\/3226\/revisions\/4131"}],"up":[{"embeddable":true,"href":"https:\/\/blogs.magicjudges.org\/o\/wp-json\/wp\/v2\/pages\/2626"}],"wp:attachment":[{"href":"https:\/\/blogs.magicjudges.org\/o\/wp-json\/wp\/v2\/media?parent=3226"}],"wp:term":[{"taxonomy":"language","embeddable":true,"href":"https:\/\/blogs.magicjudges.org\/o\/wp-json\/wp\/v2\/language?post=3226"}],"curies":[{"name":"wp","href":"https:\/\/api.w.org\/{rel}","templated":true}]}}