{"id":3285,"date":"2016-10-17T11:55:09","date_gmt":"2016-10-17T11:55:09","guid":{"rendered":"http:\/\/blogs.magicjudges.org\/o\/?page_id=3285"},"modified":"2017-06-27T20:40:21","modified_gmt":"2017-06-27T20:40:21","slug":"level-2-certification-template-review-es","status":"publish","type":"page","link":"https:\/\/blogs.magicjudges.org\/o\/judge-levels-es\/level-2-certification-template-review-es\/","title":{"rendered":"Forma de evaluaci\u00f3n de recomendaci\u00f3n de nivel 2"},"content":{"rendered":"<h2 style=\"text-align: justify\">Instrucciones<\/h2>\n<p style=\"text-align: justify\">Por favor incluye la secci\u00f3n 1 en la secci\u00f3n de comentarios de la evaluaci\u00f3n. Incluye la secci\u00f3n 2 en la parte de fortalezas y debilidades de la evaluaci\u00f3n.<\/p>\n<h2 style=\"text-align: justify\">Secci\u00f3n 1<\/h2>\n<p style=\"text-align: justify\">\u00bfQu\u00e9 evento juzgaste con el sujeto de la evaluaci\u00f3n? \u00bfFecha? \u00bfNIR? \u00bfCantidad de jugadores?<\/p>\n<p style=\"text-align: justify\">Por favor, contesta s\u00ed o no:<\/p>\n<ul style=\"text-align: justify\">\n<li>\u00bfRecomiendas que el sujeto evaluado sea nivel 2 seg\u00fan tu interacci\u00f3n con \u00e9l durante este evento?<\/li>\n<li>\u00bfCrees que el sujeto evaluado har\u00eda un buen trabajo en un PPTQ promedio?<\/li>\n<\/ul>\n<h2 style=\"text-align: justify\">Secci\u00f3n 2<\/h2>\n<p style=\"text-align: justify\">Por favor escribe sobre los siguientes temas en la secci\u00f3n de fortalezas y debilidades. Recuerda que el mismo tema puede ir en ambos, porque el sujeto evaluado puede ser bueno en algunos puntos pero d\u00e9bil en otros.<\/p>\n<p style=\"text-align: justify\">Los temas entre par\u00e9ntesis son ejemplos, el candidato no necesita ser bueno en todos ellos, no necesitas mencionarlos todos, y puedes mencionar otras \u00e1reas no listadas.<\/p>\n<ul>\n<li style=\"text-align: justify\">Estructura del evento (Ejemplos: Entiende la estructura de las rondas suizas, entiende la estructura de la eliminaci\u00f3n simple, entiende el procedimiento de draft y mazo cerrado, entiende todos los procedimientos de un torneo del principio al final, etc.)<\/li>\n<li style=\"text-align: justify\">Pol\u00edtica y operaciones (Ejemplos: Puede preparar la log\u00edstica para un torneo mazo cerrado, entiende c\u00f3mo hacer una revisi\u00f3n de mazo, sabe c\u00f3mo ingresar un reporte de descalificaci\u00f3n, etc.)<\/li>\n<li style=\"text-align: justify\">Diplomacia e interacci\u00f3n (Ejemplos: Puede comunicarse con el organizador, puede comunicarse con otros jueces, puede dar una decisi\u00f3n de reglas a los jugadores, etc.)<\/li>\n<\/ul>\n","protected":false},"excerpt":{"rendered":"<p>Instrucciones Por favor incluye la secci\u00f3n 1 en la secci\u00f3n de comentarios de la evaluaci\u00f3n. Incluye la secci\u00f3n 2 en la parte de fortalezas y debilidades de la evaluaci\u00f3n. Secci\u00f3n 1 \u00bfQu\u00e9 evento juzgaste con el sujeto de la evaluaci\u00f3n? \u00bfFecha? \u00bfNIR? \u00bfCantidad de jugadores? Por favor, contesta s\u00ed o no: \u00bfRecomiendas que el sujeto [&hellip;]<\/p>\n","protected":false},"author":28,"featured_media":0,"parent":2632,"menu_order":0,"comment_status":"closed","ping_status":"closed","template":"page_width-index.php","meta":{"footnotes":"","_links_to":"","_links_to_target":""},"language":[8],"class_list":["post-3285","page","type-page","status-publish","hentry","language-es"],"_links":{"self":[{"href":"https:\/\/blogs.magicjudges.org\/o\/wp-json\/wp\/v2\/pages\/3285","targetHints":{"allow":["GET"]}}],"collection":[{"href":"https:\/\/blogs.magicjudges.org\/o\/wp-json\/wp\/v2\/pages"}],"about":[{"href":"https:\/\/blogs.magicjudges.org\/o\/wp-json\/wp\/v2\/types\/page"}],"author":[{"embeddable":true,"href":"https:\/\/blogs.magicjudges.org\/o\/wp-json\/wp\/v2\/users\/28"}],"replies":[{"embeddable":true,"href":"https:\/\/blogs.magicjudges.org\/o\/wp-json\/wp\/v2\/comments?post=3285"}],"version-history":[{"count":4,"href":"https:\/\/blogs.magicjudges.org\/o\/wp-json\/wp\/v2\/pages\/3285\/revisions"}],"predecessor-version":[{"id":4091,"href":"https:\/\/blogs.magicjudges.org\/o\/wp-json\/wp\/v2\/pages\/3285\/revisions\/4091"}],"up":[{"embeddable":true,"href":"https:\/\/blogs.magicjudges.org\/o\/wp-json\/wp\/v2\/pages\/2632"}],"wp:attachment":[{"href":"https:\/\/blogs.magicjudges.org\/o\/wp-json\/wp\/v2\/media?parent=3285"}],"wp:term":[{"taxonomy":"language","embeddable":true,"href":"https:\/\/blogs.magicjudges.org\/o\/wp-json\/wp\/v2\/language?post=3285"}],"curies":[{"name":"wp","href":"https:\/\/api.w.org\/{rel}","templated":true}]}}