{"id":3297,"date":"2016-10-24T12:07:37","date_gmt":"2016-10-24T12:07:37","guid":{"rendered":"http:\/\/blogs.magicjudges.org\/o\/?page_id=3297"},"modified":"2016-10-25T12:56:24","modified_gmt":"2016-10-25T12:56:24","slug":"the-level-2-exam-es","status":"publish","type":"page","link":"https:\/\/blogs.magicjudges.org\/o\/judge-testing-es\/the-level-2-exam-es\/","title":{"rendered":"El Examen de Nivel 2"},"content":{"rendered":"<h2><b>Prop\u00f3sito del examen de Nivel 2<\/b><\/h2>\n<p>El prop\u00f3sito del examen de nivel 2 es una valorar el conocimiento intermedio de las reglas y el conocimiento de las pol\u00edticas y procedimientos de los eventos de NIR competitivo.Adem\u00e1s, los candidatos son evaluados en el conocimiento necesario para evaluar a un candidato que realiza el examen de nivel 1. Un candidato demuestra esto obteniendo un 80% o m\u00e1s en su ex\u00e1men de nivel 2.<\/p>\n<p>Aunque los eventos de NIR Competitivo representan un porcentaje muy peque\u00f1o de los eventos sancionados, estos eventos requieren un nivel m\u00e1s alto de organizaci\u00f3n que los eventos de NIR Normal. Por esto, es importante asegurar que en estos eventos los jueces sigan pol\u00edticas y procedimientos espec\u00edficos, aplic\u00e1ndolas de manera consistente en beneficio de todos los jugadores. Adem\u00e1s, los jugadores que participan en eventos de NIR Competitivo esperan que las decisiones de reglas sean precisas, lo cual precisa de un conocimiento m\u00e1s profundo y un mejor entendimiento de las interacciones m\u00e1s complejas entre conceptos y mec\u00e1nicas de juegos en distintos formatos. Los jueces de estos eventos probablemente tengan que explicar m\u00e1s detalladamente sus decisiones. Del mismo modo, los candidatos que se preparan para rendir nivel 1 necesitan explicaciones m\u00e1s detalladas sobre el material de sus ex\u00e1menes. Guiar a estos candidatos requiere la capacidad de proveer informaci\u00f3n para ayudar al candidato a entender mejor algunas reglas, pol\u00edticas y procedimientos.<\/p>\n<p>Despu\u00e9s de pasar el examen de nivel 2, el juez evaluador ingresa una evaluaci\u00f3n del candidato en el Centro de jueces. El candidato es promovido a nivel 2 despu\u00e9s del env\u00edo de esa evaluaci\u00f3n.<\/p>\n<h2><b>Materiales para el estudio<\/b><\/h2>\n<p>Seg\u00fan la definici\u00f3n de los prop\u00f3sitos del examen de nivel 2, los candidatos deben estudiar los siguientes documentos para obtener el conocimiento de reglas intermedio y asegurarse que los eventos de NIR Competitivo son organizados correctamente:<\/p>\n<ul>\n<li><a href=\"http:\/\/blogs.magicjudges.org\/rules\/cr\/\">Las Reglas Completas<\/a><\/li>\n<li><a href=\"http:\/\/blogs.magicjudges.org\/rules\/mtr\">Las Reglas de Torneo de Magic<\/a><\/li>\n<li><a href=\"http:\/\/blogs.magicjudges.org\/rules\/ipg\">La Gu\u00eda de Procedimientos de Infracciones de Magic<\/a><\/li>\n<\/ul>\n<p>Estos tres documentos se encuentran <a href=\"http:\/\/blogs.magicjudges.org\/translatedrules\/?lang=es\">en espa\u00f1ol en el blog Translated Rules<\/a>, y expanden el conocimiento de las reglas b\u00e1sicas, pol\u00edticas y procedimientos que aprendiste como juez nivel 1, adem\u00e1s de desarrollarse sobre la experiencia de jueceo, continuando lo aprendido como nivel 2.<\/p>\n<p>Esto significa que querr\u00e1s ampliar tu conocimiento de reglas y entendimiento de pol\u00edticas y procedimientos, especialmente en lo relacionado a eventos de NIR Competitivo, agregando profundidad. Este conocimiento te servir\u00e1 tambi\u00e9n en tu rol expandido como mentor y gu\u00eda para certificar nuevos jueces, as\u00ed como mejorar tu habilidad para proveer un buen servicio al cliente a los jugadores y a tu comunidad en un papel cada vez m\u00e1s importante.<\/p>\n<h2><b>Temas que se tratan en el examen<\/b><\/h2>\n<p>Como el examen es una valoraci\u00f3n general del conocimiento intermedio de las reglas y de los procedimientos y pol\u00edticas de los eventos de NIR Competitivo, se desarroll\u00f3 una lista espec\u00edfica de temas que se incluyen en el examen de nivel 2. Aunque las preguntas concretas son aleatorias para que cada examen sea espec\u00edfico para cada candidato, aseg\u00farate de\u00a0entender los siguientes temas para potencialmente aplicar tu entendimiento en una variedad de situaciones que pueden ser m\u00e1s complejas y complicadas de lo que hayas visto en el examen de nivel 2:<\/p>\n<ul>\n<li>La Estructura del Turno, especialmente los nombres de los pasos y las fases y lo que ocurre en ellos.<\/li>\n<li>La Fase de Combate, incluyendo lo que ocurre en cada paso, cu\u00e1ndo se pueden saltar algunos pasos, y las reglas aplicables sobre cu\u00e1ndo pueden o no actuar los jugadores.<\/li>\n<li>Los Pasos para lanzar hechizos y\/o activar habilidades, especialmente lo que ocurre cuando se resuelve un hechizo o habilidad.<\/li>\n<li>Las acciones que se llevan a cabo al poner habilidades disparadas en la pila y lo que se debe anunciar en ese momento frente a lo que ocurre cuando las habilidades se resuelven.<\/li>\n<li>Determinar las Caracter\u00edsticas de un Permanente, como sus tipos\/subtipos o las habilidades y la fuerza y resistencia de una criatura.<\/li>\n<li>El funcionamiento de los efectos que no se repiten y sus diferencias frente a los efectos continuos.<\/li>\n<li>El funcionamiento de los efectos continuos, como los que son generados por una habilidad est\u00e1tica o un hechizo.<\/li>\n<li>La interacci\u00f3n de los efectos de reemplazo y\/o prevenci\u00f3n, haciendo hincapi\u00e9 en la identificaci\u00f3n del objeto o jugador afectado y del jugador que elige c\u00f3mo se puede modificar un evento.<\/li>\n<li>La manera en que el juego procesa las Acciones basadas en estado, y el reconocimiento de las acciones basadas en estado que se aplican en las mayor\u00eda de las partidas.<\/li>\n<li>Las Copias de permanentes y hechizos, la identificaci\u00f3n de los \u201cvalores copiables\u201d de un objeto y c\u00f3mo el juego trata a las copias.<\/li>\n<li>Las reglas y pol\u00edticas b\u00e1sicas aplicables a Gigante de Dos Cabezas, como la fase de combate, los turnos adicionales, o incluso c\u00f3mo funcionan algunas palabras clave.<\/li>\n<li>Las habilidades y acciones de palabra clave esenciales (que pueden aparecer en todas las colecciones).<\/li>\n<li>Las habilidades y acciones de palabra clave presentes en varios formatos desde Est\u00e1ndar hasta Modern.<\/li>\n<li>La identificaci\u00f3n, de acuerdo con la Gu\u00eda de Procedimientos de Infracciones de Magic, de una infracci\u00f3n por la definici\u00f3n y\/o la penalizaci\u00f3n apropiada para la infracci\u00f3n.<\/li>\n<li>La aplicaci\u00f3n, de acuerdo con la Gu\u00eda de Procedimientos de Infracciones de Magic, de la soluc\u00f3n apropiada, si existe, para una infracci\u00f3n.<\/li>\n<li>La Pol\u00edtica de Comunicaci\u00f3n entre los Jugadores, de acuerdo con las Reglas de Torneo de Magic.<\/li>\n<li>Los Atajos de Torneo convencionales, de acuerdo con las Reglas de Torneo de Magic.<\/li>\n<li>Los procedimientos pre-juego en NIR Competitivo, de acuerdo con las Reglas de Torneo de Magic.<\/li>\n<li>El procedimiento de fin de partida en NIR Competitivo, de acuerdo con las Reglas de Torneo de Magic.<\/li>\n<li>Las pol\u00edticas y el uso del sideboard\u00a0en eventos Construidos de NIR Competitivo, de acuerdo con las Reglas de Torneo de Magic.<\/li>\n<li>Las pol\u00edticas y el uso del sideboard\u00a0en eventos Limitados de NIR Competitivo, de acuerdo con las Reglas de Torneo de Magic.<\/li>\n<\/ul>\n<p>Esto requiere un verdadero conocimiento del c\u00f3mo y por qu\u00e9 detr\u00e1s de ciertas decisiones de reglas y potencialmente aplicar este conocimiento en situaciones que involucran cartas distintas. Tambi\u00e9n requiere cierto nivel de entendimiento detr\u00e1s del texto de las cartas, comprendiendo por qu\u00e9 ese texto es importante para poder aplicar ese conocimiento correctamente.<\/p>\n<p>Esto significa que necesitar\u00e1s desarrollar un entendimiento de muchas secciones de las reglas completas, y c\u00f3mo esas reglas pueden aplicarse en distintos casos. Del mismo modo, querr\u00e1s entender correctamente las Reglas de Torneo de Magic y la Gu\u00eda de Procedimiento de Infracciones para aplicar la pol\u00edtica y procedimientos de manera consistente. A medida que desarrolles tus habilidades de juez, necesitar\u00e1s esto para procesar correctamente la informaci\u00f3n que te presenten en un escenario determinado, recolectando la informaci\u00f3n necesaria para tomar una decisi\u00f3n de reglas correcta. En otras situaciones, podr\u00e1s tener que volver al material sobre el que te evaluaron como candidato a nivel 1, para que entiendas ese material suficientemente bien como para ense\u00f1ar y guiar a tus candidatos en las reglas b\u00e1sicas, pol\u00edticas y procedimientos.<\/p>\n<p>Por favor recuerda que el material del examen es confidencial, as\u00ed que tienes prohibido discutir ese material con cualquier otra persona aparte del juez que est\u00e1 tom\u00e1ndote el examen.<\/p>\n<h2><b>Usar ex\u00e1menes de pr\u00e1ctica<\/b><\/h2>\n<p>Cuando los candidatos se preparan para el examen de Nivel 2, se les recomienda usar una combinaci\u00f3n de los ex\u00e1menes de <i>Pr\u00e1ctica Dif\u00edcil<\/i>, <i>Pr\u00e1ctica de Pol\u00edticas <\/i>disponibles en el Centro de jueces. El examen de Pr\u00e1ctica dif\u00edcil contiene preguntas que cubre el conocimiento de reglas intermedio y conceptos de juego que necesitar\u00e1s como juez nivel 2, y tambi\u00e9n contiene preguntas sobre pol\u00edticas y procedimientos que se aplican en NIR Competitivo.El examen de Pr\u00e1ctica de pol\u00edticas se focaliza exclusivamente en pol\u00edticas y procedimientos que se aplican en NIR Competitivo. Parte del contenido presente en ambos conjuntos de preguntas no se corresponden exactamente con lo que puede aparecer en un examen de nivel 2, ya que esos ex\u00e1menes sirven para un p\u00fablico m\u00e1s amplio. Pero el formato general y la dificultad de las preguntas deber\u00edan servirte para preparar el examen de nivel 2. Comparando el material de estos ex\u00e1menes de Pr\u00e1ctica con los temas potencialmente presenten en tu examen real de nivel 2 podr\u00e1s focalizar tus esfuerzos en mejorar tu conocimiento y estudiar de modo m\u00e1s eficiente. Deber\u00edas hacer al menos cuatro ex\u00e1menes de Pr\u00e1ctica dif\u00edcil y un examen de Pr\u00e1ctica de pol\u00edticas, intentando obtener al menos siete respuestas correctas en cada examen que tomes.<\/p>\n<p>Adicionalmente, el examen de Pr\u00e1ctica para nivel 2 ha sido desarrollado para ayudar a los candidatos a nivel 2 para prepararse m\u00e1s directamente con el examen real de nivel 2. El examen de Pr\u00e1ctica para nivel 2 tiene contenido que estaba antes en ex\u00e1menes de nivel 2, y es de una dificultad comparable al examen de nivel 2. El examen de Pr\u00e1ctica para nivel 2 puedes crearlo t\u00fa mismo como juez nivel 1, si haces el examen en l\u00ednea. Un juez nivel 3 puede crear una versi\u00f3n escrita del examen de Pr\u00e1ctica para nivel 2. Aunque debes obtener un 70% o m\u00e1s en un examen de Pr\u00e1ctica para nivel 2 antes de poder hacer el examen de nivel 2, hacer el examen de Pr\u00e1ctica para nivel 2 cuando puedas (solo puedes generar uno cada dos meses) puede ayudarte a preparar para el examen de nivel 2 real y ayudarte a enfocar tus esfuerzos en mejorar tu conocimiento.<\/p>\n<h2><b>Recomendaciones de estudio<\/b><\/h2>\n<p>Encontrar\u00e1s m\u00e1s recomendaciones de estudio y sugerencias publicadas trimestralmente en el foro de Magic Judge Apps. Puedes visitar <a href=\"http:\/\/apps.magicjudges.org\/forum\/topic\/5441\/\">esta publicaci\u00f3n en el foro de JudgeApps<\/a> para leer sugerencias actuales y pasadas.<\/p>\n<p>Esta p\u00e1gina fue escrita por <em><span class='judge-tooltip'><a href='https:\/\/apps.magicjudges.org\/judges\/dci\/46966237' >Brian Schenck<\/a><span class='avatar'><img width='200' height='200' src='https:\/\/apps.magicjudges.org\/dci\/avatar?dci=46966237&size=200'><\/span><\/span><\/em>\u00a0y traducida por <em><span class='judge-tooltip'><a href='https:\/\/apps.magicjudges.org\/judges\/dci\/20177000' >Juan A. Del Compare<\/a><span class='avatar'><img width='200' height='200' src='https:\/\/apps.magicjudges.org\/dci\/avatar?dci=20177000&size=200'><\/span><\/span>.<\/em><\/p>\n<p>&nbsp;<\/p>\n","protected":false},"excerpt":{"rendered":"<p>Prop\u00f3sito del examen de Nivel 2 El prop\u00f3sito del examen de nivel 2 es una valorar el conocimiento intermedio de las reglas y el conocimiento de las pol\u00edticas y procedimientos de los eventos de NIR competitivo.Adem\u00e1s, los candidatos son evaluados en el conocimiento necesario para evaluar a un candidato que realiza el examen de nivel [&hellip;]<\/p>\n","protected":false},"author":13,"featured_media":0,"parent":989,"menu_order":0,"comment_status":"closed","ping_status":"closed","template":"page_width-index.php","meta":{"footnotes":"","_links_to":"","_links_to_target":""},"language":[8],"class_list":["post-3297","page","type-page","status-publish","hentry","language-es"],"_links":{"self":[{"href":"https:\/\/blogs.magicjudges.org\/o\/wp-json\/wp\/v2\/pages\/3297","targetHints":{"allow":["GET"]}}],"collection":[{"href":"https:\/\/blogs.magicjudges.org\/o\/wp-json\/wp\/v2\/pages"}],"about":[{"href":"https:\/\/blogs.magicjudges.org\/o\/wp-json\/wp\/v2\/types\/page"}],"author":[{"embeddable":true,"href":"https:\/\/blogs.magicjudges.org\/o\/wp-json\/wp\/v2\/users\/13"}],"replies":[{"embeddable":true,"href":"https:\/\/blogs.magicjudges.org\/o\/wp-json\/wp\/v2\/comments?post=3297"}],"version-history":[{"count":9,"href":"https:\/\/blogs.magicjudges.org\/o\/wp-json\/wp\/v2\/pages\/3297\/revisions"}],"predecessor-version":[{"id":3314,"href":"https:\/\/blogs.magicjudges.org\/o\/wp-json\/wp\/v2\/pages\/3297\/revisions\/3314"}],"up":[{"embeddable":true,"href":"https:\/\/blogs.magicjudges.org\/o\/wp-json\/wp\/v2\/pages\/989"}],"wp:attachment":[{"href":"https:\/\/blogs.magicjudges.org\/o\/wp-json\/wp\/v2\/media?parent=3297"}],"wp:term":[{"taxonomy":"language","embeddable":true,"href":"https:\/\/blogs.magicjudges.org\/o\/wp-json\/wp\/v2\/language?post=3297"}],"curies":[{"name":"wp","href":"https:\/\/api.w.org\/{rel}","templated":true}]}}