{"id":3483,"date":"2016-11-24T20:19:05","date_gmt":"2016-11-24T20:19:05","guid":{"rendered":"http:\/\/blogs.magicjudges.org\/o\/?page_id=3483"},"modified":"2018-03-27T12:51:34","modified_gmt":"2018-03-27T12:51:34","slug":"program-coordinators-es","status":"publish","type":"page","link":"https:\/\/blogs.magicjudges.org\/o\/advanced-roles-es\/program-coordinators-es\/","title":{"rendered":"Coordinadores del programa"},"content":{"rendered":"<p style=\"text-align: justify\">Los Coordinadores del programa son responsables por tomar la direcci\u00f3n estrat\u00e9gica de Wizards of the Coast y encontrar la manera de implementarla en todo el programa. Esto lo hacen coordinando con otros jueces que lideran diversos proyectos, y parte de su rol es asegurar que los proyectos tienen una direcci\u00f3n clara, criterios de \u00e9xito y que los miembros de los proyectos son adecuadamente reconocidos.<\/p>\n<p>Estos jueces deben ser excelentes comunicadores y tener una fuerte visi\u00f3n del \u00e9xito del Programa de jueces. Deben ser capaces de interactuar bien con otros y mostrar liderazgo con el ejemplo, y haber demostrado \u00e9xito al liderar proyectos en el pasado.<\/p>\n<h2 style=\"text-align: justify\">Contactar a los Coordinadores del programa<\/h2>\n<div class=\"alert alert-warning\" role=\"alert\"> Para contactar a los Coordinadores del programa, por favor env\u00eda un email a <a href=\"mailto:mail-the-pcs@googlegroups.com\">mail-the-pcs@googlegroups.com<\/a>.<\/div>\n<h2>Tareas de los Coordinadores del programa<\/h2>\n<ul style=\"text-align: justify\">\n<li><strong>Tomas las decisiones estrat\u00e9gicas en nombre del Programa de jueces.<\/strong><br \/>\nLos Coordinadores del programa han definido las siguientes declaraciones gu\u00eda para ayudar a entender hacia donde apunta el Programa de jueces:<\/p>\n<ul>\n<li style=\"margin-top: -20px\"><strong>Comunidad inclusiva:<\/strong> El Programa de jueces est\u00e1 dedicado a crear un ambiente donde todos sean respetados, donde se valore la diversidad y no se tolere la discriminaci\u00f3n.<\/li>\n<li><strong>Calidad:<\/strong> La comunidad de Magic debe ver a los jueces como expertos. El Programa de jueces permite y facilita a los jueces que mejoren y se conviertan en expertos.<\/li>\n<li><strong>Sustentabilidad:<\/strong> El Programa de jueces intenta servir a nuestra comunidad de jugadores por mucho tiempo. Esto incluye la necesidad de mantener la cantidad de jueces, donde sea que existan en el mundo, y los niveles adecuados de certificaci\u00f3n. El programa tambi\u00e9n necesita sustentar el inter\u00e9s de individuos calificados para cubrir los roles de liderazgo necesarios.<\/li>\n<li><strong>Comunidad basada en proyectos:<\/strong> El Programa de jueces alienta a sus miembros a participar en y liderar proyectos que ayuden a desarrollar la comunidad. La comunidad de jueces es global y compleja. Los proyectos proveen la infraestructura necesaria para cumplir esos principios.<\/li>\n<\/ul>\n<p>Los Coordinadores del programa revisar\u00e1n peri\u00f3dicamente y actualizar\u00e1n estos lineamientos si es necesario. Algunas regiones pueden tener unas prioridades ligeramente distintas o agregar objetivos adicionales seg\u00fan sus circunstancias espec\u00edficas. La <a href=\"http:\/\/blogs.magicjudges.org\/o\/mission-and-vision-es\/\">Misi\u00f3n y Visi\u00f3n del Programa de jueces de Magic<\/a> est\u00e1 basada en estas declaraciones gu\u00eda.<\/li>\n<li style=\"margin-top: -20px\"><strong>Identificar y evaluar desaf\u00edos futuros que puedan afectar a la comunidad de jueces.<\/strong><br \/>\nPara hacer estos, los Coordinadores del programa cuentan con la ayuda y el apoyo de los jueces de todo el programa, especialmente de los l\u00edderes como los L\u00edderes de esferas, Coordinadores regionales, Jueces principales de Grand Prix y los Nivel 3. Cualquier juez puede <a href=\"mailto:mail-the-pcs@googlegroups.com\">contactar a los Coordinadores del programa por email<\/a> si tienen un desaf\u00edo o una oportunidad que quieren que eval\u00faen los Coordinadores del programa.<\/li>\n<li><strong>Identificar y empoderar l\u00edderes en la comunidad de jueces para atender esos desaf\u00edos.<\/strong><br \/>\nLos Coordinadores del programa todos esos desaf\u00edos ellos mismos. Ning\u00fan ser humano podr\u00eda hacerlo. En su lugar, empoderan jueces para liderar las \u00e1reas y proyectos que se alinean con sus intereses. Por ejemplo, nombran L\u00edderes de esferas y algunos l\u00edderes en otros proyectos.<\/li>\n<li><strong>Apoyar a los jueces que apoyan los trabajos internos del Programa de jueces.<\/strong><br \/>\nUna vez que los Coordinadores del programa empoderan a alguien para liderar un proyecto, se mantienen disponibles para aconsejar, apoyar y ayudar a esos l\u00edderes.<\/li>\n<li><strong>Reconocer cuando cometen errores y realizar los cambios para corregirlos. Llevar registro de los desaf\u00edos que identifican y sus planes para atenderlos.<\/strong><br \/>\nPara mejorar el Programa de jueces en el tiempo, los Coordinadores del programa necesitan entender en qu\u00e9 tuvieron \u00e9xitos y en qu\u00e9 fallaron.<\/li>\n<li><strong>Comunicarse regularmente con la comunidad completa de jueces.<\/strong><br \/>\nLos art\u00edculos en el <a href=\"https:\/\/blogs.magicjudges.org\/coordinators\/\">blog de los Coordinadores del programa<\/a> son un ejemplo de este esfuerzo, pero los Coordinadores del programa usar\u00e1n una variedad de canales de comunicaci\u00f3n para llegar a toda la comunidad de jueces.<\/li>\n<li><strong>Ayudar a la comunidad de jueces a entender cuando ocurran cambios significativos o inesperados.<\/strong><br \/>\nA veces hay grandes cambios que afectan al Programa de jueces. A veces los Coordinadores del programa sabr\u00e1n de ellos con anterioridad, pero otras veces no. Sin importar lo que pase, los Coordinadores del programa ayudar\u00e1n a la comunidad a entender, adaptarse y reaccionar a esos cambios.<\/li>\n<\/ul>\n<h2 style=\"text-align: justify\">Coordinadores del programa actuales<\/h2>\n<p style=\"text-align: justify\">Aqu\u00ed abajo est\u00e1n los actuales Coordinadores del programa, junto con sus fechas de finalizaci\u00f3n en el rol.<\/p>\n<table class=\"aligncenter\">\n<tbody>\n<tr>\n<td><em>Finalizando el 1 de abril de 2018<br \/>\n<\/em><br \/>\n<div class=\"wp-caption alignleft judgeimg\"><a href=\"https:\/\/apps.magicjudges.org\/judges\/dci\/70274285\"><img src=https:\/\/apps.magicjudges.org\/dci\/avatar?dci=70274285&size=200 alt=\"Alfonso Bueno\nEspa\u00f1a\"><\/a><p class=\"wp-caption-text\">Alfonso Bueno<br \/>\nEspa\u00f1a<\/p><\/div><\/td>\n<td><\/td>\n<td><em>Finalizando el 1 de abril de 2019<br \/>\n<\/em><br \/>\n<div class=\"wp-caption alignright judgeimg\"><a href=\"https:\/\/apps.magicjudges.org\/judges\/dci\/79083152\"><img src=https:\/\/apps.magicjudges.org\/dci\/avatar?dci=79083152&size=200 alt=\"Riccardo Tessitori\nItalia\"><\/a><p class=\"wp-caption-text\">Riccardo Tessitori<br \/>\nItalia<\/p><\/div><\/td>\n<\/tr>\n<\/tbody>\n<\/table>\n<p>&nbsp;<\/p>\n","protected":false},"excerpt":{"rendered":"<p>Los Coordinadores del programa son responsables por tomar la direcci\u00f3n estrat\u00e9gica de Wizards of the Coast y encontrar la manera de implementarla en todo el programa. Esto lo hacen coordinando con otros jueces que lideran diversos proyectos, y parte de su rol es asegurar que los proyectos tienen una direcci\u00f3n clara, criterios de \u00e9xito y [&hellip;]<\/p>\n","protected":false},"author":28,"featured_media":0,"parent":3056,"menu_order":0,"comment_status":"closed","ping_status":"closed","template":"","meta":{"footnotes":"","_links_to":"","_links_to_target":""},"language":[8],"class_list":["post-3483","page","type-page","status-publish","hentry","language-es"],"_links":{"self":[{"href":"https:\/\/blogs.magicjudges.org\/o\/wp-json\/wp\/v2\/pages\/3483","targetHints":{"allow":["GET"]}}],"collection":[{"href":"https:\/\/blogs.magicjudges.org\/o\/wp-json\/wp\/v2\/pages"}],"about":[{"href":"https:\/\/blogs.magicjudges.org\/o\/wp-json\/wp\/v2\/types\/page"}],"author":[{"embeddable":true,"href":"https:\/\/blogs.magicjudges.org\/o\/wp-json\/wp\/v2\/users\/28"}],"replies":[{"embeddable":true,"href":"https:\/\/blogs.magicjudges.org\/o\/wp-json\/wp\/v2\/comments?post=3483"}],"version-history":[{"count":10,"href":"https:\/\/blogs.magicjudges.org\/o\/wp-json\/wp\/v2\/pages\/3483\/revisions"}],"predecessor-version":[{"id":4590,"href":"https:\/\/blogs.magicjudges.org\/o\/wp-json\/wp\/v2\/pages\/3483\/revisions\/4590"}],"up":[{"embeddable":true,"href":"https:\/\/blogs.magicjudges.org\/o\/wp-json\/wp\/v2\/pages\/3056"}],"wp:attachment":[{"href":"https:\/\/blogs.magicjudges.org\/o\/wp-json\/wp\/v2\/media?parent=3483"}],"wp:term":[{"taxonomy":"language","embeddable":true,"href":"https:\/\/blogs.magicjudges.org\/o\/wp-json\/wp\/v2\/language?post=3483"}],"curies":[{"name":"wp","href":"https:\/\/api.w.org\/{rel}","templated":true}]}}