{"id":3695,"date":"2017-01-03T15:26:28","date_gmt":"2017-01-03T15:26:28","guid":{"rendered":"http:\/\/blogs.magicjudges.org\/o\/?page_id=3695"},"modified":"2017-04-12T11:57:34","modified_gmt":"2017-04-12T11:57:34","slug":"translations-fr","status":"publish","type":"page","link":"https:\/\/blogs.magicjudges.org\/o\/spheres-fr\/translations-fr\/","title":{"rendered":"Traductions"},"content":{"rendered":"<p style=\"text-align: justify\"><div class=\"wp-caption alignleft judgeimg\"><a href=\"https:\/\/apps.magicjudges.org\/judges\/dci\/20177000\"><img src=https:\/\/apps.magicjudges.org\/dci\/avatar?dci=20177000&size=200 alt=\"Juan Del Compare\nArgentine\"><\/a><p class=\"wp-caption-text\">Juan Del Compare<br \/>\nArgentine<\/p><\/div><\/p>\n<p style=\"text-align: justify\"><span class='judge-tooltip'><a href='https:\/\/apps.magicjudges.org\/judges\/dci\/20177000' > Juan Del Compare <\/a><span class='avatar'><img width='200' height='200' src='https:\/\/apps.magicjudges.org\/dci\/avatar?dci=20177000&size=200'><\/span><\/span>est le responsable de la sph\u00e8re des traductions. Il organise les efforts de traduction, coordonnant les chefs de projet et les \u00e9quipes de traduction pour offrir des versions localis\u00e9es des diff\u00e9rents documents et articles pour les arbitres du monde entier.<\/p>\n<p style=\"text-align: justify\">Magic est jou\u00e9 partout et le programme d&#8217;arbitrage a des membres dans chaque pays. Avoir des documents traduit fournis par la communaut\u00e9 contribue \u00e0 surmonter la barri\u00e8re de la langue pour les membres qui ne parlent pas l&#8217;anglais, et nous donne des outils pour interagir avec des membres dans d&#8217;autres endroits du monde.<br \/>\n<br style=\"clear: both; height: 1px; margin: -1px 0pt 0pt; overflow: hidden;\"><\/p>\n<p style=\"text-align: justify\">Les langues vis\u00e9es prioritairement sont celles o\u00f9 Magic est traduit: espagnol, fran\u00e7ais, allemand, japonais, italien, portugais, cor\u00e9en, russe et chinois. Pour certains documents, nous ajoutons des langues comme le grec ou le norv\u00e9gien.<\/p>\n<p style=\"text-align: justify\">Il ya beaucoup de projets de traduction en cours, mais certains sont:<\/p>\n<ul>\n<li style=\"text-align: justify\"><a href=\"http:\/\/blogs.magicjudges.org\/translatedrules\/\">Les documents<\/a><\/li>\n<li style=\"text-align: justify\"><a href=\"http:\/\/blogs.magicjudges.org\/blog\/category\/magic-judge-monthly\">Magic Judge Monthly<\/a><\/li>\n<li style=\"text-align: justify\">Le site des ressources de r\u00e8gles\u00a0(<a href=\"http:\/\/blogs.magicjudges.org\/rules\/ipg\/\">AIPG<\/a>\u00a0\/\u00a0<a href=\"http:\/\/blogs.magicjudges.org\/rules\/mtr\/\">AMTR<\/a>)<\/li>\n<li style=\"text-align: justify\"><a href=\"http:\/\/blogs.magicjudges.org\/o\/\">le site des ressources officielles<\/a><\/li>\n<li style=\"text-align: justify\"><a href=\"http:\/\/blogs.magicjudges.org\/articles\/\">le blog des articles d&#8217;arbitrage<\/a><\/li>\n<li style=\"text-align: justify\"><a href=\"http:\/\/blogs.magicjudges.org\/\">Les derni\u00e8res nouvelles<\/a><\/li>\n<\/ul>\n","protected":false},"excerpt":{"rendered":"<p>est le responsable de la sph\u00e8re des traductions. Il organise les efforts de traduction, coordonnant les chefs de projet et les \u00e9quipes de traduction pour offrir des versions localis\u00e9es des diff\u00e9rents documents et articles pour les arbitres du monde entier. Magic est jou\u00e9 partout et le programme d&#8217;arbitrage a des membres dans chaque pays. Avoir [&hellip;]<\/p>\n","protected":false},"author":30,"featured_media":0,"parent":1515,"menu_order":0,"comment_status":"closed","ping_status":"closed","template":"","meta":{"footnotes":"","_links_to":"","_links_to_target":""},"language":[15],"class_list":["post-3695","page","type-page","status-publish","hentry","language-fr"],"_links":{"self":[{"href":"https:\/\/blogs.magicjudges.org\/o\/wp-json\/wp\/v2\/pages\/3695","targetHints":{"allow":["GET"]}}],"collection":[{"href":"https:\/\/blogs.magicjudges.org\/o\/wp-json\/wp\/v2\/pages"}],"about":[{"href":"https:\/\/blogs.magicjudges.org\/o\/wp-json\/wp\/v2\/types\/page"}],"author":[{"embeddable":true,"href":"https:\/\/blogs.magicjudges.org\/o\/wp-json\/wp\/v2\/users\/30"}],"replies":[{"embeddable":true,"href":"https:\/\/blogs.magicjudges.org\/o\/wp-json\/wp\/v2\/comments?post=3695"}],"version-history":[{"count":2,"href":"https:\/\/blogs.magicjudges.org\/o\/wp-json\/wp\/v2\/pages\/3695\/revisions"}],"predecessor-version":[{"id":3941,"href":"https:\/\/blogs.magicjudges.org\/o\/wp-json\/wp\/v2\/pages\/3695\/revisions\/3941"}],"up":[{"embeddable":true,"href":"https:\/\/blogs.magicjudges.org\/o\/wp-json\/wp\/v2\/pages\/1515"}],"wp:attachment":[{"href":"https:\/\/blogs.magicjudges.org\/o\/wp-json\/wp\/v2\/media?parent=3695"}],"wp:term":[{"taxonomy":"language","embeddable":true,"href":"https:\/\/blogs.magicjudges.org\/o\/wp-json\/wp\/v2\/language?post=3695"}],"curies":[{"name":"wp","href":"https:\/\/api.w.org\/{rel}","templated":true}]}}