{"id":3706,"date":"2017-01-03T17:05:40","date_gmt":"2017-01-03T17:05:40","guid":{"rendered":"http:\/\/blogs.magicjudges.org\/o\/?page_id=3706"},"modified":"2017-01-03T17:05:40","modified_gmt":"2017-01-03T17:05:40","slug":"contactez-nous","status":"publish","type":"page","link":"https:\/\/blogs.magicjudges.org\/o\/contactez-nous\/","title":{"rendered":"Contactez-nous"},"content":{"rendered":"<p>Pourquoi souhaitez-vous nous contacter ?<\/p>\n<p>Je veux devenir arbitre.<br \/>\n<a class=\"pure-button\" title=\"Contact a Regional Coordinator\" href=\"http:\/\/blogs.magicjudges.org\/contact\/contact-a-regional-coordinator\/\">Contactez votre coordinateur r\u00e9gional<\/a><\/p>\n<p>J&#8217;ai des questions sur l&#8217;organisation d&#8217;\u00e9v\u00e9nement dans ma boutique.<br \/>\n<a class=\"pure-button\" title=\"Contact WPN Support\" href=\"http:\/\/wizards.com\/wpn\/Support.aspx\">Contactez le support WPN <\/a><\/p>\n<p>Je suis un organisateur ou j&#8217;ai une boutique et je cherche un arbitre pour mes \u00e9v\u00e9nements.<br \/>\n<a class=\"pure-button\" title=\"Contact a Regional Coordinator\" href=\"http:\/\/blogs.magicjudges.org\/contact\/contact-a-regional-coordinator\/\">Contactez votre coordinateur r\u00e9gional<\/a><\/p>\n<p>Je veux reporter une fraude. (notamment des \u00e9venements ill\u00e9gaux, une mauvaise utilisation de cartes promos, une vente pr\u00e9matur\u00e9e de produit ou n&#8217;importe quelle autre fraude)<br \/>\n<a class=\"pure-button\" href=\"mailto:OP.FraudInvestigations@wizards.com\">Email OP.FraudInvestigations@wizards.com<\/a><\/p>\n<p>J&#8217;ai une question de r\u00e8gles.<br \/>\n<a class=\"pure-button\" href=\"https:\/\/www.facebook.com\/Reglesmagicfrance\/\">Contactez le groupe facebook de questions de r\u00e8gles<\/a><\/p>\n<p>J&#8217;ai besoin d&#8217;aide avec mon num\u00e9ro DCI.<br \/>\n<a class=\"pure-button\" href=\"http:\/\/wizards.custhelp.com\/app\/answers\/detail\/a_id\/2153\">Consultez la FAQ des num\u00e9ros DCI<\/a><\/p>\n<p>Je voudrais soumettre un retour sur un arbitre, que ce soit pour le reconnaitre ou pour reporter une mauvaise conduite.<br \/>\n<a class=\"pure-button\" href=\"http:\/\/blogs.magicjudges.org\/conduct\/feedback-form-2\/\">Soumettre le Feedback<\/a><\/p>\n<p>J&#8217;ai une autre question sur le programme d&#8217;arbitrage, et je ne suis pas s\u00fbre de qui contacter.<br \/>\n<a class=\"pure-button\" href=\"https:\/\/www.facebook.com\/Reglesmagicfrance\/\">Rejoignez le groupe facebook<\/a><\/p>\n","protected":false},"excerpt":{"rendered":"<p>Pourquoi souhaitez-vous nous contacter ? Je veux devenir arbitre. Contactez votre coordinateur r\u00e9gional J&#8217;ai des questions sur l&#8217;organisation d&#8217;\u00e9v\u00e9nement dans ma boutique. Contactez le support WPN Je suis un organisateur ou j&#8217;ai une boutique et je cherche un arbitre pour mes \u00e9v\u00e9nements. Contactez votre coordinateur r\u00e9gional Je veux reporter une fraude. (notamment des \u00e9venements ill\u00e9gaux, [&hellip;]<\/p>\n","protected":false},"author":30,"featured_media":0,"parent":0,"menu_order":0,"comment_status":"closed","ping_status":"closed","template":"","meta":{"footnotes":"","_links_to":"","_links_to_target":""},"language":[15],"class_list":["post-3706","page","type-page","status-publish","hentry","language-fr"],"_links":{"self":[{"href":"https:\/\/blogs.magicjudges.org\/o\/wp-json\/wp\/v2\/pages\/3706","targetHints":{"allow":["GET"]}}],"collection":[{"href":"https:\/\/blogs.magicjudges.org\/o\/wp-json\/wp\/v2\/pages"}],"about":[{"href":"https:\/\/blogs.magicjudges.org\/o\/wp-json\/wp\/v2\/types\/page"}],"author":[{"embeddable":true,"href":"https:\/\/blogs.magicjudges.org\/o\/wp-json\/wp\/v2\/users\/30"}],"replies":[{"embeddable":true,"href":"https:\/\/blogs.magicjudges.org\/o\/wp-json\/wp\/v2\/comments?post=3706"}],"version-history":[{"count":1,"href":"https:\/\/blogs.magicjudges.org\/o\/wp-json\/wp\/v2\/pages\/3706\/revisions"}],"predecessor-version":[{"id":3707,"href":"https:\/\/blogs.magicjudges.org\/o\/wp-json\/wp\/v2\/pages\/3706\/revisions\/3707"}],"wp:attachment":[{"href":"https:\/\/blogs.magicjudges.org\/o\/wp-json\/wp\/v2\/media?parent=3706"}],"wp:term":[{"taxonomy":"language","embeddable":true,"href":"https:\/\/blogs.magicjudges.org\/o\/wp-json\/wp\/v2\/language?post=3706"}],"curies":[{"name":"wp","href":"https:\/\/api.w.org\/{rel}","templated":true}]}}