{"id":4038,"date":"2017-06-07T09:53:04","date_gmt":"2017-06-07T09:53:04","guid":{"rendered":"http:\/\/blogs.magicjudges.org\/o\/?page_id=4038"},"modified":"2019-02-11T09:25:05","modified_gmt":"2019-02-11T09:25:05","slug":"coaching","status":"publish","type":"page","link":"https:\/\/blogs.magicjudges.org\/o\/spheres\/coaching\/","title":{"rendered":"Coaching"},"content":{"rendered":"<div class=\"wp-caption alignleft judgeimg\"><a href=\"https:\/\/apps.magicjudges.org\/judges\/dci\/79140771\"><img src=https:\/\/apps.magicjudges.org\/dci\/avatar?dci=79140771&size=200 alt=\"Ivan Petkovic\nGermany\"><\/a><p class=\"wp-caption-text\">Ivan Petkovic<br \/>\nGermany<\/p><\/div>\n<p style=\"text-align: justify;\"><span class='judge-tooltip'><a href='https:\/\/apps.magicjudges.org\/judges\/dci\/79140771' >Ivan Petkovic<\/a><span class='avatar'><img width='200' height='200' src='https:\/\/apps.magicjudges.org\/dci\/avatar?dci=79140771&size=200'><\/span><\/span> is the Coaching Sphere leader. This Sphere aims to provide skills to judges that enable them to grow as judges but also as individuals. Examples of these skills are giving and receiving effective feedback, working in and leading a team delivering rulings and other general communication skills.<\/p>\n<p style=\"text-align: justify;\">Raising awareness about, as well as teaching these skills will ultimately raise the quality of player experience, make leaders more effective at events, projects and in their communities as well as create a better judging environment.<\/p>\n<p>Interested in more? The <a href=\"https:\/\/blogs.magicjudges.org\/coaching\/\">Coaching Sphere Blog<\/a> has a wealth of information for you!<\/p>\n<br style=\"clear: both; height: 1px; margin: -1px 0pt 0pt; overflow: hidden;\">\n<p style=\"text-align: justify;\">The goals of the Sphere are ambitious, and we need help. So, if anything of this sounds interesting, send Ivan an email as he is coordinating between various projects in the Sphere as well as working with the project leaders to achieve their project\u2019s long-term goals.<\/p>\n<h2 style=\"text-align: justify;\">Projects<\/h2>\n<p>[cets_callout_box style=&#8217;gray&#8217; align=&#8217;full&#8217; title=&#8217;Judge Buddy Program&#8217;]A system of resources and mentors designed to create the best experience for people working their first big event.<br \/>\n<strong>Project lead\u00a0<\/strong>|\u00a0<span class='judge-tooltip'><a href='https:\/\/apps.magicjudges.org\/judges\/dci\/7214017288' >Cassidy Melczak<\/a><span class='avatar'><img width='200' height='200' src='https:\/\/apps.magicjudges.org\/dci\/avatar?dci=7214017288&size=200'><\/span><\/span><br \/>\n<strong>Team members<\/strong> | <span class='judge-tooltip'><a href='https:\/\/apps.magicjudges.org\/judges\/dci\/4210150014' >Adena Chernosky<\/a><span class='avatar'><img width='200' height='200' src='https:\/\/apps.magicjudges.org\/dci\/avatar?dci=4210150014&size=200'><\/span><\/span>, <span class='judge-tooltip'><a href='https:\/\/apps.magicjudges.org\/judges\/dci\/725295' >Scott Marshall<\/a><span class='avatar'><img width='200' height='200' src='https:\/\/apps.magicjudges.org\/dci\/avatar?dci=725295&size=200'><\/span><\/span>, <span class='judge-tooltip'><a href='https:\/\/apps.magicjudges.org\/judges\/dci\/3110876854' >Eliana Rabinowitz<\/a><span class='avatar'><img width='200' height='200' src='https:\/\/apps.magicjudges.org\/dci\/avatar?dci=3110876854&size=200'><\/span><\/span>, <span class='judge-tooltip'><a href='https:\/\/apps.magicjudges.org\/judges\/dci\/39542823' >Andrew Blizzard<\/a><span class='avatar'><img width='200' height='200' src='https:\/\/apps.magicjudges.org\/dci\/avatar?dci=39542823&size=200'><\/span><\/span>, <span class='judge-tooltip'><a href='https:\/\/apps.magicjudges.org\/judges\/dci\/2210169172' >Nole Clauson<\/a><span class='avatar'><img width='200' height='200' src='https:\/\/apps.magicjudges.org\/dci\/avatar?dci=2210169172&size=200'><\/span><\/span>, <span class='judge-tooltip'><a href='https:\/\/apps.magicjudges.org\/judges\/dci\/6360' >Billy Gilmore<\/a><span class='avatar'><img width='200' height='200' src='https:\/\/apps.magicjudges.org\/dci\/avatar?dci=6360&size=200'><\/span><\/span>, <span class='judge-tooltip'><a href='https:\/\/apps.magicjudges.org\/judges\/dci\/8110752611' >Caitlyn Hebert<\/a><span class='avatar'><img width='200' height='200' src='https:\/\/apps.magicjudges.org\/dci\/avatar?dci=8110752611&size=200'><\/span><\/span>, <span class='judge-tooltip'><a href='https:\/\/apps.magicjudges.org\/judges\/dci\/9101701495' >Jessica Livingston<\/a><span class='avatar'><img width='200' height='200' src='https:\/\/apps.magicjudges.org\/dci\/avatar?dci=9101701495&size=200'><\/span><\/span>, <span class='judge-tooltip'><a href='https:\/\/apps.magicjudges.org\/judges\/dci\/79140771' >Ivan Petkovic<\/a><span class='avatar'><img width='200' height='200' src='https:\/\/apps.magicjudges.org\/dci\/avatar?dci=79140771&size=200'><\/span><\/span>, <span class='judge-tooltip'><a href='https:\/\/apps.magicjudges.org\/judges\/dci\/9048759190' >Andre Tepedino<\/a><span class='avatar'><img width='200' height='200' src='https:\/\/apps.magicjudges.org\/dci\/avatar?dci=9048759190&size=200'><\/span><\/span>, <span class='judge-tooltip'><a href='https:\/\/apps.magicjudges.org\/judges\/dci\/53238165' >Adam White<\/a><span class='avatar'><img width='200' height='200' src='https:\/\/apps.magicjudges.org\/dci\/avatar?dci=53238165&size=200'><\/span><\/span><br \/>\n<strong>Links<\/strong> | <a href=\"http:\/\/apps.magicjudges.org\/projects\/203\/\" target=\"_blank\" rel=\"noopener noreferrer\">JudgeApps project<\/a>[\/cets_callout_box][cets_callout_box style=&#8217;gray&#8217; align=&#8217;full&#8217; title=&#8217;Random Situation Generator&#8217;]Training judges with real time situations.<br \/>\n<strong>Project lead<\/strong>\u00a0|\u00a0<span class='judge-tooltip'><a href='https:\/\/apps.magicjudges.org\/judges\/dci\/7048108564' >Ralph Gl\u00e4tsch<\/a><span class='avatar'><img width='200' height='200' src='https:\/\/apps.magicjudges.org\/dci\/avatar?dci=7048108564&size=200'><\/span><\/span><br \/>\n<strong>Team members<\/strong> | <span class='judge-tooltip'><a href='https:\/\/apps.magicjudges.org\/judges\/dci\/1206237736' >Khanh Le Thien<\/a><span class='avatar'><img width='200' height='200' src='https:\/\/apps.magicjudges.org\/dci\/avatar?dci=1206237736&size=200'><\/span><\/span>, <span class='judge-tooltip'><a href='https:\/\/apps.magicjudges.org\/judges\/dci\/79140771' >Ivan Petkovic<\/a><span class='avatar'><img width='200' height='200' src='https:\/\/apps.magicjudges.org\/dci\/avatar?dci=79140771&size=200'><\/span><\/span>, <span class='judge-tooltip'><a href='https:\/\/apps.magicjudges.org\/judges\/dci\/1203821773' >Steffen Baumgart<\/a><span class='avatar'><img width='200' height='200' src='https:\/\/apps.magicjudges.org\/dci\/avatar?dci=1203821773&size=200'><\/span><\/span>, <span class='judge-tooltip'><a href='https:\/\/apps.magicjudges.org\/judges\/dci\/58806265' >Matteo Callegari<\/a><span class='avatar'><img width='200' height='200' src='https:\/\/apps.magicjudges.org\/dci\/avatar?dci=58806265&size=200'><\/span><\/span>, <span class='judge-tooltip'><a href='https:\/\/apps.magicjudges.org\/judges\/dci\/3102549036' >Jack Doyle<\/a><span class='avatar'><img width='200' height='200' src='https:\/\/apps.magicjudges.org\/dci\/avatar?dci=3102549036&size=200'><\/span><\/span>, <span class='judge-tooltip'><a href='https:\/\/apps.magicjudges.org\/judges\/dci\/1213739535' >Arseniy Egorov<\/a><span class='avatar'><img width='200' height='200' src='https:\/\/apps.magicjudges.org\/dci\/avatar?dci=1213739535&size=200'><\/span><\/span>, <span class='judge-tooltip'><a href='https:\/\/apps.magicjudges.org\/judges\/dci\/4212302878' >Konrad Eibl<\/a><span class='avatar'><img width='200' height='200' src='https:\/\/apps.magicjudges.org\/dci\/avatar?dci=4212302878&size=200'><\/span><\/span>, <span class='judge-tooltip'><a href='https:\/\/apps.magicjudges.org\/judges\/dci\/9213612204' >John Eriksson<\/a><span class='avatar'><img width='200' height='200' src='https:\/\/apps.magicjudges.org\/dci\/avatar?dci=9213612204&size=200'><\/span><\/span>, <span class='judge-tooltip'><a href='https:\/\/apps.magicjudges.org\/judges\/dci\/91426501' >Dami\u00e1n Hiller<\/a><span class='avatar'><img width='200' height='200' src='https:\/\/apps.magicjudges.org\/dci\/avatar?dci=91426501&size=200'><\/span><\/span>, <span class='judge-tooltip'><a href='https:\/\/apps.magicjudges.org\/judges\/dci\/8300243027' >Florian Horn<\/a><span class='avatar'><img width='200' height='200' src='https:\/\/apps.magicjudges.org\/dci\/avatar?dci=8300243027&size=200'><\/span><\/span>, <span class='judge-tooltip'><a href='https:\/\/apps.magicjudges.org\/judges\/dci\/1204199802' >Stefan Ladst\u00e4tter<\/a><span class='avatar'><img width='200' height='200' src='https:\/\/apps.magicjudges.org\/dci\/avatar?dci=1204199802&size=200'><\/span><\/span>, <span class='judge-tooltip'><a href='https:\/\/apps.magicjudges.org\/judges\/dci\/9102757862' >Alexander Papageorgiou<\/a><span class='avatar'><img width='200' height='200' src='https:\/\/apps.magicjudges.org\/dci\/avatar?dci=9102757862&size=200'><\/span><\/span>, <span class='judge-tooltip'><a href='https:\/\/apps.magicjudges.org\/judges\/dci\/6028640922' >Mika\u00ebl Rabie<\/a><span class='avatar'><img width='200' height='200' src='https:\/\/apps.magicjudges.org\/dci\/avatar?dci=6028640922&size=200'><\/span><\/span>, <span class='judge-tooltip'><a href='https:\/\/apps.magicjudges.org\/judges\/dci\/4102425806' >Angela Schabauer<\/a><span class='avatar'><img width='200' height='200' src='https:\/\/apps.magicjudges.org\/dci\/avatar?dci=4102425806&size=200'><\/span><\/span>, <span class='judge-tooltip'><a href='https:\/\/apps.magicjudges.org\/judges\/dci\/1202260915' >Mackenzie Stratford<\/a><span class='avatar'><img width='200' height='200' src='https:\/\/apps.magicjudges.org\/dci\/avatar?dci=1202260915&size=200'><\/span><\/span>, <span class='judge-tooltip'><a href='https:\/\/apps.magicjudges.org\/judges\/dci\/9213586730' >Jacopo Strati<\/a><span class='avatar'><img width='200' height='200' src='https:\/\/apps.magicjudges.org\/dci\/avatar?dci=9213586730&size=200'><\/span><\/span>, <span class='judge-tooltip'><a href='https:\/\/apps.magicjudges.org\/judges\/dci\/8213969381' >Ronald Thompson<\/a><span class='avatar'><img width='200' height='200' src='https:\/\/apps.magicjudges.org\/dci\/avatar?dci=8213969381&size=200'><\/span><\/span>, <span class='judge-tooltip'><a href='https:\/\/apps.magicjudges.org\/judges\/dci\/89137901' >Yuval Tzur<\/a><span class='avatar'><img width='200' height='200' src='https:\/\/apps.magicjudges.org\/dci\/avatar?dci=89137901&size=200'><\/span><\/span><br \/>\n<strong>Links<\/strong> | <a href=\"https:\/\/apps.magicjudges.org\/projects\/236\/\" target=\"_blank\" rel=\"noopener noreferrer\">JudgeApps project<\/a>[\/cets_callout_box][cets_callout_box style=&#8217;gray&#8217; align=&#8217;full&#8217; title=&#8217;Level 2 Mentoring&#8217;]A tool to help people get from Level 1 to Level 2 and also improve existing Level 2s.<br \/>\n<strong>Project lead<\/strong>\u00a0|\u00a0<span class='judge-tooltip'><a href='https:\/\/apps.magicjudges.org\/judges\/dci\/4212302878' >Konrad Eibl<\/a><span class='avatar'><img width='200' height='200' src='https:\/\/apps.magicjudges.org\/dci\/avatar?dci=4212302878&size=200'><\/span><\/span><br \/>\n<strong>Team members<\/strong> | <span class='judge-tooltip'><a href='https:\/\/apps.magicjudges.org\/judges\/dci\/78147800' >Simon Ahrens<\/a><span class='avatar'><img width='200' height='200' src='https:\/\/apps.magicjudges.org\/dci\/avatar?dci=78147800&size=200'><\/span><\/span>, <span class='judge-tooltip'><a href='https:\/\/apps.magicjudges.org\/judges\/dci\/40262042' >Oli Bird<\/a><span class='avatar'><img width='200' height='200' src='https:\/\/apps.magicjudges.org\/dci\/avatar?dci=40262042&size=200'><\/span><\/span>, <span class='judge-tooltip'><a href='https:\/\/apps.magicjudges.org\/judges\/dci\/70274285' >Alfonso Bueno<\/a><span class='avatar'><img width='200' height='200' src='https:\/\/apps.magicjudges.org\/dci\/avatar?dci=70274285&size=200'><\/span><\/span>, <span class='judge-tooltip'><a href='https:\/\/apps.magicjudges.org\/judges\/dci\/9213612204' >John Eriksson<\/a><span class='avatar'><img width='200' height='200' src='https:\/\/apps.magicjudges.org\/dci\/avatar?dci=9213612204&size=200'><\/span><\/span>, <span class='judge-tooltip'><a href='https:\/\/apps.magicjudges.org\/judges\/dci\/7048108564' >Ralph Gl\u00e4tsch<\/a><span class='avatar'><img width='200' height='200' src='https:\/\/apps.magicjudges.org\/dci\/avatar?dci=7048108564&size=200'><\/span><\/span>, <span class='judge-tooltip'><a href='https:\/\/apps.magicjudges.org\/judges\/dci\/5208109925' >Jeremie Granat<\/a><span class='avatar'><img width='200' height='200' src='https:\/\/apps.magicjudges.org\/dci\/avatar?dci=5208109925&size=200'><\/span><\/span>, <span class='judge-tooltip'><a href='https:\/\/apps.magicjudges.org\/judges\/dci\/1206509527' >Nick Hall<\/a><span class='avatar'><img width='200' height='200' src='https:\/\/apps.magicjudges.org\/dci\/avatar?dci=1206509527&size=200'><\/span><\/span>, <span class='judge-tooltip'><a href='https:\/\/apps.magicjudges.org\/judges\/dci\/5300073814' >Nathan Hughes<\/a><span class='avatar'><img width='200' height='200' src='https:\/\/apps.magicjudges.org\/dci\/avatar?dci=5300073814&size=200'><\/span><\/span>, <span class='judge-tooltip'><a href='https:\/\/apps.magicjudges.org\/judges\/dci\/1203524064' >Lev Kotlyar<\/a><span class='avatar'><img width='200' height='200' src='https:\/\/apps.magicjudges.org\/dci\/avatar?dci=1203524064&size=200'><\/span><\/span>, <span class='judge-tooltip'><a href='https:\/\/apps.magicjudges.org\/judges\/dci\/1204199802' >Stefan Ladst\u00e4tter<\/a><span class='avatar'><img width='200' height='200' src='https:\/\/apps.magicjudges.org\/dci\/avatar?dci=1204199802&size=200'><\/span><\/span>, <span class='judge-tooltip'><a href='https:\/\/apps.magicjudges.org\/judges\/dci\/1206237736' >Khanh Le Thien<\/a><span class='avatar'><img width='200' height='200' src='https:\/\/apps.magicjudges.org\/dci\/avatar?dci=1206237736&size=200'><\/span><\/span>, <span class='judge-tooltip'><a href='https:\/\/apps.magicjudges.org\/judges\/dci\/8207056968' >\u00c0re Maturana<\/a><span class='avatar'><img width='200' height='200' src='https:\/\/apps.magicjudges.org\/dci\/avatar?dci=8207056968&size=200'><\/span><\/span>, <span class='judge-tooltip'><a href='https:\/\/apps.magicjudges.org\/judges\/dci\/9223677067' >Kevin Moore<\/a><span class='avatar'><img width='200' height='200' src='https:\/\/apps.magicjudges.org\/dci\/avatar?dci=9223677067&size=200'><\/span><\/span>, <span class='judge-tooltip'><a href='https:\/\/apps.magicjudges.org\/judges\/dci\/41724918' >Raoul Mowatt<\/a><span class='avatar'><img width='200' height='200' src='https:\/\/apps.magicjudges.org\/dci\/avatar?dci=41724918&size=200'><\/span><\/span>, <span class='judge-tooltip'><a href='https:\/\/apps.magicjudges.org\/judges\/dci\/8094106779' >Ren\u00e9 Oberweger<\/a><span class='avatar'><img width='200' height='200' src='https:\/\/apps.magicjudges.org\/dci\/avatar?dci=8094106779&size=200'><\/span><\/span>, <span class='judge-tooltip'><a href='https:\/\/apps.magicjudges.org\/judges\/dci\/1206310286' >Sophie Pages<\/a><span class='avatar'><img width='200' height='200' src='https:\/\/apps.magicjudges.org\/dci\/avatar?dci=1206310286&size=200'><\/span><\/span>, <span class='judge-tooltip'><a href='https:\/\/apps.magicjudges.org\/judges\/dci\/79140771' >Ivan Petkovic<\/a><span class='avatar'><img width='200' height='200' src='https:\/\/apps.magicjudges.org\/dci\/avatar?dci=79140771&size=200'><\/span><\/span>, <span class='judge-tooltip'><a href='https:\/\/apps.magicjudges.org\/judges\/dci\/1204257097' >Sebastian P\u0119kala<\/a><span class='avatar'><img width='200' height='200' src='https:\/\/apps.magicjudges.org\/dci\/avatar?dci=1204257097&size=200'><\/span><\/span>, <span class='judge-tooltip'><a href='https:\/\/apps.magicjudges.org\/judges\/dci\/89059613' >Luca Romano<\/a><span class='avatar'><img width='200' height='200' src='https:\/\/apps.magicjudges.org\/dci\/avatar?dci=89059613&size=200'><\/span><\/span>, <span class='judge-tooltip'><a href='https:\/\/apps.magicjudges.org\/judges\/dci\/8210103665' >Charlotte Sable<\/a><span class='avatar'><img width='200' height='200' src='https:\/\/apps.magicjudges.org\/dci\/avatar?dci=8210103665&size=200'><\/span><\/span>, <span class='judge-tooltip'><a href='https:\/\/apps.magicjudges.org\/judges\/dci\/9213586730' >Jacopo Strati<\/a><span class='avatar'><img width='200' height='200' src='https:\/\/apps.magicjudges.org\/dci\/avatar?dci=9213586730&size=200'><\/span><\/span>, <span class='judge-tooltip'><a href='https:\/\/apps.magicjudges.org\/judges\/dci\/1213601344' >Zolt\u00e1n T\u00f3th-Bajn\u00f3czi<\/a><span class='avatar'><img width='200' height='200' src='https:\/\/apps.magicjudges.org\/dci\/avatar?dci=1213601344&size=200'><\/span><\/span>, <span class='judge-tooltip'><a href='https:\/\/apps.magicjudges.org\/judges\/dci\/82733019' >Hans Wang<\/a><span class='avatar'><img width='200' height='200' src='https:\/\/apps.magicjudges.org\/dci\/avatar?dci=82733019&size=200'><\/span><\/span><br \/>\n<strong>Links<\/strong> | <a href=\"https:\/\/apps.magicjudges.org\/projects\/475\/\" target=\"_blank\" rel=\"noopener noreferrer\">JudgeApps project<\/a>[\/cets_callout_box]<\/p>\n<p>[cets_callout_box style=&#8217;gray&#8217; align=&#8217;full&#8217; title=&#8217;Logistics Workshop&#8217;]This workshop allows judges to improve their tournament logistics knowledge by solving different logistic-centered situations.<br \/>\n<strong>Project lead<\/strong>\u00a0|\u00a0<span class='judge-tooltip'><a href='https:\/\/apps.magicjudges.org\/judges\/dci\/89137901' >Yuval Tzur<\/a><span class='avatar'><img width='200' height='200' src='https:\/\/apps.magicjudges.org\/dci\/avatar?dci=89137901&size=200'><\/span><\/span><br \/>\n<strong>Team members<\/strong> | <span class='judge-tooltip'><a href='https:\/\/apps.magicjudges.org\/judges\/dci\/59287293' >Alon Luski<\/a><span class='avatar'><img width='200' height='200' src='https:\/\/apps.magicjudges.org\/dci\/avatar?dci=59287293&size=200'><\/span><\/span>,\u00a0<span class='judge-tooltip'><a href='https:\/\/apps.magicjudges.org\/judges\/dci\/79140771' >Ivan Petkovic<\/a><span class='avatar'><img width='200' height='200' src='https:\/\/apps.magicjudges.org\/dci\/avatar?dci=79140771&size=200'><\/span><\/span>,\u00a0<span class='judge-tooltip'><a href='https:\/\/apps.magicjudges.org\/judges\/dci\/1206310286' >Sophie Pages<\/a><span class='avatar'><img width='200' height='200' src='https:\/\/apps.magicjudges.org\/dci\/avatar?dci=1206310286&size=200'><\/span><\/span>,\u00a0<span class='judge-tooltip'><a href='https:\/\/apps.magicjudges.org\/judges\/dci\/9212357758' >John Papadakis<\/a><span class='avatar'><img width='200' height='200' src='https:\/\/apps.magicjudges.org\/dci\/avatar?dci=9212357758&size=200'><\/span><\/span>,<br \/>\n<strong>Links<\/strong> | <a href=\"https:\/\/apps.magicjudges.org\/projects\/758\/\" target=\"_blank\" rel=\"noopener noreferrer\">JudgeApps project<\/a>[\/cets_callout_box]<\/p>\n","protected":false},"excerpt":{"rendered":"<p>is the Coaching Sphere leader. This Sphere aims to provide skills to judges that enable them to grow as judges but also as individuals. Examples of these skills are giving and receiving effective feedback, working in and leading a team delivering rulings and other general communication skills. Raising awareness about, as well as teaching these [&hellip;]<\/p>\n","protected":false},"author":13,"featured_media":0,"parent":146,"menu_order":0,"comment_status":"closed","ping_status":"closed","template":"page_width-index.php","meta":{"footnotes":"","_links_to":"","_links_to_target":""},"language":[5],"class_list":["post-4038","page","type-page","status-publish","hentry","language-en"],"_links":{"self":[{"href":"https:\/\/blogs.magicjudges.org\/o\/wp-json\/wp\/v2\/pages\/4038","targetHints":{"allow":["GET"]}}],"collection":[{"href":"https:\/\/blogs.magicjudges.org\/o\/wp-json\/wp\/v2\/pages"}],"about":[{"href":"https:\/\/blogs.magicjudges.org\/o\/wp-json\/wp\/v2\/types\/page"}],"author":[{"embeddable":true,"href":"https:\/\/blogs.magicjudges.org\/o\/wp-json\/wp\/v2\/users\/13"}],"replies":[{"embeddable":true,"href":"https:\/\/blogs.magicjudges.org\/o\/wp-json\/wp\/v2\/comments?post=4038"}],"version-history":[{"count":12,"href":"https:\/\/blogs.magicjudges.org\/o\/wp-json\/wp\/v2\/pages\/4038\/revisions"}],"predecessor-version":[{"id":4738,"href":"https:\/\/blogs.magicjudges.org\/o\/wp-json\/wp\/v2\/pages\/4038\/revisions\/4738"}],"up":[{"embeddable":true,"href":"https:\/\/blogs.magicjudges.org\/o\/wp-json\/wp\/v2\/pages\/146"}],"wp:attachment":[{"href":"https:\/\/blogs.magicjudges.org\/o\/wp-json\/wp\/v2\/media?parent=4038"}],"wp:term":[{"taxonomy":"language","embeddable":true,"href":"https:\/\/blogs.magicjudges.org\/o\/wp-json\/wp\/v2\/language?post=4038"}],"curies":[{"name":"wp","href":"https:\/\/api.w.org\/{rel}","templated":true}]}}