{"id":4060,"date":"2017-06-23T00:00:06","date_gmt":"2017-06-23T00:00:06","guid":{"rendered":"http:\/\/blogs.magicjudges.org\/o\/?page_id=4060"},"modified":"2017-06-24T20:42:03","modified_gmt":"2017-06-24T20:42:03","slug":"modello-della-review-di-raccomandazione-per-il-livello-2","status":"publish","type":"page","link":"https:\/\/blogs.magicjudges.org\/o\/modello-della-review-di-raccomandazione-per-il-livello-2\/","title":{"rendered":"Modello della Review di Raccomandazione per il Livello 2"},"content":{"rendered":"<h2 style=\"text-align: justify\">Istruzioni<\/h2>\n<p style=\"text-align: justify\">Inserire la Sezione 1 nello spazio della scheda di valutazione dedicato ai commenti. Inserire la Sezione 2 nello spazio della scheda di valutazione dedicato ai punti di forza e di debolezza.<\/p>\n<h2 style=\"text-align: justify\">Sezione 1<\/h2>\n<p style=\"text-align: justify\">Quale evento hai arbitrato con il candidato all\u2019esame? data? REL? numero di giocatori?<\/p>\n<p style=\"text-align: justify\">Per favore, rispondi si o no:<\/p>\n<ul style=\"text-align: justify\">\n<li>Raccomandi per il livello 2 il candidato esaminato, in base alle interazioni con lui o lei in questo evento?<\/li>\n<li>Credi che il candidato possa fare un lavoro decente ad un PPTQ medio?<\/li>\n<\/ul>\n<h2 style=\"text-align: justify\">Sezione 2<\/h2>\n<p>Scrivi sui seguenti argomenti nella sezione dei punti di forza e\/o in quella dei punti di debolezza. Considera che il medesimo argomento pu\u00f2 essere trattato in entrambe le sezioni, perch\u00e9 il candidato pu\u00f2 essere bravo in alcune componenti ma carente negli altri.<br \/>\nNota che: le componenti indicate tra parentesi sono esempi, il candidato non deve essere capace in tutte; non devi necessariamente trattarle tutte; puoi valutare aspetti che non sono indicati.\n<\/p>\n<ul>\n<li style=\"text-align: justify\">Struttura dell\u2019evento (Esempi: conoscenza della struttura a round di svizzera, conoscenza della struttura dei turni a eliminazione diretta, conoscenza delle procedure del sealed, conoscenza delle procedure del draft, conoscenza delle procedure di torneo dall\u2019inizio alle finali, etc.)<\/li>\n<li style=\"text-align: justify\">Policy e Operativit\u00e0 (Esempi: capace di pianificare gli aspetti logistici per un torneo sealed deck, conoscenza delle procedure di deck check, conoscenza della procedura di inserimento dei report di squalifica, etc.)<\/li>\n<li style=\"text-align: justify\">Diplomazia e Interazione (Esempi: capace di comunicare con il TO, capace di comunicare con gli altri arbitri, capace di comunicare le proprie decisioni arbitrali ai giocatori, etc.)<\/li>\n<\/ul>\n","protected":false},"excerpt":{"rendered":"<p>Istruzioni Inserire la Sezione 1 nello spazio della scheda di valutazione dedicato ai commenti. Inserire la Sezione 2 nello spazio della scheda di valutazione dedicato ai punti di forza e di debolezza. Sezione 1 Quale evento hai arbitrato con il candidato all\u2019esame? data? REL? numero di giocatori? Per favore, rispondi si o no: Raccomandi per [&hellip;]<\/p>\n","protected":false},"author":335,"featured_media":0,"parent":0,"menu_order":0,"comment_status":"closed","ping_status":"closed","template":"","meta":{"footnotes":"","_links_to":"","_links_to_target":""},"language":[14],"class_list":["post-4060","page","type-page","status-publish","hentry","language-it"],"_links":{"self":[{"href":"https:\/\/blogs.magicjudges.org\/o\/wp-json\/wp\/v2\/pages\/4060","targetHints":{"allow":["GET"]}}],"collection":[{"href":"https:\/\/blogs.magicjudges.org\/o\/wp-json\/wp\/v2\/pages"}],"about":[{"href":"https:\/\/blogs.magicjudges.org\/o\/wp-json\/wp\/v2\/types\/page"}],"author":[{"embeddable":true,"href":"https:\/\/blogs.magicjudges.org\/o\/wp-json\/wp\/v2\/users\/335"}],"replies":[{"embeddable":true,"href":"https:\/\/blogs.magicjudges.org\/o\/wp-json\/wp\/v2\/comments?post=4060"}],"version-history":[{"count":3,"href":"https:\/\/blogs.magicjudges.org\/o\/wp-json\/wp\/v2\/pages\/4060\/revisions"}],"predecessor-version":[{"id":4076,"href":"https:\/\/blogs.magicjudges.org\/o\/wp-json\/wp\/v2\/pages\/4060\/revisions\/4076"}],"wp:attachment":[{"href":"https:\/\/blogs.magicjudges.org\/o\/wp-json\/wp\/v2\/media?parent=4060"}],"wp:term":[{"taxonomy":"language","embeddable":true,"href":"https:\/\/blogs.magicjudges.org\/o\/wp-json\/wp\/v2\/language?post=4060"}],"curies":[{"name":"wp","href":"https:\/\/api.w.org\/{rel}","templated":true}]}}