{"id":4469,"date":"2017-12-19T19:17:57","date_gmt":"2017-12-19T19:17:57","guid":{"rendered":"http:\/\/blogs.magicjudges.org\/o\/?page_id=4469"},"modified":"2017-12-19T19:17:57","modified_gmt":"2017-12-19T19:17:57","slug":"mission-and-vision-es","status":"publish","type":"page","link":"https:\/\/blogs.magicjudges.org\/o\/mission-and-vision-es\/","title":{"rendered":"Misi\u00f3n y Visi\u00f3n"},"content":{"rendered":"<p style=\"text-align: justify\"><strong>Misi\u00f3n:<\/strong> El Programa de jueces es una comunidad inclusiva de reconocidos expertos en torneos que lideran eventos abiertos, divertidos y justos para los jugadores de Magic.<\/p>\n<p style=\"text-align: justify\"><strong>Visi\u00f3n:<\/strong> El Programa de jueces trabajar\u00e1 hacia una comunidad duradera que otorga a sus miembros las herramientas que necesitan para mejorar sus habilidades de arbitraje as\u00ed como las habilidades necesarias para contribuir con los proyectos de jueces. La comunidad de jueces\u00a0 promover\u00e1 y educar\u00e1 a los jueces en la diplomacia, en ser inclusivos y en la resoluci\u00f3n de conflictos.<\/p>\n","protected":false},"excerpt":{"rendered":"<p>Misi\u00f3n: El Programa de jueces es una comunidad inclusiva de reconocidos expertos en torneos que lideran eventos abiertos, divertidos y justos para los jugadores de Magic. Visi\u00f3n: El Programa de jueces trabajar\u00e1 hacia una comunidad duradera que otorga a sus miembros las herramientas que necesitan para mejorar sus habilidades de arbitraje as\u00ed como las habilidades [&hellip;]<\/p>\n","protected":false},"author":28,"featured_media":0,"parent":0,"menu_order":0,"comment_status":"closed","ping_status":"closed","template":"page_width-index.php","meta":{"footnotes":"","_links_to":"","_links_to_target":""},"language":[8],"class_list":["post-4469","page","type-page","status-publish","hentry","language-es"],"_links":{"self":[{"href":"https:\/\/blogs.magicjudges.org\/o\/wp-json\/wp\/v2\/pages\/4469","targetHints":{"allow":["GET"]}}],"collection":[{"href":"https:\/\/blogs.magicjudges.org\/o\/wp-json\/wp\/v2\/pages"}],"about":[{"href":"https:\/\/blogs.magicjudges.org\/o\/wp-json\/wp\/v2\/types\/page"}],"author":[{"embeddable":true,"href":"https:\/\/blogs.magicjudges.org\/o\/wp-json\/wp\/v2\/users\/28"}],"replies":[{"embeddable":true,"href":"https:\/\/blogs.magicjudges.org\/o\/wp-json\/wp\/v2\/comments?post=4469"}],"version-history":[{"count":1,"href":"https:\/\/blogs.magicjudges.org\/o\/wp-json\/wp\/v2\/pages\/4469\/revisions"}],"predecessor-version":[{"id":4470,"href":"https:\/\/blogs.magicjudges.org\/o\/wp-json\/wp\/v2\/pages\/4469\/revisions\/4470"}],"wp:attachment":[{"href":"https:\/\/blogs.magicjudges.org\/o\/wp-json\/wp\/v2\/media?parent=4469"}],"wp:term":[{"taxonomy":"language","embeddable":true,"href":"https:\/\/blogs.magicjudges.org\/o\/wp-json\/wp\/v2\/language?post=4469"}],"curies":[{"name":"wp","href":"https:\/\/api.w.org\/{rel}","templated":true}]}}