{"id":4585,"date":"2018-03-27T12:44:08","date_gmt":"2018-03-27T12:44:08","guid":{"rendered":"http:\/\/blogs.magicjudges.org\/o\/?page_id=4585"},"modified":"2018-03-27T12:45:18","modified_gmt":"2018-03-27T12:45:18","slug":"about-us-es","status":"publish","type":"page","link":"https:\/\/blogs.magicjudges.org\/o\/about-us-es\/","title":{"rendered":"Sobre nosotros"},"content":{"rendered":"<p>\u00a1Bienvenido a la p\u00e1gina de Recursos Oficiales del Programa de jueces de Magic! Este es el lugar para encontrar todo tipo de documentaci\u00f3n sobre niveles de juez, estructura del programa, reglas de Magic, reglas y pol\u00edticas de torneos, y varios otros temas. Todo el contenido de esta p\u00e1gina es Oficial y est\u00e1 aprobado por el Programa de jueces de Magic.<\/p>\n<p>Este sitio es publicado en varios idiomas. Si existe alguna diferencia en el contenido en este sitio entre la versi\u00f3n en ingl\u00e9s y una traducci\u00f3n, prevalece la versi\u00f3n en ingl\u00e9s.<\/p>\n<h2>Nuestro equipo<\/h2>\n<p>Estos jueces son responsables por la creaci\u00f3n y mantenimiento del sitio de Recursos Oficiales.<\/p>\n<p><div class=\"wp-caption alignnone judgeimg\"><a href=\"https:\/\/apps.magicjudges.org\/judges\/dci\/1203821773\"><img src=https:\/\/apps.magicjudges.org\/dci\/avatar?dci=1203821773&size=200 alt=\"Steffen Baumgart\nnivel 2, Alemania\nL\u00edder t\u00e9cnico\"><\/a><p class=\"wp-caption-text\">Steffen Baumgart<br \/>\nnivel 2, Alemania<br \/>\nL\u00edder t\u00e9cnico<\/p><\/div><div class=\"wp-caption alignnone judgeimg\"><a href=\"https:\/\/apps.magicjudges.org\/judges\/dci\/3102549036\"><img src=https:\/\/apps.magicjudges.org\/dci\/avatar?dci=3102549036&size=200 alt=\"Jack Doyle\nnivel 3, Reino Unido\nEditor\"><\/a><p class=\"wp-caption-text\">Jack Doyle<br \/>\nnivel 3, Reino Unido<br \/>\nEditor<\/p><\/div><\/p>\n<h2>Documentos de descalificaci\u00f3n<\/h2>\n<div class=\"wp-caption alignnone judgeimg\"><a href=\"https:\/\/apps.magicjudges.org\/judges\/dci\/88735146\"><img src=https:\/\/apps.magicjudges.org\/dci\/avatar?dci=88735146&size=200 alt=\"Alejandro Raggio\nnivel 3, Argentina\"><\/a><p class=\"wp-caption-text\">Alejandro Raggio<br \/>\nnivel 3, Argentina<\/p><\/div>\n<h2>Localizaci\u00f3n<\/h2>\n<p><div class=\"wp-caption alignnone judgeimg\"><a href=\"https:\/\/apps.magicjudges.org\/judges\/dci\/20177000\"><img src=https:\/\/apps.magicjudges.org\/dci\/avatar?dci=20177000&size=200 alt=\"Juan del Compare\nnivel 3, Argentina\nCoordinador del proyecto\"><\/a><p class=\"wp-caption-text\">Juan del Compare<br \/>\nnivel 3, Argentina<br \/>\nCoordinador del proyecto<\/p><\/div> <div class=\"wp-caption alignnone judgeimg\"><a href=\"https:\/\/apps.magicjudges.org\/judges\/dci\/1206310286\"><img src=https:\/\/apps.magicjudges.org\/dci\/avatar?dci=1206310286&size=200 alt=\"Sophie Pag\u00e8s\nnivel 3, Francia\ntraductora de franc\u00e9s\"><\/a><p class=\"wp-caption-text\">Sophie Pag\u00e8s<br \/>\nnivel 3, Francia<br \/>\ntraductora de franc\u00e9s<\/p><\/div> <div class=\"wp-caption alignnone judgeimg\"><a href=\"https:\/\/apps.magicjudges.org\/judges\/dci\/1201083835\"><img src=https:\/\/apps.magicjudges.org\/dci\/avatar?dci=1201083835&size=200 alt=\"Ricardo Leite\ntraducto de portugu\u00e9s\"><\/a><p class=\"wp-caption-text\">Ricardo Leite<br \/>\ntraducto de portugu\u00e9s<\/p><\/div><div class=\"wp-caption alignnone judgeimg\"><a href=\"https:\/\/apps.magicjudges.org\/judges\/dci\/1204564232\"><img src=https:\/\/apps.magicjudges.org\/dci\/avatar?dci=1204564232&size=200 alt=\"Renato Spinelli\ntraducto de italiano\"><\/a><p class=\"wp-caption-text\">Renato Spinelli<br \/>\ntraducto de italiano<\/p><\/div><\/p>\n","protected":false},"excerpt":{"rendered":"<p>\u00a1Bienvenido a la p\u00e1gina de Recursos Oficiales del Programa de jueces de Magic! Este es el lugar para encontrar todo tipo de documentaci\u00f3n sobre niveles de juez, estructura del programa, reglas de Magic, reglas y pol\u00edticas de torneos, y varios otros temas. Todo el contenido de esta p\u00e1gina es Oficial y est\u00e1 aprobado por el [&hellip;]<\/p>\n","protected":false},"author":28,"featured_media":0,"parent":0,"menu_order":0,"comment_status":"closed","ping_status":"closed","template":"page_width-index.php","meta":{"footnotes":"","_links_to":"","_links_to_target":""},"language":[8],"class_list":["post-4585","page","type-page","status-publish","hentry","language-es"],"_links":{"self":[{"href":"https:\/\/blogs.magicjudges.org\/o\/wp-json\/wp\/v2\/pages\/4585","targetHints":{"allow":["GET"]}}],"collection":[{"href":"https:\/\/blogs.magicjudges.org\/o\/wp-json\/wp\/v2\/pages"}],"about":[{"href":"https:\/\/blogs.magicjudges.org\/o\/wp-json\/wp\/v2\/types\/page"}],"author":[{"embeddable":true,"href":"https:\/\/blogs.magicjudges.org\/o\/wp-json\/wp\/v2\/users\/28"}],"replies":[{"embeddable":true,"href":"https:\/\/blogs.magicjudges.org\/o\/wp-json\/wp\/v2\/comments?post=4585"}],"version-history":[{"count":3,"href":"https:\/\/blogs.magicjudges.org\/o\/wp-json\/wp\/v2\/pages\/4585\/revisions"}],"predecessor-version":[{"id":4588,"href":"https:\/\/blogs.magicjudges.org\/o\/wp-json\/wp\/v2\/pages\/4585\/revisions\/4588"}],"wp:attachment":[{"href":"https:\/\/blogs.magicjudges.org\/o\/wp-json\/wp\/v2\/media?parent=4585"}],"wp:term":[{"taxonomy":"language","embeddable":true,"href":"https:\/\/blogs.magicjudges.org\/o\/wp-json\/wp\/v2\/language?post=4585"}],"curies":[{"name":"wp","href":"https:\/\/api.w.org\/{rel}","templated":true}]}}