{"id":4619,"date":"2018-04-25T22:19:06","date_gmt":"2018-04-25T22:19:06","guid":{"rendered":"http:\/\/blogs.magicjudges.org\/o\/?page_id=4619"},"modified":"2018-05-07T12:17:37","modified_gmt":"2018-05-07T12:17:37","slug":"become-a-magic-judge-pt","status":"publish","type":"page","link":"https:\/\/blogs.magicjudges.org\/o\/judge-levels-pt\/become-a-magic-judge-pt\/","title":{"rendered":"Como se tornar um Ju\u00edz de Magic"},"content":{"rendered":"<p>Ent\u00e3o voce quer se tornar um juiz&#8230;<\/p>\n<h2>O que \u00e9 um juiz de Magic?<\/h2>\n<p>Ju\u00edzes s\u00e3o \u00e1rbitros neutros do jogo que conduzem os torneios de forma consistente e justa. Eles s\u00e3o respons\u00e1veis por promover um ambiente amig\u00e1vel e divertido a todos os jogadores envolvidos. Para isso, eles atendem chamadas, ajudam a corrigir erros e garantem a integridade dos eventos de Magic.<\/p>\n<p>Fora dos eventos, ju\u00edzes s\u00e3o embaixadores da comunidade, ajudando jogadores, donos de lojas e candidatos a ju\u00edzes. Eles ajudam os jogadores a terem uma experiencia maravilhosa com Magic: The Gathering\u2122 !<\/p>\n<h2>Por que voc\u00ea quer se tornar um Ju\u00edz de Magic?<\/h2>\n<p>Existem v\u00e1rias raz\u00f5es para querer se tornar um ju\u00edz al\u00e9m de ajudar nos eventos de Magic. Independente de sua motiva\u00e7\u00e3o, quando voc\u00ea decidir se tornar um, dever\u00e1 seguir os passos a seguir, na ordem em que desejar. Alguns ser\u00e3o mais simples que outros e talvez voc\u00ea j\u00e1 at\u00e9 tenha passado por algumas dessas etapas na sua vida como jogador de Friday Night Magic ou PPTQs.<\/p>\n<p>&nbsp;<\/p>\n<h2>Encontre uma loja disposta a te-lo apitando em seus eventos.<\/h2>\n<p>Na\u00a0<em>Organized Play<strong>\u00a0<\/strong>WPN<\/em>\u00a0, a maioria dos eventos acontecem em lojas. Assim, a maior parte do treinamento para se tornar um ju\u00edz ocorre l\u00e1. Voc\u00ea n\u00e3o pode se tornar um ju\u00edz se n\u00e3o tiver apitado dois eventos: este \u00e9 um dos requisitos. Encontrar uma loja para apitar \u00e9 um bom pontap\u00e9 inicial, mas pode ser o mais dif\u00edcil de se conseguir.<\/p>\n<p>Se voc\u00ea n\u00e3o costuma ir a uma loja, encontre uma pr\u00f3xima de onde voc\u00ea mora ou trabalha e comece a jogar eventos de Magic l\u00e1. Converse com o dono ou com os membros de sua equipe que fazem os eventos e com quem faz o papel de ju\u00edz neles. Se n\u00e3o houver alguem \u00e0 quem os jogadores recorram em caso de d\u00favidas de regras, torne-se aquela pessoa. Se j\u00e1 houver algu\u00e9m, converse e conhe\u00e7a aquela pessoa, discuta regras e em breve voc\u00ea ser\u00e1 outra pessoa \u00e0 quem os jogadores recorrer\u00e3o.<\/p>\n<p>Talvez voc\u00ea j\u00e1 frequente uma loja, mas n\u00e3o sinta confian\u00e7a em responder as perguntas de regras. Se este for o caso, e mesmo assim voc\u00ea quiser come\u00e7ar a apitar para adquiri-la, ent\u00e3o volte a este passo mais tarde.<\/p>\n<p>Se voc\u00ea ja \u00e9 o jogador a quem as pessoas recorrem, ent\u00e3o voc\u00ea j\u00e1 est\u00e1 atuando como a maioria dos ju\u00edzes que apitam em REL Regular. Se tornar um ju\u00edz para esse evento \u00e9 apenas uma formaliza\u00e7\u00e3o. Converse com o dono da loja ou pessoa respons\u00e1vel pelos eventos e veja se voc\u00ea pode ser o ju\u00edz registrado para os eventos de REL Regular onde voc\u00ea joga.<\/p>\n<p>Uma vez que voc\u00ea encontrou uma loja que lhe permita apitar eventos, voc\u00ea ja ser\u00e1 essencialmente um Ju\u00edz de Magic, apenas sem n\u00edvel nenhum. Alguns j\u00e1 te chamar\u00e3o de N\u00edvel 0, ou um ju\u00edz n\u00e3o certificado. Agora voc\u00ea \u00e9 um s\u00e9rio candidato ao N\u00edvel 1. Uma vez que voc\u00ea tenha come\u00e7ado a apitar, voc\u00ea precisar\u00e1 passar para o pr\u00f3ximo passo, se voc\u00ea j\u00e1 n\u00e3o o tiver conclu\u00eddo.<\/p>\n<h2>Encontre outro ju\u00edz para ser seu mentor.<\/h2>\n<p>O Programa de Ju\u00edzes de Magic conta com o sistema de mentoria para aprendizado, que \u00e9 uma parte natural das intera\u00e7\u00f5es sociais entre ju\u00edzes.<\/p>\n<p>O ideal \u00e9 encontrar alguem para ser seu mentor que possa tamb\u00e9m aplicar sua prova. No entanto qualquer pessoa, de qualquer n\u00edvel, pode ser seu mentor. Algu\u00e9m que voc\u00ea acredite ser capaz de te ajudar com d\u00favidas que venham a aparecer e que possa te avaliar de forma construtiva sobre seu progresso. Essas s\u00e3o caracter\u00edsticas esperadas de um bom mentor.<\/p>\n<p>Um mentor n\u00e3o precisa ser algu\u00e9m local. \u00c9 poss\u00edvel ter um bom aprendizado \u00e0 distancia, atrav\u00e9s de e-mails e outros canais de comunica\u00e7\u00e3o online. Esse tipo de mentoria \u00e9 essencial se n\u00e3o h\u00e1 ju\u00edzes locais, e pode ser suplementar a uma mentoria de alguem presente.<\/p>\n<p>Se este for o seu primeiro passo para se tornar um juiz, o seu mentor pode te ajudar a dar o segundo ao te ajudar a encontrar uma loja que permita ter voc\u00ea apitando seus eventos.<\/p>\n<p>Se voc\u00ea n\u00e3o conhece nenhum outro ju\u00edz, voc\u00ea pode <a href=\"https:\/\/blogs.magicjudges.org\/contact\/contact-a-regional-coordinator\/\">entrar em contato com seu Coordenador Regional<\/a>, um ju\u00edz que cuida dos assuntos dos ju\u00edzes em sua regi\u00e3o.<\/p>\n<h2>Aprenda as intera\u00e7\u00f5es de regras mais comuns e a pol\u00edtica.<\/h2>\n<p>Ser um ju\u00edz \u00e9 um processo de melhoria cont\u00ednua e sempre haver\u00e3o m\u00e9todos diferentes a serem usados para continuar aperfei\u00e7oando seu conhecimento. Se voc\u00ea ainda n\u00e3o tem um entendimento razoavelmente bom das regras b\u00e1sicas de Magic, este deve ser seu primeiro passo para se tornar um ju\u00edz. Voc\u00ea precisa ser capaz de apitar eventos e, se voc\u00ea n\u00e3o for capaz de responder quest\u00f5es de regras de forma eficiente, voc\u00ea ser\u00e1 incapaz de convencer uma loja a te ter como ju\u00edz. Muitos candidatos j\u00e1 passaram por esse processo em sua experi\u00eancia como jogador, participando de eventos. Abaixo est\u00e3o alguns recursos que podem lhe auxiliar:<\/p>\n<ul>\n<li><a href=\"https:\/\/magic.wizards.com\/pt-br\/gameplay\/rules-and-formats\">Regras b\u00e1sicas e informa\u00e7\u00f5es sobre os formatos<\/a><\/li>\n<li><a href=\"https:\/\/blogs.magicjudges.org\/translatedrules\/?lang=pt_br\">Regras Abrangentes e Apitando no regular<\/a><\/li>\n<li><a href=\"https:\/\/blogs.magicjudges.org\/o\/judge-testing-pt\/the-level-1-exam-pt\/\">Se preparando para o exame de n\u00edvel 1<\/a><\/li>\n<\/ul>\n<h2>Fa\u00e7a o exame de certifica\u00e7\u00e3o de N\u00edvel 1.<\/h2>\n<p>Este \u00e9 o processo formal necess\u00e1rio para se tornar um ju\u00edz de N\u00edvel 1, e \u00e9 o \u00faltimo passo para se tornar um. Mas n\u00e3o \u00e9 o ultimo passo em seu caminho como ju\u00edz. Se voc\u00ea gosta de apitar, ent\u00e3o seu pr\u00f3ximo passo pode ser &#8220;Como eu me torno um ju\u00edz N\u00edvel 2?&#8221;.<\/p>\n<p>Se ainda tiver duvidas, temos um<a href=\"https:\/\/blogs.magicjudges.org\/o\/2018\/05\/06\/como-conseguir-sua-certificacao-de-juiz\/\"> artigo<\/a> feito exclusivamente para a comunidade brasileira explicando o processo!<\/p>\n<p><em>Esta p\u00e1gina foi escrita por <span class='judge-tooltip'><a href='https:\/\/apps.magicjudges.org\/judges\/dci\/157621' >Mark Brown<\/a><span class='avatar'><img width='200' height='200' src='https:\/\/apps.magicjudges.org\/dci\/avatar?dci=157621&size=200'><\/span><\/span><\/em><\/p>\n","protected":false},"excerpt":{"rendered":"<p>Ent\u00e3o voce quer se tornar um juiz&#8230; O que \u00e9 um juiz de Magic? Ju\u00edzes s\u00e3o \u00e1rbitros neutros do jogo que conduzem os torneios de forma consistente e justa. Eles s\u00e3o respons\u00e1veis por promover um ambiente amig\u00e1vel e divertido a todos os jogadores envolvidos. Para isso, eles atendem chamadas, ajudam a corrigir erros e garantem [&hellip;]<\/p>\n","protected":false},"author":362,"featured_media":0,"parent":2628,"menu_order":0,"comment_status":"closed","ping_status":"closed","template":"","meta":{"footnotes":"","_links_to":"","_links_to_target":""},"language":[20],"class_list":["post-4619","page","type-page","status-publish","hentry","language-pt"],"_links":{"self":[{"href":"https:\/\/blogs.magicjudges.org\/o\/wp-json\/wp\/v2\/pages\/4619","targetHints":{"allow":["GET"]}}],"collection":[{"href":"https:\/\/blogs.magicjudges.org\/o\/wp-json\/wp\/v2\/pages"}],"about":[{"href":"https:\/\/blogs.magicjudges.org\/o\/wp-json\/wp\/v2\/types\/page"}],"author":[{"embeddable":true,"href":"https:\/\/blogs.magicjudges.org\/o\/wp-json\/wp\/v2\/users\/362"}],"replies":[{"embeddable":true,"href":"https:\/\/blogs.magicjudges.org\/o\/wp-json\/wp\/v2\/comments?post=4619"}],"version-history":[{"count":11,"href":"https:\/\/blogs.magicjudges.org\/o\/wp-json\/wp\/v2\/pages\/4619\/revisions"}],"predecessor-version":[{"id":4644,"href":"https:\/\/blogs.magicjudges.org\/o\/wp-json\/wp\/v2\/pages\/4619\/revisions\/4644"}],"up":[{"embeddable":true,"href":"https:\/\/blogs.magicjudges.org\/o\/wp-json\/wp\/v2\/pages\/2628"}],"wp:attachment":[{"href":"https:\/\/blogs.magicjudges.org\/o\/wp-json\/wp\/v2\/media?parent=4619"}],"wp:term":[{"taxonomy":"language","embeddable":true,"href":"https:\/\/blogs.magicjudges.org\/o\/wp-json\/wp\/v2\/language?post=4619"}],"curies":[{"name":"wp","href":"https:\/\/api.w.org\/{rel}","templated":true}]}}