{"id":4659,"date":"2018-07-10T10:42:46","date_gmt":"2018-07-10T10:42:46","guid":{"rendered":"http:\/\/blogs.magicjudges.org\/o\/?page_id=4659"},"modified":"2018-07-10T10:42:46","modified_gmt":"2018-07-10T10:42:46","slug":"judgeapps-forum-protocol-it","status":"publish","type":"page","link":"https:\/\/blogs.magicjudges.org\/o\/judgeapps-forum-protocol-it\/","title":{"rendered":"Protocollo del Forum di JudgeApps"},"content":{"rendered":"<h2><b>Regolamento dei Forum<\/b><\/h2>\n<ul>\n<li style=\"font-weight: 400\"><b>Non scrivete sui forum a proposito di squalifiche.<\/b><\/li>\n<li style=\"font-weight: 400\"><span style=\"font-weight: 400\">Le indagini relative alle stesse non sono rese pubbliche intenzionalmente. Rispettate questa decisione non facendo domande al riguardo.<\/span><\/li>\n<li style=\"font-weight: 400\"><b>Scrivete nel forum pi\u00f9 adatto.<\/b><\/li>\n<li style=\"font-weight: 400\"><span style=\"font-weight: 400\">Leggete la descrizione; leggete le discussioni gi\u00e0 aperte; cercate di capire se ci\u00f2 che volete scrivere sia rilevante o meno all\u2019interno del forum in base a queste informazioni.<\/span><\/li>\n<li style=\"font-weight: 400\"><b>Non andate fuori tema.<\/b><\/li>\n<li style=\"font-weight: 400\"><span style=\"font-weight: 400\">Non lasciate commenti come &#8220;anch\u2019io&#8221; o &#8220;+1&#8221;. Se avete impostato un sistema di risposta automatica di qualche genere, siete pregati di disattivare le notifiche.<\/span><\/li>\n<li style=\"font-weight: 400\"><b>Prima di fare una domanda, fate una ricerca sul forum.<\/b><\/li>\n<li style=\"font-weight: 400\"><span style=\"font-weight: 400\">Iniziare una nuova discussione per un argomento gi\u00e0 trattato frammenta le possibili risposte. Inoltre, chiedetevi se valga la pena di rispondere a una discussione vecchia di sei mesi o pi\u00f9.<\/span><\/li>\n<li style=\"font-weight: 400\"><b>Spammare un topic non accelera l\u2019ottenere una risposta..<\/b><\/li>\n<li style=\"font-weight: 400\"><span style=\"font-weight: 400\">\u00c8 anche possibile che non ci sia nessuna risposta \u201cUfficiale\u201d, ma solo discussioni e suggerimenti.<\/span><\/li>\n<li style=\"font-weight: 400\"><b>Ricordatevi degli altri Judge quando scrivete.<\/b><\/li>\n<li style=\"font-weight: 400\"><span style=\"font-weight: 400\">Ci sono oltre 7000 arbitri nel Judge Program, questo numero aumenta ogni settimana. Potenzialmente, ci\u00f2 che scrivete sar\u00e0 spedito per <\/span><i><span style=\"font-weight: 400\">email<\/span><\/i><span style=\"font-weight: 400\"> a gran parte di loro.<\/span><\/li>\n<li style=\"font-weight: 400\"><b>Foto profilo sui forum.<\/b><\/li>\n<li style=\"font-weight: 400\"><span style=\"font-weight: 400\">La foto che scegliete per il vostro profilo dovrebbe sempre e solo rappresentare voi stessi, in un abbigliamento appropriato all\u2019ambiente arbitrale.<\/span><\/li>\n<li style=\"font-weight: 400\"><b><i>Feedback<\/i><\/b><b> e segnalazioni di <\/b><b><i>bug<\/i><\/b><b> riguardo ai forum.<\/b><\/li>\n<li style=\"font-weight: 400\"><span style=\"font-weight: 400\">Siete pregati di compilare il modulo <\/span><a href=\"http:\/\/apps.magicjudges.org\/feedback\/\"><span style=\"font-weight: 400\">&#8220;Provide Feedback&#8221;<\/span><\/a><span style=\"font-weight: 400\"> per ogni <\/span><i><span style=\"font-weight: 400\">feedback<\/span><\/i><span style=\"font-weight: 400\"> o <\/span><i><span style=\"font-weight: 400\">bug <\/span><\/i><span style=\"font-weight: 400\">da segnalare.<\/span><\/li>\n<\/ul>\n<h2><b>Etichetta dei Forum<\/b><\/h2>\n<ul>\n<li style=\"font-weight: 400\"><b>Riflettete prima di rispondere ad un post.<\/b><\/li>\n<\/ul>\n<p><span style=\"font-weight: 400\">Quello che volete scrivere contribuir\u00e0 costruttivamente alla discussione?<\/span><\/p>\n<p><span style=\"font-weight: 400\">Fornir\u00e0 un punto di vista differente?<\/span><\/p>\n<p><span style=\"font-weight: 400\">\u00c8 gi\u00e0 stato scritto da altri?<\/span><\/p>\n<ul>\n<li style=\"font-weight: 400\"><b>Riflettete prima di iniziare una nuova discussione.<\/b><\/li>\n<\/ul>\n<p><span style=\"font-weight: 400\">Ce ne \u00e8 gi\u00e0 un\u2019altra che tratta un argomento simile, o addirittura lo stesso?<\/span><\/p>\n<p><span style=\"font-weight: 400\">Quello che postate sar\u00e0 interessante per una comunit\u00e0 di migliaia di arbitri?<\/span><\/p>\n<p><span style=\"font-weight: 400\">State scrivendo nel forum adeguato?<\/span><\/p>\n<ul>\n<li style=\"font-weight: 400\"><b>Essere in disaccordo va bene, ma siate rispettosi.<\/b><\/li>\n<\/ul>\n<p><span style=\"font-weight: 400\">Se non vi trovate d\u2019accordo con l\u2019opinione di qualcuno, o su come una situazione \u00e8 stata gestita, spiegate perch\u00e9 e cosa avreste fatto di diverso.<\/span><\/p>\n<p><span style=\"font-weight: 400\">Se si parla di un <\/span><i><span style=\"font-weight: 400\">ruling <\/span><\/i><span style=\"font-weight: 400\">o di una situazione specifica in cui non eravate coinvolti direttamente, non fate congetture su come sia andata effettivamente; non sfidate le decisioni prese dagli arbitri coinvolti.<\/span><\/p>\n<p><span style=\"font-weight: 400\">Se siete curiosi su come una situazione specifica dovrebbe essere gestita, limitatevi ad esporla senza aggiungere ulteriori commenti o informazioni irrilevanti.<\/span><\/p>\n<ul>\n<li style=\"font-weight: 400\"><b>Quando create una nuova discussione, assicuratevi che l\u2019oggetto sia chiaro e significativo.<\/b><\/li>\n<\/ul>\n<p><span style=\"font-weight: 400\">Ci\u00f2 consente alle persone di ritrovarlo in futuro e rende pi\u00f9 agevole scorrere il forum.<\/span><\/p>\n<ul>\n<li style=\"font-weight: 400\"><b>Se citate post precedenti, includete solo le porzioni utili.<\/b><\/li>\n<\/ul>\n<p><span style=\"font-weight: 400\">Se rispondete tramite <\/span><i><span style=\"font-weight: 400\">email<\/span><\/i><span style=\"font-weight: 400\">, siete pregati di rimuovere la citazione automaticamente inclusa, se possibile. \u00c8 caotica e la sua presenza pu\u00f2 rendere pi\u00f9 difficile la lettura per gli altri utenti che seguonola discussione sempre tramite <\/span><i><span style=\"font-weight: 400\">mail<\/span><\/i><span style=\"font-weight: 400\">.<\/span><\/p>\n<ul>\n<li style=\"font-weight: 400\"><b>Leggete l\u2019intera discussione prima di rispondere.<\/b><\/li>\n<\/ul>\n<p><span style=\"font-weight: 400\">Qualcuno potrebbe aver gi\u00e0 scritto ci\u00f2 che avete in mente. \u00c8 irrispettoso nei confronti degli altri partecipanti inserirsi in una conversazione ignorando i commenti precedenti; ammetterlo non migliora le cose.<\/span><\/p>\n<p><span style=\"font-weight: 400\">Se non avete il tempo di leggere un\u2019intera discussione, forse non dovreste parteciparvi.<\/span><\/p>\n<ul>\n<li style=\"font-weight: 400\"><b>Ricordatevi di chi segue via <\/b><b><i>email<\/i><\/b><b> quando commentate o modificate postprecedenti.<\/b><\/li>\n<\/ul>\n<p><span style=\"font-weight: 400\">Gran parte di chi segue i forum lo fa solo tramite <\/span><i><span style=\"font-weight: 400\">email<\/span><\/i><span style=\"font-weight: 400\">; rispondere pi\u00f9 volte (o dare una risposta frammentata, come accade spesso nelle <\/span><i><span style=\"font-weight: 400\">chat<\/span><\/i><span style=\"font-weight: 400\">) pu\u00f2 tradursi in tante <\/span><i><span style=\"font-weight: 400\">email<\/span><\/i><span style=\"font-weight: 400\"> spedite a tante persone.<\/span><\/p>\n<p><span style=\"font-weight: 400\">Tenete anche conto che ci sono lettori in tante zone con fusi orari differenti: alcuni di loro troveranno al loro risveglio moltissime <\/span><i><span style=\"font-weight: 400\">email<\/span><\/i><span style=\"font-weight: 400\"> se in una discussione si accumulano tanti commenti in poco tempo.<\/span><\/p>\n<p><span style=\"font-weight: 400\">Se modificate un vostro post precedente, nessuna notifica arriver\u00e0 per <\/span><i><span style=\"font-weight: 400\">email<\/span><\/i><span style=\"font-weight: 400\">; se doveste correggervi (e ci\u00f2 fosse rilevante ai fini della conversazione), cercate di capire se non sia meglio farlo con un nuovo commento.<\/span><\/p>\n<h2><b>Elenco dei forum e contenuti appropriati<\/b><\/h2>\n<h3><b>Annunci<\/b><\/h3>\n<h4><a href=\"https:\/\/apps.magicjudges.org\/forum\/71\/\"><b>Annunci Ufficiali<\/b><\/a><\/h4>\n<p><span style=\"font-weight: 400\">Annunci ufficiali sul Judge Program da parte dei <\/span><a href=\"http:\/\/blogs.magicjudges.org\/o\/advanced-roles\/program-coordinators\/\"><span style=\"font-weight: 400\">Program Coordinators<\/span><\/a><span style=\"font-weight: 400\">, di pochi altri Judge autorizzati e dello staff della Wizards of the Coast. Le impostazioni di questo forum prevedono che non sia possibile aggiungere commenti. Se avete domande, siete pregati di farle nella sezione appropriata dei forum generali.<\/span><\/p>\n<h4><a href=\"https:\/\/apps.magicjudges.org\/forum\/72\/\"><b>Annunci Non Ufficiali<\/b><\/a><\/h4>\n<p><span style=\"font-weight: 400\">Annunci da parte di vari progetti. Non rispondete a ci\u00f2 che viene scritto su questo forum, anche se ne avete la possibilit\u00e0: non c\u2019\u00e8 un blocco automatico, per semplificare il lavoro dei membri dei vari progetti che vi scrivono; inoltre, in questo modo, per ogni progetto pu\u00f2 essere usata una sola discussione, da aggiornare via via. Qualora venisse richiesta esplicitamente una risposta, fatelo via <\/span><i><span style=\"font-weight: 400\">email<\/span><\/i><span style=\"font-weight: 400\"> o tramite<\/span><a href=\"http:\/\/apps.magicjudges.org\/judges\/\"> <span style=\"font-weight: 400\">Contact a Judge<\/span><\/a><span style=\"font-weight: 400\">.<\/span><\/p>\n<h4><a href=\"http:\/\/apps.magicjudges.org\/forum\/3464\/\"><b>Pubblicazioni Ricorrenti &amp; Blog<\/b><\/a><\/h4>\n<p><span style=\"font-weight: 400\">Un nuovo spazio per pubblicare le notifiche mensili, settimanali o comunque ricorrenti, come quelle riguardanti anniversari, certificazioni, <\/span><i><span style=\"font-weight: 400\">podcasts<\/span><\/i><span style=\"font-weight: 400\">, etc&#8230;<\/span><\/p>\n<h4><a href=\"http:\/\/apps.magicjudges.org\/forum\/1393\/\"><b>Reclutamento Progetti &amp; Richieste di Aiuto<\/b><\/a><\/h4>\n<p><span style=\"font-weight: 400\">Che si tratti di entrare a far parte di un progetto oppure di dare una mano solo per una volta, se state cercando aiuto questo \u00e8 lo spazio che fa per voi (siete pregati per\u00f2 di non fare richieste per conferenze o eventi specifici).<\/span><\/p>\n<h4><a href=\"http:\/\/apps.magicjudges.org\/forum\/426\/\"><b>Staff Selezionato e Sollecitazioni per i Grand Prix<\/b><\/a><\/h4>\n<p><span style=\"font-weight: 400\">Spazio dedicato solo alle richieste di staff e alle selezioni \u00a0per i Grand Prix. Non rispondete a ci\u00f2 che viene scritto su questo forum, anche se ne avete la possibilit\u00e0: non c\u2019\u00e8 un blocco automatico, per semplificare il lavoro dei <\/span><i><span style=\"font-weight: 400\">judge manager<\/span><\/i><span style=\"font-weight: 400\">. Qualora venisse richiesta esplicitamente una risposta, fatelo via <\/span><i><span style=\"font-weight: 400\">email<\/span><\/i><span style=\"font-weight: 400\"> o tramite Contact a Judge.<\/span><\/p>\n<h3><b>Generale<\/b><\/h3>\n<h4><a href=\"http:\/\/apps.magicjudges.org\/forum\/73\/\"><b>Regole D&amp;R<\/b><\/a><\/h4>\n<p><span style=\"font-weight: 400\">Avete una domanda di regole? Ponetela qui! Su questo forum, i vostri quesiti sul regolamento saranno risolti con una Risposta Ufficiale (<\/span><i><span style=\"font-weight: 400\">Official answer<\/span><\/i><span style=\"font-weight: 400\">, abbreviata OA). Le impostazioni di questo forum prevedono che non sia possibile aggiungere commenti, in attesa di una OA. Se dopo avrete ulteriori dubbi, siete pregati di inviare un messaggio privato a un moderatore del forum oppure a chi abbia pubblicato la OA.<\/span><\/p>\n<h4><a href=\"http:\/\/apps.magicjudges.org\/forum\/74\/\"><b>REL <\/b><\/a><b>Regular<\/b><\/h4>\n<p><span style=\"font-weight: 400\">Domande e discussioni sul REL Amatoriale. Qualora sia richiesta verr\u00e0 data una OA, ma questo \u00e8 un forum dedicato al dibattito generale, purch\u00e9 sia attinente all\u2019argomento (eventi amatoriali, contenuti del JAR, o altro che abbia direttamente a che fare col mondo amatoriale).<\/span><\/p>\n<h4><a href=\"http:\/\/apps.magicjudges.org\/forum\/75\/\"><b>REL <\/b><\/a><b>Competitive<\/b><\/h4>\n<p><span style=\"font-weight: 400\">Domande e discussioni sul REL Competitive. Qualora sia richiesta verr\u00e0 data una OA, ma questo \u00e8 un forum dedicato al dibattito generale, purch\u00e9 sia attinente all\u2019argomento (eventi competitive, contenuti della IPG e delle MTR, o altro che abbia direttamente a che fare col mondo competitive).<\/span><\/p>\n<h4><a href=\"http:\/\/apps.magicjudges.org\/forum\/76\/\"><b>Procedure di Torneo<\/b><\/a><\/h4>\n<p><span style=\"font-weight: 400\">Domande e discussioni sulle procedure di torneo. Eventuali dubbi legati al WER dovrebbero invece essere indirizzati al forum Tecnologia Arbitrale, al Servizio Clienti della Wizards of the Coast oppure al vostro rappresentante WPN di riferimento.<\/span><\/p>\n<h4><a href=\"http:\/\/apps.magicjudges.org\/forum\/77\/\"><b>Tecnologia Arbitrale<\/b><\/a><\/h4>\n<p><span style=\"font-weight: 400\">Domande e discussioni sulla tecnologia a disposizione del Programma Arbitrale (WER, JudgeApps, etc&#8230;). Se avete un dubbio pertinente al mondo arbitrale che coinvolga l\u2019uso di computer, cellulari o internet, questo \u00e8 lo spazio adatto a voi. (Si ricorda che per le segnalazioni dei <\/span><i><span style=\"font-weight: 400\">bug<\/span><\/i><span style=\"font-weight: 400\"> esiste l\u2019apposito link al modulo <\/span><a href=\"http:\/\/apps.magicjudges.org\/feedback\/\"><span style=\"font-weight: 400\">&#8220;Provide Feedback&#8221;<\/span><\/a><span style=\"font-weight: 400\">).<\/span><\/p>\n<h4><a href=\"http:\/\/apps.magicjudges.org\/forum\/78\/\"><b><i>Report <\/i><\/b><b>di Conferenze e Tornei<\/b><\/a><\/h4>\n<p><span style=\"font-weight: 400\">Volete condividere la vostra esperienza di un evento? Fatelo qui!<\/span><\/p>\n<h4><a href=\"http:\/\/apps.magicjudges.org\/forum\/109\/\"><b>Comunit\u00e0 Arbitrale<\/b><\/a><\/h4>\n<p><span style=\"font-weight: 400\">Informazioni e conversazioni sulla comunit\u00e0 arbitrale nel mondo. Condividete le vostre idee su come migliorare e aiutare la vostra comunit\u00e0 locale; parlatene col resto del mondo; ponete le vostre domande sull\u2019abbigliamento arbitrale.<\/span><\/p>\n<h4><b>Magic Judge Hall of Fame<\/b><\/h4>\n<p><span style=\"font-weight: 400\">Informazioni e conversazioni sulla <\/span><b>Magic Judge Hall of Fame<\/b><span style=\"font-weight: 400\">. Condividete la vostra opinione \u2013 che abbiate diritto o meno al voto \u2013 e parlate di quegli arbitri che vi ispirano e motivano, nonch\u00e9 della ragione per cui riteniate che debbano far parte della <\/span><b>Hall of Fame<\/b><span style=\"font-weight: 400\">.<\/span><\/p>\n<h4><a href=\"http:\/\/apps.magicjudges.org\/forum\/540\/\"><b>Discussione Articoli<\/b><\/a><\/h4>\n<p><span style=\"font-weight: 400\">Dibattiti sugli articoli legati al mondo arbitrale.<\/span><\/p>\n<h4><a href=\"http:\/\/apps.magicjudges.org\/forum\/67\/\"><b>Scenari della <\/b><b><i>Knowledge Pool<\/i><\/b><\/a><\/h4>\n<p><span style=\"font-weight: 400\">Scenari pubblicati dalla <\/span><i><span style=\"font-weight: 400\">Knowledge Pool<\/span><\/i><span style=\"font-weight: 400\">. Volete migliorare la vostra comprensione delle <\/span><i><span style=\"font-weight: 400\">policy<\/span><\/i><span style=\"font-weight: 400\">? Leggete, unitevi al dibattito, imparate.<\/span><\/p>\n<h4><a href=\"http:\/\/apps.magicjudges.org\/forum\/3\/\"><b>Forum Sperimentale<\/b><\/a><\/h4>\n<p><span style=\"font-weight: 400\">Questo spazio \u00e8 dedicato agli esperimenti con le varie funzioni dei forum &#8211; non sorprendetevi se il suo contenuto \u00e8 <\/span><i><span style=\"font-weight: 400\">spam<\/span><\/i><span style=\"font-weight: 400\">. La disattivazione delle notifiche \u00e8 fortemente consigliata. Se per\u00f2 volete fare delle prove cambiando i formati dei vostri post o cercando di capire come come funzionino le <\/span><i><span style=\"font-weight: 400\">mail<\/span><\/i><span style=\"font-weight: 400\"> di notifica, questo \u00e8 il posto giusto per voi.<\/span><\/p>\n<h3><b>Progetti<\/b><\/h3>\n<p><span style=\"font-weight: 400\">Se sei membro di un progetto, troverai il relativo forum in questa sezione.<\/span><\/p>\n<h3><b>Eventi<\/b><\/h3>\n<p><span style=\"font-weight: 400\">Se sei stato selezionato per un evento, troverai il relativo forum in questa sezione.<\/span><\/p>\n<h2><b>Decisioni Ufficiali<\/b><\/h2>\n<p><span style=\"font-weight: 400\">Una Decisione Ufficiale (<\/span><i><span style=\"font-weight: 400\">Official Ruling<\/span><\/i><span style=\"font-weight: 400\">) \u00e8 la spiegazione definitiva di una parte delle <\/span><i><span style=\"font-weight: 400\">policy<\/span><\/i><span style=\"font-weight: 400\"> e dell\u2019applicazione della stessa per come \u00e8 stata concepita. Tutti gli arbitri dovrebbero attenersi ad esse in ogni evento.<\/span><\/p>\n<p><span style=\"font-weight: 400\">Attualmente, solo i seguenti arbitri possono dispensarle:<\/span><\/p>\n<p><span style=\"font-weight: 400\"><div class=\"wp-caption alignnone judgeimg\"><a href=\"https:\/\/apps.magicjudges.org\/judges\/dci\/725295\"><img src=https:\/\/apps.magicjudges.org\/dci\/avatar?dci=725295&size=200 alt=\"Scott Marshall\nLevel 3, Colorado (USA)\"><\/a><p class=\"wp-caption-text\">Scott Marshall<\/p>\n<p>Level 3, Colorado (USA)<\/p><\/div> <div class=\"wp-caption alignnone judgeimg\"><a href=\"https:\/\/apps.magicjudges.org\/judges\/dci\/40645391\"><img src=https:\/\/apps.magicjudges.org\/dci\/avatar?dci=40645391&size=200 alt=\"Toby Elliott\nLevel 3, California (USA)\"><\/a><p class=\"wp-caption-text\">Toby Elliott<\/p>\n<p>Level 3, California (USA)<\/p><\/div><\/span><\/p>\n<p><span style=\"font-weight: 400\"><div class=\"wp-caption alignnone judgeimg\"><a href=\"https:\/\/apps.magicjudges.org\/judges\/dci\/23131655\"><img src=https:\/\/apps.magicjudges.org\/dci\/avatar?dci=23131655&size=200 alt=\"Nathan Long\nLevel 2, Colorado (USA)\"><\/a><p class=\"wp-caption-text\">Nathan Long<\/p>\n<p>Level 2, Colorado (USA)<\/p><\/div> <div class=\"wp-caption alignnone judgeimg\"><a href=\"https:\/\/apps.magicjudges.org\/judges\/dci\/89987180\"><img src=https:\/\/apps.magicjudges.org\/dci\/avatar?dci=89987180&size=200 alt=\"Callum Milne\nLevel 2, Canada\"><\/a><p class=\"wp-caption-text\">Callum Milne<\/p>\n<p>Level 2, Canada<\/p><\/div><\/span><\/p>\n<p><span style=\"font-weight: 400\">Le decisioni prese dai sopracitati arbitri sono considerate automaticamente Ufficiali, a meno che non specifichino il contrario.<\/span><\/p>\n<p><span style=\"font-weight: 400\">Anche i membri dello <\/span><i><span style=\"font-weight: 400\">staff<\/span><\/i><span style=\"font-weight: 400\"> Wizards of the Coast possono prendere Decisioni Ufficiali.<\/span><\/p>\n<h2><b>Moderatori del Forum<\/b><\/h2>\n<p><span style=\"font-weight: 400\">I Moderatori sono identificabili dal titolo <\/span><i><span style=\"font-weight: 400\">Forum Moderator<\/span><\/i><span style=\"font-weight: 400\"> al di sotto del loro nome. Controllano regolarmente il forum e potrebbero eliminare contenuti inappropriati, incluso tutto ci\u00f2 che infrange il presente protocollo. I Moderatori possono anche modificare i commenti per adattarli al formato pi\u00f9 adatto, aggiungere <\/span><i><span style=\"font-weight: 400\">link<\/span><\/i><span style=\"font-weight: 400\"> alle carte, cambiare il titolo di una discussione perch\u00e9 sia pi\u00f9 facile da trovare, etc&#8230;<\/span><\/p>\n<p><span style=\"font-weight: 400\">Anche i Program Coordinators e lo <\/span><i><span style=\"font-weight: 400\">staff<\/span><\/i><span style=\"font-weight: 400\"> Wizards of the Coast possono agire da Moderatori del Forum.<\/span><\/p>\n<p><i><span style=\"font-weight: 400\">Questo articoo \u00e8 stato scritto da <span class='judge-tooltip'><a href='https:\/\/apps.magicjudges.org\/judges\/dci\/725295' >Scott Marshall<\/a><span class='avatar'><img width='200' height='200' src='https:\/\/apps.magicjudges.org\/dci\/avatar?dci=725295&size=200'><\/span><\/span>, <span class='judge-tooltip'><a href='https:\/\/apps.magicjudges.org\/judges\/dci\/157621' >Mark Brown<\/a><span class='avatar'><img width='200' height='200' src='https:\/\/apps.magicjudges.org\/dci\/avatar?dci=157621&size=200'><\/span><\/span> e <span class='judge-tooltip'><a href='https:\/\/apps.magicjudges.org\/judges\/dci\/88191508' >David de la Iglesia<\/a><span class='avatar'><img width='200' height='200' src='https:\/\/apps.magicjudges.org\/dci\/avatar?dci=88191508&size=200'><\/span><\/span><\/span><\/i><\/p>\n<p>&nbsp;<\/p>\n","protected":false},"excerpt":{"rendered":"<p>Regolamento dei Forum Non scrivete sui forum a proposito di squalifiche. Le indagini relative alle stesse non sono rese pubbliche intenzionalmente. Rispettate questa decisione non facendo domande al riguardo. Scrivete nel forum pi\u00f9 adatto. Leggete la descrizione; leggete le discussioni gi\u00e0 aperte; cercate di capire se ci\u00f2 che volete scrivere sia rilevante o meno all\u2019interno [&hellip;]<\/p>\n","protected":false},"author":335,"featured_media":0,"parent":0,"menu_order":0,"comment_status":"closed","ping_status":"closed","template":"","meta":{"footnotes":"","_links_to":"","_links_to_target":""},"language":[14],"class_list":["post-4659","page","type-page","status-publish","hentry","language-it"],"_links":{"self":[{"href":"https:\/\/blogs.magicjudges.org\/o\/wp-json\/wp\/v2\/pages\/4659","targetHints":{"allow":["GET"]}}],"collection":[{"href":"https:\/\/blogs.magicjudges.org\/o\/wp-json\/wp\/v2\/pages"}],"about":[{"href":"https:\/\/blogs.magicjudges.org\/o\/wp-json\/wp\/v2\/types\/page"}],"author":[{"embeddable":true,"href":"https:\/\/blogs.magicjudges.org\/o\/wp-json\/wp\/v2\/users\/335"}],"replies":[{"embeddable":true,"href":"https:\/\/blogs.magicjudges.org\/o\/wp-json\/wp\/v2\/comments?post=4659"}],"version-history":[{"count":2,"href":"https:\/\/blogs.magicjudges.org\/o\/wp-json\/wp\/v2\/pages\/4659\/revisions"}],"predecessor-version":[{"id":4661,"href":"https:\/\/blogs.magicjudges.org\/o\/wp-json\/wp\/v2\/pages\/4659\/revisions\/4661"}],"wp:attachment":[{"href":"https:\/\/blogs.magicjudges.org\/o\/wp-json\/wp\/v2\/media?parent=4659"}],"wp:term":[{"taxonomy":"language","embeddable":true,"href":"https:\/\/blogs.magicjudges.org\/o\/wp-json\/wp\/v2\/language?post=4659"}],"curies":[{"name":"wp","href":"https:\/\/api.w.org\/{rel}","templated":true}]}}