{"id":596,"date":"2014-08-20T15:57:48","date_gmt":"2014-08-20T15:57:48","guid":{"rendered":"http:\/\/blogs.magicjudges.org\/o\/?page_id=596"},"modified":"2018-03-28T14:36:49","modified_gmt":"2018-03-28T14:36:49","slug":"become-a-magic-judge-es","status":"publish","type":"page","link":"https:\/\/blogs.magicjudges.org\/o\/judge-levels-es\/become-a-magic-judge-es\/","title":{"rendered":"Certificarse como Juez de Magic"},"content":{"rendered":"<p>As\u00ed que quieres ser juez de Magic&#8230;<\/p>\n<h2>\u00bfQu\u00e9 es un Juez de Magic?<\/h2>\n<p>Los jueces somos \u00e1rbitros imparciales del juego. Nos aseguramos de que el juego sea limpio, amigable y divertido para todos los jugadores en los torneos. Los jueces hacemos esto respondiendo preguntas, ayudando a resolver errores y procurando que el torneo se desarrolle con integridad.<\/p>\n<p>Cuando no estamos en torneos los jueces somos embajadores de nuestra comunidad, ayudamos a jugadores, due\u00f1os de tiendas y candidatos a jueces. \u00a1Tambi\u00e9n ayudamos a que Magic: The Gathering sea una experiencia fabulosa para los jugadores!<\/p>\n<h2>\u00bfPor qu\u00e9 quieres ser juez de Magic?<\/h2>\n<p>Hay muchas razones para querer ser un juez de Magic m\u00e1s all\u00e1 de ayudar con los eventos de Magic. No importa tu raz\u00f3n, una vez que tomaste la decisi\u00f3n lo que sigue son unos pasos que necesitas completar, no necesariamente en orden. Algunos ser\u00e1n m\u00e1s sencillos que otros, algunos puede que ya los hayas completados simplemente jugando en eventos como Friday Night Magic o Grand Prix Trials.<\/p>\n<h2>Encuentra una tienda que te permita arbitrar sus eventos<\/h2>\n<p>La realidad del juego organizado de la WPN es que la mayor\u00eda de los eventos se organizan en tiendas, por lo que la mayor parte de tu entrenamiento para convertirte en juez suceder\u00e1 en una tienda. No puedes convertirte en juez sin arbitrar eventos, uno de los requisitos para ser juez es arbitrar dos eventos. Encontrar una tienda para arbitrar es un buen primer paso pero puede ser el m\u00e1s complicado.<\/p>\n<p>Si no juegas regularmente en una tienda, encuentra una cerca de donde vives o trabajas y comienza a jugar eventos de Magic all\u00ed. Conoce al due\u00f1o de la tienda o empleado que organiza los eventos o quien sea que arbitre all\u00ed. Si no hay alguien actualmente a quien los jugadores recurran para consultar sobre reglas, intenta convertirte en esa persona. Si ya hay alguien, pres\u00e9ntate, discute de reglas con ellos y pronto ser\u00e1s otra persona a la que los jugadores pregunten sobre reglas.<\/p>\n<p>Si ya tienes una tienda a la que vayas normalmente pero no te sientes confiado para responder preguntas de reglas y quieres comenzar a arbitrar para ganas esa confianza vuelve a este paso m\u00e1s adelante.<\/p>\n<p>Si ya eres el jugador al que preguntan sobre reglas, ya est\u00e1s actuando como lo hacen la mayor\u00eda de los jueces a <a href=\"http:\/\/blogs.magicjudges.org\/rules\/jar\/\">NIR Normal<\/a>. Convertirse en juez del evento es solo formalizarlo. Habla con el due\u00f1o de la tienda o persona responsable de organizar los eventos de Magic y pregunta si puedes ser el juez registrado de los eventos de <a href=\"http:\/\/blogs.magicjudges.org\/rules\/jar\/\">NIR Normal<\/a> en los que juegues.<\/p>\n<p>Una vez que tengas una tienda que te permite arbitrar sus eventos ya eres esencialmente un juez de Magic, pero sin nivel. Algunos te llamar\u00e1n &#8220;nivel 0&#8221;, o mejor dicho &#8220;no certificado&#8221; y candidato a juez nivel 1. Una vez que est\u00e9s arbitrando, necesitar\u00e1s el pr\u00f3ximo paso si no lo tienes todav\u00eda.<\/p>\n<h2>Encuentra un juez que te gu\u00ede<\/h2>\n<p>El Programa de Jueces de Magic conf\u00eda en un gu\u00eda o mentor para aprender. Es parte de la interacci\u00f3n social natural con otros jueces.<\/p>\n<p>Encontrar a alguien que te gu\u00ede y que pueda tomarte el examen ser\u00eda idea, pero un mentor puede ser cualquiera, de cualquier nivel. Cualquiera en quien conf\u00edes que puede ayudarte con las preguntas que tengas y hacerte comentarios constructivos sobre c\u00f3mo avanzas ser\u00e1 un buen mentor.<\/p>\n<p>Un mentor no tiene por qu\u00e9 ser alguien local, es posible que recibas los beneficios de un mentor via email, IRC u otros canales de comunicaci\u00f3n. Este tipo de gu\u00eda puede ser indispensable si no hay otros jueces locales, o puede suplementar un mentor local.<\/p>\n<p>Este puede ser el primer paso para convertirte en juez. Conocer a otro juez puede ayudarte a encontrar una tienda que te permita arbitrar sus eventos.<\/p>\n<p>Si no conoces otros jueces la mejor manera de corregir eso es <a href=\"http:\/\/blogs.magicjudges.org\/o\/advanced-roles\/regional-coordinators-es\/\">contactar con tu Coordinador Regional<\/a>, un juez que se ocupa de los asuntos de jueces dentro de una regi\u00f3n. Usa <a href=\"http:\/\/blogs.magicjudges.org\/o\/advanced-roles\/regional-coordinators-es\/\">este v\u00ednculo para saber m\u00e1s sobre los Coordinadores Regionales<\/a>.<\/p>\n<h2>Aprende las reglas y pol\u00edticas m\u00e1s comunes<\/h2>\n<p>Arbitrar en un proceso de mejor continuo y hay muchos m\u00e9todos distintos que puedes usar para mejorar tu conocimiento. Si todav\u00eda no tienes un buen conocimiento de las Reglas b\u00e1sicas de Magic, este deber\u00eda ser tu primer paso para convertirte en juez. Necesitas poder arbitrar eventos y si no puedes responder dudas de reglas eficientemente no podr\u00e1s convencer a una tienda que te permita arbitrar. Muchas veces este paso ya se cumple jugando Magic y viendo c\u00f3mo funciona todo en un torneo.<\/p>\n<ul>\n<li><a href=\"http:\/\/magic.wizards.com\/en\/game-info\/gameplay\/rules-and-formats\">Reglas b\u00e1sicas e informaci\u00f3n de formatos<\/a><\/li>\n<li><a href=\"http:\/\/blogs.magicjudges.org\/o\/rules-policy-documents-es\/\">Reglas completas y Juzgando a NIR Normal <\/a>(en espa\u00f1ol en <a href=\"http:\/\/blogs.magicjudges.org\/translatedrules\/?lang=es\">http:\/\/blogs.magicjudges.org\/translatedrules\/?lang=es<\/a>)<\/li>\n<li><a href=\"http:\/\/blogs.magicjudges.org\/o\/judge-testing-es\/the-level-1-test-es\/\">Preparando el examen de nivel 1<\/a><\/li>\n<\/ul>\n<h2>Rinde el examen de nivel 1<\/h2>\n<p>Este es un proceso formal necesario para convertirse en Juez Certificado Nivel 1, el paso final, pero no el \u00faltimo en tu carrera de juez. Si te gusta arbitrar tu pr\u00f3ximo paso ser\u00e1 preguntar \u201cC\u00f3mo me convierto en un juez nivel 2?\u201d.<\/p>\n<p><em>Esta p\u00e1gina fue escrita por <span class='judge-tooltip'><a href='https:\/\/apps.magicjudges.org\/judges\/dci\/157621' ><span class=\"judge-tooltip\">Mark Brown<\/a><span class='avatar'><img width='200' height='200' src='https:\/\/apps.magicjudges.org\/dci\/avatar?dci=157621&size=200'><\/span><\/span>, y traducida por <span class='judge-tooltip'><a href='https:\/\/apps.magicjudges.org\/judges\/dci\/20177000' >Juan A. Del Compare<\/a><span class='avatar'><img width='200' height='200' src='https:\/\/apps.magicjudges.org\/dci\/avatar?dci=20177000&size=200'><\/span><\/span>.<\/span><\/em><\/p>\n","protected":false},"excerpt":{"rendered":"<p>As\u00ed que quieres ser juez de Magic&#8230; \u00bfQu\u00e9 es un Juez de Magic? Los jueces somos \u00e1rbitros imparciales del juego. Nos aseguramos de que el juego sea limpio, amigable y divertido para todos los jugadores en los torneos. Los jueces hacemos esto respondiendo preguntas, ayudando a resolver errores y procurando que el torneo se desarrolle [&hellip;]<\/p>\n","protected":false},"author":126,"featured_media":0,"parent":2632,"menu_order":0,"comment_status":"closed","ping_status":"closed","template":"page_width-index.php","meta":{"footnotes":"","_links_to":"","_links_to_target":""},"language":[8],"class_list":["post-596","page","type-page","status-publish","hentry","language-es"],"_links":{"self":[{"href":"https:\/\/blogs.magicjudges.org\/o\/wp-json\/wp\/v2\/pages\/596","targetHints":{"allow":["GET"]}}],"collection":[{"href":"https:\/\/blogs.magicjudges.org\/o\/wp-json\/wp\/v2\/pages"}],"about":[{"href":"https:\/\/blogs.magicjudges.org\/o\/wp-json\/wp\/v2\/types\/page"}],"author":[{"embeddable":true,"href":"https:\/\/blogs.magicjudges.org\/o\/wp-json\/wp\/v2\/users\/126"}],"replies":[{"embeddable":true,"href":"https:\/\/blogs.magicjudges.org\/o\/wp-json\/wp\/v2\/comments?post=596"}],"version-history":[{"count":30,"href":"https:\/\/blogs.magicjudges.org\/o\/wp-json\/wp\/v2\/pages\/596\/revisions"}],"predecessor-version":[{"id":4613,"href":"https:\/\/blogs.magicjudges.org\/o\/wp-json\/wp\/v2\/pages\/596\/revisions\/4613"}],"up":[{"embeddable":true,"href":"https:\/\/blogs.magicjudges.org\/o\/wp-json\/wp\/v2\/pages\/2632"}],"wp:attachment":[{"href":"https:\/\/blogs.magicjudges.org\/o\/wp-json\/wp\/v2\/media?parent=596"}],"wp:term":[{"taxonomy":"language","embeddable":true,"href":"https:\/\/blogs.magicjudges.org\/o\/wp-json\/wp\/v2\/language?post=596"}],"curies":[{"name":"wp","href":"https:\/\/api.w.org\/{rel}","templated":true}]}}