{"id":887,"date":"2014-09-02T04:14:05","date_gmt":"2014-09-02T04:14:05","guid":{"rendered":"http:\/\/blogs.magicjudges.org\/o\/?page_id=887"},"modified":"2018-03-27T13:21:34","modified_gmt":"2018-03-27T13:21:34","slug":"communication-channels-es","status":"publish","type":"page","link":"https:\/\/blogs.magicjudges.org\/o\/communication-channels-es\/","title":{"rendered":"Canales de comunicaci\u00f3n"},"content":{"rendered":"<p>El Programa de jueces ha establecido y desarrollado varias herramientas y redes para comunicarnos entre regiones y dentro de ellas.<br \/>\n<div class=\"alert alert-warning\" role=\"alert\"> <\/p>\n<p style=\"text-align: justify\">Para contactar con un Coordinador Regional usa el siguiente <a href=\"http:\/\/blogs.magicjudges.org\/contact\/contact-a-regional-coordinator\/\">formulario de contacto<\/a>.<\/p>\n<p style=\"text-align: justify\">Para reportar mala conducta de un juez usa el cuestionario de <a href=\"http:\/\/blogs.magicjudges.org\/conduct\/feedback-form-2\/\">Magic Judge Feedback<\/a>. Este formulario permite enviar reportes an\u00f3nimos.<\/p>\n<p style=\"text-align: justify\">Ambos formularios pueden ser usados para enviar <strong>feedback positivo o reconocimiento<\/strong> sobre un juez.<\/p>\n<p><\/div><\/p>\n<h2>Globales<\/h2>\n<div class=\"row judge-familiar-stacked-pills horizontal\"><ul class=\"nav nav-pills nav-stacked col-lg-2\" role=\"tablist\"><li class=\"nav-item\"><a href=\"#apps\" class=\"nav-link active\" role=\"tab\" data-toggle=\"tab\">Apps<\/a><\/li><li class=\"nav-item\"><a href=\"#blogs\" class=\"nav-link \" role=\"tab\" data-toggle=\"tab\">Blogs<\/a><\/li><li class=\"nav-item\"><a href=\"#redes-sociales\" class=\"nav-link \" role=\"tab\" data-toggle=\"tab\">Redes sociales<\/a><\/li><li class=\"nav-item\"><a href=\"#chats\" class=\"nav-link \" role=\"tab\" data-toggle=\"tab\">Chats<\/a><\/li><li class=\"nav-item\"><a href=\"#conducta\" class=\"nav-link \" role=\"tab\" data-toggle=\"tab\">Conducta<\/a><\/li><\/ul><div class=\"tab-content col-lg-10\"><div role=\"tabpanel\" class=\"tab-pane fade in active\" id=\"apps\">\n<p>JudgeApps es la plataforma principal de comunicaci\u00f3n, colaboraci\u00f3n y coordinaci\u00f3n del programa de jueces. Hay una gran variedad de foros, adem\u00e1s de ser el espacio desde donde se administran los eventos y tambi\u00e9n los proyectos.<\/p>\n<p><a href=\"http:\/\/apps.magicjudges.org\/\">Sitio<\/a><br \/>\n<a href=\"http:\/\/apps.magicjudges.org\/forum\/\">Foros<\/a>\u00a0(<a title=\"JudgeApps Forum Protocol\" href=\"http:\/\/blogs.magicjudges.org\/o\/communication-channels-es\/judgeapps-forum-protocol-es\/\">protocolo<\/a>)<br \/>\n<a href=\"http:\/\/blogs.magicjudges.org\/judgeapps\/\">Blog de soporte<\/a><br \/>\n<\/div><div role=\"tabpanel\" class=\"tab-pane fade \" id=\"blogs\">\n<p>Los Blogs de Jueces son una red de blogs de proyectos o escritos en forma independiente por algunos jueces administrados mediante WordPress. Hacen disponible todo tipo de contenido \u00fatil e interesante, y tambi\u00e9n puedes comenzar tu propio blog.<\/p>\n<p><a href=\"http:\/\/blogs.magicjudges.org\/\">Magic Judge Noticias<\/a><br \/>\n<a href=\"http:\/\/blogs.magicjudges.org\/blog-portal\/\">Portal de blogs de jueces<\/a><br \/>\n<a href=\"http:\/\/blogs.magicjudges.org\/help\/\">Blog de soporte<\/a><br \/>\n<\/div><div role=\"tabpanel\" class=\"tab-pane fade \" id=\"redes-sociales\">\n<h3><strong>Redes sociales<\/strong><\/h3>\n<p>Tenemos varios espacios disponibles en las redes sociales, de modo que es m\u00e1s que recomendable para mantenernos actualizados, que nos suscribamos y sigamos las actualizaciones.<\/p>\n<p><a href=\"http:\/\/www.facebook.com\/MagicJudges\">P\u00e1gina de Facebook: Magic Judges<\/a>\u00a0\u00a0(en ingl\u00e9s)<br \/>\n<a title=\"Twitter\" href=\"https:\/\/twitter.com\/MagicJudges\">Twitter: Magic Judges<\/a>\u00a0(en ingl\u00e9s)<br \/>\n<a href=\"https:\/\/www.reddit.com\/r\/mtgjudge\/\">Reddit&#8217;s r\/mtgjudge<\/a> (en ingl\u00e9s)<br \/>\n<\/div><div role=\"tabpanel\" class=\"tab-pane fade \" id=\"chats\">\n<p>Hay varios canales de chat de jueces en IRC donde puedes discutir todo tipo de temas de jueces. \u00a1Aseg\u00farate de conocer las preguntas frecuentes!<\/p>\n<table class=\"table table-hover table-sm\">\n<thead>\n<tr>\n<th>#mtgjudge<\/th>\n<th>#mtgrules<\/th>\n<\/tr>\n<\/thead>\n<tbody>\n<tr>\n<td><a title=\"Mtgjudge FAQ\" href=\"http:\/\/blogs.magicjudges.org\/o\/communication-channels\/irc-mtgjudge-faq\/\">FAQ<\/a><\/td>\n<td><a title=\"Mtgrules FAQ\" href=\"http:\/\/blogs.magicjudges.org\/o\/communication-channels\/irc-mtgrules-faq\/\">FAQ<\/a><\/td>\n<\/tr>\n<tr>\n<td><a title=\"Mtgjudge Web client\" href=\"http:\/\/chat.magicjudges.org\/mtgjudge\/\">Web client<\/a><\/td>\n<td><a title=\"Mtgrules Web client\" href=\"http:\/\/chat.magicjudges.org\/mtgrules\/\">Web client<\/a><\/td>\n<\/tr>\n<\/tbody>\n<\/table>\n<p><\/div><div role=\"tabpanel\" class=\"tab-pane fade \" id=\"conducta\">\n<p>El <a href=\"https:\/\/blogs.magicjudges.org\/o\/spheres\/judge-conduct\/\" target=\"_blank\" rel=\"noopener noreferrer\">Comit\u00e9 de conducta de jueces<\/a> puso a disposici\u00f3n un <a href=\"https:\/\/blogs.magicjudges.org\/conduct\/feedback-form-2\/\" target=\"_blank\" rel=\"noopener noreferrer\">Formulario de comentarios sobre el Juez de Magic<\/a>, para dar a todos una manera an\u00f3nima de reportar la mala conducta de un juez al liderazgo del programa. Este formulario puede ser usado para reconocer o enviar feedback positivo.<\/p>\n<p><\/div><\/div><\/div>\n<h2>Regionales<\/h2>\n<p>La mayor\u00eda de las regiones tienen en Judge Apps un foro regional de acceso restringido a los jueces de la regi\u00f3n. Hay muchos otros foros locales, listas de correo y otros canales de comunicaci\u00f3n.<br \/>\n<div class=\"row judge-familiar-stacked-pills horizontal\"><ul class=\"nav nav-pills nav-stacked col-lg-2\" role=\"tablist\"><li class=\"nav-item\"><a href=\"#asia-pacifico\" class=\"nav-link active\" role=\"tab\" data-toggle=\"tab\">Asia Pac\u00edfico<\/a><\/li><li class=\"nav-item\"><a href=\"#europa\" class=\"nav-link \" role=\"tab\" data-toggle=\"tab\">Europa<\/a><\/li><li class=\"nav-item\"><a href=\"#latinoamerica\" class=\"nav-link \" role=\"tab\" data-toggle=\"tab\">Latinoam\u00e9rica<\/a><\/li><li class=\"nav-item\"><a href=\"#canada-eeuu\" class=\"nav-link \" role=\"tab\" data-toggle=\"tab\">Canad\u00e1 &amp; EEUU<\/a><\/li><\/ul><div class=\"tab-content col-lg-10\"><div role=\"tabpanel\" class=\"tab-pane fade in active\" id=\"asia-pacifico\">\n<h3><strong>Asia Pac\u00edfico<\/strong><\/h3>\n<p>Australia &amp; Nueva Zelanda \u2014 <a href=\"https:\/\/www.facebook.com\/pages\/Magic-Judges-Australia-and-New-Zealand\/167673046576824\">p\u00e1gina de Facebook<\/a>, <a href=\"https:\/\/www.facebook.com\/groups\/349664251757842\/\">grupo de Facebook de preguntas y respuestas de Reglas\/Pol\u00edticas <\/a>, <a href=\"http:\/\/aunzjudges.slack.com\">Slack<\/a><\/p>\n<p>China \u2014\u00a0<a href=\"http:\/\/magicjudges.cn\/\" target=\"_blank\" rel=\"noopener\">Website<\/a>, <a href=\"http:\/\/wiki.mtgjudge.cn\" target=\"_blank\" rel=\"noopener\">Wiki<\/a><\/p>\n<p>Indonesia \u2014 <a href=\"https:\/\/www.facebook.com\/groups\/163943330454286\/\">grupo de Facebook<\/a><\/p>\n<p>Filipinas \u2014 <a href=\"http:\/\/www.neutralgrounds.net\/forums\/index.php\/board,112.0.html\">subforo privado<\/a><\/p>\n<p>Taiw\u00e1n \u2014 <a href=\"http:\/\/www.facebook.com\/groups\/395098250379\/\">grupo de Facebook<\/a><\/p>\n<p>Tailandia \u2014 <a href=\"http:\/\/www.after2k.net\/\"> subforo privado <\/a><br \/>\n<\/div><div role=\"tabpanel\" class=\"tab-pane fade \" id=\"europa\">\n<h3><strong>Europa<\/strong><\/h3>\n<p>Austria \u2014 <a href=\"http:\/\/\u200bhttps:\/\/www.facebook.com\/groups\/145642212470681\/\">grupo de Facebook<\/a><\/p>\n<p>B\u00e9lgica, Pa\u00edses Bajos y Luxemburgo \u2014 <a href=\"https:\/\/www.facebook.com\/groups\/100533240062499\/\">grupo de Facebook<\/a><\/p>\n<p>Europe &#8211; Central \u2014\u00a0 <a href=\"http:\/\/www.facebook.com\/groups\/256288497759741\/\">grupo de facebook<\/a><\/p>\n<p style=\"text-align: justify\">Europa &#8211; Este \u2014 <a href=\"https:\/\/www.facebook.com\/groups\/mtgjudgeseurope.east\/\">grupo regional de Facebook<\/a>, <a href=\"http:\/\/blogs.magicjudges.org\/europeeast\">blog regional<\/a><\/p>\n<p>Europa-Norte \u2014 <a href=\"http:\/\/forums.nordic-judges.org\/\">Foro<\/a>, <a href=\"http:\/\/\u200bhttps:\/\/www.facebook.com\/groups\/117149918317503\/\">grupo regional de Facebook<\/a>, <a href=\"http:\/\/blogs.magicjudges.org\/nordicregion\/\">blog regional<\/a><\/p>\n<p>Francia \u2014 <a href=\"https:\/\/www.facebook.com\/groups\/1191969180942292\/\">grupo de Facebook<\/a><\/p>\n<p style=\"text-align: justify\">Alemania \u2014 <a href=\"https:\/\/www.facebook.com\/groups\/145642212470681\/\">grupo de Facebook<\/a><\/p>\n<p>Grecia \u2014 <a href=\"https:\/\/www.facebook.com\/groups\/188253871322957\/\">grupo de Facebook<\/a><\/p>\n<p>Italia y Malta \u2014 <a href=\"http:\/\/www.italianmagicjudges.net\/\">sitio web<\/a>, <a href=\"https:\/\/www.facebook.com\/Imj4You\">p\u00e1gina de Facebook<\/a>, <a href=\"http:\/\/\u200bwww.facebook.com\/groups\/italianmagicjudges\/\">grupo de Facebook de Italia<\/a>, <a href=\"http:\/\/\u200bwww.facebook.com\/groups\/260425587335527\/\">grupo de Facebook de Malta<\/a>, <a href=\"http:\/\/it.groups.yahoo.com\/group\/ItalianMagicJudges\/\">lista de correo<\/a>, <a href=\"http:\/\/games.groups.yahoo.com\/group\/Judge_L2\/\"> lista de correo nivel 2+<\/a>, <a href=\"http:\/\/health.groups.yahoo.com\/group\/cupola_L3\/\">lista de correo nivel 3+<\/a><\/p>\n<p>Oriente medio \u2014 <a href=\"https:\/\/www.facebook.com\/groups\/MiddleEastMagicJudges\/\">grupo de facebook<\/a><\/p>\n<p>Polonia \u2014 <a href=\"http:\/\/forum.magicjudge.pl\/\">foro<\/a><\/p>\n<p>Portugal \u2014 <a href=\"https:\/\/www.facebook.com\/groups\/137659756298411\/\" target=\"_blank\" rel=\"noopener\">grupo de Facebook<\/a><\/p>\n<p>Pa\u00edses de habla Rusa \u2014 <a href=\"http:\/\/groups.google.com\/group\/mtgjudge-ru\">lista de correo<\/a><\/p>\n<p>Sud\u00e1frica \u2014 <a href=\"http:\/\/www.magicjudge.co.uk\/\">foro<\/a>, <a href=\"http:\/\/www.facebook.com\/groups\/262018220535350\">grupo de Facebook<\/a><\/p>\n<p>Espa\u00f1a \u2014 <a href=\"https:\/\/www.facebook.com\/JuecesMagic\">p\u00e1gina de Facebook<\/a><\/p>\n<p>Suiza \u2014 <a href=\"https:\/\/www.facebook.com\/groups\/145642212470681\/\">grupo de Facebook<\/a><\/p>\n<p>Reino Unido, Irlando y Sud\u00e1frica \u2014 <a href=\"https:\/\/discord.gg\/0p8Pn1fgtIFwPtrP\">Regional Discord<\/a>,\u00a0<a href=\"https:\/\/apps.magicjudges.org\/forum\/7187\/\">foro de JudgeApps<\/a>, <a href=\"https:\/\/www.facebook.com\/groups\/246153335430000\/?fref=ts\">Irish Magic Judges Facebook Group<\/a><br \/>\n<\/div><div role=\"tabpanel\" class=\"tab-pane fade \" id=\"latinoamerica\">\n<h3><strong>Latinoam\u00e9rica<\/strong><\/h3>\n<p style=\"text-align: justify\">Brasil \u2014 <a href=\"https:\/\/www.facebook.com\/groups\/620995374593981\/\">grupo regional de Facebook<\/a><\/p>\n<p>Hispanoam\u00e9rica Norte \u2014 <a href=\"https:\/\/www.facebook.com\/groups\/juecescentroamericanos\/\">grupo regional de Facebook<\/a><\/p>\n<p>Hispanoam\u00e9rica Sur \u2014 <a href=\"http:\/\/www.latammagicjudges.com\/\">sitio web<\/a>, <a href=\"https:\/\/www.facebook.com\/groups\/17365604811\/\">grupo regional de Facebook<\/a><\/p>\n<p><\/div><div role=\"tabpanel\" class=\"tab-pane fade \" id=\"canada-eeuu\">\n<h3><strong> Canad\u00e1 &amp; Estados Unidos<\/strong><\/h3>\n<h4><strong>Canad\u00e1<\/strong><\/h4>\n<p><a href=\"http:\/\/www.facebook.com\/groups\/111190048970554\/\">Grupo de Facebook<\/a><\/p>\n<p>Alberta y Columbia Brit\u00e1nica \u2014 <a href=\"https:\/\/www.facebook.com\/groups\/661697543973150\/\">grupo de Facebook<\/a><\/p>\n<p>Ontario \u2014 <a href=\"http:\/\/\u200bhttps:\/\/www.facebook.com\/groups\/170258312994013\/\">grupo de Facebook<\/a><\/p>\n<p>Prairie \u2014 <a href=\"http:\/\/\u200bhttps:\/\/www.facebook.com\/groups\/504863992962443\/\">Facebook group<\/a><\/p>\n<p>Quebec \u2014 <a href=\"http:\/\/www.facebook.com\/groups\/127233584101092\/\">grupo de Facebook<\/a>, <a href=\"http:\/\/www.mtgquebec.com\/\">foro<\/a><\/p>\n<p>Saskatchewan \u2014 <a href=\"http:\/\/forums.saskgames.com\/index.php?board=11.0\">foro<\/a><\/p>\n<h4><strong>Estados Unidos<\/strong><\/h4>\n<p>EEUU &#8211; Central \u2014 <a href=\"https:\/\/www.facebook.com\/groups\/centralmagicjudges\/\">grupo regional de Facebook<\/a>, <a href=\"http:\/\/www.facebook.com\/home.php?#\/group.php?gid=142755795361&amp;ref=ts\">grupo de facebook de Magic Judges of the Midwest <\/a><\/p>\n<p>EEUU &#8211; Grandes lagos \u2014 <a href=\"https:\/\/www.facebook.com\/groups\/1650464318549554\/\">grupo regional de Facebook<\/a>, <a href=\"http:\/\/blogs.magicjudges.org\/greatlakes\/\">blog regional<\/a>, <a href=\"http:\/\/\u200bhttps:\/\/glmagicjudges.slack.com\">Slack<\/a>, <a href=\"http:\/\/www.facebook.com\/home.php?#\/group.php?gid=142755795361&amp;ref=ts\">grupo de facebook de Magic Judges of the Midwest<\/a>, <a href=\"https:\/\/www.facebook.com\/groups\/486859711427432\/\" target=\"_blank\" rel=\"noopener\">grupo de Facebook de Ohio<\/a>, <a href=\"https:\/\/www.facebook.com\/groups\/165889193593100\/\" target=\"_blank\" rel=\"noopener\">grupo de Facebook de Kentucky<\/a><\/p>\n<p>EEUU Atl\u00e1ntico Medio \u2014 <a href=\"http:\/\/\u200bhttps:\/\/www.facebook.com\/groups\/275315632566297\/\">grupo regional de Facebook<\/a>, <a href=\"http:\/\/\u200bhttp:\/\/www.magicjudges.org\/midatlantic\">blog regional<\/a>, <a href=\"http:\/\/\u200bhttp:\/\/midatlanticjudges.slack.com\/\">Slack<\/a><\/p>\n<p>EEUU &#8211; Norte \u2014 <a href=\"https:\/\/www.facebook.com\/groups\/usanorthjudges\/\">grupo regional de Facebook<\/a>, <a href=\"http:\/\/blogs.magicjudges.org\/usanorth\/\">blog regional<\/a>, <a href=\"http:\/\/\u200bhttps:\/\/usanorthjudges.slack.com\">Slack<\/a>, <a href=\"http:\/\/www.facebook.com\/home.php?#\/group.php?gid=142755795361&amp;ref=ts\">grupo de facebook de Magic Judges of the Midwest<\/a>, <a href=\"https:\/\/www.facebook.com\/groups\/MNJudges\/\">grupo de Facebook de Minnesota<\/a>, <a href=\"https:\/\/www.facebook.com\/groups\/WIJudges\" target=\"_blank\" rel=\"noopener\">grupo de Facebook de Wisconsin<\/a><\/p>\n<p>EEUU Noreste \u2014 <a href=\"http:\/\/www.facebook.com\/groups\/174764119273626\/\">grupo regional de Facebook group<\/a>, <a href=\"http:\/\/blogs.magicjudges.org\/northeast\/\">blog regional<\/a>, <a href=\"http:\/\/\u200bnortheastjudges.slack.com\">Slack<\/a><\/p>\n<p>EEUU Noroeste \u2014 <a href=\"https:\/\/www.facebook.com\/groups\/100566163471887\/\">grupo regional de Facebook group<\/a>, <a href=\"https:\/\/www.facebook.com\/groups\/310530558980897\/\">grupo de Facebook para eventos<\/a>, <a href=\"http:\/\/\u200bnorthwestmagicjudges.slack.com\">Slack<\/a>, <a href=\"http:\/\/\u200bhttps:\/\/www.facebook.com\/groups\/535152629863491\/\">grupo de Facebook de Colorado<\/a>, <a href=\"https:\/\/www.facebook.com\/groups\/505876406190158\/\">grupo de Facebook de Hawaii<\/a>, <a href=\"http:\/\/\u200bhttps:\/\/www.facebook.com\/groups\/589205127827225\/\">grupo de Facebook de Idaho<\/a>, <a href=\"https:\/\/www.facebook.com\/groups\/200428140126894\/\">grupo de Facebook de Montana<\/a>, <a href=\"http:\/\/\u200bhttps:\/\/www.facebook.com\/groups\/1614598405489129\/\">grupo de Facebook de Oregon<\/a>, <a href=\"http:\/\/\u200bhttps:\/\/www.facebook.com\/groups\/310530558980897\/\">grupo de Facebook del area de Seattle<\/a>, <a href=\"https:\/\/www.facebook.com\/groups\/1477318089211022\/\">grupo de Facebook de Utah<\/a>, <a href=\"https:\/\/www.facebook.com\/groups\/538667029514978\/\">grupo de Facebook de Wyoming<\/a><\/p>\n<p>EEUU &#8211; Sur \u2014 <a href=\"https:\/\/www.facebook.com\/groups\/454557734746201\/\">grupo regional de Facebook<\/a>, <a href=\"https:\/\/usasouthjudges.slack.com\">Slack<\/a>, <a href=\"https:\/\/www.facebook.com\/groups\/129949763770509\/\">grupo de Facebook de Arkansas<\/a>, <a href=\"https:\/\/www.facebook.com\/groups\/422949944483043\/\">grupo de Facebook de Louisiana<\/a>, <a href=\"https:\/\/www.facebook.com\/groups\/349294705260596\">grupo de Facebook de Oklahoma<\/a>, <a href=\"https:\/\/www.facebook.com\/groups\/893427897394232\/\">grupo de Facebook de Texas<\/a>, <a href=\"https:\/\/www.facebook.com\/groups\/1144737678904237\/\">grupo de Facebook de West Texas\/New Mexico<\/a><\/p>\n<p>EEUU Sudeste \u2014 <a href=\"http:\/\/www.facebook.com\/groups\/293496447377260\/\">grupo de Facebook de Carolina del Norte<\/a>, <a href=\"http:\/\/www.facebook.com\/groups\/176387682403530\/\">grupo de Facebook de Alabama-Mississippi <\/a>, <a href=\"http:\/\/www.facebook.com\/groups\/225652297463712\/\">grupo de Facebook de Georgia <\/a>, <a href=\"http:\/\/www.facebook.com\/groups\/142962112452589\/\">grupo de Facebook de Florida <\/a><\/p>\n<p>EEUU Sudoeste \u2014 <a href=\"http:\/\/www.facebook.com\/groups\/245920358820640\/\">grupo de Facebook Southwest US <\/a>, <a href=\"http:\/\/www.facebook.com\/groups\/303949733002669\/\">grupo de Facebook de Arizona<\/a>, <a href=\"http:\/\/www.facebook.com\/groups\/157082494367484\/\">grupo de Facebook SoCal<\/a>, <a href=\"http:\/\/www.facebook.com\/groups\/194050610692847\/\">grupo de Facebook Central Valley <\/a><br \/>\n<\/div><\/div><\/div><\/p>\n","protected":false},"excerpt":{"rendered":"<p>El Programa de jueces ha establecido y desarrollado varias herramientas y redes para comunicarnos entre regiones y dentro de ellas. Globales Regionales La mayor\u00eda de las regiones tienen en Judge Apps un foro regional de acceso restringido a los jueces de la regi\u00f3n. Hay muchos otros foros locales, listas de correo y otros canales de [&hellip;]<\/p>\n","protected":false},"author":126,"featured_media":0,"parent":0,"menu_order":0,"comment_status":"closed","ping_status":"closed","template":"page_width-index.php","meta":{"footnotes":"","_links_to":"","_links_to_target":""},"language":[8],"class_list":["post-887","page","type-page","status-publish","hentry","language-es"],"_links":{"self":[{"href":"https:\/\/blogs.magicjudges.org\/o\/wp-json\/wp\/v2\/pages\/887","targetHints":{"allow":["GET"]}}],"collection":[{"href":"https:\/\/blogs.magicjudges.org\/o\/wp-json\/wp\/v2\/pages"}],"about":[{"href":"https:\/\/blogs.magicjudges.org\/o\/wp-json\/wp\/v2\/types\/page"}],"author":[{"embeddable":true,"href":"https:\/\/blogs.magicjudges.org\/o\/wp-json\/wp\/v2\/users\/126"}],"replies":[{"embeddable":true,"href":"https:\/\/blogs.magicjudges.org\/o\/wp-json\/wp\/v2\/comments?post=887"}],"version-history":[{"count":29,"href":"https:\/\/blogs.magicjudges.org\/o\/wp-json\/wp\/v2\/pages\/887\/revisions"}],"predecessor-version":[{"id":4593,"href":"https:\/\/blogs.magicjudges.org\/o\/wp-json\/wp\/v2\/pages\/887\/revisions\/4593"}],"wp:attachment":[{"href":"https:\/\/blogs.magicjudges.org\/o\/wp-json\/wp\/v2\/media?parent=887"}],"wp:term":[{"taxonomy":"language","embeddable":true,"href":"https:\/\/blogs.magicjudges.org\/o\/wp-json\/wp\/v2\/language?post=887"}],"curies":[{"name":"wp","href":"https:\/\/api.w.org\/{rel}","templated":true}]}}