{"id":91,"date":"2014-06-20T12:35:50","date_gmt":"2014-06-20T12:35:50","guid":{"rendered":"http:\/\/blogs.magicjudges.org\/o\/?page_id=91"},"modified":"2018-10-17T17:50:29","modified_gmt":"2018-10-17T17:50:29","slug":"welcome-to-the-official-resources-es","status":"publish","type":"page","link":"https:\/\/blogs.magicjudges.org\/o\/welcome-to-the-official-resources-es\/","title":{"rendered":""},"content":{"rendered":"<p style=\"margin-top: 40px;text-align: justify\">\u00a1Bienvenido a la p\u00e1gina de Recursos Oficiales del Programa de Jueces de Magic! Este es el lugar donde encontrar\u00e1s todo tipo de informaci\u00f3n sobre los niveles de juez, la certificaci\u00f3n, las Esferas, las reglas de <strong>Magic<\/strong>: The Gathering y pol\u00edticas de torneos de la DCI, as\u00ed como otros temas.<\/p>\n<p style=\"text-align: justify\">Todo el contenido en esta p\u00e1gina es Oficial y aprobado por el Programa de Jueces de Magic.<\/p>\n<p>Lee la <a href=\"https:\/\/blogs.magicjudges.org\/o\/mission-and-vision-es\/\">Misi\u00f3n y Visi\u00f3n<\/a> del Programa de jueces de Magic.<\/p>\n","protected":false},"excerpt":{"rendered":"<p>\u00a1Bienvenido a la p\u00e1gina de Recursos Oficiales del Programa de Jueces de Magic! Este es el lugar donde encontrar\u00e1s todo tipo de informaci\u00f3n sobre los niveles de juez, la certificaci\u00f3n, las Esferas, las reglas de Magic: The Gathering y pol\u00edticas de torneos de la DCI, as\u00ed como otros temas. Todo el contenido en esta p\u00e1gina [&hellip;]<\/p>\n","protected":false},"author":13,"featured_media":0,"parent":0,"menu_order":0,"comment_status":"closed","ping_status":"closed","template":"page_width-index.php","meta":{"footnotes":"","_links_to":"","_links_to_target":""},"language":[8],"class_list":["post-91","page","type-page","status-publish","hentry","language-es"],"_links":{"self":[{"href":"https:\/\/blogs.magicjudges.org\/o\/wp-json\/wp\/v2\/pages\/91","targetHints":{"allow":["GET"]}}],"collection":[{"href":"https:\/\/blogs.magicjudges.org\/o\/wp-json\/wp\/v2\/pages"}],"about":[{"href":"https:\/\/blogs.magicjudges.org\/o\/wp-json\/wp\/v2\/types\/page"}],"author":[{"embeddable":true,"href":"https:\/\/blogs.magicjudges.org\/o\/wp-json\/wp\/v2\/users\/13"}],"replies":[{"embeddable":true,"href":"https:\/\/blogs.magicjudges.org\/o\/wp-json\/wp\/v2\/comments?post=91"}],"version-history":[{"count":23,"href":"https:\/\/blogs.magicjudges.org\/o\/wp-json\/wp\/v2\/pages\/91\/revisions"}],"predecessor-version":[{"id":4680,"href":"https:\/\/blogs.magicjudges.org\/o\/wp-json\/wp\/v2\/pages\/91\/revisions\/4680"}],"wp:attachment":[{"href":"https:\/\/blogs.magicjudges.org\/o\/wp-json\/wp\/v2\/media?parent=91"}],"wp:term":[{"taxonomy":"language","embeddable":true,"href":"https:\/\/blogs.magicjudges.org\/o\/wp-json\/wp\/v2\/language?post=91"}],"curies":[{"name":"wp","href":"https:\/\/api.w.org\/{rel}","templated":true}]}}