{"id":984,"date":"2014-09-20T16:25:46","date_gmt":"2014-09-20T16:25:46","guid":{"rendered":"http:\/\/blogs.magicjudges.org\/o\/?page_id=984"},"modified":"2019-06-13T17:16:02","modified_gmt":"2019-06-13T17:16:02","slug":"rules-policy-documents-es","status":"publish","type":"page","link":"https:\/\/blogs.magicjudges.org\/o\/rules-policy-documents-es\/","title":{"rendered":"Documentos de Reglas y Pol\u00edticas"},"content":{"rendered":"<p>Los siguientes documentos contienen todas las reglas del juego y las pol\u00edticas usadas por los \u00e1rbitros en torneos en todos los niveles de juego. Si quieres las versiones en espa\u00f1ol de estos documentos, traducidas por jueces, <a href=\"https:\/\/blogs.magicjudges.org\/translatedrules\/?lang=es\">visita el blog Translated Rules<\/a>.<br \/>\n<div class=\"alert alert-warning\" role=\"alert\"> <strong>Necesitas ayuda inmediata?<\/strong><br \/>\n<a title=\"Chat with Magic Judges\" href=\"http:\/\/chat.magicjudges.org\" target=\"_blank\" rel=\"noopener\">Chat.magicjudges.org<\/a>\u00a0&#8211;\u00a024\/7 Chat con jueces certificados para preguntas de reglas (s\u00f3lo en Ingl\u00e9s)<\/div><\/p>\n<h3><a href=\"http:\/\/magic.wizards.com\/en\/gameinfo\/gameplay\/formats\/comprehensiverules\" target=\"_blank\" rel=\"noopener\"><strong>Reglas Completas de Magic<\/strong><\/a><\/h3>\n<p>Las Reglas Completas de Magic:\u00a0The Gathering\u2122\u00a0son la autoridad final del juego. Normalmente no necesitar\u00e1s referirte a ellas salvo en casos espec\u00edficos o durante juegos competitivos. No est\u00e1n pensadas para leer de principio a fin.<\/p>\n<h3><a href=\"http:\/\/blogs.magicjudges.org\/rules\/mtr-es\/\" target=\"_blank\" rel=\"noopener\"><strong>Reglas de Torneo de Magic<\/strong><\/a><\/h3>\n<p>Las Reglas de Torneo de Magic:\u00a0The Gathering\u2122\u00a0proporcionan la infraestructura usada en torneos definiendo las correspondientes reglas, responsabilidades y procedimientos a seguir en todos los torneos sancionados. Los torneos sancionados deben ser consistentes independientemente de su ubicaci\u00f3n. Esto asegura igualdad de trato para jugadores en diferentes regiones y permite una transici\u00f3n flu\u00edda a torneos internacionales.<\/p>\n<h3><a href=\"http:\/\/blogs.magicjudges.org\/rules\/ipg-es\/\" target=\"_blank\" rel=\"noopener\"><strong>Gu\u00eda de Procedimientos de Infracciones de Magic<\/strong><\/a><\/h3>\n<p>La Gu\u00eda de procedimientos de infracciones de Magic:\u00a0The Gathering\u2122 da a los jueces las penalizaciones y procedimientos adecuados para manejar violaciones de reglas que ocurren durante un torneo realizado con Nivel de Imposici\u00f3n de Reglas (NIR) Competitivo o Profesional, as\u00ed como la filosof\u00eda que respalda su implementaci\u00f3n.<\/p>\n<h3><a href=\"http:\/\/wpn.wizards.com\/en\/node\/61\" target=\"_blank\" rel=\"noopener\"><strong>Arbitrando en Nivel de Imposici\u00f3n de Reglas (NIR) Normal<\/strong><\/a><\/h3>\n<p>El documento Arbitrando en NIR Normal de Magic:\u00a0The Gathering\u2122\u00a0es usado en la mayor\u00eda de los torneos en tiendas.<\/p>\n<p>Las versiones traducidas de estos y muchos otros documentos est\u00e1n disponibles en el blog de traducciones de reglas <a href=\"http:\/\/blogs.magicjudges.org\/translatedrules\/?lang=es\" target=\"_blank\" rel=\"noopener\">Translated Rules<\/a>.<\/p>\n<p>En la <a href=\"http:\/\/blogs.magicjudges.org\/blog-portal\/\">red de blogs de Magic Judges<\/a> puedes encontrar gran variedad de <a title=\"Rule &amp; Policy Blogs\" href=\"http:\/\/blogs.magicjudges.org\/blog-index\/rule-policy-blogs\/\" target=\"_blank\" rel=\"noopener\"><strong>blogs de Reglas y Pol\u00edticas<\/strong><\/a>.<\/p>\n<p>Si est\u00e1s buscando otros documentos, como por ejemplo la Magic Premier Event Invitation Policy, las checklists o las Release Notes de las colecciones de Magic, puedes encontrarlos en la <a href=\"http:\/\/wpn.wizards.com\/en\/resources\/rules-documents\/244\">p\u00e1gina de Reglas y Documentos<\/a> del sitio web de la WPN.<\/p>\n<p>Si est\u00e1s buscando informaci\u00f3n sobre formatos, las listas de cartas prohibidas y restringidas o el libro de b\u00e1sico de reglas, puedes encontrar todo esto en la <a href=\"http:\/\/magic.wizards.com\/en\/game-info\/gameplay\/rules-and-formats\" target=\"_blank\" rel=\"noopener\">p\u00e1gina de Reglas &amp; Formatos<\/a> en el sitio web de Wizards of the Coast.<\/p>\n<h2>Proceso de Descalificaci\u00f3n<\/h2>\n<p>El <a href=\"http:\/\/blogs.magicjudges.org\/o\/disqualification-process-es\/\">Proceso de Descalificaci\u00f3n<\/a> tiene instrucciones espec\u00edficas tanto para jugadores como para jueces a seguir tras un DQ. En esta p\u00e1gina encontrar\u00e1s los documentos de Informaci\u00f3n para el jugador descalificado y el Procedimiento de descalificaci\u00f3n para el juez principal, que contiene todos los pasos a seguir tras descalificar a un jugador.<\/p>\n<h2 id=\"magic-judge-code\">C\u00f3digo del juez de Magic<\/h2>\n<p>El <a title=\"Magic Judge Code\" href=\"http:\/\/blogs.magicjudges.org\/conduct\/magic-judge-code\/\">C\u00f3digo del juez de Magic<\/a> es el documento que describe los lineamientos y reglas para c\u00f3mo se espera que los jueces se comporten en la comunidad de Magic. Tambi\u00e9n delinea las posibles consecuencias por violaciones al c\u00f3digo. Puedes encontrar versiones traducidas del C\u00f3digo de conducta en <a href=\"https:\/\/blogs.magicjudges.org\/translatedrules\/category\/mjc\/?lang=es\">el blog Translated Rules<\/a>.<\/p>\n","protected":false},"excerpt":{"rendered":"<p>Los siguientes documentos contienen todas las reglas del juego y las pol\u00edticas usadas por los \u00e1rbitros en torneos en todos los niveles de juego. Si quieres las versiones en espa\u00f1ol de estos documentos, traducidas por jueces, visita el blog Translated Rules. Reglas Completas de Magic Las Reglas Completas de Magic:\u00a0The Gathering\u2122\u00a0son la autoridad final del [&hellip;]<\/p>\n","protected":false},"author":13,"featured_media":0,"parent":0,"menu_order":0,"comment_status":"closed","ping_status":"closed","template":"page_width-index.php","meta":{"footnotes":"","_links_to":"","_links_to_target":""},"language":[8],"class_list":["post-984","page","type-page","status-publish","hentry","language-es"],"_links":{"self":[{"href":"https:\/\/blogs.magicjudges.org\/o\/wp-json\/wp\/v2\/pages\/984","targetHints":{"allow":["GET"]}}],"collection":[{"href":"https:\/\/blogs.magicjudges.org\/o\/wp-json\/wp\/v2\/pages"}],"about":[{"href":"https:\/\/blogs.magicjudges.org\/o\/wp-json\/wp\/v2\/types\/page"}],"author":[{"embeddable":true,"href":"https:\/\/blogs.magicjudges.org\/o\/wp-json\/wp\/v2\/users\/13"}],"replies":[{"embeddable":true,"href":"https:\/\/blogs.magicjudges.org\/o\/wp-json\/wp\/v2\/comments?post=984"}],"version-history":[{"count":23,"href":"https:\/\/blogs.magicjudges.org\/o\/wp-json\/wp\/v2\/pages\/984\/revisions"}],"predecessor-version":[{"id":4813,"href":"https:\/\/blogs.magicjudges.org\/o\/wp-json\/wp\/v2\/pages\/984\/revisions\/4813"}],"wp:attachment":[{"href":"https:\/\/blogs.magicjudges.org\/o\/wp-json\/wp\/v2\/media?parent=984"}],"wp:term":[{"taxonomy":"language","embeddable":true,"href":"https:\/\/blogs.magicjudges.org\/o\/wp-json\/wp\/v2\/language?post=984"}],"curies":[{"name":"wp","href":"https:\/\/api.w.org\/{rel}","templated":true}]}}