{"id":989,"date":"2014-10-13T00:20:37","date_gmt":"2014-10-13T00:20:37","guid":{"rendered":"http:\/\/blogs.magicjudges.org\/o\/?page_id=989"},"modified":"2017-12-14T20:02:07","modified_gmt":"2017-12-14T20:02:07","slug":"judge-testing-es","status":"publish","type":"page","link":"https:\/\/blogs.magicjudges.org\/o\/judge-testing-es\/","title":{"rendered":"Examinaci\u00f3n de jueces"},"content":{"rendered":"<div class=\"alert alert-danger\" role=\"alert\"> <\/p>\n<p>Actualmente Wizards of the Coast est\u00e1 trabajando en un nuevo Centro de jueces. Mientras tanto, si necesitas crear un examen, contact a tu <a href=\"https:\/\/blogs.magicjudges.org\/o\/advanced-roles-es\/regional-coordinators-es\/\">Coordinador regional<\/a>.<\/p>\n<p><\/div>\n<p>Los candidatos se certifican como jueces de Magic por dos razones principalmente. La primera es que son embajadores adecuados para Wizards of the Coast y el Programa de Jueces de Magic. La segunda es integrarse en la amplia comunidad de jueces haciendo que les sea m\u00e1s f\u00e1cil ense\u00f1ar, aprender y mejorar. Aquella persona que se certifica como juez ha de poder ser confiable y responsable. Esto quiere decir que los jugadores, organizadores y otros jueces pueden confiar en que esos individuos y los eventos que realicen cumplir\u00e1n con los altos est\u00e1ndares hist\u00f3ricamente impuestos por el Programa de Jueces.<\/p>\n<p>Lo que el Programa de Jueces busca en un candidato es la respuesta a \u201c\u00bfCuan buena ser\u00e1 la experiencia de los jugadores en los eventos de este candidato?\u201d<\/p>\n<p>La p\u00e1gina de <a href=\"http:\/\/blogs.magicjudges.org\/o\/judge-levels-es\/\">niveles de juez<\/a> contiene informaci\u00f3n, requisitos y la definici\u00f3n de cada uno de los niveles. Antes de dar el visto bueno a examinar a alguien, \u00e9ste deber\u00eda cumplir estos requisitos (a menos que, por ejemplo, se le est\u00e9 poniendo a prueba en el primer evento que arbitra oficialmente). Las conversaciones y observaciones previas al examen, ya sea un jugador o juez el examinado, pueden y deber\u00edan ser utilizadas para confirmar que el candidato est\u00e1 listo para realizar la prueba.<\/p>\n<h2>Crear un examen<\/h2>\n<p>El primer paso es <a href=\"http:\/\/judge.wizards.com\/login.aspx\">acceder al Judge Center<\/a> con tu n\u00famero DCI y tu contrase\u00f1a. Selecciona la pesta\u00f1a <i>\u201cex\u00e1menes\u201d<\/i> o bien <i>\u201ccrear\u201d<\/i> un nuevo examen o <i>\u201cseleccionar\u201d<\/i> uno ya existente.<\/p>\n<h3>Consideraciones a tener en cuenta para todas las preguntas del ex\u00e1men<\/h3>\n<p>En todos los ex\u00e1menes, a menos que se diga lo contrario, el candidato a certificaci\u00f3n tendr\u00e1 que considerar siempre los siguientes supuestos:<\/p>\n<ul>\n<li>El nombre del jugador activo comienza con <i>\u201cA\u201d<\/i> mientras que el nombre del jugador no activo comienza por <i>\u201cN\u201d<\/i>.<\/li>\n<li>Los jugadores disponen de todos los recursos necesarios para realizar las acciones que el escenario plantea.<\/li>\n<li>Los jugadores s\u00f3lo realizan las acciones descritas y no existen otros efectos que afecten al estado de la partida.<\/li>\n<li>Los jugadores s\u00f3lo disponen de las criaturas o permanentes que no sean tierra que se mencionan en el supuesto.<\/li>\n<li>Los jugadores son tanto controladores como propietarios de los permanentes que se dispongan en el escenario.<\/li>\n<li>Los jugadores no han cometido ninguna infracci\u00f3n previa durante el transcurso del torneo.<\/li>\n<\/ul>\n<h3>Tipos de pruebas<\/h3>\n<p>Elige el juego para el cual es la prueba y el idioma en el que deber\u00eda hacerse (nota: no todas las pruebas podr\u00edan estas disponibles en todos los idiomas).<\/p>\n<p>En funci\u00f3n del nivel de juez certificado (y rol), hay varias pruebas disponibles:<\/p>\n<table width=\"800\">\n<tbody>\n<tr>\n<td width=\"80\">Prueba<\/td>\n<td width=\"208\">Descripci\u00f3n<\/td>\n<td width=\"77\">Disponible para<\/td>\n<td width=\"80\">Puntuaci\u00f3n m\u00ednima<\/td>\n<td width=\"80\">Tiempo para repetir<\/td>\n<td width=\"67\">L\u00edmite de tiempo (online)<\/td>\n<td width=\"72\">Preguntas de reglas<\/td>\n<td width=\"77\">Preguntas de pol\u00edticas<\/td>\n<td width=\"59\">Tama\u00f1o total<\/td>\n<\/tr>\n<tr>\n<td width=\"80\">Pr\u00e1ctica f\u00e1cil<\/td>\n<td width=\"208\">Prueba de pr\u00e1ctica con preguntas f\u00e1ciles, m\u00e1s o menos parecido al examen de nivel 1<\/td>\n<td width=\"77\">Todos<\/td>\n<td width=\"80\">n\/a<\/td>\n<td width=\"80\">ninguno<\/td>\n<td width=\"67\">30 min<\/td>\n<td width=\"72\">10<\/td>\n<td width=\"77\">2<\/td>\n<td width=\"59\">12<\/td>\n<\/tr>\n<tr>\n<td width=\"80\">Pr\u00e1ctica dif\u00edcil<\/td>\n<td width=\"208\">Prueba de pr\u00e1ctica con preguntas dif\u00edciles, m\u00e1s o menos parecido al examen de nivel 2<\/td>\n<td width=\"77\">Todos<\/td>\n<td width=\"80\">n\/a<\/td>\n<td width=\"80\">ninguno<\/td>\n<td width=\"67\">30 min<\/td>\n<td width=\"72\">10<\/td>\n<td width=\"77\">2<\/td>\n<td width=\"59\">12<\/td>\n<\/tr>\n<tr>\n<td width=\"80\">Pr\u00e1ctica de pol\u00edticas<\/td>\n<td width=\"208\">Prueba de pr\u00e1ctica con preguntas sobre las MIPG y otros documentos de pol\u00edticas<\/td>\n<td width=\"77\">Todos<\/td>\n<td width=\"80\">69%<\/td>\n<td width=\"80\">ninguno<\/td>\n<td width=\"67\">30 min<\/td>\n<td width=\"72\">0<\/td>\n<td width=\"77\">10<\/td>\n<td width=\"59\">10<\/td>\n<\/tr>\n<tr>\n<td width=\"80\">Pr\u00e1ctica de nivel 1<\/td>\n<td width=\"208\">Prueba para evaluar el conocimiento de normas y pol\u00edticas para el examen de nivel 1<\/td>\n<td width=\"77\">Todos<\/td>\n<td width=\"80\">70%<\/td>\n<td width=\"80\">28 d\u00edas<\/td>\n<td width=\"67\">60 min<\/td>\n<td width=\"72\">14<\/td>\n<td width=\"77\">6<\/td>\n<td width=\"59\">20<\/td>\n<\/tr>\n<tr>\n<td width=\"80\">Nivel 1<\/td>\n<td width=\"208\">Prueba para conseguir el <a href=\"http:\/\/blogs.magicjudges.org\/o\/judge-levels-es\/#level1\">nivel 1<\/a><\/td>\n<td width=\"77\">Nivel 2+<\/td>\n<td width=\"80\">70%<\/td>\n<td width=\"80\">2 meses<\/td>\n<td width=\"67\">75 min<\/td>\n<td width=\"72\">18<\/td>\n<td width=\"77\">7<\/td>\n<td width=\"59\">25<\/td>\n<\/tr>\n<tr>\n<td width=\"80\">Pr\u00e1ctica de nivel 2<\/td>\n<td width=\"208\">Prueba para evaluar el conocimiento de normas y pol\u00edticas para el examen de nivel 2<\/td>\n<td width=\"77\">Nivel 1+<\/td>\n<td width=\"80\">70%<\/td>\n<td width=\"80\">2 meses<\/td>\n<td width=\"67\">75 min<\/td>\n<td width=\"72\">17<\/td>\n<td width=\"77\">8<\/td>\n<td width=\"59\">25<\/td>\n<\/tr>\n<tr>\n<td width=\"80\">Nivel 2<\/td>\n<td width=\"208\">Prueba para conseguir el <a href=\"http:\/\/blogs.magicjudges.org\/o\/judge-levels-es\/#level2\">nivel 2<\/a><\/td>\n<td width=\"77\">Nivel 3\/ <a href=\"https:\/\/blogs.magicjudges.org\/o\/judge-levels-es\/certifications-es\/the-level-2-tester-certification-es\/\">Examinador de nivel 2<\/a><\/td>\n<td width=\"80\">80%<\/td>\n<td width=\"80\">3 meses<\/td>\n<td width=\"67\">150 min<\/td>\n<td width=\"72\">35<\/td>\n<td width=\"77\">15<\/td>\n<td width=\"59\">50<\/td>\n<\/tr>\n<tr>\n<td width=\"80\">Examen preliminar de nivel 3<\/td>\n<td width=\"208\">Prueba para evaluar el conocimiento de normas y pol\u00edticas para el examen de nivel 3<\/td>\n<td width=\"77\">Nivel 2+ (necesita un nivel 3+ para crearlo)<\/td>\n<td width=\"80\">n\/a<\/td>\n<td width=\"80\">especial<\/td>\n<td width=\"67\">100 min<\/td>\n<td width=\"72\">17<\/td>\n<td width=\"77\">8<\/td>\n<td width=\"59\">25<\/td>\n<\/tr>\n<tr>\n<td width=\"80\">L3A<\/td>\n<td width=\"208\">Examen de nivel 3 versi\u00f3n A<\/td>\n<td width=\"77\">Especial<\/td>\n<td width=\"80\">80%<\/td>\n<td width=\"80\">n\/a<\/td>\n<td width=\"67\">n\/a<\/td>\n<td width=\"72\"><\/td>\n<td width=\"77\"><\/td>\n<td width=\"59\"><\/td>\n<\/tr>\n<tr>\n<td width=\"80\">L3B<\/td>\n<td width=\"208\">Examen de nivel 3 versi\u00f3n B<\/td>\n<td width=\"77\">Especial<\/td>\n<td width=\"80\">80%<\/td>\n<td width=\"80\">n\/a<\/td>\n<td width=\"67\">n\/a<\/td>\n<td width=\"72\"><\/td>\n<td width=\"77\"><\/td>\n<td width=\"59\"><\/td>\n<\/tr>\n<\/tbody>\n<\/table>\n<h3>Selecci\u00f3n de candidato<\/h3>\n<p>Las pruebas pueden ser creadas por uno mismo o por una persona diferente si esta es juez nivel 2 o superior. Si la prueba fue creada por otra persona el creador puede ver las respuestas si esta se realiza online (para algunas pruebas existe la opci\u00f3n \u201cpapel\u201d y \u201conline\u201d) Crear una prueba para otra persona a modo de entrenamiento es \u00fatil. Para esta opci\u00f3n <strong>usar el n\u00famero DCI es lo m\u00e1s recomendado<\/strong> debido a que puede haber gente con nombres parecidos o incluso el mismo nombre (por lo que usar una b\u00fasqueda por nombre no es lo m\u00e1s adecuado).<\/p>\n<p>Cuando est\u00e9 disponible, siempre crea un &#8220;examen personalizado&#8221;, que crea un examen con preguntas que el candidato no ha visto antes.<\/p>\n<p>Los ex\u00e1menes online para nivel 1 y 2 solo deber\u00edan hacerse involucrando al <a href=\"http:\/\/blogs.magicjudges.org\/o\/advanced-roles\/regional-coordinators-es\/\">Coordinador regional<\/a>, para candidatos remotos. Los resultados de ex\u00e1menes &#8220;gen\u00e9ricos&#8221; no se registran en el Centro de jueces, y no deber\u00edan usarse salvo en situaciones de entrenamiento.<\/p>\n<h3>Impresi\u00f3n de la prueba<\/h3>\n<p>Los siguientes documentos est\u00e1n disponibles para ex\u00e1menes escritos:<\/p>\n<ul style=\"text-align: justify\">\n<li><em>Examen en papel<\/em>\u00a0\u2013 Las preguntas del examen. Imprimir dos p\u00e1ginas por hoja ahorra papel.<\/li>\n<li><em>Hoja de respuestas<\/em>\u00a0\u2013 La hoja para que el candidato marque las respuestas.<\/li>\n<li><em>Hoja de respuestas corta<\/em>\u00a0\u2013 La hoja de respuestas, pero con las respuestas correctas marcadas.<\/li>\n<li><em>Hoja de respuestas completa<\/em>\u00a0\u2013 El examen de papel, con las respuestas correctas marcadas y una explicaci\u00f3n completa con referencias a reglas y pol\u00edticas.<\/li>\n<li><em>Hoja de respuestas media<\/em>\u00a0\u2013 Igual a la hoja de respuestas completa, pero sin el texto de Oracle de las cartas, solo con los nombres de las cartas en las preguntas.<\/li>\n<\/ul>\n<p>Imprime al menos el <em>Examen en papel<\/em> y la <em>Hoja de respuestas<\/em>.<\/p>\n<h2>Problemas comunes en navegadores web<\/h2>\n<h3><b>Saltos de p\u00e1gina en los ex\u00e1menes impresos<\/b><\/h3>\n<p>Algunos navegadores pueden hacer que el examen se imprima con saltos de p\u00e1gina en mitad de las preguntas lo que puede hacer que este sea complejo de leer. Sigue este procedimiento:<\/p>\n<ul>\n<li>Guarda la web como un archivo html.<\/li>\n<li>Abre dicho archivo con wordpad\/bloc de notas.<\/li>\n<li>Busca esta l\u00ednea de c\u00f3digo: &lt;span id=&#8221;_ucExamGrid_QuestionsDataList&#8221; style=&#8221;display:inline-block;width:95%;&#8221;&gt;&lt;span&gt;<\/li>\n<li>Reemplazalo por esta l\u00ednea:&lt;span id=&#8221;_ucExamGrid_QuestionsDataList&#8221;&gt;&lt;span&gt;<\/li>\n<li>Guarda el archivo.<\/li>\n<li>\u00c1brelo con el navegador e impr\u00edmelo.<\/li>\n<\/ul>\n<h3><b>Los textos del Oracle no se muestran en las preguntas del examen<\/b><\/h3>\n<p>Si en un examen en tu navegador aparecen cajas en blanco en vez del texto del Oracle para las cartas relevantes puede resolverse a\u00f1adiendo el site a la lista de sitios de confianza de Windows, o del propio buscador. Posibles soluciones:<\/p>\n<h4><b>Para Internet Explorer, Firefox y Chrome<\/b><\/h4>\n<p>A\u00f1ade judge.wizards.com a los sitios de confianza.<br \/>\nPanel de control -&gt; Opciones de internet -&gt; Pesta\u00f1a Seguridad -&gt; Sitios de confianza -&gt; Bot\u00f3n Sitios -&gt; escribe \u201cjudge.wizards.com\u201d en la casilla de a\u00f1adir, deselecciona la opci\u00f3n de verificaci\u00f3n https y pulsa a\u00f1adir.<\/p>\n<h4><b>Para Firefox<\/b><\/h4>\n<p>Herramientas -&gt; Opciones -&gt; Pesta\u00f1a Seguridad -&gt; Bot\u00f3n de Excepciones -&gt; escribe \u201cjudge.wizards.com\u201d dentro de la ventana de direcciones y pulsa Permitir.<\/p>\n<p>Si esta soluci\u00f3n no funciona, trata de recargar la p\u00e1gina del examen.<\/p>\n<h2 style=\"text-align: justify\">Hacer el examen<\/h2>\n<p style=\"text-align: justify\">Un examen puede hacerse en cualquier momento, no tiene que ser durante un evneto. Si el candidato trabaja en una tienda, recuerda al coordinar un momento para realizar el examen que no podr\u00e1n estar haciendo otra tarea mientras hacen el examen. No podr\u00e1s examinar a alguien mientras est\u00e1n tratando de trabajar por su cuenta. El examen en si no tiene tiempo l\u00edmite, a la mayor\u00eda de candidatos les lleva 60 a 90 minutos el examen de nivel 1, y de 90 a 180 minutos \u00a0el examen de nivel 2. Los candidatos no pueden tener\u00a0notas (como las preguntas frecuentes de una colecci\u00f3n de Magic o los documentos de pol\u00edticas) durante el examen. Que se sienten en un lugar tranquilo y repasen los siguientes puntos antes de comenzar:<\/p>\n<ul style=\"text-align: justify\">\n<li>Lo que coloquen en la hoja de respuestas es lo que marcar\u00e1s. En el examen completo pueden tachar, escribir o anotar preguntas\u00a0que te quieren hacer luego. Ayuda darle al candidato algunas tierras b\u00e1sicas para ayudar a visualizar escenarios.<\/li>\n<li>Los contenidos del examen son confidenciales y solo pueden discutirlos contigo.<\/li>\n<li>El jugador cuyo nombre comienza con &#8220;A&#8221; es el jugador activo y el jugador cuyo nombre comienza con &#8220;N&#8221; es el jugador no activo.<\/li>\n<li>Mu\u00e9strales las diferencias entre las preguntas que tienen una \u00fanica respuesta y las &#8220;elige cualquier cantidad de respuestas&#8221;, cuya cantidad de respuestas puede ir de 0 a 5.<\/li>\n<\/ul>\n<h3 style=\"text-align: justify\">Corregir el examen<\/h3>\n<p style=\"text-align: justify\">Si tienes acceso a internet cuando tomes la prueba, puedes ingresar las respuestas del candidato directo en el centro de jueces. Una vez que hayas hecho esto si abres la Hoja de respuestas completo te mostrar\u00e1 cada pregunta lo que el candidato respondi\u00f3, la respuesta correcta y la explicaci\u00f3n completa de la respuesta. Si pueden acceder en un dispositivo m\u00f3vil, es una excelente manera de tener toda la informaci\u00f3n de la prueba en un mismo lugar para revisar con el candidato.<\/p>\n<p style=\"text-align: justify\">Si no tienes acceso a internet cuando tomes la prueba, aseg\u00farate de tener impresa la hoja de respuestas corta o guardada como PDF. Puedes usarla para identificar respuestas incorrectas y obtener un puntaje para la prueba, y luego ingresar las respuestas del candidato online m\u00e1s tarde. Una t\u00e9cnica que puede ayudarte es marcar las respuestas del candidato en la hoja de respuestas corta, marcando las que no corresponden con las respuestas correctas.<\/p>\n<p style=\"text-align: justify\">Revisa las respuestas dos veces antes de enviarlas.<\/p>\n<h2>Puntuaciones para ex\u00e1menes de nivel 1 y 2<\/h2>\n<p>La puntuaci\u00f3n m\u00ednima para superarlos es del 70% y 80% respectivamente como se describe anteriormente. Con el fin de que todos los ascensos para nivel 1 y 2 funcionen correctamente, el hecho de obtener un resultado que supere el examen no actualiza autom\u00e1ticamente la membres\u00eda. Es necesaria una <i>\u201centrevista\u201d<\/i> redactando la correspondiente evaluaci\u00f3n de la misma para que se actualice la membres\u00eda.<\/p>\n<p>Esto hace que no sea posible promocionar a nadie sin introducir una evaluaci\u00f3n. Hemos de hacer hincapi\u00e9 en la utilizaci\u00f3n de las evaluaciones, en especial en la promoci\u00f3n de jueces y la comunicaci\u00f3n de informaci\u00f3n ya sea informaci\u00f3n b\u00e1sica para integrar al nuevo juez en la comunidad o para informarle de los distintos recursos disponibles.<\/p>\n<h2>Tras el examen<\/h2>\n<h3>Entrevista<\/h3>\n<p>Tras del examen se debe realizar una peque\u00f1a entrevista con el candidato. Esta es una oportunidad para sentarse y hablar de <strong>Magic<\/strong>: The Gathering y ser juez, pudiendo valorar y confirmar si el candidato ser\u00e1 un miembro beneficioso para la comunidad tanto siguiendo la pol\u00edtica como por su disposici\u00f3n a aprender. Este es tambi\u00e9n el momento para revisar el resultado del examen escrito aclarando malentendidos y mostrando las respuestas correctas en aquellas que el candidato ha errado. En primer lugar repasar las respuestas donde el candidato tiene dudas o dice no estar seguro, seguidamente revisar las dem\u00e1s respuestas incorrectas. Si el candidato no ha logrado superar la prueba este paso puede ayudarle a identificar las \u00e1reas sobre las que puede trabajar con nuestra ayuda. Fijar una fecha o un evento para una nueva prueba permite al candidato disponer de una meta sobre la que trabajar y le anima a seguir arbitrando.<\/p>\n<p>Otros puntos importantes a tratar:<\/p>\n<ul>\n<li>Para los nuevos nivel 1, reforzar la filosof\u00eda NIR normal: se trata de divertirse y, como jueces, estamos ah\u00ed para ayudar a los jugadores y corregir el estado de juego en lugar de castigarlos.<\/li>\n<li>Para los nuevos nivel 1, recordar que, al contrario que en NIR competitivo, las p\u00e9rdidas de juego s\u00f3lo se emplean como \u00faltimo recurso en NIR normal\u00a0despu\u00e9s de que un jugador ha cometido el mismo error o se le ha pedido cambiar su comportamiento varias veces. Problemas con el sideboard\u00a0o el n\u00famero de cartas del mazo no deber\u00edan terminar con una p\u00e9rdida de juego en NIR normal.<\/li>\n<li>Para los nuevos nivel 2, reforzar la filosof\u00eda del NIR competitivo centr\u00e1ndose en aplicar coherentemente la <i>Gu\u00eda de Procedimientos de Infracciones de Magic<\/i>.<\/li>\n<li>Para los nuevos nivel 2, reforzar la importancia de la creaci\u00f3n de comunidad y la mentorizaci\u00f3n.<\/li>\n<\/ul>\n<h3>Introducir los resultados (s\u00f3lo para pruebas en papel)<\/h3>\n<p>Cuando el candidato ha terminado la prueba introduce todas las respuestas, realizando doble comprobaci\u00f3n, y revisa las respuestas con el candidato.<\/p>\n<h3>Comentarios sobre las preguntas<\/h3>\n<p>Si existe alg\u00fan problema con las preguntas y respuestas (demasiado f\u00e1ciles o dif\u00edciles, inadecuadas para la prueba generada, anticuadas, etc) contacta con <span class='judge-tooltip'><a href='https:\/\/apps.magicjudges.org\/judges\/dci\/46966237' >Brian Schenck<\/a><span class='avatar'><img width='200' height='200' src='https:\/\/apps.magicjudges.org\/dci\/avatar?dci=46966237&size=200'><\/span><\/span>.<\/p>\n<h3>Introducir la evaluaci\u00f3n del ascenso<\/h3>\n<p>Introducir la revisi\u00f3n de la evaluaci\u00f3n es una parte obligatoria en el proceso de certificaci\u00f3n. Sin una revisi\u00f3n introducida el ascenso no ser\u00e1 procesado. Revisa la <a href=\"http:\/\/blogs.magicjudges.org\/o\/judge-certification-es\/reviews-es\/#introducir-evaluaciones-de-avance\">p\u00e1gina de evaluaci\u00f3n<\/a> para m\u00e1s informaci\u00f3n acerca de c\u00f3mo introducir un proceso de evaluaci\u00f3n.<\/p>\n<h3 style=\"text-align: justify\">Actualiza el nivel del candidato<\/h3>\n<p style=\"text-align: justify\">Si el candidato pasa al siguiente nivel el juez que\u00a0realiza el examen deber\u00eda actualizar el nivel del candidato manualmente en JudgeApps. Lee m\u00e1s al respecto en <a href=\"http:\/\/blogs.magicjudges.org\/judgeapps\/updating-judge-levels\/\">actualizando niveles de juez en JudgeApps<\/a>.<\/p>\n<p style=\"text-align: justify\">Los niveles de juez en el Centro de jueces se actualizan autom\u00e1ticamente poco despu\u00e9s de enviar la evaluaci\u00f3n de entrevista.<\/p>\n<h3 style=\"text-align: justify\">Informa a tu comunidad<\/h3>\n<p style=\"text-align: justify\">Cuando un candidato sube de nivel es costumbre comunicarselo al Coordinador regional del candidato y\/o a los jueces de alto nivel. Tambi\u00e9n es recomendable celebrar la promoci\u00f3n del candidato en el correspondiente foro regional de JudgeApps o en los sitios de redes sociales.<\/p>\n<h2 style=\"text-align: justify\"><a style=\"color: #0000ff\" href=\"http:\/\/blogs.magicjudges.org\/o\/judge-testing\/the-level-1-exam-es\/\">El examen de nivel 1<\/a><\/h2>\n<p style=\"text-align: justify\">Informaci\u00f3n detallada sobre el prop\u00f3sito del examen de nivel 1, quienes deber\u00edan hacerlo y recomendaciones de estudio.<\/p>\n<h2 style=\"text-align: justify\"><a style=\"color: #0000ff\" href=\"http:\/\/blogs.magicjudges.org\/o\/judge-testing\/the-level-2-exam-es\/\">El examen de nivel 2<\/a><\/h2>\n<p style=\"text-align: justify\">Informaci\u00f3n detallada sobre el prop\u00f3sito del examen de nivel 2, quienes deber\u00edan hacerlo y recomendaciones de estudio.<\/p>\n<p><em>Esta p\u00e1gina fue escrita por <span class='judge-tooltip'><a href='https:\/\/apps.magicjudges.org\/judges\/dci\/25153831' >Fabian Peck<\/a><span class='avatar'><img width='200' height='200' src='https:\/\/apps.magicjudges.org\/dci\/avatar?dci=25153831&size=200'><\/span><\/span> y su traducci\u00f3n revisada por <span class='judge-tooltip'><a href='https:\/\/apps.magicjudges.org\/judges\/dci\/20177000' >Juan A. Del Compare<\/a><span class='avatar'><img width='200' height='200' src='https:\/\/apps.magicjudges.org\/dci\/avatar?dci=20177000&size=200'><\/span><\/span><\/em><\/p>\n","protected":false},"excerpt":{"rendered":"<p>Los candidatos se certifican como jueces de Magic por dos razones principalmente. La primera es que son embajadores adecuados para Wizards of the Coast y el Programa de Jueces de Magic. La segunda es integrarse en la amplia comunidad de jueces haciendo que les sea m\u00e1s f\u00e1cil ense\u00f1ar, aprender y mejorar. Aquella persona que se [&hellip;]<\/p>\n","protected":false},"author":13,"featured_media":0,"parent":0,"menu_order":0,"comment_status":"closed","ping_status":"closed","template":"page_width-index.php","meta":{"footnotes":"","_links_to":"","_links_to_target":""},"language":[8],"class_list":["post-989","page","type-page","status-publish","hentry","language-es"],"_links":{"self":[{"href":"https:\/\/blogs.magicjudges.org\/o\/wp-json\/wp\/v2\/pages\/989","targetHints":{"allow":["GET"]}}],"collection":[{"href":"https:\/\/blogs.magicjudges.org\/o\/wp-json\/wp\/v2\/pages"}],"about":[{"href":"https:\/\/blogs.magicjudges.org\/o\/wp-json\/wp\/v2\/types\/page"}],"author":[{"embeddable":true,"href":"https:\/\/blogs.magicjudges.org\/o\/wp-json\/wp\/v2\/users\/13"}],"replies":[{"embeddable":true,"href":"https:\/\/blogs.magicjudges.org\/o\/wp-json\/wp\/v2\/comments?post=989"}],"version-history":[{"count":32,"href":"https:\/\/blogs.magicjudges.org\/o\/wp-json\/wp\/v2\/pages\/989\/revisions"}],"predecessor-version":[{"id":4458,"href":"https:\/\/blogs.magicjudges.org\/o\/wp-json\/wp\/v2\/pages\/989\/revisions\/4458"}],"wp:attachment":[{"href":"https:\/\/blogs.magicjudges.org\/o\/wp-json\/wp\/v2\/media?parent=989"}],"wp:term":[{"taxonomy":"language","embeddable":true,"href":"https:\/\/blogs.magicjudges.org\/o\/wp-json\/wp\/v2\/language?post=989"}],"curies":[{"name":"wp","href":"https:\/\/api.w.org\/{rel}","templated":true}]}}