{"id":992,"date":"2014-09-20T19:09:06","date_gmt":"2014-09-20T19:09:06","guid":{"rendered":"http:\/\/blogs.magicjudges.org\/o\/?page_id=992"},"modified":"2018-03-28T19:35:44","modified_gmt":"2018-03-28T19:35:44","slug":"the-level-1-test-es","status":"publish","type":"page","link":"https:\/\/blogs.magicjudges.org\/o\/judge-testing-es\/the-level-1-test-es\/","title":{"rendered":"El examen de nivel 1"},"content":{"rendered":"<h2>Finalidad del examen de nivel 1<\/h2>\n<p>El prop\u00f3sito del examen de nivel 1 es evaluar el conocimiento b\u00e1sico de las reglas de un candidato y la comprensi\u00f3n de las pol\u00edticas y procedimientos relacionados con los eventos de NIR Normal. Un candidato demuestra esto al sacar un 70% o m\u00e1s en su examen de nivel 1.<\/p>\n<p>Dado que los eventos de NIR Normal representan la mayor parte de los eventos sancionados, es importante asegurarse de que cumplan ciertos requisitos de sanci\u00f3n y que se siguen los procedimientos relacionados. Los candidatos deben saber las reglas lo suficientemente bien como para ayudar a un jugador nuevo a empezar con el juego, ser capaz de explicar las reglas en general, y comprender la interacci\u00f3n de los conceptos b\u00e1sicos y su mec\u00e1nica. Esto ayuda a garantizar que los candidatos puedan ayudar a los jugadores con un nivel b\u00e1sico de atenci\u00f3n al cliente que se espera de un juez certificado, adem\u00e1s de como juez, a fomentar un ambiente positivo para la comunidad. Los candidatos son entrevistados por el juez que los certifica para asegurar que el candidato entiende el importante papel que interpretan en la comunidad y de otra manera pueda desarrollar su cometido en la comunidad.<\/p>\n<p>Despu\u00e9s de aprobar el examen de nivel 1, el juez que lo certifica env\u00eda una evaluaci\u00f3n en <a href=\"https:\/\/apps.magicjudges.org\/reviews\/create\/\">Judge Apps<\/a>. El candidato es promocionado a nivel 1 una vez que se env\u00eda esta evaluaci\u00f3n.<\/p>\n<h2>Materia de estudio<\/h2>\n<p>Basado en el prop\u00f3sito definido del examen de Nivel 1, los candidatos deber\u00edan estudiar los siguientes documentos para entender el conjunto de la materia que cubre el examen:<\/p>\n<ul>\n<li><a href=\"http:\/\/magic.wizards.com\/es\/game-info\/gameplay\/rules-and-formats\">El reglamento b\u00e1sico<\/a><\/li>\n<li><a href=\"http:\/\/wpn.wizards.com\/en\/document\/magic-gathering-tournament-rules\">Las Reglas de Torneo de Magic<\/a>, con \u00e9nfasis espec\u00edfico en la secci\u00f3n 2, la secci\u00f3n 10 y el ap\u00e9ndice B.<\/li>\n<li><a href=\"http:\/\/wpn.wizards.com\/en\/node\/61\">La gu\u00eda Juzgando\u00a0en NIR Normal<\/a><\/li>\n<\/ul>\n<p>Este es el tipo de documentaci\u00f3n que necesitas para tomar decisiones y ayudar a los jugadores proporcionando una atenci\u00f3n al cliente positiva. Tambi\u00e9n sirve como base de tus conocimientos de normas y pol\u00edticas, sobre el que construir\u00e1s todo conocimiento futuro que te permitir\u00e1 servir mejor a la comunidad.<\/p>\n<p>No se espera que hayas estudiado las Reglas\u00a0Completas, aunque algunos opinan que ciertas secciones de las mismas pueden ser de ayuda. Tampoco se espera que hayas estudiado la Gu\u00eda de Procedimientos de Infracciones, ya que este documento gobierna c\u00f3mo los jueces gestionan los problemas en eventos de NIR Competitivo. Es muy importante que entiendas la filosof\u00eda de arbitrar un evento de NIR Normal, que es una experiencia diferente a arbitrar eventos de NIR Competitivo.<\/p>\n<h2>Temas cubiertos por el examen<\/h2>\n<p>Ya que el examen es una evaluaci\u00f3n general sobre conocimiento b\u00e1sico de reglas, as\u00ed como las pol\u00edticas y procedimientos relacionados con los eventos de NIR Normal, una lista de temas espec\u00edficos fue desarrollada para incluirla en el examen de Nivel 1. Aunque el examen se genera aleatoriamente para que sea \u00fanico para cada candidato, querr\u00e1s asegurarte de que entiendes los siguientes temas sobre conocimiento de reglas\u00a0y conceptos generales del juego, as\u00ed como pol\u00edticas y procedimientos, lo suficientemente bien como para aplicar tus conocimientos a una variedad de situaciones:<\/p>\n<ul>\n<li>Conceptos generales del juego, como las partes de una carta. Esto incluye tipos de cartas, costes de man\u00e1, etc.<\/li>\n<li>Las diferentes zonas del juego, y qu\u00e9 representa cada una de ellas as\u00ed como los objetos en esas zonas.<\/li>\n<li>La estructura del turno, espec\u00edficamente las diferentes fases y pasos de cada fase as\u00ed como lo que ocurre en cada fase y paso.<\/li>\n<li>La fase de combate, espec\u00edficamente los pasos de esta fase, las acciones de juego que ocurren en ella, y qu\u00e9 jugador y cu\u00e1ndo puede lanzar hechizos o activar habilidades.<\/li>\n<li>El proceso general de lanzar un hechizo y\/o activar una habilidad.<\/li>\n<li>El proceso general para manejar habilidades disparadas y ponerlas en la pila.<\/li>\n<li>El proceso general de resolver un hechizo y\/o habilidad.<\/li>\n<li>Determinar las habilidades y\/o la fuerza y resistencia de una criatura.<\/li>\n<li>C\u00f3mo funcionan los efectos de reemplazo y\/o de prevenci\u00f3n.<\/li>\n<li>C\u00f3mo funcionan los efectos de copia en criaturas.<\/li>\n<li>Las reglas\u00a0b\u00e1sicas y elementos de Gigante de dos cabezas.<\/li>\n<li>Las acciones de palabra clave y\/o habilidades presentes en Est\u00e1ndar. (Acudir a las Preguntas frecuentes de las colecciones\u00a0recientes puede ser de ayuda en este punto.)<\/li>\n<li>Educar y ayudar a los jugadores con Problemas Frecuentes y Comportamientos Generalmente no Deseados en NIR Normal.<\/li>\n<li>Tratar con jugadores que cometen Problemas Serios en NIR Normal.<\/li>\n<li>C\u00f3mo usar el sideboard\u00a0en Limitado y Construido, especialmente en eventos de NIR Normal que no usan listas de mazos.<\/li>\n<li>La estructura general de partidas en un evento.<\/li>\n<li>Requerimientos m\u00ednimos para sancionar y celebrar un evento.<\/li>\n<\/ul>\n<p>Aunque el conocimiento de decisiones espec\u00edficas puede ser de ayuda, muchas preguntas representan un conocimiento m\u00e1s general de las reglas\u00a0b\u00e1sicas. As\u00ed que querr\u00e1s desarrollar un conocimiento de estos conceptos y c\u00f3mo se aplican de diferentes maneras dependiendo de las cartas involucradas. En algunos casos quiz\u00e1s quieras simplemente leer la carta, para entender exactamente qu\u00e9 est\u00e1 ocurriendo en un escenario. En otros casos, deber\u00e1s estar familiarizado con una terminolog\u00eda espec\u00edfica del juego o la estructura general del turno en s\u00ed.<\/p>\n<p>Por favor, recuerda que la materia del examen es confidencial, por lo que se te proh\u00edbe comentar dicha materia con cualquier otra persona que no sea el juez que te est\u00e1 certificando.<\/p>\n<h2>Usar ex\u00e1menes de pr\u00e1ctica<\/h2>\n<p>Los candidatos deber\u00edan prepararse el examen de Nivel 1 usando las Pr\u00e1cticas de reglas y pol\u00edticas disponibles en <a href=\"http:\/\/apps.magicjudges.org\/exams\">Judge Apps<\/a>. La dificultad presente en los ex\u00e1menes de Pr\u00e1cticas f\u00e1ciles es comparable con el examen de nivel 1, y la parte de pol\u00edtica est\u00e1 m\u00e1s orientada hacia la gesti\u00f3n de situaciones en NIR Normal. Algunos de los contenidos de normas presentes en los ex\u00e1menes de Pr\u00e1ctica f\u00e1cil no se corresponden exactamente con lo que aparecer\u00e1 en tu examen de Nivel 1, ya que las Pr\u00e1cticas f\u00e1ciles sirven como punto introductorio para una audiencia m\u00e1s amplia que empieza con el conocimiento de reglas\u00a0y pol\u00edticas. A\u00fan as\u00ed puedes comparar la materia de tus ex\u00e1menes de Pr\u00e1cticas f\u00e1ciles a los temas que posiblemente se cubrir\u00e1n en tu verdadero examen de Nivel 1. Esto te ayudar\u00e1 a centrar tus esfuerzos en mejorar tus conocimientos y estudiar m\u00e1s eficientemente. Deber\u00edas realizar como m\u00ednimo tres ex\u00e1menes de Pr\u00e1cticas f\u00e1ciles, intentando conseguir como m\u00ednimo siete preguntas correctas en cada examen que realices.<\/p>\n<p>Adem\u00e1s, el examen de Pr\u00e1ctica de Nivel 1 se ha desarrollado para ayudar a los candidatos a Nivel 1 a prepararse m\u00e1s directamente para el verdadero examen de Nivel 1. El examen de Pr\u00e1ctica de Nivel 1 est\u00e1 compuesto por contenidos que aparec\u00edan anteriormente en el verdadero examen de Nivel 1, y tiene una dificultad equiparable al actual examen de Nivel 1. El examen de Pr\u00e1ctica de Nivel 1 est\u00e1 disponible para cualquier interesado en convertirse en juez, y todos los jueces de Nivel 2+ tienen la posibilidad de generar ex\u00e1menes de Pr\u00e1ctica de Nivel 1 para candidatos interesados. Un candidato a Nivel 1 deber\u00eda realizar como m\u00ednimo un examen de Pr\u00e1ctica de Nivel 1, con el objetivo de obtener una puntuaci\u00f3n de 65% o mejor. El examen de Pr\u00e1ctica de Nivel 1 est\u00e1 disponible tanto en l\u00ednea como por escrito, para proporcionar a cada candidato a Nivel 1 la experiencia m\u00e1s apropiada.<\/p>\n<p>El examen de Pr\u00e1ctica dif\u00edcil y el examen de Pr\u00e1ctica de pol\u00edticas no est\u00e1n orientados a candidatos a Nivel 1. Estos ex\u00e1menes cubren las Reglas\u00a0completas y\/o la Gu\u00eda de Procedimientos de Infracciones, que no se eval\u00faan en el examen de Nivel 1, y los ex\u00e1menes est\u00e1n dise\u00f1ados para ser un desaf\u00edo para individuos m\u00e1s experimentados.<\/p>\n<h2>Recomendaciones de estudio<\/h2>\n<p>Recomendaciones de estudio y sugerencias m\u00e1s detalladas se publican con periodicidad cuatrimestral en el foro de JudgeApps. Puedes consultar <a href=\"http:\/\/apps.magicjudges.org\/forum\/topic\/5440\/\">esta publicaci\u00f3n en el foro de JudgeApps<\/a> para leer las sugerencias actuales y anteriores.<\/p>\n<p><em>Esta p\u00e1gina fue escrita por <span class='judge-tooltip'><a href='https:\/\/apps.magicjudges.org\/judges\/dci\/46966237' >Brian Schenck<\/a><span class='avatar'><img width='200' height='200' src='https:\/\/apps.magicjudges.org\/dci\/avatar?dci=46966237&size=200'><\/span><\/span> y la traducci\u00f3n revisada por <span class='judge-tooltip'><a href='https:\/\/apps.magicjudges.org\/judges\/dci\/20177000' >Juan A. Del Compare<\/a><span class='avatar'><img width='200' height='200' src='https:\/\/apps.magicjudges.org\/dci\/avatar?dci=20177000&size=200'><\/span><\/span><\/em><\/p>\n","protected":false},"excerpt":{"rendered":"<p>Finalidad del examen de nivel 1 El prop\u00f3sito del examen de nivel 1 es evaluar el conocimiento b\u00e1sico de las reglas de un candidato y la comprensi\u00f3n de las pol\u00edticas y procedimientos relacionados con los eventos de NIR Normal. Un candidato demuestra esto al sacar un 70% o m\u00e1s en su examen de nivel 1. [&hellip;]<\/p>\n","protected":false},"author":13,"featured_media":0,"parent":989,"menu_order":0,"comment_status":"closed","ping_status":"closed","template":"page_width-index.php","meta":{"footnotes":"","_links_to":"","_links_to_target":""},"language":[8],"class_list":["post-992","page","type-page","status-publish","hentry","language-es"],"_links":{"self":[{"href":"https:\/\/blogs.magicjudges.org\/o\/wp-json\/wp\/v2\/pages\/992","targetHints":{"allow":["GET"]}}],"collection":[{"href":"https:\/\/blogs.magicjudges.org\/o\/wp-json\/wp\/v2\/pages"}],"about":[{"href":"https:\/\/blogs.magicjudges.org\/o\/wp-json\/wp\/v2\/types\/page"}],"author":[{"embeddable":true,"href":"https:\/\/blogs.magicjudges.org\/o\/wp-json\/wp\/v2\/users\/13"}],"replies":[{"embeddable":true,"href":"https:\/\/blogs.magicjudges.org\/o\/wp-json\/wp\/v2\/comments?post=992"}],"version-history":[{"count":14,"href":"https:\/\/blogs.magicjudges.org\/o\/wp-json\/wp\/v2\/pages\/992\/revisions"}],"predecessor-version":[{"id":4616,"href":"https:\/\/blogs.magicjudges.org\/o\/wp-json\/wp\/v2\/pages\/992\/revisions\/4616"}],"up":[{"embeddable":true,"href":"https:\/\/blogs.magicjudges.org\/o\/wp-json\/wp\/v2\/pages\/989"}],"wp:attachment":[{"href":"https:\/\/blogs.magicjudges.org\/o\/wp-json\/wp\/v2\/media?parent=992"}],"wp:term":[{"taxonomy":"language","embeddable":true,"href":"https:\/\/blogs.magicjudges.org\/o\/wp-json\/wp\/v2\/language?post=992"}],"curies":[{"name":"wp","href":"https:\/\/api.w.org\/{rel}","templated":true}]}}