{"id":997,"date":"2014-09-20T16:39:52","date_gmt":"2014-09-20T16:39:52","guid":{"rendered":"http:\/\/blogs.magicjudges.org\/o\/?page_id=997"},"modified":"2018-01-04T23:40:24","modified_gmt":"2018-01-04T23:40:24","slug":"spheres-es","status":"publish","type":"page","link":"https:\/\/blogs.magicjudges.org\/o\/spheres-es\/","title":{"rendered":"Esferas explicadas"},"content":{"rendered":"<p>Las Esferas son estas grandes categor\u00edas del Programa de jueces, cada una manejada por un equipo de jueces con un juez nivel 3 como l\u00edder. Cada l\u00edder tiene como responsabilidad principal el mantenimiento, coordinaci\u00f3n y comunicaci\u00f3n con los otros l\u00edderes sobre estas categor\u00edas amplias. Tienen potestad en su Esfera para tomar decisiones de direcci\u00f3n estrat\u00e9gica, facilitar el involucramiento y ayudar a proyectos con problemas, y reconocer las mayores contribuciones.<\/p>\n<p>Los l\u00edderes de esfera no son un rol avanzado y no rotan cada 18 meses. Las esferas y sus l\u00edderes son decididos por los Coordinadores del Programa.<\/p>\n<p>Estas no son Esferas tradicionales, ya que fueron construidas desde la direcci\u00f3n contraria. En lugar de tomar a una persona y encontrar algo para que haga, los Coordinadores del Programa identificaron lo que necesita hacerse y eligieron a la gente adecuada para ello. Los l\u00edderes ser\u00e1n evaluados peri\u00f3dicamente para asegurarse que las cosas funcionen.<\/p>\n<p>Algunos proyectos requerir\u00e1n la cooperaci\u00f3n de varias esferas. Unos pocos proyectos no encajan en ninguna esfera particular, y los Coordinadores del Programa estar\u00e1n manejando esos directamente. Pero este grupo ser\u00e1 el primer punto de contacto para muchos en el d\u00eda a d\u00eda del Programa de jueces. Por favor, no dudes en contactarlos con una gran idea, para ofrecer ayuda, o para solicitar ayuda.<\/p>\n<div class=\"row\">\n<div class=\"col-sm-6 col-md-4 text-center\">\n<h2 style=\"font-size: 15px\"><a href=\"https:\/\/blogs.magicjudges.org\/o\/spheres\/coaching\/\"><strong>Tutor\u00eda<\/strong><\/a><\/h2>\n<div class=\"wp-caption alignnone judgeimg\"><a href=\"https:\/\/apps.magicjudges.org\/judges\/dci\/79140771\"><img src=https:\/\/apps.magicjudges.org\/dci\/avatar?dci=79140771&size=200 alt=\"Ivan Petokovic\nAlemania\"><\/a><p class=\"wp-caption-text\">Ivan Petokovic<br \/>\nAlemania<\/p><\/div>\n<\/div>\n<div class=\"col-sm-6 col-md-4 text-center\">\n<h2 style=\"font-size: 15px\"><a href=\"http:\/\/blogs.magicjudges.org\/o\/spheres\/conferences-es\/\"><strong>Conferencias<\/strong><\/a><\/h2>\n<div class=\"wp-caption alignnone judgeimg\"><a href=\"https:\/\/apps.magicjudges.org\/judges\/dci\/91426501\"><img src=https:\/\/apps.magicjudges.org\/dci\/avatar?dci=91426501&size=200 alt=\"Damian Hiller\nArgentina\"><\/a><p class=\"wp-caption-text\">Damian Hiller<br \/>\nArgentina<\/p><\/div>\n<\/div>\n<div class=\"col-sm-6 col-md-4 text-center\">\n<h2 style=\"font-size: 15px\"><strong>Exemplar<\/strong><\/h2>\n<div class=\"wp-caption alignnone judgeimg\"><a href=\"https:\/\/apps.magicjudges.org\/judges\/dci\/1201757752\"><img src=https:\/\/apps.magicjudges.org\/dci\/avatar?dci=1201757752&size=200 alt=\"Bryan Prillaman\nFlorida (EE. UU.)\"><\/a><p class=\"wp-caption-text\">Bryan Prillaman<br \/>\nFlorida (EE. UU.)<\/p><\/div>\n<\/div>\n<div class=\"col-sm-6 col-md-4 text-center\">\n<h2 style=\"font-size: 15px\"><strong>Operaciones en Grand Prix<br \/>\n<\/strong><\/h2>\n<div class=\"wp-caption alignnone judgeimg\"><a href=\"https:\/\/apps.magicjudges.org\/judges\/dci\/61182474\"><img src=https:\/\/apps.magicjudges.org\/dci\/avatar?dci=61182474&size=200 alt=\"Kevin Desprez\nFrancia\"><\/a><p class=\"wp-caption-text\">Kevin Desprez<br \/>\nFrancia<\/p><\/div>\n<\/div>\n<div class=\"col-sm-6 col-md-4 text-center\">\n<h2 style=\"font-size: 15px\"><a href=\"http:\/\/blogs.magicjudges.org\/o\/spheres\/judge-conduct-es\/\"><strong>Conducta de jueces<\/strong><\/a><\/h2>\n<div class=\"wp-caption alignnone judgeimg\"><a href=\"https:\/\/apps.magicjudges.org\/judges\/dci\/11134222\"><img src=https:\/\/apps.magicjudges.org\/dci\/avatar?dci=11134222&size=200 alt=\"Johanna Virtanen\nFinlandia\"><\/a><p class=\"wp-caption-text\">Johanna Virtanen<br \/>\nFinlandia<\/p><\/div>\n<\/div>\n<div class=\"col-sm-6 col-md-4 text-center\">\n<h2 style=\"font-size: 15px\"><strong>Aprendizaje<br \/>\n<\/strong><\/h2>\n<div class=\"wp-caption alignnone judgeimg\"><a href=\"https:\/\/apps.magicjudges.org\/judges\/dci\/1206310286\"><img src=https:\/\/apps.magicjudges.org\/dci\/avatar?dci=1206310286&size=200 alt=\"Sophie Pages\nFrancia\"><\/a><p class=\"wp-caption-text\">Sophie Pages<br \/>\nFrancia<\/p><\/div>\n<\/div>\n<div class=\"col-sm-6 col-md-4 text-center\">\n<h2 style=\"font-size: 15px\"><a href=\"http:\/\/blogs.magicjudges.org\/o\/spheres\/level-1-level-2\/\"><strong>Niveles de <\/strong><\/a><a href=\"http:\/\/blogs.magicjudges.org\/o\/spheres\/level-3-testing\/\"><strong>jueces<\/strong><\/a><\/h2>\n<div class=\"wp-caption alignnone judgeimg\"><a href=\"https:\/\/apps.magicjudges.org\/judges\/dci\/70274285\"><img src=https:\/\/apps.magicjudges.org\/dci\/avatar?dci=70274285&size=200 alt=\"Alfonso Bueno\nEspa\u00f1a\"><\/a><p class=\"wp-caption-text\">Alfonso Bueno<br \/>\nEspa\u00f1a<\/p><\/div>\n<\/div>\n<div class=\"col-sm-6 col-md-4 text-center\">\n<h2 style=\"font-size: 15px\"><a href=\"http:\/\/blogs.magicjudges.org\/o\/spheres\/investigations-committee-es\/\"><strong>Investigaciones de jugadores<\/strong><\/a><\/h2>\n<div class=\"wp-caption alignnone judgeimg\"><a href=\"https:\/\/apps.magicjudges.org\/judges\/dci\/11134222\"><img src=https:\/\/apps.magicjudges.org\/dci\/avatar?dci=11134222&size=200 alt=\"Johanna Virtanen\nFinlandia\"><\/a><p class=\"wp-caption-text\">Johanna Virtanen<br \/>\nFinlandia<\/p><\/div>\n<\/div>\n<div class=\"col-sm-6 col-md-4 text-center\">\n<h2 style=\"font-size: 15px\"><strong>Comunidades regionales<\/strong><\/h2>\n<div class=\"wp-caption alignnone judgeimg\"><a href=\"https:\/\/apps.magicjudges.org\/judges\/dci\/1204257097\"><img src=https:\/\/apps.magicjudges.org\/dci\/avatar?dci=1204257097&size=200 alt=\"Sebastian P\u0119kala\nPolonia\"><\/a><p class=\"wp-caption-text\">Sebastian P\u0119kala<br \/>\nPolonia<\/p><\/div>\n<\/div>\n<div class=\"col-sm-6 col-md-4 text-center\">\n<h2 style=\"font-size: 15px\"><a href=\"http:\/\/blogs.magicjudges.org\/o\/spheres\/social-media-web-platforms\/\"><strong>Redes sociales y plataformas web<\/strong><\/a><\/h2>\n<div class=\"wp-caption alignnone judgeimg\"><a href=\"https:\/\/apps.magicjudges.org\/judges\/dci\/3102549036\"><img src=https:\/\/apps.magicjudges.org\/dci\/avatar?dci=3102549036&size=200 alt=\"Jack Doyle\nUK\"><\/a><p class=\"wp-caption-text\">Jack Doyle<br \/>\nUK<\/p><\/div>\n<\/div>\n<div class=\"col-sm-6 col-md-4 text-center\">\n<h2 style=\"font-size: 15px\"><strong>Tecnolog\u00eda<\/strong><\/h2>\n<div class=\"wp-caption alignnone judgeimg\"><a href=\"https:\/\/apps.magicjudges.org\/judges\/dci\/79945451\"><img src=https:\/\/apps.magicjudges.org\/dci\/avatar?dci=79945451&size=200 alt=\"Jason Lemahieu\nWisconsin (EE. UU.)\"><\/a><p class=\"wp-caption-text\">Jason Lemahieu<br \/>\nWisconsin (EE. UU.)<\/p><\/div>\n<\/div>\n<div class=\"col-sm-6 col-md-4 text-center\">\n<h2 style=\"font-size: 15px\"><strong>Pol\u00edtica de torneos<\/strong><\/h2>\n<div class=\"wp-caption alignnone judgeimg\"><a href=\"https:\/\/apps.magicjudges.org\/judges\/dci\/40645391\"><img src=https:\/\/apps.magicjudges.org\/dci\/avatar?dci=40645391&size=200 alt=\"Toby Elliott\nMassachusetts (EE. UU.)\"><\/a><p class=\"wp-caption-text\">Toby Elliott<br \/>\nMassachusetts (EE. UU.)<\/p><\/div>\n<\/div>\n<div class=\"col-sm-6 col-md-4 text-center\">\n<h2 style=\"font-size: 15px\"><a href=\"http:\/\/blogs.magicjudges.org\/o\/spheres-es\/translations-es\/\"><strong>Traducciones<\/strong><\/a><\/h2>\n<div class=\"wp-caption alignnone judgeimg\"><a href=\"https:\/\/apps.magicjudges.org\/judges\/dci\/20177000\"><img src=https:\/\/apps.magicjudges.org\/dci\/avatar?dci=20177000&size=200 alt=\"Juan Del Compare\nArgentina\"><\/a><p class=\"wp-caption-text\">Juan Del Compare<br \/>\nArgentina<\/p><\/div>\n<\/div>\n<\/div>\n","protected":false},"excerpt":{"rendered":"<p>Las Esferas son estas grandes categor\u00edas del Programa de jueces, cada una manejada por un equipo de jueces con un juez nivel 3 como l\u00edder. Cada l\u00edder tiene como responsabilidad principal el mantenimiento, coordinaci\u00f3n y comunicaci\u00f3n con los otros l\u00edderes sobre estas categor\u00edas amplias. Tienen potestad en su Esfera para tomar decisiones de direcci\u00f3n estrat\u00e9gica, [&hellip;]<\/p>\n","protected":false},"author":13,"featured_media":0,"parent":0,"menu_order":0,"comment_status":"closed","ping_status":"closed","template":"page_width-index.php","meta":{"footnotes":"","_links_to":"","_links_to_target":""},"language":[8],"class_list":["post-997","page","type-page","status-publish","hentry","language-es"],"_links":{"self":[{"href":"https:\/\/blogs.magicjudges.org\/o\/wp-json\/wp\/v2\/pages\/997","targetHints":{"allow":["GET"]}}],"collection":[{"href":"https:\/\/blogs.magicjudges.org\/o\/wp-json\/wp\/v2\/pages"}],"about":[{"href":"https:\/\/blogs.magicjudges.org\/o\/wp-json\/wp\/v2\/types\/page"}],"author":[{"embeddable":true,"href":"https:\/\/blogs.magicjudges.org\/o\/wp-json\/wp\/v2\/users\/13"}],"replies":[{"embeddable":true,"href":"https:\/\/blogs.magicjudges.org\/o\/wp-json\/wp\/v2\/comments?post=997"}],"version-history":[{"count":34,"href":"https:\/\/blogs.magicjudges.org\/o\/wp-json\/wp\/v2\/pages\/997\/revisions"}],"predecessor-version":[{"id":4482,"href":"https:\/\/blogs.magicjudges.org\/o\/wp-json\/wp\/v2\/pages\/997\/revisions\/4482"}],"wp:attachment":[{"href":"https:\/\/blogs.magicjudges.org\/o\/wp-json\/wp\/v2\/media?parent=997"}],"wp:term":[{"taxonomy":"language","embeddable":true,"href":"https:\/\/blogs.magicjudges.org\/o\/wp-json\/wp\/v2\/language?post=997"}],"curies":[{"name":"wp","href":"https:\/\/api.w.org\/{rel}","templated":true}]}}