{"id":4237,"date":"2016-05-13T18:16:47","date_gmt":"2016-05-13T15:16:47","guid":{"rendered":"http:\/\/blogs.magicjudges.org\/rules\/?page_id=4237"},"modified":"2017-12-08T15:05:16","modified_gmt":"2017-12-08T12:05:16","slug":"mtr-appendix-f-fr","status":"publish","type":"page","link":"https:\/\/blogs.magicjudges.org\/rules\/mtr-appendix-f-fr\/","title":{"rendered":"MTR Annexe F \u2014 Niveau d&#8217;Application des R\u00e8gles des tournois"},"content":{"rendered":"<p style=\"text-align: justify\">Le tableau suivant indique le Niveau d\u2019Application des R\u00e8gles qui correspond \u00e0 chaque type de tournoi.<\/p>\n<table class=\"table table-hover table-condensed aligncenter\" style=\"width: 1000px\">\n<tbody>\n<tr style=\"background-color: #cccccc\">\n<td style=\"width: 500px;text-align: center;vertical-align: middle\" scope=\"col\"><strong>Tournoi<\/strong><\/td>\n<td style=\"width: 500px;text-align: center;vertical-align: middle\" scope=\"col\"><strong>Niveau d\u2019Application des R\u00e8gles<\/strong><\/td>\n<\/tr>\n<tr>\n<td style=\"width: 250px;text-align: center\">Friday Night Magic<\/td>\n<td style=\"width: 250px;text-align: center\">Convivial<\/td>\n<\/tr>\n<tr>\n<td style=\"width: 250px;text-align: center\">Game Days<\/td>\n<td style=\"width: 250px;text-align: center\">Convivial<\/td>\n<\/tr>\n<tr>\n<td style=\"width: 250px;text-align: center\">Grand Prix Day 1<\/td>\n<td style=\"width: 250px;text-align: center\">Comp\u00e9titif<\/td>\n<\/tr>\n<tr>\n<td style=\"width: 250px;text-align: center\">Grand Prix Day 2<\/td>\n<td style=\"width: 250px;text-align: center\">Professionnel<\/td>\n<\/tr>\n<tr>\n<td style=\"width: 250px;text-align: center\">Grand Prix Trial<\/td>\n<td style=\"width: 250px;text-align: center\">Convivial*<\/td>\n<\/tr>\n<tr>\n<td style=\"width: 250px;text-align: center\">(Format-Specific) Championship<\/td>\n<td style=\"width: 250px;text-align: center\">Comp\u00e9titif<\/td>\n<\/tr>\n<tr>\n<td style=\"width: 250px;text-align: center\">Nationals<\/td>\n<td style=\"width: 250px;text-align: center\">Comp\u00e9titif<\/td>\n<\/tr>\n<tr>\n<td style=\"width: 250px;text-align: center\">Nationals Last Chance Qualifiers<\/td>\n<td style=\"width: 250px;text-align: center\">Comp\u00e9titif<\/td>\n<\/tr>\n<tr>\n<td style=\"width: 250px;text-align: center\">Prerelease<\/td>\n<td style=\"width: 250px;text-align: center\">Convivial<\/td>\n<\/tr>\n<tr>\n<td style=\"width: 250px;text-align: center\">Pro Tour<\/td>\n<td style=\"width: 250px;text-align: center\">Professionnel<\/td>\n<\/tr>\n<tr>\n<td style=\"width: 250px;text-align: center\">Regional Pro Tour Qualifier<\/td>\n<td style=\"width: 250px;text-align: center\">Comp\u00e9titif<\/td>\n<\/tr>\n<tr>\n<td style=\"width: 250px;text-align: center\">Regional Last Chance Qualifier<\/td>\n<td style=\"width: 250px;text-align: center\">Comp\u00e9titif<\/td>\n<\/tr>\n<tr>\n<td style=\"width: 250px;text-align: center\">Preliminary Pro Tour Qualifier<\/td>\n<td style=\"width: 250px;text-align: center\">Comp\u00e9titif<\/td>\n<\/tr>\n<tr>\n<td style=\"width: 250px;text-align: center\">Pro Tour Qualifier<\/td>\n<td style=\"width: 250px;text-align: center\">Comp\u00e9titif<\/td>\n<\/tr>\n<tr>\n<td style=\"width: 250px;text-align: center\">World Championship<\/td>\n<td style=\"width: 250px;text-align: center\">Professionnel<\/td>\n<\/tr>\n<tr>\n<td style=\"width: 250px;text-align: center\">World Magic Cup<\/td>\n<td style=\"width: 250px;text-align: center\">Professionnel<\/td>\n<\/tr>\n<\/tbody>\n<\/table>\n<p style=\"text-align: justify\">* Les Grand Prix Trials peuvent \u00eatre jou\u00e9s au Niveau d\u2019Application des R\u00e8gles Comp\u00e9titif si ce Grand Prix Trial propose des lots importants (en plus des byes gagn\u00e9s pour le Grand Prix correspondant).<\/p>\n","protected":false},"excerpt":{"rendered":"<p>Le tableau suivant indique le Niveau d\u2019Application des R\u00e8gles qui correspond \u00e0 chaque type de tournoi. Tournoi Niveau d\u2019Application des R\u00e8gles Friday Night Magic Convivial Game Days Convivial Grand Prix Day 1 Comp\u00e9titif Grand Prix Day 2 Professionnel Grand Prix Trial Convivial* (Format-Specific) Championship Comp\u00e9titif Nationals Comp\u00e9titif Nationals Last Chance Qualifiers Comp\u00e9titif Prerelease Convivial Pro [&hellip;]<\/p>\n","protected":false},"author":249,"featured_media":0,"parent":0,"menu_order":0,"comment_status":"closed","ping_status":"closed","template":"page_width-index.php","meta":{"footnotes":"","_links_to":"","_links_to_target":""},"language":[9],"class_list":["post-4237","page","type-page","status-publish","hentry","language-fr"],"_links":{"self":[{"href":"https:\/\/blogs.magicjudges.org\/rules\/wp-json\/wp\/v2\/pages\/4237","targetHints":{"allow":["GET"]}}],"collection":[{"href":"https:\/\/blogs.magicjudges.org\/rules\/wp-json\/wp\/v2\/pages"}],"about":[{"href":"https:\/\/blogs.magicjudges.org\/rules\/wp-json\/wp\/v2\/types\/page"}],"author":[{"embeddable":true,"href":"https:\/\/blogs.magicjudges.org\/rules\/wp-json\/wp\/v2\/users\/249"}],"replies":[{"embeddable":true,"href":"https:\/\/blogs.magicjudges.org\/rules\/wp-json\/wp\/v2\/comments?post=4237"}],"version-history":[{"count":6,"href":"https:\/\/blogs.magicjudges.org\/rules\/wp-json\/wp\/v2\/pages\/4237\/revisions"}],"predecessor-version":[{"id":7199,"href":"https:\/\/blogs.magicjudges.org\/rules\/wp-json\/wp\/v2\/pages\/4237\/revisions\/7199"}],"wp:attachment":[{"href":"https:\/\/blogs.magicjudges.org\/rules\/wp-json\/wp\/v2\/media?parent=4237"}],"wp:term":[{"taxonomy":"language","embeddable":true,"href":"https:\/\/blogs.magicjudges.org\/rules\/wp-json\/wp\/v2\/language?post=4237"}],"curies":[{"name":"wp","href":"https:\/\/api.w.org\/{rel}","templated":true}]}}