{"id":4240,"date":"2016-05-13T18:26:18","date_gmt":"2016-05-13T15:26:18","guid":{"rendered":"http:\/\/blogs.magicjudges.org\/rules\/?page_id=4240"},"modified":"2017-12-08T15:03:09","modified_gmt":"2017-12-08T12:03:09","slug":"mtr-appendix-e-fr","status":"publish","type":"page","link":"https:\/\/blogs.magicjudges.org\/rules\/mtr-appendix-e-fr\/","title":{"rendered":"MTR Annexe E \u2014 Nombre de rondes recommand\u00e9 dans les tournois en rondes suisses"},"content":{"rendered":"<p style=\"text-align: justify\">Les nombres de rondes suisses suivants est requis pour les tournois Premier (<b>Magic: The Gathering<\/b> World Championship, World <b>Magic <\/b>Cup, Nationals, Nationals Last Chance Qualifiers, Pro Tour, Regional Pro Tour Qualifiers, Regional Last Chance Qualifiers, Preliminary Pro Tour Qualifiers, Pro Tour Qualifiers, Grand Prix, Grand Prix Trials, WPN Premium Tournaments, WPN Premium Qualifiers.). L\u2019organisateur peut choisir d\u2019utiliser ces m\u00eames nombres de rondes suisses pour les tournois non-Premier qu\u2019il organise.<\/p>\n<table class=\"table table-hover table-condensed; aligncenter\">\n<tbody>\n<tr>\n<td style=\"width: 250px;text-align: left;background-color: #cccccc\" scope=\"col\"><strong>Joueurs (\u00c9quipes)<\/strong><\/td>\n<td style=\"width: 450px;text-align: center;vertical-align: middle;background-color: #cccccc\" scope=\"col\"><strong>Rondes suisses<\/strong><\/td>\n<td style=\"width: 350px;text-align: center;vertical-align: middle;background-color: #cccccc\" scope=\"col\"><strong>Phases \u00e9liminatoires<\/strong><\/td>\n<\/tr>\n<tr>\n<td style=\"width: 150px;text-align: left\">4 (\u00c9quipe\/T2T uniquement)<\/td>\n<td style=\"width: 80px;text-align: center;vertical-align: middle\">2 rondes en \u00e9limination directe<br \/>\n(et non suisses)<\/td>\n<td style=\"width: 80px;text-align: center;vertical-align: middle\">Aucune (les rondes en \u00e9limination directe suffisent)<\/td>\n<\/tr>\n<tr>\n<td style=\"width: 150px;text-align: left\">8<\/td>\n<td style=\"width: 80px;text-align: center;vertical-align: middle\">3 rondes en \u00e9limination directe<br \/>\n(et non suisses)<\/td>\n<td style=\"width: 80px;text-align: center;vertical-align: middle\">Aucune (les rondes en \u00e9limination directe suffisent)<\/td>\n<\/tr>\n<tr>\n<td style=\"width: 150px;text-align: left;vertical-align: middle\">9-16<\/td>\n<td style=\"width: 80px;text-align: center;vertical-align: middle\">4 (en format Limit\u00e9 avec<br \/>\nphases \u00e9liminatoires en<br \/>\nbooster draft)<br \/>\n5 (tous les autres formats)<\/td>\n<td style=\"width: 80px;text-align: center;vertical-align: middle\">Top 8 (en format Limit\u00e9 avec phases \u00e9liminatoires en booster draft)<br \/>\nTop 4 (tous les autres formats)<\/td>\n<\/tr>\n<tr>\n<td style=\"width: 150px;text-align: left\">17-32<\/td>\n<td style=\"width: 80px;text-align: center;vertical-align: middle\">5<\/td>\n<td style=\"width: 80px;text-align: center;vertical-align: middle\">Top 8<\/td>\n<\/tr>\n<tr>\n<td style=\"width: 150px;text-align: left\">33-64<\/td>\n<td style=\"width: 80px;text-align: center;vertical-align: middle\">6<\/td>\n<td style=\"width: 80px;text-align: center;vertical-align: middle\">Top 8<\/td>\n<\/tr>\n<tr>\n<td style=\"width: 150px;text-align: left\">65-128<\/td>\n<td style=\"width: 80px;text-align: center;vertical-align: middle\">7<\/td>\n<td style=\"width: 80px;text-align: center;vertical-align: middle\">Top 8<\/td>\n<\/tr>\n<tr>\n<td style=\"width: 150px;text-align: left\">129-226<\/td>\n<td style=\"width: 80px;text-align: center;vertical-align: middle\">8<\/td>\n<td style=\"width: 80px;text-align: center;vertical-align: middle\">Top 8<\/td>\n<\/tr>\n<tr>\n<td style=\"width: 150px;text-align: left\">227-409<\/td>\n<td style=\"width: 80px;text-align: center;vertical-align: middle\">9<\/td>\n<td style=\"width: 80px;text-align: center;vertical-align: middle\">Top 8<\/td>\n<\/tr>\n<tr>\n<td style=\"width: 150px;text-align: left\">410+<\/td>\n<td style=\"width: 80px;text-align: center;vertical-align: middle\">10<\/td>\n<td style=\"width: 80px;text-align: center;vertical-align: middle\">Top 8<\/td>\n<\/tr>\n<\/tbody>\n<\/table>\n<p style=\"text-align: justify\">Dans les tournois en \u00e9quipe, chaque \u00e9quipe est consid\u00e9r\u00e9e comme un joueur unique, en ce qui concerne ce tableau.<\/p>\n<p style=\"text-align: justify\">Dans les tournois o\u00f9 l\u2019on peut gagner des byes, chaque joueur avec un bye pour une ronde doit compter comme deux joueurs, chaque joueur avec un bye pour deux rondes doit compter comme quatre joueurs et chaque joueur avec un bye pour trois rondes doit compter comme huit joueurs au regard du tableau ci-dessus.<\/p>\n","protected":false},"excerpt":{"rendered":"<p>Les nombres de rondes suisses suivants est requis pour les tournois Premier (Magic: The Gathering World Championship, World Magic Cup, Nationals, Nationals Last Chance Qualifiers, Pro Tour, Regional Pro Tour Qualifiers, Regional Last Chance Qualifiers, Preliminary Pro Tour Qualifiers, Pro Tour Qualifiers, Grand Prix, Grand Prix Trials, WPN Premium Tournaments, WPN Premium Qualifiers.). L\u2019organisateur peut [&hellip;]<\/p>\n","protected":false},"author":249,"featured_media":0,"parent":0,"menu_order":0,"comment_status":"closed","ping_status":"closed","template":"page_width-index.php","meta":{"footnotes":"","_links_to":"","_links_to_target":""},"language":[9],"class_list":["post-4240","page","type-page","status-publish","hentry","language-fr"],"_links":{"self":[{"href":"https:\/\/blogs.magicjudges.org\/rules\/wp-json\/wp\/v2\/pages\/4240","targetHints":{"allow":["GET"]}}],"collection":[{"href":"https:\/\/blogs.magicjudges.org\/rules\/wp-json\/wp\/v2\/pages"}],"about":[{"href":"https:\/\/blogs.magicjudges.org\/rules\/wp-json\/wp\/v2\/types\/page"}],"author":[{"embeddable":true,"href":"https:\/\/blogs.magicjudges.org\/rules\/wp-json\/wp\/v2\/users\/249"}],"replies":[{"embeddable":true,"href":"https:\/\/blogs.magicjudges.org\/rules\/wp-json\/wp\/v2\/comments?post=4240"}],"version-history":[{"count":6,"href":"https:\/\/blogs.magicjudges.org\/rules\/wp-json\/wp\/v2\/pages\/4240\/revisions"}],"predecessor-version":[{"id":7197,"href":"https:\/\/blogs.magicjudges.org\/rules\/wp-json\/wp\/v2\/pages\/4240\/revisions\/7197"}],"wp:attachment":[{"href":"https:\/\/blogs.magicjudges.org\/rules\/wp-json\/wp\/v2\/media?parent=4240"}],"wp:term":[{"taxonomy":"language","embeddable":true,"href":"https:\/\/blogs.magicjudges.org\/rules\/wp-json\/wp\/v2\/language?post=4240"}],"curies":[{"name":"wp","href":"https:\/\/api.w.org\/{rel}","templated":true}]}}