{"id":4245,"date":"2016-05-17T19:01:12","date_gmt":"2016-05-17T16:01:12","guid":{"rendered":"http:\/\/blogs.magicjudges.org\/rules\/?page_id=4245"},"modified":"2017-12-08T14:56:01","modified_gmt":"2017-12-08T11:56:01","slug":"mtr-appendix-d-fr","status":"publish","type":"page","link":"https:\/\/blogs.magicjudges.org\/rules\/mtr-appendix-d-fr\/","title":{"rendered":"MTR Annexe D \u2014 Produit recommand\u00e9 pour les tournois en Limit\u00e9"},"content":{"rendered":"<p style=\"text-align: justify\">Note : les r\u00e9partitions en boosters ci-dessous sont impos\u00e9es pour les tournois Premier Event.<\/p>\n<p>Le produit recommand\u00e9 pour les tournois en Limit\u00e9 de <i>Ixalan <\/i>est le suivant\u00a0(\u00e0 partir du 29 septembre 2017 jusqu\u2019au 18 janvier 2018) :<\/p>\n<ul>\n<li><i>Paquet scell\u00e9 individuel : 6 boosters Ixalan (par joueur)<\/i><\/li>\n<li>Draft individuel ou Rochester par \u00e9quipes : 3 boosters <i>Ixalan <\/i>(par joueur).<\/li>\n<li>Paquet scell\u00e9 en \u00e9quipes de trois joueurs : 12 boosters <i>Ixalan <\/i>(par \u00e9quipe)<\/li>\n<li>Paquet scell\u00e9 en Troll \u00e0 deux t\u00eates : 8 boosters <i>Ixalan <\/i>(par \u00e9quipe)<\/li>\n<li>Draft en Troll \u00e0 deux t\u00eates : 6 boosters<i> Ixalan <\/i>(par \u00e9quipe)<\/li>\n<\/ul>\n<p>&nbsp;<\/p>\n<p>Le produit recommand\u00e9 pour les tournois en Limit\u00e9 de <i>Iconic Masters <\/i>est le suivant\u00a0(\u00e0 partir du 17 novembre 2017, jusqu\u2019au 26 avril 2018) :<\/p>\n<ul>\n<li><i>Paquet scell\u00e9 individuel : 6 boosters Iconic Masters (par joueur)<\/i><\/li>\n<li>Draft individuel ou Rochester par \u00e9quipes : 3 boosters <i>Iconic Masters <\/i>(par joueur).<\/li>\n<li>Paquet scell\u00e9 en \u00e9quipes de trois joueurs : 12 boosters <i>Iconic Masters <\/i>(par \u00e9quipe)<\/li>\n<li>Paquet scell\u00e9 en Troll \u00e0 deux t\u00eates : 8 boosters <i>Iconic Masters <\/i>(par \u00e9quipe)<\/li>\n<li>Draft en Troll \u00e0 deux t\u00eates : 6 boosters<i> Iconic Masters <\/i>(par \u00e9quipe)<\/li>\n<\/ul>\n<p>&nbsp;<\/p>\n<p>Le produit recommand\u00e9 pour les tournois en Limit\u00e9 de <i>Ixalan <\/i>est le suivant\u00a0(\u00e0 partir du 19 janvier 2018, jusqu\u2019au 26 avril 2018) :<\/p>\n<ul>\n<li><i>Paquet scell\u00e9 individuel : 4 Les combattants d\u2019Ixalan, 2 Ixalan (par joueur)<\/i><\/li>\n<li>Draft individuel ou Rochester par \u00e9quipes : 2<i> Les combattants d\u2019Ixalan,<\/i> 1 <i>Ixalan <\/i>(par joueur, et dans cet ordre)<\/li>\n<li>Paquet scell\u00e9 en \u00e9quipes de trois joueurs : 8<i> Les combattants d\u2019Ixalan<\/i>, 4 <i>Ixalan <\/i>(par \u00e9quipe)<\/li>\n<li>Paquet scell\u00e9 en Troll \u00e0 deux t\u00eates : 6<i> Les combattants d\u2019Ixalan<\/i>, 2 <i>Ixalan <\/i>(par \u00e9quipe)<\/li>\n<li>Draft en Troll \u00e0 deux t\u00eates : 4<i> Les combattants d\u2019Ixalan,<\/i> 2 <i>Ixalan <\/i>(par \u00e9quipe, et dans cet ordre)<\/li>\n<\/ul>\n<p>&nbsp;<\/p>\n<p>Le produit recommand\u00e9 pour les tournois en Limit\u00e9 de <i>Dominaria <\/i>est le suivant\u00a0(\u00e0 partir du 27 avril 2018, jusqu\u2019au 19 juillet 2018) :<\/p>\n<ul>\n<li><i>Paquet scell\u00e9 individuel : 6 boosters Dominaria (par joueur)<\/i><\/li>\n<li>Draft individuel ou Rochester par \u00e9quipes : 3 boosters <i>Dominaria <\/i>(par joueur).<\/li>\n<li>Paquet scell\u00e9 en \u00e9quipes de trois joueurs : 12 boosters <i>Dominaria <\/i>(par \u00e9quipe)<\/li>\n<li>Paquet scell\u00e9 en Troll \u00e0 deux t\u00eates : 8 boosters <i>Dominaria <\/i>(par \u00e9quipe)<\/li>\n<li>Draft en Troll \u00e0 deux t\u00eates : 6 boosters<i> Dominaria <\/i>(par \u00e9quipe)<\/li>\n<\/ul>\n<p>&nbsp;<\/p>\n<p>Le produit recommand\u00e9 pour les tournois en Limit\u00e9 de <i>Core 2019 <\/i>est le suivant\u00a0(\u00e0 partir du 20 juillet 2018) :<\/p>\n<ul>\n<li><i>Paquet scell\u00e9 individuel : 6 boosters Core 2019 (par joueur)<\/i><\/li>\n<li>Draft individuel ou Rochester par \u00e9quipes : 3 boosters <i>Core 2019 <\/i>(par joueur).<\/li>\n<li>Paquet scell\u00e9 en \u00e9quipes de trois joueurs : 12 boosters <i>Core 2019 <\/i>(par \u00e9quipe)<\/li>\n<li>Paquet scell\u00e9 en Troll \u00e0 deux t\u00eates : 8 boosters <i>Core 2019 <\/i>(par \u00e9quipe)<\/li>\n<li>Draft en Troll \u00e0 deux t\u00eates : 6 boosters<i> Core 2019 <\/i>(par \u00e9quipe)<\/li>\n<\/ul>\n<p>&nbsp;<\/p>\n","protected":false},"excerpt":{"rendered":"<p>Note : les r\u00e9partitions en boosters ci-dessous sont impos\u00e9es pour les tournois Premier Event. Le produit recommand\u00e9 pour les tournois en Limit\u00e9 de Ixalan est le suivant\u00a0(\u00e0 partir du 29 septembre 2017 jusqu\u2019au 18 janvier 2018) : Paquet scell\u00e9 individuel : 6 boosters Ixalan (par joueur) Draft individuel ou Rochester par \u00e9quipes : 3 boosters [&hellip;]<\/p>\n","protected":false},"author":249,"featured_media":0,"parent":0,"menu_order":0,"comment_status":"closed","ping_status":"closed","template":"page_width-index.php","meta":{"footnotes":"","_links_to":"","_links_to_target":""},"language":[9],"class_list":["post-4245","page","type-page","status-publish","hentry","language-fr"],"_links":{"self":[{"href":"https:\/\/blogs.magicjudges.org\/rules\/wp-json\/wp\/v2\/pages\/4245","targetHints":{"allow":["GET"]}}],"collection":[{"href":"https:\/\/blogs.magicjudges.org\/rules\/wp-json\/wp\/v2\/pages"}],"about":[{"href":"https:\/\/blogs.magicjudges.org\/rules\/wp-json\/wp\/v2\/types\/page"}],"author":[{"embeddable":true,"href":"https:\/\/blogs.magicjudges.org\/rules\/wp-json\/wp\/v2\/users\/249"}],"replies":[{"embeddable":true,"href":"https:\/\/blogs.magicjudges.org\/rules\/wp-json\/wp\/v2\/comments?post=4245"}],"version-history":[{"count":8,"href":"https:\/\/blogs.magicjudges.org\/rules\/wp-json\/wp\/v2\/pages\/4245\/revisions"}],"predecessor-version":[{"id":7194,"href":"https:\/\/blogs.magicjudges.org\/rules\/wp-json\/wp\/v2\/pages\/4245\/revisions\/7194"}],"wp:attachment":[{"href":"https:\/\/blogs.magicjudges.org\/rules\/wp-json\/wp\/v2\/media?parent=4245"}],"wp:term":[{"taxonomy":"language","embeddable":true,"href":"https:\/\/blogs.magicjudges.org\/rules\/wp-json\/wp\/v2\/language?post=4245"}],"curies":[{"name":"wp","href":"https:\/\/api.w.org\/{rel}","templated":true}]}}