{"id":4249,"date":"2016-05-17T19:22:02","date_gmt":"2016-05-17T16:22:02","guid":{"rendered":"http:\/\/blogs.magicjudges.org\/rules\/?page_id=4249"},"modified":"2017-01-17T18:05:41","modified_gmt":"2017-01-17T15:05:41","slug":"mtr-appendix-c-fr","status":"publish","type":"page","link":"https:\/\/blogs.magicjudges.org\/rules\/mtr-appendix-c-fr\/","title":{"rendered":"MTR Annexe C \u2014 Explication des d\u00e9partages"},"content":{"rendered":"<p style=\"text-align: justify\"><strong>Points de match<\/strong><br \/>\nUn joueur gagne 3 points de match pour chaque match remport\u00e9, 0 point pour chaque match perdu et 1 point de match pour chaque match se terminant par une \u00e9galit\u00e9. Un joueur recevant un bye est consid\u00e9r\u00e9 comme ayant gagn\u00e9 le match.<\/p>\n<ul style=\"text-align: justify\">\n<li>L\u2019historique d\u2019un joueur est de 6\u20132\u20130 (victoires\u2013d\u00e9faites\u2013nuls). Il a 18 points de match (6&#215;3, 2&#215;0, 0x1).<\/li>\n<li>L\u2019historique d\u2019un joueur est de 4\u20132\u20132. Il a 14 points de match (4&#215;3, 2&#215;0, 2&#215;1).<\/li>\n<\/ul>\n<p style=\"text-align: justify\"><strong>Points de partie<\/strong><br \/>\nLes points de partie sont similaires aux points de match dans le sens o\u00f9 un joueur gagne 3 points de partie pour chaque partie remport\u00e9e, 1 point pour chaque partie se terminant par une \u00e9galit\u00e9 et 0 point pour chaque partie perdue. Les parties commenc\u00e9es mais non termin\u00e9es sont consid\u00e9r\u00e9es comme nulles. Les parties non commenc\u00e9es rapportent 0 point.<\/p>\n<ul style=\"text-align: justify\">\n<li>Un joueur remporte un match 2\u20130\u20130. Il gagne donc 6 points de partie et son adversaire re\u00e7oit 0 point de partie pour ce match.<\/li>\n<li>Un joueur remporte un match 2\u20131\u20130. Il gagne donc 6 points de partie et son adversaire re\u00e7oit 3 points de partie pour ce match.<\/li>\n<li>Un joueur remporte un match 2\u20130\u20131. Il gagne donc 7 points de partie et son adversaire re\u00e7oit 1 point de partie pour ce match.<\/li>\n<\/ul>\n<p style=\"text-align: justify\"><strong>Pourcentage de matchs gagn\u00e9s par un joueur<\/strong><br \/>\nLe pourcentage de matchs gagn\u00e9s par un joueur est le quotient du nombre de points de match accumul\u00e9s par ce joueur par le nombre de points de matchs qu\u2019il est possible d\u2019obtenir (en g\u00e9n\u00e9ral, 3 fois le nombre de rondes jou\u00e9es). Si ce nombre est inf\u00e9rieur \u00e0 0,33 utilisez 0,33 \u00e0 la place. Le pourcentage de matchs gagn\u00e9s par un joueur minimum de 0,33 limite l\u2019impact des performances faibles lors du calcul et de la comparaison des pourcentages de matchs gagn\u00e9s par les adversaires.<\/p>\n<p style=\"text-align: justify;padding-left: 30px\"><em>Exemples:<\/em><br \/>\nCes trois joueurs ont jou\u00e9 dans un tournoi en 8 rondes mais seul le premier joueur a effectivement jou\u00e9 toutes les rondes.<\/p>\n<table class=\"table table-hover table-condensed aligncenter\">\n<tbody style=\"padding-left: 30px\">\n<tr style=\"padding-left: 30px\">\n<td style=\"padding-left: 30px;width: 300px;text-align: left;vertical-align: middle;background-color: #cccccc\" scope=\"col\"><strong>Historique dans le tournoi<\/strong><\/td>\n<td style=\"padding-left: 30px;width: 100px;text-align: left;vertical-align: middle;background-color: #cccccc\" scope=\"col\"><strong>Points de match<\/strong><\/td>\n<td style=\"padding-left: 30px;width: 100px;text-align: left;vertical-align: middle;background-color: #cccccc\" scope=\"col\"><strong>Rondes jou\u00e9es<\/strong><\/td>\n<td style=\"padding-left: 30px;width: 300px;text-align: left;vertical-align: middle;background-color: #cccccc\" scope=\"col\"><strong>Pourcentage de matchs gagn\u00e9s<\/strong><\/td>\n<\/tr>\n<tr style=\"padding-left: 30px\">\n<td style=\"padding-left: 30px;width: 360px;text-align: left;vertical-align: middle\">5-2-1<\/td>\n<td style=\"padding-left: 30px;width: 40px;height: 40px;text-align: center;vertical-align: middle\">16<\/td>\n<td style=\"padding-left: 30px;width: 40px;height: 40px;text-align: center;vertical-align: middle\">8<\/td>\n<td style=\"padding-left: 30px;width: 220px;text-align: center;vertical-align: middle\">16\/(8*3) = 0.667<\/td>\n<\/tr>\n<tr style=\"padding-left: 30px\">\n<td style=\"padding-left: 30px;width: 360px;text-align: left;vertical-align: middle\">1-3-0, puis drop<\/td>\n<td style=\"padding-left: 30px;width: 40px;height: 40px;text-align: center;vertical-align: middle\">3<\/td>\n<td style=\"padding-left: 30px;width: 40px;height: 40px;text-align: center;vertical-align: middle\">4<\/td>\n<td style=\"padding-left: 30px;width: 220px;text-align: center;vertical-align: middle\">3\/(4*3) = 0.25, donc on utilise 0.33<\/td>\n<\/tr>\n<tr style=\"padding-left: 30px\">\n<td style=\"padding-left: 30px;width: 360px;text-align: left;vertical-align: middle\">3-2-0, dont un bye en premi\u00e8re ronde, puis drop<\/td>\n<td style=\"padding-left: 30px;width: 40px;height: 40px;text-align: center;vertical-align: middle\">9<\/td>\n<td style=\"padding-left: 30px;width: 40px;height: 40px;text-align: center;vertical-align: middle\">5<\/td>\n<td style=\"padding-left: 30px;width: 220px;text-align: center;vertical-align: middle\">9\/(5*3) = 0.60<\/td>\n<\/tr>\n<\/tbody>\n<\/table>\n<p style=\"text-align: justify\"><strong>Pourcentage de parties gagn\u00e9es par un joueur<\/strong><br \/>\nTout comme le pourcentage de matchs gagn\u00e9s par un joueur, le pourcentage de parties gagn\u00e9es par un joueur est le quotient du nombre de points de parties accumul\u00e9s par ce joueur par le nombre de points de parties qu\u2019il est possible d\u2019obtenir (en g\u00e9n\u00e9ral, 3 fois le nombre de parties jou\u00e9es). De m\u00eame, utilisez 0,33 si le pourcentage de parties gagn\u00e9es devait \u00eatre inf\u00e9rieur \u00e0 cette valeur.<\/p>\n<p style=\"text-align: justify;padding-left: 30px\">Ces deux joueurs ont jou\u00e9 dans un tournoi en quatre rondes :<\/p>\n<table class=\"table table-hover table-condensed aligncenter\">\n<tbody style=\"padding-left: 30px\">\n<tr style=\"padding-left: 30px\">\n<td style=\"width: 240px;height: 50px;padding-left: 30px;text-align: left;vertical-align: middle;background-color: #cccccc\" scope=\"col\"><strong>Score par match<\/strong><\/td>\n<td style=\"width: 30px;height: 40px;padding-left: 30px;text-align: center;vertical-align: middle;background-color: #cccccc\" scope=\"col\"><strong>Points de partie<\/strong><\/td>\n<td style=\"width: 30px;height: 40px;padding-left: 30px;text-align: center;vertical-align: middle;background-color: #cccccc\" scope=\"col\"><strong>Parties jou\u00e9es<\/strong><\/td>\n<td style=\"width: 150px;height: 40px;padding-left: 30px;text-align: center;vertical-align: middle;background-color: #cccccc\" scope=\"col\"><strong>Pourcentage de parties gagn\u00e9es<\/strong><\/td>\n<\/tr>\n<tr style=\"height: 60px;border-color: #949494\">\n<td style=\"padding-left: 30px;width: 520px;height: 50px;vertical-align: middle\">\u2022 Ronde 1 : 2 victoires (6 points de partie)<br \/>\n\u2022 Ronde 2 : 2 victoires, 1 d\u00e9faite (6 points de partie)<br \/>\n\u2022 Ronde 3 : 1 victoire, 2 d\u00e9faites (3 points de partie)<br \/>\n\u2022 Ronde 4 : 2 victoires (6 points de partie)<\/td>\n<td style=\"padding-left: 30px;width: 50px;height: 40px;text-align: center;vertical-align: middle\">21<\/td>\n<td style=\"padding-left: 30px;width: 50px;height: 40px;text-align: center;vertical-align: middle\">10<\/td>\n<td style=\"padding-left: 30px;width: 280px;height: 40px;text-align: center;vertical-align: middle\">21\/(3*10) = 0.70<\/td>\n<\/tr>\n<tr style=\"height: 60px;border-color: #949494\">\n<td style=\"padding-left: 30px;width: 520px;height: 50px;vertical-align: middle\">\u2022 Ronde 1 : 1 victoire, 2 d\u00e9faites (3 points de partie)<br \/>\n\u2022 Ronde 2 : 1 victoire, 2 d\u00e9faites (3 points de partie)<br \/>\n\u2022 Ronde 3 : 2 d\u00e9faites (0 point de partie)<br \/>\n\u2022 Ronde 4 : 1 victoire, 2 d\u00e9faites (3 points de partie)<\/td>\n<td style=\"padding-left: 30px;width: 50px;height: 40px;text-align: center;vertical-align: middle\">9<\/td>\n<td style=\"padding-left: 30px;width: 50px;height: 40px;text-align: center;vertical-align: middle\">11<\/td>\n<td style=\"padding-left: 30px;width: 280px;height: 40px;text-align: center;vertical-align: middle\">9\/(3*11) = 0.27, donc on utilise 0.33<\/td>\n<\/tr>\n<\/tbody>\n<\/table>\n<p style=\"text-align: justify\"><strong>Pourcentage de matchs gagn\u00e9s par les adversaires<\/strong><br \/>\nLe pourcentage de matchs gagn\u00e9s par les adversaires d\u2019un joueur est la moyenne des pourcentages de matchs gagn\u00e9s par chacun des adversaires de ce joueur (en ignorant les rondes pour lesquelles ce joueur a re\u00e7u un bye). Utilisez la d\u00e9finition du pourcentage de matchs gagn\u00e9s par un joueur donn\u00e9e ci-dessus afin de calculer le pourcentage de matchs gagn\u00e9s par chacun des adversaires du joueur.<\/p>\n<p style=\"text-align: justify;padding-left: 30px\"><em>Examples:<\/em><\/p>\n<ul style=\"text-align: justify\">\n<li>L\u2019historique d\u2019un joueur dans un tournoi en huit rondes est 6\u20132\u20130. Les historiques de ses adversaires sont : 4\u20134\u20130, 7\u20131\u20130, 1\u20133\u20131, 3\u20133\u20131, 6\u20132\u20130, 5\u20132\u20131, 4\u20133\u20131 et 6\u20131\u20131 donc son pourcentage de matchs gagn\u00e9s par les adversaires :<img loading=\"lazy\" decoding=\"async\" class=\"aligncenter wp-image-416 size-full\" src=\"http:\/\/blogs.magicjudges.org\/rules\/files\/2015\/10\/MW1.jpg\" alt=\"MW1\" width=\"662\" height=\"316\" srcset=\"https:\/\/blogs.magicjudges.org\/rules\/files\/2015\/10\/MW1.jpg 662w, https:\/\/blogs.magicjudges.org\/rules\/files\/2015\/10\/MW1-300x143.jpg 300w\" sizes=\"auto, (max-width: 662px) 100vw, 662px\" \/><\/li>\n<li>L\u2019historique d\u2019un autre joueur sur le m\u00eame tournoi est 6\u20132\u20130. Les historiques de ses adversaires sont : bye, 7\u20131\u20130, 1\u20133\u20131, 3\u20133\u20131, 6\u20132\u20130, 5\u20132\u20131, 4\u20133\u20131 et 6\u20131\u20131 donc son pourcentage de matchs gagn\u00e9s par les adversaires est :<img loading=\"lazy\" decoding=\"async\" class=\"aligncenter size-full wp-image-417\" src=\"http:\/\/blogs.magicjudges.org\/rules\/files\/2015\/10\/MW2.jpg\" alt=\"MW2\" width=\"661\" height=\"197\" srcset=\"https:\/\/blogs.magicjudges.org\/rules\/files\/2015\/10\/MW2.jpg 661w, https:\/\/blogs.magicjudges.org\/rules\/files\/2015\/10\/MW2-300x89.jpg 300w\" sizes=\"auto, (max-width: 661px) 100vw, 661px\" \/><\/li>\n<\/ul>\n<p style=\"text-align: justify\"><strong>Pourcentage de parties gagn\u00e9es par les adversaires<\/strong><br \/>\nTout comme le pourcentage de matchs gagn\u00e9s par les adversaires, le pourcentage de parties gagn\u00e9es par les adversaires d\u2019un joueur est simplement la moyenne des pourcentages de parties gagn\u00e9es par chacun des adversaires de ce joueur. Et, comme pour le pourcentage de matchs gagn\u00e9s par les adversaires, chaque adversaire a un pourcentage de parties gagn\u00e9es minimum de 0,33.<\/p>\n<p style=\"text-align: justify\"><strong>Byes<\/strong><br \/>\nQuand un joueur re\u00e7oit un bye pour une ronde, on consid\u00e8re qu\u2019il a gagn\u00e9 son match 2\u20130.<\/p>\n<p style=\"text-align: justify\">Par cons\u00e9quent, ce joueur re\u00e7oit 3 points de match ainsi que 6 points de partie. Les byes d\u2019un joueur ne sont pas pris en compte lors du calcul des pourcentages de matchs et de parties gagn\u00e9s par ses adversaires.<\/p>\n","protected":false},"excerpt":{"rendered":"<p>Points de match Un joueur gagne 3 points de match pour chaque match remport\u00e9, 0 point pour chaque match perdu et 1 point de match pour chaque match se terminant par une \u00e9galit\u00e9. Un joueur recevant un bye est consid\u00e9r\u00e9 comme ayant gagn\u00e9 le match. L\u2019historique d\u2019un joueur est de 6\u20132\u20130 (victoires\u2013d\u00e9faites\u2013nuls). Il a 18 [&hellip;]<\/p>\n","protected":false},"author":137,"featured_media":0,"parent":0,"menu_order":0,"comment_status":"closed","ping_status":"closed","template":"page_width-index.php","meta":{"footnotes":"","_links_to":"","_links_to_target":""},"language":[9],"class_list":["post-4249","page","type-page","status-publish","hentry","language-fr"],"_links":{"self":[{"href":"https:\/\/blogs.magicjudges.org\/rules\/wp-json\/wp\/v2\/pages\/4249","targetHints":{"allow":["GET"]}}],"collection":[{"href":"https:\/\/blogs.magicjudges.org\/rules\/wp-json\/wp\/v2\/pages"}],"about":[{"href":"https:\/\/blogs.magicjudges.org\/rules\/wp-json\/wp\/v2\/types\/page"}],"author":[{"embeddable":true,"href":"https:\/\/blogs.magicjudges.org\/rules\/wp-json\/wp\/v2\/users\/137"}],"replies":[{"embeddable":true,"href":"https:\/\/blogs.magicjudges.org\/rules\/wp-json\/wp\/v2\/comments?post=4249"}],"version-history":[{"count":15,"href":"https:\/\/blogs.magicjudges.org\/rules\/wp-json\/wp\/v2\/pages\/4249\/revisions"}],"predecessor-version":[{"id":6149,"href":"https:\/\/blogs.magicjudges.org\/rules\/wp-json\/wp\/v2\/pages\/4249\/revisions\/6149"}],"wp:attachment":[{"href":"https:\/\/blogs.magicjudges.org\/rules\/wp-json\/wp\/v2\/media?parent=4249"}],"wp:term":[{"taxonomy":"language","embeddable":true,"href":"https:\/\/blogs.magicjudges.org\/rules\/wp-json\/wp\/v2\/language?post=4249"}],"curies":[{"name":"wp","href":"https:\/\/api.w.org\/{rel}","templated":true}]}}