{"id":4264,"date":"2016-05-17T19:29:58","date_gmt":"2016-05-17T16:29:58","guid":{"rendered":"http:\/\/blogs.magicjudges.org\/rules\/?page_id=4264"},"modified":"2017-12-08T15:22:59","modified_gmt":"2017-12-08T12:22:59","slug":"mtr-appendix-b-fr","status":"publish","type":"page","link":"https:\/\/blogs.magicjudges.org\/rules\/mtr-appendix-b-fr\/","title":{"rendered":"MTR Annexe B \u2014 Limites de temps"},"content":{"rendered":"<p style=\"text-align: justify\">La limite de temps minimale <strong>requise<\/strong> pour chaque match est de 40 minutes.<\/p>\n<p style=\"text-align: justify\">Les limites de temps suivantes sont <strong>recommand\u00e9es<\/strong> pour chaque ronde d\u2019un tournoi :<\/p>\n<ul style=\"text-align: justify\">\n<li>Tournois en Construit et en Limit\u00e9 : 50 minutes<\/li>\n<li>Quarts de finale et demi-finales en \u00e9limination directe : 90 minutes<\/li>\n<li>Finale en \u00e9limination directe : pas de limite de temps<\/li>\n<\/ul>\n<p style=\"text-align: justify\">Les limites de temps suppl\u00e9mentaires suivantes sont <strong>recommand\u00e9es<\/strong> pour les tournois en Limit\u00e9 :<\/p>\n<ul style=\"text-align: justify\">\n<li>Paquet scell\u00e9 : 20 minutes pour lister le deck et 30 minutes pour construire le deck.<\/li>\n<li>Draft : 25 minutes pour lister et construire le deck.<\/li>\n<li>Paquet scell\u00e9 en \u00e9quipes : 20 minutes pour lister le deck et 60 minutes pour construire le deck. Pour les tournois en paquet scell\u00e9 en \u00e9quipes qui ont lieu le week end de la sortie d\u2019une nouvelle \u00e9dition, il est recommand\u00e9 d\u2019ajouter 15 minutes au temps de construction.<\/li>\n<li>Draft en \u00e9quipes : 40 minutes pour lister et construire le deck.<\/li>\n<li>Paquet scell\u00e9 en Troll \u00e0 deux t\u00eates : 20 minutes pour lister le deck et 60 minutes pour construire le deck. Pour les tournois en paquet scell\u00e9 en Troll \u00e0 deux t\u00eates qui ont lieu le week end de la sortie d\u2019une nouvelle \u00e9dition, il est recommand\u00e9 d\u2019ajouter 15 minutes au temps de construction.<\/li>\n<li>Draft en Troll \u00e0 deux t\u00eates : 40 minutes pour lister et construire le deck.<\/li>\n<\/ul>\n<p style=\"text-align: justify\">Le Head-Judge du tournoi est l\u2019autorit\u00e9 finale en ce qui concerne les limites de temps pour ce tournoi. Cependant, tout changement par rapport \u00e0 ces recommandations doit \u00eatre annonc\u00e9 avant et pendant la p\u00e9riode d\u2019inscriptions au tournoi.<\/p>\n<p style=\"text-align: justify\">Diff\u00e9rentes limites de temps peuvent \u00eatre en vigueur pour les <strong>Magic<\/strong> Premier Tournaments. Vous pouvez retrouver ces limites de temps dans la page d\u2019informations de ce tournoi ou de ce type de tournois.<\/p>\n<p style=\"text-align: justify\">Dans les rondes minut\u00e9es, les joueurs doivent attendre que l\u2019horloge soit officiellement mise en route avant de commencer leur match.<\/p>\n<p style=\"text-align: justify\"><strong>Timing en draft<\/strong><br \/>\nEn draft individuel, les joueurs ont par d\u00e9faut ces diff\u00e9rentes limites de temps afin d\u2019effectuer leur choix :<\/p>\n<table class=\"table table-hover table-condensed aligncenter\" style=\"width: 450px\">\n<tbody>\n<tr>\n<td style=\"width: 300px;text-align: center;background-color: #cccccc\"><strong>Cartes restant dans le booster<\/strong><\/td>\n<td style=\"width: 150px;text-align: center;background-color: #cccccc\"><strong>Temps allou\u00e9<\/strong><\/td>\n<\/tr>\n<tr>\n<td style=\"width: 300px;text-align: center\">15 cartes<\/td>\n<td style=\"width: 150px;text-align: center\">40 secondes<\/td>\n<\/tr>\n<tr>\n<td style=\"width: 300px;text-align: center\">14 cartes<\/td>\n<td style=\"width: 150px;text-align: center\">40 secondes<\/td>\n<\/tr>\n<tr>\n<td style=\"width: 300px;text-align: center\">13 cartes<\/td>\n<td style=\"width: 150px;text-align: center\">35 secondes<\/td>\n<\/tr>\n<tr>\n<td style=\"width: 300px;text-align: center\">12 cartes<\/td>\n<td style=\"width: 150px;text-align: center\">30 secondes<\/td>\n<\/tr>\n<tr>\n<td style=\"width: 300px;text-align: center\">11 cartes<\/td>\n<td style=\"width: 150px;text-align: center\">25 secondes<\/td>\n<\/tr>\n<tr>\n<td style=\"width: 300px;text-align: center\">10 cartes<\/td>\n<td style=\"width: 150px;text-align: center\">25 secondes<\/td>\n<\/tr>\n<tr>\n<td style=\"width: 300px;text-align: center\">9 cartes<\/td>\n<td style=\"width: 150px;text-align: center\">20 secondes<\/td>\n<\/tr>\n<tr>\n<td style=\"width: 300px;text-align: center\">8 cartes<\/td>\n<td style=\"width: 150px;text-align: center\">20 secondes<\/td>\n<\/tr>\n<tr>\n<td style=\"width: 300px;text-align: center\">7 cartes<\/td>\n<td style=\"width: 150px;text-align: center\">15 secondes<\/td>\n<\/tr>\n<tr>\n<td style=\"width: 300px;text-align: center\">6 cartes<\/td>\n<td style=\"width: 150px;text-align: center\">10 secondes<\/td>\n<\/tr>\n<tr>\n<td style=\"width: 300px;text-align: center\">5 cartes<\/td>\n<td style=\"width: 150px;text-align: center\">10 secondes<\/td>\n<\/tr>\n<tr>\n<td style=\"width: 300px;text-align: center\">4 cartes<\/td>\n<td style=\"width: 150px;text-align: center\">5 secondes<\/td>\n<\/tr>\n<tr>\n<td style=\"width: 300px;text-align: center\">3 cartes<\/td>\n<td style=\"width: 150px;text-align: center\">5 secondes<\/td>\n<\/tr>\n<tr>\n<td style=\"width: 300px;text-align: center\">2 cartes<\/td>\n<td style=\"width: 150px;text-align: center\">5 secondes<\/td>\n<\/tr>\n<tr>\n<td style=\"width: 300px;text-align: center\">1 card<\/td>\n<td style=\"width: 150px;text-align: center\">N\/A<\/td>\n<\/tr>\n<\/tbody>\n<\/table>\n<p style=\"text-align: justify\">Les joueurs auront \u00e9galement 60 secondes pour revoir leurs choix apr\u00e8s le premier booster. Les p\u00e9riodes de temps suivantes sont augment\u00e9es de 30 secondes \u00e0 chaque fois.<\/p>\n<p style=\"text-align: justify\"><strong>Timing en Rochester<\/strong><br \/>\nLes joueurs ont 20 secondes pour observer les cartes entre le moment o\u00f9 les cartes sont \u00e9tal\u00e9es sur la table et le moment o\u00f9 le premier choix doit \u00eatre fait. Les joueurs ont ensuite 5 secondes pour effectuer chaque choix.<\/p>\n<p style=\"text-align: justify\"><strong>Timing en draft en Troll \u00e0 deux t\u00eates<\/strong><br \/>\nEn draft multi-joueurs les joueurs ont par d\u00e9faut ces diff\u00e9rentes limites de temps afin d\u2019effectuer leur choix :<\/p>\n<table class=\"table table-hover table-condensed aligncenter\" style=\"width: 450px\">\n<tbody>\n<tr>\n<td style=\"text-align: center;background-color: #cccccc\" colspan=\"2\"><strong>Cartes restant dans le booster<\/strong><\/td>\n<td style=\"width: 150px;text-align: center;background-color: #cccccc\"><strong>Temps imparti<\/strong><\/td>\n<\/tr>\n<tr>\n<td style=\"width: 150px;text-align: center;background-color: #eeeeee\"><strong>Booster de 15 cartes<\/strong><\/td>\n<td style=\"width: 150px;text-align: center;background-color: #eeeeee\"><strong>Booster de 14 cartes<\/strong><\/td>\n<td style=\"width: 150px;text-align: center;background-color: #eeeeee\"><\/td>\n<\/tr>\n<tr>\n<td style=\"width: 150px;text-align: center\">15<\/td>\n<td style=\"width: 150px;text-align: center\">14<\/td>\n<td style=\"width: 150px;text-align: center\">50 secondes<\/td>\n<\/tr>\n<tr>\n<td style=\"width: 150px;text-align: center\">13<\/td>\n<td style=\"width: 150px;text-align: center\">12<\/td>\n<td style=\"width: 150px;text-align: center\">45 secondes<\/td>\n<\/tr>\n<tr>\n<td style=\"width: 150px;text-align: center\">11<\/td>\n<td style=\"width: 150px;text-align: center\">10<\/td>\n<td style=\"width: 150px;text-align: center\">40 secondes<\/td>\n<\/tr>\n<tr>\n<td style=\"width: 150px;text-align: center\">9<\/td>\n<td style=\"width: 150px;text-align: center\">8<\/td>\n<td style=\"width: 150px;text-align: center\">30 secondes<\/td>\n<\/tr>\n<tr>\n<td style=\"width: 150px;text-align: center\">7<\/td>\n<td style=\"width: 150px;text-align: center\">6<\/td>\n<td style=\"width: 150px;text-align: center\">20 secondes<\/td>\n<\/tr>\n<tr>\n<td style=\"width: 150px;text-align: center\">5<\/td>\n<td style=\"width: 150px;text-align: center\">4<\/td>\n<td style=\"width: 150px;text-align: center\">10 secondes<\/td>\n<\/tr>\n<tr>\n<td style=\"width: 150px;text-align: center\">3<\/td>\n<td style=\"width: 150px;text-align: center\">&#8211;<\/td>\n<td style=\"width: 150px;text-align: center\">5 secondes<\/td>\n<\/tr>\n<tr>\n<td style=\"width: 150px;text-align: center\">1<\/td>\n<td style=\"width: 150px;text-align: center\">2<\/td>\n<td style=\"width: 150px;text-align: center\">N\/A<\/td>\n<\/tr>\n<\/tbody>\n<\/table>\n<p style=\"text-align: justify\">In addition, players receive 60 secondes to review their drafted cartes in between booster packs.<\/p>\n","protected":false},"excerpt":{"rendered":"<p>La limite de temps minimale requise pour chaque match est de 40 minutes. Les limites de temps suivantes sont recommand\u00e9es pour chaque ronde d\u2019un tournoi : Tournois en Construit et en Limit\u00e9 : 50 minutes Quarts de finale et demi-finales en \u00e9limination directe : 90 minutes Finale en \u00e9limination directe : pas de limite de [&hellip;]<\/p>\n","protected":false},"author":249,"featured_media":0,"parent":0,"menu_order":0,"comment_status":"closed","ping_status":"closed","template":"page_width-index.php","meta":{"footnotes":"","_links_to":"","_links_to_target":""},"language":[9],"class_list":["post-4264","page","type-page","status-publish","hentry","language-fr"],"_links":{"self":[{"href":"https:\/\/blogs.magicjudges.org\/rules\/wp-json\/wp\/v2\/pages\/4264","targetHints":{"allow":["GET"]}}],"collection":[{"href":"https:\/\/blogs.magicjudges.org\/rules\/wp-json\/wp\/v2\/pages"}],"about":[{"href":"https:\/\/blogs.magicjudges.org\/rules\/wp-json\/wp\/v2\/types\/page"}],"author":[{"embeddable":true,"href":"https:\/\/blogs.magicjudges.org\/rules\/wp-json\/wp\/v2\/users\/249"}],"replies":[{"embeddable":true,"href":"https:\/\/blogs.magicjudges.org\/rules\/wp-json\/wp\/v2\/comments?post=4264"}],"version-history":[{"count":6,"href":"https:\/\/blogs.magicjudges.org\/rules\/wp-json\/wp\/v2\/pages\/4264\/revisions"}],"predecessor-version":[{"id":7206,"href":"https:\/\/blogs.magicjudges.org\/rules\/wp-json\/wp\/v2\/pages\/4264\/revisions\/7206"}],"wp:attachment":[{"href":"https:\/\/blogs.magicjudges.org\/rules\/wp-json\/wp\/v2\/media?parent=4264"}],"wp:term":[{"taxonomy":"language","embeddable":true,"href":"https:\/\/blogs.magicjudges.org\/rules\/wp-json\/wp\/v2\/language?post=4264"}],"curies":[{"name":"wp","href":"https:\/\/api.w.org\/{rel}","templated":true}]}}