{"id":4294,"date":"2016-06-10T19:16:48","date_gmt":"2016-06-10T16:16:48","guid":{"rendered":"http:\/\/blogs.magicjudges.org\/rules\/?page_id=4294"},"modified":"2019-05-28T17:32:00","modified_gmt":"2019-05-28T14:32:00","slug":"ipg2-2-es","status":"publish","type":"page","link":"https:\/\/blogs.magicjudges.org\/rules\/ipg2-2-es\/","title":{"rendered":"IPG 2.2 Error de Juego \u2014 Mirar Cartas Adicionales"},"content":{"rendered":"<div style=\"padding-right: 20px;float: left;width: 80%;margin-top: 0px\">\n<h2>Definici\u00f3n<\/h2>\n<p>Un jugador toma una acci\u00f3n que podr\u00eda permitirle ver los frentes de cartas que no deber\u00edan haber visto.<\/p>\n<\/div>\n<div style=\"float: right;width: 20%;margin-top: 0px;margin-bottom: -20px;text-align: center\">\n<div class=\"alert alert-warning\" role=\"alert\"> <\/p>\n<p style=\"text-align: center;margin-top: 10px;margin-left: -10px\"><strong>Penalizaci\u00f3n<\/strong><\/p>\n<p style=\"text-align: center;margin-bottom: 10px;margin-left: -12px\">Advertencia<\/p>\n<p><\/div>\n<\/div>\n<br style=\"clear: both; height: 1px; margin: -1px 0pt 0pt; overflow: hidden;\">\n<p><span style=\"font-weight: 400\"><div class=\"alert alert-info\" role=\"alert\"> <\/span><\/p>\n<p><i><span style=\"font-weight: 400\">Esta infracci\u00f3n es muy f\u00e1cil de cometer. Cada vez que se toca una biblioteca, es posible que una carta se caiga, o se voltee; o al robar, dos cartas pueden pegarse o robarse juntas.<\/span><\/i><\/p>\n<p><i><span style=\"font-weight: 400\">Generalmente, cuando hablamos de Mirar Cartas Adicionales, hablamos de un jugador que mira la cara frontal de una carta de su propio mazo. Sin embargo, puede pasar que veas cartas del mazo de tu oponente mientras lo barajas.<\/span><\/i><\/p>\n<p><i><span style=\"font-weight: 400\">Ten cuidado de no confundir esta infracci\u00f3n con Error de Carta Oculta. En particular, la infracci\u00f3n de Error de Carta Oculta tambi\u00e9n cubre situaciones en donde se est\u00e1 mirando cierta cantidad de cartas de la parte superior de la biblioteca y se miran m\u00e1s de las debidas. O sea, que en este caso espec\u00edfico, est\u00e1s mirando cartas adicionales, pero no est\u00e1s Mirando Cartas Adicionales. \u00bfTe duele la cabeza? A m\u00ed s\u00ed.<\/span><\/i><\/p>\n<p><i><span style=\"font-weight: 400\">Como se mencion\u00f3 en la secci\u00f3n anterior, Error de Carta Oculta toma algo del espectro que sol\u00eda tener Mirar Cartas Adicionales. Cuando est\u00e1s manipulando un grupo de cartas de la parte superior de la biblioteca, y manipulas m\u00e1s de las debidas, eso ahora se considera Error de Carta Oculta. A los prop\u00f3sitos de Error de Carta Oculta, una vez que las cartas han dejado significativamente la biblioteca como parte de robar, ya no se puede considerar Mirar Cartas Adicionales.<\/span><\/i><\/p>\n<p><i><span style=\"font-weight: 400\">De la explicaci\u00f3n publicada con un cambio reciente a esta infracci\u00f3n, se afirma que <\/span><\/i><i><span style=\"font-weight: 400\">\u201cla clave [para determinar el l\u00edmite entre Mirar Cartas Adicionales \/ Error de Carta Oculta] es ver si el oponente pretend\u00eda (err\u00f3neamente o no) levantar esa cantidad de cartas, o si estaban tratando de levantar la cantidad correcta y no lo hizo por problemas de destreza (en contraposici\u00f3n a no saber contar)\u201d<\/span><\/i><\/p>\n<p><i><span style=\"font-weight: 400\">Los <\/span><\/i><a href=\"https:\/\/blogs.magicjudges.org\/rules\/ipg1-5-es\/\"><i><span style=\"font-weight: 400\">grupos<\/span><\/i><\/a><i><span style=\"font-weight: 400\"> se definen en la secci\u00f3n 1.5, as\u00ed que \u00a0dir\u00edgete all\u00ed si necesitas refrescarlos. B\u00e1sicamente, una vez que la carta que est\u00e1s mirando es a\u00f1adida a un grupo de cartas, ya no la est\u00e1s mirando, y la infracci\u00f3n ya no es Mirar Cartas Adicionales sino Error de Carta Oculta. Pero si se supon\u00eda que Adivinases 1, y en cambio levantaste dos cartas, no a\u00f1adiste la segunda carta al grupo a Adivinar hasta que efectivamente comiences a Adivinar. \u00bfLo entiendes? Est\u00e1 bien si resulta un poco confuso porque esta distinci\u00f3n es probablemente la menos clara de todas en toda \u00e9sta gu\u00eda. B\u00e1sicamente, existe un punto en el cual tomar levantar esas dos cartas donde pasamos de \u201cuy, tome una segunda carta\u201d a \u201ctengo una segunda carta sobre la que puedo realizar acciones\u201d. Ese es el punto que marca la l\u00ednea entre Mirar Cartas Adicionales y Error de Carta Oculta en este caso.<\/span><\/i><\/p>\n<p><i><span style=\"font-weight: 400\">Mirar Cartas Adicionales cubre cuando derribas una carta, cuando dejas caer una carta mientras barajas la biblioteca de tu oponente, comienzas a robar una carta cuando no deber\u00edas, y cuando pones cartas de tu biblioteca en tu cementerio (milling) o Dragas demasiadas cartas. Poner cartas de la biblioteca en el cementerio (milling) o Dragar est\u00e1n cubiertos por Mirar Cartas Adicionales porque las cartas son puestas en una zona p\u00fablica que todos pueden ver. Sin embargo, esto solo aplica si el error es detectado de inmediato. Si comenzamos a tomar otras acciones, pasamos el punto en que podemos afirmar que accidentalmente vimos una carta extra, y en cambio hemos aceptado que esa carta se supone que deber\u00eda estar en el cementerio.<\/span><\/i><\/p>\n<p><i><span style=\"font-weight: 400\">Algunas veces los jugadores ponen cartas boca abajo sobre la mesa antes de robarlas, con la intenci\u00f3n de contarlas o para pensar antes de ponerlas en la mano. Esto no est\u00e1 prohibido y los jueces no deber\u00edan penalizarlo. En esta situaci\u00f3n la diferencia es que ese jugador lo hace intencionalmente y toma recaudo de no ver ninguna carta de manera inapropiada. Esta declaraci\u00f3n tambi\u00e9n aplica a la infracci\u00f3n Error de Carta Oculta.<\/span><\/i><\/p>\n<p><i><span style=\"font-weight: 400\">Dejar caer una carta mientras barajas tu mazo no es Mirar Cartas Adicionales. Simplemente pon la carta de nuevo en el mazo y contin\u00faa barajando.<\/span><\/i><\/p>\n<p><i><span style=\"font-weight: 400\">Observar la cara de una carta que tu oponente dio vuelta o se le cay\u00f3 tampoco es Mirar Cartas Adicionales. Esto tiene dos razones: 1) Si un jugador pudiese dejar caer una carta y provocar una Advertencia a su oponente, van a mezclar mal a prop\u00f3sito hasta entrar al Top 8. 2) MTR 3.12 permite a los jugadores revelar informaci\u00f3n oculta a sus oponentes, si es que tienen derecho a conocerla.<\/span><\/i><\/p>\n<p><span style=\"font-weight: 400\"><i>Es importante notar que esta infracci\u00f3n s\u00f3lo aplica a cartas en una biblioteca (o sideboard). Si miras accidentalmente cartas exiliadas por un <a href=\"https:\/\/blogs.magicjudges.org\/rules\/wp-content\/plugins\/lems-mtg-helper\/lems-mtg-helper-cardfinder.php?find=Mensajero+de+Bomat&width=223&height=310\" class=\"jTip\" name=\"\">Mensajero de Bomat<\/a>, no es Mirar Cartas Adicionales, es una <\/i><a href=\"https:\/\/blogs.magicjudges.org\/rules\/ipg2-5-es\/\"><i>Violaci\u00f3n de Regla de Juego<\/i><\/a><i>.<\/i><\/span><\/div><\/p>\n<p><span style=\"font-weight: 400\">Esta penalizaci\u00f3n se aplica s\u00f3lo una vez cuando una o m\u00e1s cartas se miren en la misma acci\u00f3n o secuencia de acciones.<\/span><\/p>\n<p><span style=\"font-weight: 400\"><div class=\"alert alert-info\" role=\"alert\"> <i>No penalizamos a un jugador por cada carta que mir\u00f3 si todas las cartas fueron vistas durante la misma acci\u00f3n o secuencia de acciones de juego<\/i><\/span><i><span style=\"font-weight: 400\">.<\/span><\/i><span style=\"font-weight: 400\"><\/div><\/span><\/p>\n<h2><b>Ejemplos<\/b><\/h2>\n<ul>\n<li style=\"font-weight: 400\"><span style=\"font-weight: 400\">A. Un jugador accidentalmente muestra (da vuelta, se le cae) una carta mientras baraja la biblioteca de un oponente.<\/span><\/li>\n<li style=\"font-weight: 400\"><span style=\"font-weight: 400\">B. Un jugador toma una carta adicional mientras roba de su biblioteca.<\/span><\/li>\n<li style=\"font-weight: 400\"><span style=\"font-weight: 400\">C. Un jugador mira la \u00faltima carta de su mazo cuando lo presenta a su oponente para cortar\/barajar.<\/span><\/li>\n<\/ul>\n<p><span style=\"font-weight: 400\"><div class=\"alert alert-info\" role=\"alert\"> <\/span><i><span style=\"font-weight: 400\">En el ejemplo B, por favor considera \u201ctomar\u201d como \u201clevantar, pero no lo suficiente como para que sea considerado separado de la biblioteca\u201d.<\/span><\/i><\/p>\n<p><i><span style=\"font-weight: 400\">Otros ejemplos pueden ser: un jugador voltea una carta de m\u00e1s mientras resuelve la habilidad Cascada; un jugador voltea una carta de m\u00e1s cuando descarta de su mazo, y esto es notado inmediatamente<\/span><\/i><i><span>.<\/span><\/i><span><\/div><\/span><\/p>\n<h2><b>Filosof\u00eda<\/b><\/h2>\n<p><span style=\"font-weight: 400\">Un jugador puede accidentalmente mirar cartas adicionales y esta infracci\u00f3n maneja situaciones donde un error de destreza o de reglas llev\u00f3 a un jugador a ver cartas de una biblioteca que no debiera haber visto.<\/span><\/p>\n<p><span style=\"font-weight: 400\"><div class=\"alert alert-info\" role=\"alert\"> <i>Los jugadores tocan constantemente su mazo. Lo tocan al barajar, lo tocan al robar, lo tocan al buscar una carta. Y cada vez que un mazo se toca, existe la posibilidad de que veas algo que no deber\u00edas. Como es algo que sucede f\u00e1cilmente, se nota f\u00e1cilmente y se resuelve f\u00e1cilmente, la penalidad apropiada es una Advertencia.<\/i><\/span><span style=\"font-weight: 400\"><\/div><\/span><\/p>\n<p><span style=\"font-weight: 400\">Las cartas se consideran en una biblioteca hasta que tocan cartas en otro grupo oculto. Una vez que esas cartas se reunieron con otro grupo oculto, la infracci\u00f3n se maneja con Error de carta oculta o Violaci\u00f3n de regla de juego.<\/span><\/p>\n<p><span style=\"font-weight: 400\"><div class=\"alert alert-info\" role=\"alert\"> <i>Todos sabemos que robar es distinto a mirar, pero algunas veces esa l\u00ednea no es f\u00e1cil de determinar. La l\u00ednea aqu\u00ed se traza cuando la carta que estamos mirando se agrega a otro grupo de cartas, ya sea la mano, o siete otras cartas al resolver Hurgar en el Tiempo (<a href=\"https:\/\/blogs.magicjudges.org\/rules\/wp-content\/plugins\/lems-mtg-helper\/lems-mtg-helper-cardfinder.php?find=Dig+Through+Time&width=223&height=310\" class=\"jTip\" name=\"\">Dig Through Time<\/a>). Hay que tener en cuenta que para esta infracci\u00f3n, permitimos un poco el uso del propio juicio en lo que se refiere a \u201cquer\u00eda tomar una carta y tom\u00e9 dos\u201d. Eso no es \u201ca\u00f1adir a un grupo\u201d todav\u00eda<\/i><\/span><i><span style=\"font-weight: 400\">.<\/span><\/i><span style=\"font-weight: 400\"><\/div><\/span><\/p>\n<p><span style=\"font-weight: 400\">Los jugadores no deber\u00edan usar esta penalizaci\u00f3n para obtener una &#8220;barajada gratis&#8221; o para intentar barajar cartas que no quieren robar; hacerlo puede constituir <\/span><a href=\"https:\/\/blogs.magicjudges.org\/rules\/ipg4-8-es\/\"><span style=\"font-weight: 400\">Conducta antideportiva \u2014 Hacer trampa.<\/span><\/a><\/p>\n<p><span style=\"font-weight: 400\"><div class=\"alert alert-info\" role=\"alert\"> <i>Este punto involucra la habilidad del juez para determinar si un jugador est\u00e1 mintiendo. Algunos jugadores saben que el remedio para corregir Mirar Cartas Adicionales es barajar, as\u00ed que pueden mirar \u201caccidentalmente\u201d una carta para conseguir barajar el mazo. Esto es hacer trampa, y ayuda a enfatizar el punto de que necesitamos determinar si hay cartas o porciones conocidas del mazo antes de aplicar el remedio. Al llegar a la mesa debemos preguntar a ambos jugadores acerca del estado del juego para saber bien qu\u00e9 est\u00e1 sucediendo.<\/i><\/span><span style=\"font-weight: 400\"><\/div><\/span><\/p>\n<p><span style=\"font-weight: 400\">Los jugadores no pueden usar esta penalizaci\u00f3n como un m\u00e9todo para hacer tiempo.<\/span><\/p>\n<p><span style=\"font-weight: 400\"><div class=\"alert alert-info\" role=\"alert\"> <i>Barajar requiere tiempo y los jugadores lo saben. Como jueces debemos evitar que los jugadores tomen ventaja del l\u00edmite de tiempo y entender cu\u00e1ndo un jugador est\u00e1 intentando hacer esto. Esto tambi\u00e9n se considera trampa, pero va a ser muy dif\u00edcil descubrirlo. Si se acerca el final de la ronda, conviene quedarse cerca y observar si se sospecha que este es el caso<\/i><\/span><i><span style=\"font-weight: 400\">.<\/span><\/i><span style=\"font-weight: 400\"><\/div><\/span><\/p>\n<p><span style=\"font-weight: 400\">La biblioteca ya est\u00e1 aleatorizada, as\u00ed que barajar las cartas mostradas no deber\u00eda implicar mucho esfuerzo.<\/span><\/p>\n<p><span style=\"font-weight: 400\"><div class=\"alert alert-info\" role=\"alert\"> <i>Esto significa que el jugador no debe desperdiciar el tiempo barajando del mismo modo que lo har\u00eda al inicio del juego. Unos cuantos cortes o 3-5 \u201criffle shuffle\u201d deber\u00edan ser suficientes. El prop\u00f3sito es \u201cperder\u201d la carta vista en el mazo<\/i><\/span><i><span style=\"font-weight: 400\">.<\/span><\/i><span style=\"font-weight: 400\"><\/div><\/span><\/p>\n<h2><b>Soluci\u00f3n adicional<\/b><\/h2>\n<p><span style=\"font-weight: 400\">Baraja cualquier carta desconocida en la parte aleatoria del mazo, y luego coloca las cartas conocidas de regreso en su ubicaci\u00f3n correcta.<\/span><\/p>\n<p><span style=\"font-weight: 400\"><div class=\"alert alert-info\" role=\"alert\"> <i>Ver<\/i><a href=\"http:\/\/blogs.magicjudges.org\/rules\/ipg1-3-es\/\"> <i>IPG 1.3<\/i><\/a><i> para los detalles de c\u00f3mo barajar un mazo. En resumen: averiguar qu\u00e9 cartas se conocen de manera legal por acciones como Adivinar o Cascada, y dejando esas cartas aparte donde deber\u00edan estar, barajar el resto de las cartas. Si las cartas vistas de manera accidental ya eran conocidas de manera legal, por ejemplo como consecuencia de una\u00a0 <a href=\"https:\/\/blogs.magicjudges.org\/rules\/wp-content\/plugins\/lems-mtg-helper\/lems-mtg-helper-cardfinder.php?find=Inspiraci%C3%B3n+s%C3%BAbita&width=223&height=310\" class=\"jTip\" name=\"\">Inspiraci\u00f3n s\u00fabita<\/a>, no se necesita hacer esto.<\/i><\/span><\/div><\/p>\n","protected":false},"excerpt":{"rendered":"<p>Definici\u00f3n Un jugador toma una acci\u00f3n que podr\u00eda permitirle ver los frentes de cartas que no deber\u00edan haber visto. Esta penalizaci\u00f3n se aplica s\u00f3lo una vez cuando una o m\u00e1s cartas se miren en la misma acci\u00f3n o secuencia de acciones. Ejemplos A. Un jugador accidentalmente muestra (da vuelta, se le cae) una carta mientras [&hellip;]<\/p>\n","protected":false},"author":13,"featured_media":0,"parent":0,"menu_order":0,"comment_status":"closed","ping_status":"closed","template":"page_width-index.php","meta":{"footnotes":"","_links_to":"","_links_to_target":""},"language":[8],"class_list":["post-4294","page","type-page","status-publish","hentry","language-es"],"_links":{"self":[{"href":"https:\/\/blogs.magicjudges.org\/rules\/wp-json\/wp\/v2\/pages\/4294","targetHints":{"allow":["GET"]}}],"collection":[{"href":"https:\/\/blogs.magicjudges.org\/rules\/wp-json\/wp\/v2\/pages"}],"about":[{"href":"https:\/\/blogs.magicjudges.org\/rules\/wp-json\/wp\/v2\/types\/page"}],"author":[{"embeddable":true,"href":"https:\/\/blogs.magicjudges.org\/rules\/wp-json\/wp\/v2\/users\/13"}],"replies":[{"embeddable":true,"href":"https:\/\/blogs.magicjudges.org\/rules\/wp-json\/wp\/v2\/comments?post=4294"}],"version-history":[{"count":10,"href":"https:\/\/blogs.magicjudges.org\/rules\/wp-json\/wp\/v2\/pages\/4294\/revisions"}],"predecessor-version":[{"id":9091,"href":"https:\/\/blogs.magicjudges.org\/rules\/wp-json\/wp\/v2\/pages\/4294\/revisions\/9091"}],"wp:attachment":[{"href":"https:\/\/blogs.magicjudges.org\/rules\/wp-json\/wp\/v2\/media?parent=4294"}],"wp:term":[{"taxonomy":"language","embeddable":true,"href":"https:\/\/blogs.magicjudges.org\/rules\/wp-json\/wp\/v2\/language?post=4294"}],"curies":[{"name":"wp","href":"https:\/\/api.w.org\/{rel}","templated":true}]}}