{"id":4303,"date":"2016-06-13T09:41:47","date_gmt":"2016-06-13T06:41:47","guid":{"rendered":"http:\/\/blogs.magicjudges.org\/rules\/?page_id=4303"},"modified":"2018-09-03T03:26:16","modified_gmt":"2018-09-03T00:26:16","slug":"ipg2-4-es","status":"publish","type":"page","link":"https:\/\/blogs.magicjudges.org\/rules\/ipg2-4-es\/","title":{"rendered":"IPG 2.4 Error de Juego \u2014 Error de Procedimiento de Mulligan"},"content":{"rendered":"<div style=\"padding-right: 20px;float: left;width: 80%;margin-top: 0px\">\n<h2>Definici\u00f3n<\/h2>\n<p style=\"text-align: justify\"><span style=\"font-weight: 400\">Un jugador comete un error como parte del procedimiento de mulligan. Esta infracci\u00f3n no se aplica a errores realizados una vez que los procedimientos pre-juego fueron terminados.<\/span><\/p>\n<\/div>\n<div style=\"float: right;width: 20%;margin-top: 0px;margin-bottom: -20px;text-align: center\">\n<div class=\"alert alert-warning\" role=\"alert\"> <\/p>\n<p style=\"text-align: center;margin-top: 10px;margin-left: -10px\"><strong>Penalizaci\u00f3n<\/strong><\/p>\n<p style=\"text-align: center;margin-bottom: 10px;margin-left: -12px\">Advertencia<\/p>\n<p><\/div>\n<\/div>\n<br style=\"clear: both; height: 1px; margin: -1px 0pt 0pt; overflow: hidden;\">\n<p><span style=\"font-weight: 400\"><div class=\"alert alert-info\" role=\"alert\"> <\/span><i><span style=\"font-weight: 400\">A pesar de que esta infracci\u00f3n se llama Error de Procedimiento de Mulligan, se puede aplicar antes de que se haya hecho mulligan. La mayor\u00eda de los errores est\u00e1n listados en los ejemplos. Una vez que todos los procedimientos pre-juego hayan sido completados, cualquier otro error corresponder\u00e1 a una infracci\u00f3n diferente, por ejemplo, robar una carta cuando nosotros somos los que empezamos la partida es un<\/span><\/i><a href=\"http:\/\/blogs.magicjudges.org\/rules\/ipg2-3-es\/\"> <i><span style=\"font-weight: 400\">Error de Carta Oculta<\/span><\/i><\/a><i><span style=\"font-weight: 400\">.<\/span><\/i><\/p>\n<p><span style=\"font-weight: 400\"><\/div><\/span><\/p>\n<p><span style=\"font-weight: 400\">\u201cAdivinar\u201d por m\u00e1s de una carta despu\u00e9s de realizar un mulligan se trata como un Error de carta oculta.<\/span><\/p>\n<p><span style=\"font-weight: 400\"><div class=\"alert alert-info\" role=\"alert\"> <\/span><i><span style=\"font-weight: 400\"> Si bien el Adivinar del Mulligan est\u00e1 t\u00e9cnicamente dentro del proceso de mulligan , El Error de Procedimiento de Mulligan no encaja y la penalidad y soluci\u00f3n de Error de Carta Oculta encaja mucho mejor filos\u00f3ficamente, entonces deber\u00edamos utilizarlo. Adicionalmente, si solamente se mir\u00f3 la segunda carta y aun no se hizo el adivinar, Mirar Carta Adicional es lo apropiado.<\/span><\/i><\/p>\n<p><span style=\"font-weight: 400\"><\/div><\/span><\/p>\n<p><span style=\"font-weight: 400\">Los errores de procedimiento triviales que no dan ninguna ventaja, como declarar un mulligan anticipadamente, no son una infracci\u00f3n.<\/span><\/p>\n<p><span style=\"font-weight: 400\"><div class=\"alert alert-info\" role=\"alert\"> <\/span><i><span style=\"font-weight: 400\">Intenta no pensar demasiado con esta infracci\u00f3n. Si un jugador comete un error, y no est\u00e1 listado entre los ejemplos, compara y analiza el impacto del error y en base a esto decide si es trivial o no.<\/span><\/i><\/p>\n<p><b><i>Ejemplos:<\/i><\/b><\/p>\n<ul>\n<li style=\"font-weight: 400\"><span style=\"font-weight: 400\">El jugador que no va a empezar el juego declara que no va a hacer mulligan antes que el jugador que si empieza el juego<\/span><\/li>\n<li style=\"font-weight: 400\"><span style=\"font-weight: 400\">Un jugador pone en el campo de batalla una L\u00ednea m\u00edstica<i> <\/i>antes que su oponente termine de resolver todos sus mulligans<\/span><\/li>\n<\/ul>\n<p><span style=\"font-weight: 400\">T\u00e9cnicamente estos son errores de procedimiento, pero en ese punto de la partida el impacto es muy bajo y dichos casos no deben ser tratados como una infracci\u00f3n.<\/span><\/p>\n<p><span style=\"font-weight: 400\"><\/div><\/span><\/p>\n<h2><b>Ejemplos<\/b><\/h2>\n<ul>\n<li style=\"font-weight: 400\"><b>A. <\/b><span style=\"font-weight: 400\">Un jugador roba ocho cartas al comienzo de un juego (en lugar de siete).<\/span><\/li>\n<li style=\"font-weight: 400\"><b>B. <\/b><span style=\"font-weight: 400\">Un jugador roba siete cartas al comienzo del juego (en lugar de seis) despu\u00e9s de realizar un mulligan.<\/span><\/li>\n<li style=\"font-weight: 400\"><b>C. <\/b><span style=\"font-weight: 400\">Un jugador se queda con su mano, adivina, luego hace mulligan otra vez.<\/span><\/li>\n<li style=\"font-weight: 400\"><b>D. <\/b><span style=\"font-weight: 400\">Un jugador elige no hacer un mulligan y luego hace un mulligan al ver que su oponente realiza un mulligan.<\/span><\/li>\n<\/ul>\n<h2><b>Filosof\u00eda<\/b><\/h2>\n<p><span style=\"font-weight: 400\">Los errores previos al comienzo del juego tienen una opci\u00f3n menos disruptiva, un mulligan forzado, que no est\u00e1 disponible en ning\u00fan otro momento del juego. Sin embargo, los jugadores no deber\u00edan ser incentivados a esperar la infracci\u00f3n hasta que los procedimientos de mulligan fueron completados para poder \u2018descubrir\u2019 el error en un punto donde se convierte en un <\/span><a href=\"http:\/\/blogs.magicjudges.org\/rules\/ipg2-3-es\/\"><span style=\"font-weight: 400\">Error de carta oculta<\/span><\/a><span style=\"font-weight: 400\"> si creen que eso les dar\u00e1 una ventaja. Para alentar al jugador que realiza la ofensa a reportar su error tan pronto como sea posible, se les da la opci\u00f3n de elegir soluci\u00f3n antes de que comience el juego.<\/span><\/p>\n<p><span style=\"font-weight: 400\"><div class=\"alert alert-info\" role=\"alert\"> <\/span><i><span style=\"font-weight: 400\">Resulta muy f\u00e1cil cometer un error durante el procedimientos pre-juego, siendo robar demasiadas cartas el error m\u00e1s com\u00fan, as\u00ed que damos al jugador la opci\u00f3n de revelar su mano (como en un Error de Carta Oculta) o hacer mulligan. Como la elecci\u00f3n de hacer mulligan no estar\u00e1 disponible una vez que este error se reporte luego del inicio de un juego, hay menos posibilidades de que un jugador espere hasta ese momento para reportar su error.<\/span><\/i><\/p>\n<p><span style=\"font-weight: 400\"><\/div><\/span><\/p>\n<p><span style=\"font-weight: 400\">Si un jugador mira la primera carta de su biblioteca antes de realizar un mulligan, se asume que eligi\u00f3 quedarse con la mano a menos que haya sido muy claro que tienen intenci\u00f3n de hacer mulligan nuevamente, ya sea verbalmente antes de mirar o tomando varias cartas de la parte superior de su biblioteca. <\/span><\/p>\n<p><span style=\"font-weight: 400\"><div class=\"alert alert-info\" role=\"alert\"> <\/span><i><span style=\"font-weight: 400\">Los jugadores que hicieron mulligan tienen la oportunidad de Adivinar 1 (Scry 1) luego de que todos los jugadores deciden quedarse con su mano inicial. Es muy dif\u00edcil para el oponente, o un juez, saber si al mirar la carta del tope de la biblioteca el jugador est\u00e1 Adivinando 1 o viendo cual iba a ser la siguiente carta a ser robada antes de decidir tomar otro mulligan. Si no se dice nada, se asume por defecto que ese jugador decidi\u00f3 quedarse su mano y est\u00e1 haciendo la acci\u00f3n de adivinar. Si miran varias cartas del tope de la biblioteca, resulta obvio que decidieron volver a hacer mulligan.<\/span><\/i><\/p>\n<p><span style=\"font-weight: 400\"><\/div><\/span><\/p>\n<h2><b>Soluci\u00f3n Adicional<\/b><\/h2>\n<p><span style=\"font-weight: 400\">Si el jugador tiene demasiadas cartas en la mano, puede elegir mostrar su mano, y su oponente elige una carta de all\u00ed para volver a mezclar en la biblioteca. Si se rob\u00f3 m\u00e1s de una carta excedente (por ejemplo, ocho carta robadas durante un mulligan a 6) su oponente contin\u00faa quitando cartas hasta llegar a la cantidad correcta.<\/span><\/p>\n<p><span style=\"font-weight: 400\">Si no se remueven carta de la mano de esta manera (ya sea por un error que no llev\u00f3 a que haya demasiadas cartas, o porque el jugador elige no mostrar), el jugador hace un mulligan adicional.<\/span><\/p>\n<p><span style=\"font-weight: 400\"><div class=\"alert alert-info\" role=\"alert\"> <\/span><i><span style=\"font-weight: 400\">En caso de que el error sea el de los ejemplos C o D, ese jugador tiene el n\u00famero correcto de cartas en su mano, as\u00ed que la \u00fanica opci\u00f3n para ese jugador es volver a tomar un mulligan. Los dem\u00e1s ejemplos resultan en que tenga cartas adicionales, as\u00ed que ese jugador decide qu\u00e9 soluci\u00f3n aplicar. Ambas opciones son bastante directas: revelar su mano y que el oponente elija un n\u00famero de cartas igual al exceso que ser\u00e1n barajadas de vuelta en el mazo, o tomar otro mulligan.<\/span><\/i><\/p>\n<p><i><span style=\"font-weight: 400\">Siempre hay que asegurarse de que el jugador est\u00e9 al tanto de a cuantas cartas est\u00e1 haciendo el mulligan. Si hicieron mulligan a 6, pero roban 7, ahora deben hacer mulligan a 5. Si hicieron mulligan a 6, Adivinaron 1, luego hicieron mulligan a 5, ahora deben hacer mulligan a 4.<\/span><\/i><span style=\"font-weight: 400\"><\/div><\/span><\/p>\n<p><span style=\"font-weight: 400\">Los jugadores pueden seguir haciendo mulligans despu\u00e9s de completar esta soluci\u00f3n.<\/span><\/p>\n<p><span style=\"font-weight: 400\"><div class=\"alert alert-info\" role=\"alert\"> <\/span><i><span style=\"font-weight: 400\">Independientemente de que soluci\u00f3n haya sido aplicada, si al jugador todav\u00eda no le gusta la mano que tiene, puede continuar con el proceso de mulligan.<\/span><\/i><span style=\"font-weight: 400\"><\/div><\/span><\/p>\n","protected":false},"excerpt":{"rendered":"<p>Definici\u00f3n Un jugador comete un error como parte del procedimiento de mulligan. Esta infracci\u00f3n no se aplica a errores realizados una vez que los procedimientos pre-juego fueron terminados. \u201cAdivinar\u201d por m\u00e1s de una carta despu\u00e9s de realizar un mulligan se trata como un Error de carta oculta. Los errores de procedimiento triviales que no dan [&hellip;]<\/p>\n","protected":false},"author":13,"featured_media":0,"parent":0,"menu_order":0,"comment_status":"closed","ping_status":"closed","template":"page_width-index.php","meta":{"footnotes":"","_links_to":"","_links_to_target":""},"language":[8],"class_list":["post-4303","page","type-page","status-publish","hentry","language-es"],"_links":{"self":[{"href":"https:\/\/blogs.magicjudges.org\/rules\/wp-json\/wp\/v2\/pages\/4303","targetHints":{"allow":["GET"]}}],"collection":[{"href":"https:\/\/blogs.magicjudges.org\/rules\/wp-json\/wp\/v2\/pages"}],"about":[{"href":"https:\/\/blogs.magicjudges.org\/rules\/wp-json\/wp\/v2\/types\/page"}],"author":[{"embeddable":true,"href":"https:\/\/blogs.magicjudges.org\/rules\/wp-json\/wp\/v2\/users\/13"}],"replies":[{"embeddable":true,"href":"https:\/\/blogs.magicjudges.org\/rules\/wp-json\/wp\/v2\/comments?post=4303"}],"version-history":[{"count":8,"href":"https:\/\/blogs.magicjudges.org\/rules\/wp-json\/wp\/v2\/pages\/4303\/revisions"}],"predecessor-version":[{"id":8227,"href":"https:\/\/blogs.magicjudges.org\/rules\/wp-json\/wp\/v2\/pages\/4303\/revisions\/8227"}],"wp:attachment":[{"href":"https:\/\/blogs.magicjudges.org\/rules\/wp-json\/wp\/v2\/media?parent=4303"}],"wp:term":[{"taxonomy":"language","embeddable":true,"href":"https:\/\/blogs.magicjudges.org\/rules\/wp-json\/wp\/v2\/language?post=4303"}],"curies":[{"name":"wp","href":"https:\/\/api.w.org\/{rel}","templated":true}]}}