{"id":4313,"date":"2016-06-13T10:11:57","date_gmt":"2016-06-13T07:11:57","guid":{"rendered":"http:\/\/blogs.magicjudges.org\/rules\/?page_id=4313"},"modified":"2019-02-13T08:11:25","modified_gmt":"2019-02-13T05:11:25","slug":"ipg3-es","status":"publish","type":"page","link":"https:\/\/blogs.magicjudges.org\/rules\/ipg3-es\/","title":{"rendered":"IPG 3. Errores de Torneo"},"content":{"rendered":"<table class=\"table table-hover table-condensed\" style=\"width: 100%\">\n<tbody>\n<tr>\n<td style=\"width: 50%;text-align: left\">3.1. <a href=\"http:\/\/blogs.magicjudges.org\/rules\/ipg3-1-es\/\">Error de Torneo \u2014 Tardanza<\/a><\/td>\n<td style=\"width: 50%;text-align: left\">3.5. <a href=\"http:\/\/blogs.magicjudges.org\/rules\/ipg3-5-es\/\">Error de Torneo \u2014 Problema de Mazo<\/a><\/td>\n<\/tr>\n<tr>\n<td style=\"width: 50%;text-align: left\">3.2. <a href=\"http:\/\/blogs.magicjudges.org\/rules\/ipg3-2-es\/\">Error de Torneo \u2014 Ayuda Externa<\/a><\/td>\n<td style=\"width: 50%;text-align: left\">3.6. <a href=\"http:\/\/blogs.magicjudges.org\/rules\/ipg3-6-es\/\">Error de Torneo \u2014 Violaci\u00f3n del Procedimiento de Limitado<\/a><\/td>\n<\/tr>\n<tr>\n<td style=\"width: 50%;text-align: left\">3.3. <a href=\"http:\/\/blogs.magicjudges.org\/rules\/ipg3-3-es\/\">Error de Torneo \u2014 Juego Lento<\/a><\/td>\n<td style=\"width: 50%;text-align: left\">3.7. <a href=\"http:\/\/blogs.magicjudges.org\/rules\/ipg3-7-es\/\">Error de Torneo \u2014 Violaci\u00f3n de la Pol\u00edtica de Comunicaci\u00f3n<\/a><\/td>\n<\/tr>\n<tr>\n<td style=\"width: 50%;text-align: left\">3.4. <a href=\"http:\/\/blogs.magicjudges.org\/rules\/ipg3-4-es\/\">Error de Torneo \u2014 Problema de Lista de Mazo<\/a><\/td>\n<td style=\"width: 50%;text-align: left\">3.8. <a href=\"http:\/\/blogs.magicjudges.org\/rules\/ipg3-8-es\/\">Error de Torneo \u2014 Cartas Marcadas<\/a><\/td>\n<\/tr>\n<tr>\n<td style=\"width: 50%;text-align: left\"><\/td>\n<td style=\"width: 50%;text-align: left\">3.9. <a href=\"http:\/\/blogs.magicjudges.org\/rules\/ipg3-9-es\/\">Error de Torneo \u2014 Barajar Insuficientemente<\/a><\/td>\n<\/tr>\n<tr>\n<td style=\"width: 50%;text-align: left\"><\/td>\n<td style=\"width: 50%;text-align: left\"><\/td>\n<\/tr>\n<\/tbody>\n<\/table>\n<p><span style=\"font-weight: 400\">Los errores de torneo son violaciones de las<\/span><a href=\"https:\/\/blogs.magicjudges.org\/rules\/mtr-es\/\"> <span style=\"font-weight: 400\">Reglas de Torneos de Magic<\/span><\/a><span style=\"font-weight: 400\">.<\/span><\/p>\n<p><span style=\"font-weight: 400\"><div class=\"alert alert-info\" role=\"alert\"> <\/span><i><span style=\"font-weight: 400\">Tal y como los Errores de Juego son violaciones de las Reglas Completas, los errores de torneo son violaciones de las Reglas de Torneo de Magic. Sin embargo, no toda violaci\u00f3n de las reglas de torneo resulta en una infracci\u00f3n.<\/span><\/i><span style=\"font-weight: 400\"><\/div><\/span><\/p>\n<p><span style=\"font-weight: 400\">Si el juez cree que el error fue intencional, deber\u00eda considerar<\/span><a href=\"http:\/\/blogs.magicjudges.org\/rules\/ipg4-8-es\/\"> <span style=\"font-weight: 400\">Conducta antideportiva \u2014 Hacer trampa<\/span><\/a><span style=\"font-weight: 400\">. <\/span><\/p>\n<p><span style=\"font-weight: 400\"><div class=\"alert alert-info\" role=\"alert\"> <\/span><i><span style=\"font-weight: 400\">Esta aclaraci\u00f3n cubre casos donde el jugador est\u00e1 violando una regla de torneo intencionalmente. El jugador puede estar haciendo trampa, pero su conducta podr\u00eda no coincidir con la definici\u00f3n de Hacer Trampa en la Gu\u00eda de Procedimientos de Infracciones. Aseg\u00farate de revisar la secci\u00f3n<\/span><\/i><a href=\"http:\/\/blogs.magicjudges.org\/rules\/ipg4-8-es\/\"> <i><span style=\"font-weight: 400\">Hacer Trampa<\/span><\/i><\/a><i><span style=\"font-weight: 400\"> antes de tomar una decisi\u00f3n.<\/span><\/i><span style=\"font-weight: 400\"><\/div><\/span><\/p>\n<p><span style=\"font-weight: 400\">Si un jugador viola las Reglas de torneo de <\/span><b>Magic<\/b><span style=\"font-weight: 400\"> de una manera no cubierta por las infracciones aqu\u00ed mencionadas, el juez deber\u00eda explicar el procedimiento adecuado al jugador, pero no asignar una penalizaci\u00f3n.\u00a0<\/span><\/p>\n<p><span style=\"font-weight: 400\"><div class=\"alert alert-info\" role=\"alert\"> <\/span><i><span style=\"font-weight: 400\">S\u00f3lo las Reglas de Torneo de Magic m\u00e1s serias justifican una penalizaci\u00f3n. Estas reglas pueden ser bastante disruptivas para el desarrollo fluido del torneo, causando que el evento dure m\u00e1s de lo necesario y\/o dando una ventaja significativa a un jugador. Si una violaci\u00f3n a las Reglas de Torneo de Magic no es considerada perjudicial para el desarrollo del evento, entonces una penalizaci\u00f3n no es necesaria y el juez simplemente educar\u00e1 al jugador con una acci\u00f3n correctiva.<\/span><\/i><span style=\"font-weight: 400\"><\/div><\/span><\/p>\n<p>Ignorar repetida o voluntariamente estas reglas puede requerir una investigaci\u00f3n adicional.<\/p>\n<p><span style=\"font-weight: 400\"><div class=\"alert alert-info\" role=\"alert\"> <\/span><i><span style=\"font-weight: 400\">Aunque no todas las Reglas de Torneo de Magic son penalizadas, incluso la m\u00e1s peque\u00f1a disrupci\u00f3n repetida una y otra vez puede retrasar un evento. Si esto sucede, una investigaci\u00f3n puede ser necesaria para ver si se est\u00e1 interrumpiendo intencionalmente el torneo o quiz\u00e1s un jugador simplemente necesita mayor asistencia.<\/span><\/i><span style=\"font-weight: 400\"><\/div><\/span><\/p>\n<p><span style=\"font-weight: 400\">La segunda o subsiguiente Advertencia por ofensas de Error de torneo en la misma categor\u00eda es aumentada a P\u00e9rdida de juego.<\/span><\/p>\n<p><span style=\"font-weight: 400\"><div class=\"alert alert-info\" role=\"alert\"> <\/span><i><span style=\"font-weight: 400\">Los Errores de Torneo son considerados m\u00e1s disruptivos y menos \u201cf\u00e1ciles de cometer\u201d que los Errores de Juego. Como resultado de esto, la segunda advertencia por un Error de Torneo en la misma categor\u00eda es aumentada a P\u00e9rdida de Juego (Game Loss). Todas las dem\u00e1s instancias en la misma categor\u00eda son tambi\u00e9n P\u00e9rdidas de Juego. No seguimos aumentando hasta llegar a la Descalificaci\u00f3n.<\/span><\/i><span style=\"font-weight: 400\"><\/div><\/span><\/p>\n<p>Para torneos de varios d\u00edas, el aumento de penalizaci\u00f3n por reiteraci\u00f3n para estas infracciones se reinicia cada d\u00eda.<\/p>\n<p><span style=\"font-weight: 400\"><div class=\"alert alert-info\" role=\"alert\"> <\/span><i><span style=\"font-weight: 400\">Tal y como para los Errores de Juego, hay una mayor probabilidad de que alguien repita el mismo error en un Grand Prix de 15 rondas que en un PPTQ de 5 rondas, y reiniciar el contador de penalizaciones refleja esto. N\u00f3tese que el reinicio es entre cortes, en lugar de entre d\u00edas, debido a que un corte puede llevarse a cabo en el mismo d\u00eda como otra porci\u00f3n del evento.<\/span><\/i><span style=\"font-weight: 400\"><\/div><\/span><\/p>\n","protected":false},"excerpt":{"rendered":"<p>3.1. Error de Torneo \u2014 Tardanza 3.5. Error de Torneo \u2014 Problema de Mazo 3.2. Error de Torneo \u2014 Ayuda Externa 3.6. Error de Torneo \u2014 Violaci\u00f3n del Procedimiento de Limitado 3.3. Error de Torneo \u2014 Juego Lento 3.7. Error de Torneo \u2014 Violaci\u00f3n de la Pol\u00edtica de Comunicaci\u00f3n 3.4. Error de Torneo \u2014 Problema [&hellip;]<\/p>\n","protected":false},"author":13,"featured_media":0,"parent":0,"menu_order":0,"comment_status":"closed","ping_status":"closed","template":"page_width-index.php","meta":{"footnotes":"","_links_to":"","_links_to_target":""},"language":[8],"class_list":["post-4313","page","type-page","status-publish","hentry","language-es"],"_links":{"self":[{"href":"https:\/\/blogs.magicjudges.org\/rules\/wp-json\/wp\/v2\/pages\/4313","targetHints":{"allow":["GET"]}}],"collection":[{"href":"https:\/\/blogs.magicjudges.org\/rules\/wp-json\/wp\/v2\/pages"}],"about":[{"href":"https:\/\/blogs.magicjudges.org\/rules\/wp-json\/wp\/v2\/types\/page"}],"author":[{"embeddable":true,"href":"https:\/\/blogs.magicjudges.org\/rules\/wp-json\/wp\/v2\/users\/13"}],"replies":[{"embeddable":true,"href":"https:\/\/blogs.magicjudges.org\/rules\/wp-json\/wp\/v2\/comments?post=4313"}],"version-history":[{"count":8,"href":"https:\/\/blogs.magicjudges.org\/rules\/wp-json\/wp\/v2\/pages\/4313\/revisions"}],"predecessor-version":[{"id":8804,"href":"https:\/\/blogs.magicjudges.org\/rules\/wp-json\/wp\/v2\/pages\/4313\/revisions\/8804"}],"wp:attachment":[{"href":"https:\/\/blogs.magicjudges.org\/rules\/wp-json\/wp\/v2\/media?parent=4313"}],"wp:term":[{"taxonomy":"language","embeddable":true,"href":"https:\/\/blogs.magicjudges.org\/rules\/wp-json\/wp\/v2\/language?post=4313"}],"curies":[{"name":"wp","href":"https:\/\/api.w.org\/{rel}","templated":true}]}}