{"id":4316,"date":"2016-06-13T10:24:45","date_gmt":"2016-06-13T07:24:45","guid":{"rendered":"http:\/\/blogs.magicjudges.org\/rules\/?page_id=4316"},"modified":"2018-09-01T20:44:19","modified_gmt":"2018-09-01T17:44:19","slug":"ipg3-1-es","status":"publish","type":"page","link":"https:\/\/blogs.magicjudges.org\/rules\/ipg3-1-es\/","title":{"rendered":"IPG 3.1 Error de Torneo \u2014 Tardanza"},"content":{"rendered":"<div style=\"padding-right: 20px;float: left;width: 80%;margin-top: 0px\">\n<h2>Definici\u00f3n<\/h2>\n<p><span style=\"font-weight: 400\">Un jugador no est\u00e1 en su asiento al comienzo de una ronda, o no ha completado tareas asignadas dentro del tiempo permitido.<\/span><\/p>\n<\/div>\n<div style=\"float: right;width: 20%;margin-top: 0px;margin-bottom: -20px;text-align: center\">\n<div class=\"alert alert-warning\" role=\"alert\"> <\/p>\n<p style=\"text-align: center;margin-top: 10px;margin-left: -10px\"><strong>Penalizaci\u00f3n<\/strong><\/p>\n<p style=\"text-align: center;margin-bottom: 10px;margin-left: -6px\">P\u00e9rdida de Juego<\/p>\n<p><\/div>\n<\/div>\n<br style=\"clear: both; height: 1px; margin: -1px 0pt 0pt; overflow: hidden;\">\n<p style=\"margin-top: -20px\"><div class=\"alert alert-info\" role=\"alert\"> <i><span style=\"font-weight: 400\">Hay muchas partes de los Torneos de Magic que giran en torno al tiempo: 20 minutos para esto, 10 minutos para aquello. A los jugadores se les da tiempo suficiente para realizar tareas, y fallar en completar estas tareas dentro de los l\u00edmites ralentizan el evento. <\/span><\/i><\/p>\n<p><i><span style=\"font-weight: 400\">La mayor parte de la explicaci\u00f3n de por qu\u00e9 esto es una infracci\u00f3n est\u00e1 en la secci\u00f3n de Filosof\u00eda.<\/span><\/i><span style=\"font-weight: 400\"><\/div><\/span><\/p>\n<p><span style=\"font-weight: 400\">Si una ronda comienza antes del tiempo en que hubiera terminado la ronda anterior (porque todos los jugadores terminaron temprano), la tardanza no se aplica hasta el tiempo programado de finalizaci\u00f3n de la ronda anterior.<\/span><\/p>\n<p><span style=\"font-weight: 400\"><div class=\"alert alert-info\" role=\"alert\"> <\/span><i><span style=\"font-weight: 400\">Esto pasa rara vez en eventos competitivos, pero ocasionalmente todos los resultados de las partidas est\u00e1n ingresados faltando 10 minutos del tiempo de ronda. La ronda empez\u00f3 a la 1:00, y a la 1:40 todo estaba listo. \u00a1Sigamos adelante y comencemos la siguiente ronda! El problema aqu\u00ed es que el fin de ronda estaba anunciado para la 1:50. No es posible esperar que un jugador que termin\u00f3 temprano y fue a buscar algo de comida sepa que la ronda empez\u00f3 m\u00e1s temprano. Por lo tanto, incluso si comienzas la ronda a la 1:43, los jugadores no llegan realmente tarde sino hasta la 1:50. Cuando aparezcan, proporci\u00f3nales el tiempo adicional respectivo basado en el inicio a la 1:43, pero la penalizaci\u00f3n en base al inicio a la 1:50. Esto significa que es posible que iniciar una ronda m\u00e1s temprano no resulte en tiempo ahorrado, pero es m\u00e1s probable que lo haga a que no.<\/span><\/i><span style=\"font-weight: 400\"><\/div><\/span><\/p>\n<p><span style=\"font-weight: 400\">Si, antes o durante una partida, un jugador solicita y recibe permiso a un juez para tener un retraso por una tarea leg\u00edtima, como ir al ba\u00f1o o encontrar cartas perdidas, ese jugador puede tener hasta 10 minutos para realizar esa tarea sin que se considere tardanza. Si el jugador usa m\u00e1s de 10 minutos, se aplicar\u00e1 una P\u00e9rdida de partida. De otro modo, no se aplicar\u00e1 penalizaci\u00f3n y se le dar\u00e1 una extensi\u00f3n de tiempo por el tiempo que us\u00f3.<\/span><\/p>\n<p><span style=\"font-weight: 400\"><div class=\"alert alert-info\" role=\"alert\"> <\/span><i><span style=\"font-weight: 400\">Esta frase deber\u00eda ser bastante expl\u00edcita. Si el jugador necesita realizar una tarea aceptable, deja que lo haga. Fumar, comprar golosinas o finalizar un intercambio no son razones aceptables. Pero esto tampoco significa que tienen tiempo ilimitado. De hecho, deber\u00edan realizar la tarea sin tardanza. Recu\u00e9rdales bien que deben apresurars. Disponen de 10 minutos para realizar la tarea y en caso de no haberla completado recibir\u00e1n una P\u00e9rdida de Partida y ser\u00e1n retirados del evento, como si recibieran un aumento de la sanci\u00f3n Tardanza. Esto es para mitigar el impacto al evento que producen las largas extensiones de tiempo en los dem\u00e1s. Tambi\u00e9n sirve para establecer un l\u00edmite m\u00e1ximo a cu\u00e1nto tiempo tiene el jugador para realizar la tarea. Eso no significa que el jugador pueda ir y realizar otras cosas adem\u00e1s. Si se les di\u00f3 tiempo para ir al ba\u00f1o, eso no incluye que puedan parar en el mostrador y comprar algo para comer.<\/span><\/i><i><span style=\"font-weight: 400\"><br \/>\n<\/span><\/i><i><span style=\"font-weight: 400\">Cuando el jugador regrese, otorga a la partida la extensi\u00f3n de tiempo apropiada<\/span><\/i><span style=\"font-weight: 400\"><\/div><\/span><\/p>\n<h2><b>Ejemplos<\/b><\/h2>\n<ul>\n<li style=\"font-weight: 400\"><b>A.<\/b><span style=\"font-weight: 400\"> Un jugador llega a su asiento 5 minutos despu\u00e9s de comenzar la ronda.<\/span><\/li>\n<\/ul>\n<p><span style=\"font-weight: 400\"><div class=\"alert alert-info\" role=\"alert\"> <\/span><i><span style=\"font-weight: 400\">Si un jugador no est\u00e1 en su asiento cuando la ronda comienza, se considera Tardanza. Como veremos abajo, el Organizador del torneo\/Juez Principal puede permitir cierto tiempo adicional antes de aplicar esta penalizaci\u00f3n, pero 5 minutos est\u00e1 fuera de lo que se puede considerar razonable.<\/span><\/i><span style=\"font-weight: 400\"><\/div><\/span><\/p>\n<ul>\n<li style=\"font-weight: 400\"><b>B.<\/b><span style=\"font-weight: 400\"> Un jugador entrega su lista de mazo una vez terminado el tiempo designado por el juez u organizador.<\/span><\/li>\n<\/ul>\n<p><span style=\"font-weight: 400\"><div class=\"alert alert-info\" role=\"alert\"> <\/span><i><span style=\"font-weight: 400\">Nuevamente, los l\u00edmites de tiempo est\u00e1n ah\u00ed por una raz\u00f3n. Se espera que los jugadores entreguen sus listas de mazo en los tiempos apropiados. Permitirles tiempo adicional para pulir su mazo es darles una ventaja.<\/span><\/i><span style=\"font-weight: 400\"><\/div><\/span><\/p>\n<ul>\n<li style=\"font-weight: 400\"><b>C.<\/b><span style=\"font-weight: 400\"> Un jugador pierde su mazo y no puede encontrar cartas de reemplazo dentro de los primeros 10 minutos de una ronda.<\/span><\/li>\n<\/ul>\n<p><span style=\"font-weight: 400\"><div class=\"alert alert-info\" role=\"alert\"> <\/span><i><span style=\"font-weight: 400\">Adem\u00e1s de estar a tiempo para una partida, se espera que un jugador est\u00e9 a tiempo con sus pertenencias. Sin embargo, si llegan a tiempo y descubren que se le han perdido su mazo o algunas cartas, les damos tiempo para encontrar reemplazos. Esto no es una p\u00e9rdida de juego en el momento. Pero, el jugador tiene un m\u00e1ximo de 10 minutos en la ronda para encontrar reemplazos. Si han excedido ese tiempo, as\u00edgnale al jugador la sanci\u00f3n de tardanza con el respectivo upgrade.<\/span><\/i><span style=\"font-weight: 400\"><\/div><\/span><\/p>\n<ul>\n<li style=\"font-weight: 400\"><b>D.<\/b><span style=\"font-weight: 400\"> Un jugador se sienta en la mesa incorrecta y juega contra el oponente incorrecto.<\/span><\/li>\n<\/ul>\n<p><span style=\"font-weight: 400\"><div class=\"alert alert-info\" role=\"alert\"> <\/span><i><span style=\"font-weight: 400\">Mientras que puedes intentar argumentar que el jugador estaba a tiempo al inicio de ronda, no estaba en el lugar correcto. Yo tambi\u00e9n puedo estar a tiempo en el puesto de comida cuando comienza la ronda.<\/span><\/i><span style=\"font-weight: 400\"><\/div><\/span><\/p>\n<h2><b>Filosof\u00eda<\/b><\/h2>\n<p><span style=\"font-weight: 400\">Los jugadores son responsables de estar a tiempo y en el asiento correcto para sus partidas, y de completar los registros en el tiempo adecuado.<\/span><\/p>\n<p><span style=\"font-weight: 400\"><div class=\"alert alert-info\" role=\"alert\"> <\/span><i><span style=\"font-weight: 400\">Queremos que los jugadores est\u00e9n a tiempo. Los jugadores no deber\u00edan estar esperando en un asiento hasta que sus oponentes aparezcan. Es injusto para la gente que sigue las reglas. Adem\u00e1s, ya que las rondas son de 50 minutos, si un jugador se atrasa damos una extensi\u00f3n de tiempo para que tengan los 50 minutos. Esto significa que el torneo completo puede retrasarse. A los jueces nos gustan los trenes que salen a tiempo, as\u00ed que consideramos Tardanza algo serio. Les damos una P\u00e9rdida de Juego, para que los jugadores lo traten tambi\u00e9n con seriedad. Si la Tardanza fuera s\u00f3lo una Advertencia no habr\u00eda mucho incentivo para estar en tu asiento al comienzo de cada ronda luego que decidieras ir a comer.<\/span><\/i><\/p>\n<p><i><span style=\"font-weight: 400\">La misma l\u00f3gica aplica en las listas de mazo. Los jugadores responden a incentivos. Y una P\u00e9rdida de Juego por no completar el registro de mazo es un incentivo para entregarlo a tiempo.<\/span><\/i><span style=\"font-weight: 400\"><\/div><\/span><\/p>\n<p><span style=\"font-weight: 400\">El Organizador del torneo puede anunciar que est\u00e1 dando a los jugadores algo de tiempo adicional antes de asignar la penalizaci\u00f3n. De otro modo, se aplica la penalizaci\u00f3n tan pronto como comience la ronda.<\/span><\/p>\n<p><span style=\"font-weight: 400\"><div class=\"alert alert-info\" role=\"alert\"> <\/span><i><span style=\"font-weight: 400\">Ocasionalmente un Organizador de Torneo (o Juez Principal) permitir\u00e1 que los jugadores tengan un poco m\u00e1s de tiempo para llegar a sus asientos. Esto es generalmente usado cuando el lugar del evento es dif\u00edcil para moverse (demasiadas personas en la tienda, emparejamientos en puntos de congesti\u00f3n, tener dos salones distintos para el mismo evento, etc.) Si este es el caso, esto es anunciado al comienzo del evento y no se cambia. La duraci\u00f3n de este tiempo adicional tambi\u00e9n es variable. Sol\u00eda ser 3 minutos fijos, pero ahora los Organizador de Torneos tienen opciones. Sin embargo, no es recomendado que sobrepasen los 3 minutos. Si no hay \u201ctiempo de gracia\u201d, la penalizaci\u00f3n es aplicada al inicio de la ronda.<\/span><\/i><span style=\"font-weight: 400\"><\/div><\/span><\/p>\n<h2><b>Soluci\u00f3n adicional<\/b><\/h2>\n<p><span style=\"font-weight: 400\">Los jugadores reciben una extensi\u00f3n de tiempo correspondiente con la duraci\u00f3n de la tardanza.<\/span><\/p>\n<p><span style=\"font-weight: 400\"><div class=\"alert alert-info\" role=\"alert\"> <\/span><i><span style=\"font-weight: 400\">Si el jugador que llega tarde se presenta, se proporciona tiempo adicional a la partida, incluso si hay una P\u00e9rdida de Juego. Los jugadores siguen teniendo 50 minutos por la partida que ellos pagaron. Probablemente no lo necesiten, pero igual lo obtienen.<\/span><\/i><span style=\"font-weight: 400\"><\/div><\/span><\/p>\n<h5><b><div class=\"card\"><div class=\"card-header\">Aumento<\/div><\/div><\/b><\/h5>\n<p><span style=\"font-weight: 400\">Un jugador que no se encuentre en su asiento a los 10 minutos de comenzada la ronda recibir\u00e1 una P\u00e9rdida de partida y ser\u00e1 eliminado del torneo a menos que se presente con el Juez principal o el Administrador de resultados antes del final de la ronda. <\/span><\/p>\n<p><span style=\"font-weight: 400\"><div class=\"alert alert-info\" role=\"alert\"> <\/span><i><span style=\"font-weight: 400\">A los 10 minutos de ronda, el jugador recibe otra penalizaci\u00f3n de Tardanza, recibiendo una P\u00e9rdida de Partida. Se asume que el jugador no va a regresar, as\u00ed que por favor marca en la papeleta de resultados que el jugador se est\u00e1 retirando del torneo. Es una buena pr\u00e1ctica permitir que el jugador ganador complete la papeleta, y el juez marcando \u201cNo Show\u201d en la columna de Retiro del jugador que no se present\u00f3, y poniendo el nombre del juez en la l\u00ednea de la firma del jugador que no se present\u00f3.<\/span><\/i><span style=\"font-weight: 400\"><\/div><\/span><\/p>\n<h5><\/h5>\n","protected":false},"excerpt":{"rendered":"<p>Definici\u00f3n Un jugador no est\u00e1 en su asiento al comienzo de una ronda, o no ha completado tareas asignadas dentro del tiempo permitido. Si una ronda comienza antes del tiempo en que hubiera terminado la ronda anterior (porque todos los jugadores terminaron temprano), la tardanza no se aplica hasta el tiempo programado de finalizaci\u00f3n de [&hellip;]<\/p>\n","protected":false},"author":13,"featured_media":0,"parent":0,"menu_order":0,"comment_status":"closed","ping_status":"closed","template":"page_width-index.php","meta":{"footnotes":"","_links_to":"","_links_to_target":""},"language":[8],"class_list":["post-4316","page","type-page","status-publish","hentry","language-es"],"_links":{"self":[{"href":"https:\/\/blogs.magicjudges.org\/rules\/wp-json\/wp\/v2\/pages\/4316","targetHints":{"allow":["GET"]}}],"collection":[{"href":"https:\/\/blogs.magicjudges.org\/rules\/wp-json\/wp\/v2\/pages"}],"about":[{"href":"https:\/\/blogs.magicjudges.org\/rules\/wp-json\/wp\/v2\/types\/page"}],"author":[{"embeddable":true,"href":"https:\/\/blogs.magicjudges.org\/rules\/wp-json\/wp\/v2\/users\/13"}],"replies":[{"embeddable":true,"href":"https:\/\/blogs.magicjudges.org\/rules\/wp-json\/wp\/v2\/comments?post=4316"}],"version-history":[{"count":7,"href":"https:\/\/blogs.magicjudges.org\/rules\/wp-json\/wp\/v2\/pages\/4316\/revisions"}],"predecessor-version":[{"id":8159,"href":"https:\/\/blogs.magicjudges.org\/rules\/wp-json\/wp\/v2\/pages\/4316\/revisions\/8159"}],"wp:attachment":[{"href":"https:\/\/blogs.magicjudges.org\/rules\/wp-json\/wp\/v2\/media?parent=4316"}],"wp:term":[{"taxonomy":"language","embeddable":true,"href":"https:\/\/blogs.magicjudges.org\/rules\/wp-json\/wp\/v2\/language?post=4316"}],"curies":[{"name":"wp","href":"https:\/\/api.w.org\/{rel}","templated":true}]}}