{"id":4319,"date":"2016-06-13T10:44:03","date_gmt":"2016-06-13T07:44:03","guid":{"rendered":"http:\/\/blogs.magicjudges.org\/rules\/?page_id=4319"},"modified":"2018-11-03T20:53:26","modified_gmt":"2018-11-03T17:53:26","slug":"ipg3-2-es","status":"publish","type":"page","link":"https:\/\/blogs.magicjudges.org\/rules\/ipg3-2-es\/","title":{"rendered":"IPG 3.2 Error de torneo \u2014 Ayuda Externa"},"content":{"rendered":"<div style=\"padding-right: 20px;float: left;width: 80%;margin-top: 0px\">\n<h2>Definici\u00f3n<\/h2>\n<p>Un jugador, espectador u otro participante del torneo realiza algo de lo siguiente:<\/p>\n<\/div>\n<div style=\"float: right;width: 20%;margin-top: 0px;margin-bottom: -20px;text-align: center\">\n<div class=\"alert alert-warning\" role=\"alert\"> <\/p>\n<p style=\"text-align: center;margin-top: 10px;margin-left: -10px\"><strong>Penalizaci\u00f3n<\/strong><\/p>\n<p style=\"text-align: center;margin-bottom: 10px;margin-left: -6px\">P\u00e9rdida de Partida<\/p>\n<p><\/div>\n<\/div>\n<br style=\"clear: both; height: 1px; margin: -1px 0pt 0pt; overflow: hidden;\">\n<ul style=\"margin-top: 0px\">\n<li style=\"list-style-type: none\">\n<ul style=\"margin-top: 0px\">\n<li>Busca consejo de juego o informaci\u00f3n privada sobre su partida de otras personas una vez que se sent\u00f3 para su partida.<br \/>\n<div class=\"alert alert-info\" role=\"alert\"> <em>Apenas un jugador se sienta para su partida, no tiene permitido recibir instrucciones o informaci\u00f3n sobre su partida de otras personas. Las conversaciones casuales no est\u00e1n prohibidas, a menos que estas puedan dar una ventaja al jugador para su partida. Esto no incluye buscar informaci\u00f3n o consejo en el panel de emparejamientos, en la tienda de cartas o afuera fumando un cigarrillo. Los jugadores van a hablar de los mazos contra los que jugaron o de los mazos contra los que quiz\u00e1s jugar\u00e1n. No podemos controlar lo que hablan en los ba\u00f1os.<br \/>\n<\/em><\/div><\/li>\n<li>Da consejo de juego o muestra informaci\u00f3n privada a jugadores que se sentaron para su partida.<\/li>\n<\/ul>\n<\/li>\n<\/ul>\n<div class=\"alert alert-info\" role=\"alert\"> <em>Esta situaci\u00f3n ocurre frecuentemente cuando un espectador o un jugador est\u00e1 mirando la partida de un amigo justo despu\u00e9s de terminar su propia partida. Especialmente para jugadores que a\u00fan est\u00e1n en el torneo tal comportamiento debe ser castigado y la P\u00e9rdida de Partida debe ser asignada. Ten en mente que estamos hablando de \u201cconsejos de juego\u201d: \u201cNo te olvides de atacar\u201d es consejo de juego; \u201cConcede para que vayamos a comer algo\u201d no es consejo de juego, aunque ambas resulten en que el juego termine.<br \/>\n<\/em><\/p>\n<p><\/div>\n<p>&nbsp;<\/p>\n<ul>\n<li>Durante un juego, mira notas (distintas de las p\u00e1ginas del Oracle) tomadas antes del comienzo oficial de la partida actual.<br \/>\n<div class=\"alert alert-info\" role=\"alert\"> <em>La forma que toman estas notas puede ser variada, pero usualmente es en papel. Si bien mirar estas notas entre juegos est\u00e1 bien, durante un juego no est\u00e1 permitido. Como excepci\u00f3n, el texto oficial Oracle puede ser revisado en cualquier momento durante una partida. Usualmente los jugadores llamar\u00e1n a un juez, pero si alguien tiene impreso todo el texto Oracle de todas las cartas legales para el formato, puede revisarlo mientras lo haga r\u00e1pidamente.<\/em><\/div><\/li>\n<\/ul>\n<p>&nbsp;<\/p>\n<p style=\"text-align: justify;margin-bottom: 0px\">Estos criterios tambi\u00e9n se aplican a cualquier parte de construcci\u00f3n de mazo y draft de un torneo limitado. Adem\u00e1s, no se pueden tomar ning\u00fan tipo de notas durante un draft. Algunos formatos en equipo tienen reglas de comunicaci\u00f3n adicionales que pueden modificar la definici\u00f3n de esta infracci\u00f3n.<\/p>\n<div class=\"alert alert-info\" role=\"alert\"> <em>Durante un evento de Formato Limitado, ya sea sellado o draft, a los jugadores que est\u00e9n construyendo un mazo o en proceso de draft se les debe tratar como si estuvieran en una partida, y cualquier comportamiento que encaje con la definici\u00f3n anterior debe ser considerado Ayuda Externa. Preguntar qu\u00e9 \u201cdraftear\u201d, cu\u00e1ntos bosques deber\u00eda llevar el mazo, o \u201c\u00bfForzaste el blanco?\u201d son algunos ejemplos. Para algunos formatos como Gigante de Dos Cabezas o Torneos por Equipos, los miembros de cada equipo pueden discutir estrategias y construcci\u00f3n de mazos entre ellos, esto no es considerado Ayuda Externa.<\/em><\/div>\n<p style=\"text-align: justify;margin-bottom: 0px\">Las notas tomadas fuera de la partida actual s\u00f3lo pueden verse entre juegos, y deben haber estado en poder del jugador desde el comienzo de la partida.<\/p>\n<div class=\"alert alert-info\" role=\"alert\"> <em>Estas notas pueden ser cosas como estrategias para utilizar el sideboard para ciertos mazos. Una nota tomada en el primer juego puede ser revisada en el segundo juego. El \u201ccomienzo de la partida\u201d es la l\u00ednea porque debe existir una, y \u00e9ste momento es el que tiene mayor sentido. Los jugadores no pueden mirar Internet entre juegos para revisar estrategias de sideboard.<\/em><\/div>\n<h2 style=\"text-align: justify\">Ejemplos<\/h2>\n<ul class=\"list-group\" style=\"text-align: justify;margin-left: 0px\">\n<li class=\"list-group-item\"><strong>A.<\/strong> Durante un juego un jugador mira notas sobre el sideboard que fueron creadas antes del torneo.<\/li>\n<li class=\"list-group-item\"><strong>B.<\/strong> Un espectador se\u00f1ala la jugada correcta a un jugador, que no solicit\u00f3 la informaci\u00f3n.<\/li>\n<\/ul>\n<h2 style=\"text-align: justify;margin-top: 20px\">Filosof\u00eda<\/h2>\n<p style=\"text-align: justify;margin-bottom: 0px\">Los torneos prueban la destreza de un jugador, no su habilidad para seguir consejos externos o indicaciones. Cualquier consejo estrat\u00e9gico, consejo de juego o de construcci\u00f3n de una fuente externa se considera ayuda externa.<\/p>\n<div class=\"alert alert-info\" role=\"alert\"> <em>Un juego es entre dos jugadores, no entre un jugador y otro con su amigo, o contra Google, o contra el universo Twitter. Ayuda Externa puede ser una palabra, un trozo de papel, o un gesto; puede ser una solicitud de informaci\u00f3n. Si vemos que se le ofrece al jugador consejo de juego, construcci\u00f3n o estrategia entonces debe ser tratado como Ayuda Externa.<\/em><\/p>\n<p><em>Ten en mente que (y esto es controvertido para algunos) preguntarle o decirle a un jugador el resultado de la partida de otra mesa no es considerado Ayuda Externa, incluso si esta informaci\u00f3n es usada para terminar la partida actual.<\/em><\/div>\n<p style=\"text-align: justify;margin-bottom: 0px\">Las modificaciones visuales a las cartas, incluyendo texto breve, que provean una peque\u00f1a informaci\u00f3n estrat\u00e9gica, son aceptables y no se consideran notas. No se puede escribir en las cartas instrucciones detalladas o consejos complejos de estrategia. El Juez Principal es la autoridad final sobre qu\u00e9 cartas y qu\u00e9 notas son aceptables para el torneo.<\/p>\n<div class=\"alert alert-info\" role=\"alert\"> <em>Algunos jugadores escriben notas en las cartas que pueden contener informaci\u00f3n estrat\u00e9gica. Algunas palabras, una marca o una imagen son tolerables, pero oraciones completas pueden estar fuera de los l\u00edmites. Ejemplos incluyen puntos en la cara de una carta del sideboard, o \u201cataca conmigo\u201d en una Bola de Rayos (<a href=\"https:\/\/blogs.magicjudges.org\/rules\/wp-content\/plugins\/lems-mtg-helper\/lems-mtg-helper-cardfinder.php?find=Ball+Lightning&width=223&height=310\" class=\"jTip\" name=\"\">Ball Lightning<\/a>), o un Mago de Baratijas (<a href=\"https:\/\/blogs.magicjudges.org\/rules\/wp-content\/plugins\/lems-mtg-helper\/lems-mtg-helper-cardfinder.php?find=Trinket+Mage&width=223&height=310\" class=\"jTip\" name=\"\">Trinket Mage<\/a>) examinando un arte espec\u00edfico (el objeto a buscar). Si no est\u00e1s seguro si tales modificaciones visuales est\u00e1n permitidas, preg\u00fantale al Juez Principal.<\/em><\/div>\n<p><span style=\"font-weight: 400\">A los espectadores que cometan esta infracci\u00f3n podr\u00eda solicit\u00e1rseles que dejen el lugar si no est\u00e1n inscriptos en el torneo.<\/span><\/p>\n<div class=\"alert alert-info\" role=\"alert\"> <em>Para los jugadores dentro del torneo, Ayuda Externa puede ser la Espada de Damocles que previene que den consejos o busquen sugerencia de otros. Sin embargo, los espectadores no necesitan preocuparse por potenciales castigos ya que ellos no tienen una \u201csiguiente partida\u201d donde se pueda aplicar la P\u00e9rdida de Partida. En estos casos los jueces deben pedir al espectador que se retiren del lugar del evento de manera amable; esto da una advertencia a los dem\u00e1s espectadores quienes no pueden evitar hablar de la partida en curso cuando est\u00e1n viendo a otros.<\/em><\/p>\n<p><em>No estar registrado en un torneo no te protege de esta infracci\u00f3n. Si un espectador no est\u00e1 registrado en el torneo, reg\u00edstralo, aplica la sanci\u00f3n y luego lo retiras del torneo.<\/em><\/div>\n<p><span style=\"font-weight: 400\"><div class=\"card\"><div class=\"card-header\"><strong>Disminuci\u00f3n<\/strong><\/div><\/div><\/span><\/p>\n<p><span style=\"font-weight: 400\">Si la informaci\u00f3n adquirida es informaci\u00f3n que el jugador podr\u00eda haber accedido entre juegos, la penalizaci\u00f3n es una P\u00e9rdida de juego.<\/span><\/p>\n<p><span style=\"font-weight: 400\"><div class=\"alert alert-info\" role=\"alert\"> <\/span><i><span style=\"font-weight: 400\">Esta disminuci\u00f3n refleja el hecho de que la ventaja que uno podr\u00eda adquirir al acceder a informaci\u00f3n que normalmente solo est\u00e1 disponible entre juegos, tiene menos repercusi\u00f3n comparando con informaci\u00f3n al la cual uno normalmente no tendr\u00eda acceso entre juegos. Mirar notas de sideboard es muy probable que se obtenga alg\u00fan tipo de ventaja, pero no tanto si comparamos con consultar a un amigo acerca de qu\u00e9 cartas nuestro oponente utilizo de su sideboard en este juego.<\/span><\/i><span style=\"font-weight: 400\"><\/div><\/span><\/p>\n","protected":false},"excerpt":{"rendered":"<p>Definici\u00f3n Un jugador, espectador u otro participante del torneo realiza algo de lo siguiente: Busca consejo de juego o informaci\u00f3n privada sobre su partida de otras personas una vez que se sent\u00f3 para su partida. Da consejo de juego o muestra informaci\u00f3n privada a jugadores que se sentaron para su partida. &nbsp; Durante un juego, [&hellip;]<\/p>\n","protected":false},"author":13,"featured_media":0,"parent":0,"menu_order":0,"comment_status":"closed","ping_status":"closed","template":"page_width-index.php","meta":{"footnotes":"","_links_to":"","_links_to_target":""},"language":[8],"class_list":["post-4319","page","type-page","status-publish","hentry","language-es"],"_links":{"self":[{"href":"https:\/\/blogs.magicjudges.org\/rules\/wp-json\/wp\/v2\/pages\/4319","targetHints":{"allow":["GET"]}}],"collection":[{"href":"https:\/\/blogs.magicjudges.org\/rules\/wp-json\/wp\/v2\/pages"}],"about":[{"href":"https:\/\/blogs.magicjudges.org\/rules\/wp-json\/wp\/v2\/types\/page"}],"author":[{"embeddable":true,"href":"https:\/\/blogs.magicjudges.org\/rules\/wp-json\/wp\/v2\/users\/13"}],"replies":[{"embeddable":true,"href":"https:\/\/blogs.magicjudges.org\/rules\/wp-json\/wp\/v2\/comments?post=4319"}],"version-history":[{"count":8,"href":"https:\/\/blogs.magicjudges.org\/rules\/wp-json\/wp\/v2\/pages\/4319\/revisions"}],"predecessor-version":[{"id":8569,"href":"https:\/\/blogs.magicjudges.org\/rules\/wp-json\/wp\/v2\/pages\/4319\/revisions\/8569"}],"wp:attachment":[{"href":"https:\/\/blogs.magicjudges.org\/rules\/wp-json\/wp\/v2\/media?parent=4319"}],"wp:term":[{"taxonomy":"language","embeddable":true,"href":"https:\/\/blogs.magicjudges.org\/rules\/wp-json\/wp\/v2\/language?post=4319"}],"curies":[{"name":"wp","href":"https:\/\/api.w.org\/{rel}","templated":true}]}}