{"id":4330,"date":"2016-06-13T11:15:37","date_gmt":"2016-06-13T08:15:37","guid":{"rendered":"http:\/\/blogs.magicjudges.org\/rules\/?page_id=4330"},"modified":"2019-03-09T01:17:45","modified_gmt":"2019-03-08T22:17:45","slug":"ipg3-6-es","status":"publish","type":"page","link":"https:\/\/blogs.magicjudges.org\/rules\/ipg3-6-es\/","title":{"rendered":"IPG 3.6 Error de Torneo \u2014 Violaci\u00f3n del Procedimiento de Limitado"},"content":{"rendered":"<div style=\"padding-right: 20px;float: left;width: 80%;margin-top: 0px\">\n<h2>Definici\u00f3n<\/h2>\n<p>Un jugador comete un error t\u00e9cnico durante un draft.<\/p>\n<\/div>\n<div style=\"float: right;width: 20%;margin-top: 0px;margin-bottom: -20px;text-align: center\">\n<div class=\"alert alert-warning\" role=\"alert\"> <\/p>\n<p style=\"text-align: center;margin-top: 10px;margin-left: -10px\"><strong>Penalizaci\u00f3n<\/strong><\/p>\n<p style=\"text-align: center;margin-bottom: 10px;margin-left: -12px\">Advertencia<\/p>\n<p><\/div>\n<\/div>\n<br style=\"clear: both; height: 1px; margin: -1px 0pt 0pt; overflow: hidden;\">\n<p style=\"margin-top: -10px\"><div class=\"alert alert-info\" role=\"alert\"> <\/p>\n<p><i><span style=\"font-weight: 400\">Un error t\u00e9cnico en esta situaci\u00f3n significa cualquier error durante el proceso de draft. Esta infracci\u00f3n suele darse, aunque no siempre, en el contexto de un draft con tiempo. Esto significa que tendremos serios problemas con los l\u00edmites de tiempos para completar el draft en curso. Errores t\u00e9cnicos como este causan demoras, y en situaciones como un draft en el d\u00eda 2 de un Grand Prix provocar\u00e1 que todo el torneo se retrase.<\/span><\/i><span style=\"font-weight: 400\"><\/div><\/span><\/p>\n<h2 style=\"text-align: justify\">Ejemplos<\/h2>\n<ul>\n<li><b>A.<\/b><span style=\"font-weight: 400\"> Un jugador pasa un sobre a su izquierda cuando deber\u00eda hacerlo a la derecha.<\/span><span style=\"font-weight: 400\"><br \/>\n<\/span><span style=\"font-weight: 400\"><div class=\"alert alert-info\" role=\"alert\"> <\/span><i><span style=\"font-weight: 400\">Si un jugador lo hace, provocar\u00e1 un efecto de cascada en el resto del draft: o es detenido inmediatamente por el jugador de uno de los lados del infractor, o el sobre es tomado y usado, complicando a\u00fan m\u00e1s el problema.<\/span><\/i><span style=\"font-weight: 400\"><\/div><\/span><\/li>\n<li><b>B.<\/b><span style=\"font-weight: 400\"> Un jugador se excede en el tiempo para realizar su elecci\u00f3n de draft.<\/span><span style=\"font-weight: 400\"><br \/>\n<\/span><span style=\"font-weight: 400\"><div class=\"alert alert-info\" role=\"alert\"> <\/span><i><span style=\"font-weight: 400\">Un draft temporizado se hace para ser llevado a cabo de manera r\u00e1pida y eficiente, adem\u00e1s de los beneficios adicionales al coordinar m\u00faltiples draft de manera simult\u00e1nea. Si un jugador excede el l\u00edmite de tiempo, ese jugador est\u00e1 causando un retraso en el draft, que es algo que no debe pasar desapercibido.<\/span><\/i><span style=\"font-weight: 400\"><\/div><\/span><\/li>\n<li><b>C.<\/b><span style=\"font-weight: 400\"> Un jugador pone una carta en su mont\u00f3n de draft, y luego la toma nuevamente.<\/span><span style=\"font-weight: 400\"><br \/>\n<\/span><span style=\"font-weight: 400\"><div class=\"alert alert-info\" role=\"alert\"> <\/span><i><span style=\"font-weight: 400\">Esta es una gran preocupaci\u00f3n, ya que cuando un jugador lo hace, puede parecer a otros jugadores, espectadores y jueces que tom\u00f3 una carta de m\u00e1s del sobre. Esto tiene dos soluciones: al jugador se le \u201cpermite\u201d tomar esas dos cartas, o los oficiales del torneo pierden tiempo solucionando un problema que no es tal. Ambas son malas para la integridad del torneo, pueden aumentar la posibilidad de que cartas del sobre sean mezcladas con cartas ya seleccionadas. A los jugadores se les indica que deben seleccionar una carta en un momento espec\u00edfico y no hacerlo en ese momento cae bajo la situaci\u00f3n b) descrita arriba.<\/span><\/i><span style=\"font-weight: 400\"><\/div><\/span><\/li>\n<li><b>D. <\/b><span style=\"font-weight: 400\">Un jugador mueve su cabeza de costado en momentos inadecuados.<\/span><b><br \/>\n<\/b><span style=\"font-weight: 400\"><div class=\"alert alert-info\" role=\"alert\"> <\/span><i><span style=\"font-weight: 400\">Este ejemplo le da a los jueces un poco de libertad de acci\u00f3n para utilizar la Violaci\u00f3n del procedimiento de Limitado cuando ven a un jugador haciendo movimientos con su cabeza. Utiliza tu sentido com\u00fan y aseg\u00farate de considerar que ese jugador est\u00e1 haciendo trampa si crees que est\u00e1 haciendo esto para obtener informaci\u00f3n oculta.<\/span><\/i><span style=\"font-weight: 400\"><\/div><\/span><\/li>\n<\/ul>\n<h2 style=\"text-align: justify;margin-top: 20px\">Filosof\u00eda<\/h2>\n<p><span style=\"font-weight: 400\">Los errores en el draft son disruptivos y podr\u00edan serlo a\u00fan m\u00e1s si no se corrigen inmediatamente.\u00a0<\/span><\/p>\n<p><span style=\"font-weight: 400\"><div class=\"alert alert-info\" role=\"alert\"> <\/span><i><span style=\"font-weight: 400\">Hay muchos elementos que deben permanecer en movimiento durante un draft para lograr una transici\u00f3n sencilla hacia las rondas suizas. Algunos problemas pueden provocar un efecto domin\u00f3 si no son detectados y corregidos a tiempo. Tales errores pueden afectar desde decenas hasta miles de jugadores en un per\u00edodo muy corto de tiempo. Es de vital importancia que los jugadores presten atenci\u00f3n y sigan las instrucciones dadas durante este per\u00edodo cr\u00edtico del evento.<\/span><\/i><span style=\"font-weight: 400\"><\/div><\/span><\/p>\n<p>Los anuncios previos al draft o las reglas espec\u00edficas del torneo pueden especificar penalizaciones adicionales por Violaci\u00f3n del procedimiento de Limitado.<\/p>\n<p><span style=\"font-weight: 400\"><div class=\"alert alert-info\" role=\"alert\"> <\/span><i><span style=\"font-weight: 400\">Los avisos espec\u00edficos para el formato pueden cambiar la forma en que esta penalizaci\u00f3n es aplicada; por ejemplo, puede haber un anuncio adicional indicando que se deben remover las fichas y cartas de tierras b\u00e1sicas. Para drafts de Modern Masters, es posible que el draft sea interrumpido por la presencia de una carta foil en cada sobre. Para formatos que involucren drafts de Innistrad y Dark Ascension, el Juez Principal puede anunciar una forma espec\u00edfica de c\u00f3mo manipular las cartas de doble cara con respecto a esta infracci\u00f3n. Esto permite cierto margen de maniobra o instrucci\u00f3n adicional, basado en la decisi\u00f3n del Juez principal. B\u00e1sicamente la oraci\u00f3n previa le d\u00e1 al juez el poder necesario para hacer que el draft se realice de una manera espec\u00edfica de ser necesario.<\/span><\/i><span style=\"font-weight: 400\"><\/div><\/span><\/p>\n","protected":false},"excerpt":{"rendered":"<p>Definici\u00f3n Un jugador comete un error t\u00e9cnico durante un draft. Ejemplos A. Un jugador pasa un sobre a su izquierda cuando deber\u00eda hacerlo a la derecha. B. Un jugador se excede en el tiempo para realizar su elecci\u00f3n de draft. C. Un jugador pone una carta en su mont\u00f3n de draft, y luego la toma [&hellip;]<\/p>\n","protected":false},"author":13,"featured_media":0,"parent":0,"menu_order":0,"comment_status":"closed","ping_status":"closed","template":"page_width-index.php","meta":{"footnotes":"","_links_to":"","_links_to_target":""},"language":[8],"class_list":["post-4330","page","type-page","status-publish","hentry","language-es"],"_links":{"self":[{"href":"https:\/\/blogs.magicjudges.org\/rules\/wp-json\/wp\/v2\/pages\/4330","targetHints":{"allow":["GET"]}}],"collection":[{"href":"https:\/\/blogs.magicjudges.org\/rules\/wp-json\/wp\/v2\/pages"}],"about":[{"href":"https:\/\/blogs.magicjudges.org\/rules\/wp-json\/wp\/v2\/types\/page"}],"author":[{"embeddable":true,"href":"https:\/\/blogs.magicjudges.org\/rules\/wp-json\/wp\/v2\/users\/13"}],"replies":[{"embeddable":true,"href":"https:\/\/blogs.magicjudges.org\/rules\/wp-json\/wp\/v2\/comments?post=4330"}],"version-history":[{"count":6,"href":"https:\/\/blogs.magicjudges.org\/rules\/wp-json\/wp\/v2\/pages\/4330\/revisions"}],"predecessor-version":[{"id":8173,"href":"https:\/\/blogs.magicjudges.org\/rules\/wp-json\/wp\/v2\/pages\/4330\/revisions\/8173"}],"wp:attachment":[{"href":"https:\/\/blogs.magicjudges.org\/rules\/wp-json\/wp\/v2\/media?parent=4330"}],"wp:term":[{"taxonomy":"language","embeddable":true,"href":"https:\/\/blogs.magicjudges.org\/rules\/wp-json\/wp\/v2\/language?post=4330"}],"curies":[{"name":"wp","href":"https:\/\/api.w.org\/{rel}","templated":true}]}}