{"id":4338,"date":"2016-06-14T19:41:13","date_gmt":"2016-06-14T16:41:13","guid":{"rendered":"http:\/\/blogs.magicjudges.org\/rules\/?page_id=4338"},"modified":"2019-03-08T21:24:02","modified_gmt":"2019-03-08T18:24:02","slug":"ipg1-3-es","status":"publish","type":"page","link":"https:\/\/blogs.magicjudges.org\/rules\/ipg1-3-es\/","title":{"rendered":"IPG 1.3 Aleatorizando una Biblioteca"},"content":{"rendered":"<p><span style=\"font-weight: 400\">La soluci\u00f3n para algunas infracciones en este documento incluye barajar la parte aleatoria de la biblioteca.<\/span><\/p>\n<p><span style=\"font-weight: 400\"><div class=\"alert alert-info\" role=\"alert\"> <\/span><i><span style=\"font-weight: 400\">Algunas infracciones en las IPG te indican barajar o aleatorizar una biblioteca como parte de la soluci\u00f3n; si es as\u00ed, sigue estas instrucciones.<\/span><\/i><span style=\"font-weight: 400\"><\/div><\/span><\/p>\n<p><span style=\"font-weight: 400\">Esto requiere primero determinar si alguna parte de la biblioteca no est\u00e1 aleatoria, por ejemplo por cartas manipuladas en la parte superior o inferior de la biblioteca, y separarlas. Verifica esto con ambos jugadores, verifica el cementerio, las zonas de exilio y campo de batalla para ver si en alg\u00fan lado hay cartas que manipulen la biblioteca, como Inspiraci\u00f3n s\u00fabita o cartas con la mec\u00e1nica de adivinar.<\/span><\/p>\n<p><span style=\"font-weight: 400\"><div class=\"alert alert-info\" role=\"alert\"> <\/span><i><span style=\"font-weight: 400\">Cuando indicamos a un jugador que aleatorice su biblioteca, no queremos modificar las partes de su biblioteca que han sido vistas y ordenadas intencionadamente. Aseg\u00farate de preguntar a los jugadores si alguna carta es conocida, pero recuerda que la memoria de los jugadores no es infalible; busca en todas las zonas cartas y efectos que podr\u00edan haber ordenado o desordenado (como fetchlands) partes de la biblioteca.<\/span><\/i><span style=\"font-weight: 400\"><\/div><\/span><\/p>\n<p><span style=\"font-weight: 400\">Una vez que la biblioteca fue barajada, cualquier carta manipulada vuelve a su ubicaci\u00f3n correcta.<\/span><\/p>\n<p><span style=\"font-weight: 400\"><div class=\"alert alert-info\" role=\"alert\"> <\/span><i><span style=\"font-weight: 400\">Separa las cartas que son conocidas, manteni\u00e9ndolas boca abajo y ocultas, y haz que los jugadores barajen la parte desconocida y luego regresa las cartas conocidas a la posici\u00f3n en la que deber\u00edan estar.<\/span><\/i><span style=\"font-weight: 400\"><\/div><\/span><\/p>\n<p><span style=\"font-weight: 400\">Los barajados realizados por un juez como parte de una soluci\u00f3n no se consideran barajados para prop\u00f3sito del juego.<\/span><\/p>\n<p><span style=\"font-weight: 400\"><div class=\"alert alert-info\" role=\"alert\"> <\/span><i><span style=\"font-weight: 400\">Lo sentimos, Embustera de Cosi (<a href=\"https:\/\/blogs.magicjudges.org\/rules\/wp-content\/plugins\/lems-mtg-helper\/lems-mtg-helper-cardfinder.php?find=Cosi%26%238217%3Bs+Trickster&width=223&height=310\" class=\"jTip\" name=\"\">Cosi&#8217;s Trickster<\/a>). Adem\u00e1s, esos barajados no son realizados por un juez, s\u00f3lo son indicados por uno. Es mala idea que un juez baraje la biblioteca, ya que posibilita que el jugador pueda culparnos si roba mal. Deja a los jugadores barajar y presentar la biblioteca al oponente.<\/span><\/i><span style=\"font-weight: 400\"><\/div><\/span><\/p>\n","protected":false},"excerpt":{"rendered":"<p>La soluci\u00f3n para algunas infracciones en este documento incluye barajar la parte aleatoria de la biblioteca. Esto requiere primero determinar si alguna parte de la biblioteca no est\u00e1 aleatoria, por ejemplo por cartas manipuladas en la parte superior o inferior de la biblioteca, y separarlas. Verifica esto con ambos jugadores, verifica el cementerio, las zonas [&hellip;]<\/p>\n","protected":false},"author":13,"featured_media":0,"parent":0,"menu_order":0,"comment_status":"closed","ping_status":"closed","template":"page_width-index.php","meta":{"footnotes":"","_links_to":"","_links_to_target":""},"language":[8],"class_list":["post-4338","page","type-page","status-publish","hentry","language-es"],"_links":{"self":[{"href":"https:\/\/blogs.magicjudges.org\/rules\/wp-json\/wp\/v2\/pages\/4338","targetHints":{"allow":["GET"]}}],"collection":[{"href":"https:\/\/blogs.magicjudges.org\/rules\/wp-json\/wp\/v2\/pages"}],"about":[{"href":"https:\/\/blogs.magicjudges.org\/rules\/wp-json\/wp\/v2\/types\/page"}],"author":[{"embeddable":true,"href":"https:\/\/blogs.magicjudges.org\/rules\/wp-json\/wp\/v2\/users\/13"}],"replies":[{"embeddable":true,"href":"https:\/\/blogs.magicjudges.org\/rules\/wp-json\/wp\/v2\/comments?post=4338"}],"version-history":[{"count":7,"href":"https:\/\/blogs.magicjudges.org\/rules\/wp-json\/wp\/v2\/pages\/4338\/revisions"}],"predecessor-version":[{"id":8857,"href":"https:\/\/blogs.magicjudges.org\/rules\/wp-json\/wp\/v2\/pages\/4338\/revisions\/8857"}],"wp:attachment":[{"href":"https:\/\/blogs.magicjudges.org\/rules\/wp-json\/wp\/v2\/media?parent=4338"}],"wp:term":[{"taxonomy":"language","embeddable":true,"href":"https:\/\/blogs.magicjudges.org\/rules\/wp-json\/wp\/v2\/language?post=4338"}],"curies":[{"name":"wp","href":"https:\/\/api.w.org\/{rel}","templated":true}]}}