{"id":4340,"date":"2016-06-14T19:56:32","date_gmt":"2016-06-14T16:56:32","guid":{"rendered":"http:\/\/blogs.magicjudges.org\/rules\/?page_id=4340"},"modified":"2019-02-13T08:15:05","modified_gmt":"2019-02-13T05:15:05","slug":"ipg3-5-es","status":"publish","type":"page","link":"https:\/\/blogs.magicjudges.org\/rules\/ipg3-5-es\/","title":{"rendered":"IPG 3.5. Error de Torneo \u2014 Problema de Mazo"},"content":{"rendered":"<div style=\"padding-right: 20px;float: left;width: 80%;margin-top: 0px\">\n<h2>Definici\u00f3n<\/h2>\n<p><span style=\"font-weight: 400\">El contenido del mazo o sideboard no se corresponden con la lista de mazo registrada y la lista de mazo representa lo que el jugador planea jugar.<\/span><\/p>\n<\/div>\n<div style=\"float: right;width: 20%;margin-top: 0px;margin-bottom: -20px;text-align: center\">\n<div class=\"alert alert-warning\" role=\"alert\"> <\/p>\n<p style=\"text-align: center;margin-top: 10px;margin-left: -10px\"><strong>Penalizaci\u00f3n<\/strong><\/p>\n<p style=\"text-align: center;margin-bottom: 10px;margin-left: -12px\">Advertencia con posible aumento<\/p>\n<p><\/div>\n<\/div>\n<br style=\"clear: both; height: 1px; margin: -1px 0pt 0pt; overflow: hidden;\">\n<p style=\"margin-top: -5px\"><div class=\"alert alert-info\" role=\"alert\"> S<i><span style=\"font-weight: 400\">i el mazo y la lista de mazo no son las mismas, el jugador podr\u00eda potencialmente modificar su mazo en cualquier momento. Esto se soluciona normalmente gracias al procedimiento de chequeos de mazo, y las listas de mazo existen para que los jugadores puedan tener un registro escrito de cuales cartas tienen intenci\u00f3n de usar. Si esto es impreciso, la idea de tener una lista de mazo pierde sentido. Una forma com\u00fan en la cual se da esta situaci\u00f3n es cuando un jugador se olvida de quitar cartas de su sideboard luego de una partida, y luego presenta su mazo conteniendo cartas de su sideboard en el primer juego de su siguiente partida. Tambi\u00e9n se puede dar el caso de un jugador barajando accidentalmente cartas de su oponente en su mazo al final de un juego, y que dichas cartas sigan en su mazo al momento de presentar (o, alternativamente, que les est\u00e1n faltando una o m\u00e1s cartas de sus mazos).<\/span><\/i><\/div><\/p>\n<p>Si hay cartas adicionales guardadas con el sideboard que podr\u00edan ser usadas en el mazo del jugador, deber\u00edan ser consideradas parte del sideboard, a menos que sean:<\/p>\n<ul>\n<li>Cartas promocionales que fueron entregadas como parte del torneo.<\/li>\n<li>Cartas de dos caras representadas por cartas de listado en el mazo.<\/li>\n<li>Cartas de dos caras usadas para representar el lado &#8216;reverso&#8217; de cartas en el mazo. Estas cartas no deben estar en folios iguales a los del mazo principal y\/o el sideboard.<\/li>\n<\/ul>\n<div class=\"alert alert-info\" role=\"alert\"> \n<p><i><span style=\"font-weight: 400\">Es importante que el sideboard se mantenga lo suficientemente alejado f\u00edsicamente, de forma tal que no se mezcle con la biblioteca del jugador. Las cartas en una caja de mazo que potencialmente podr\u00edan ser usadas en el mazo son sospechosas, y proveen una oportunidad al jugador de hacer trampa al agregar dichas cartas al mazo entre juegos. Queremos remover dicha oportunidad, as\u00ed que las cartas en la caja de mazo son consideradas como parte del sideboard a menos que expl\u00edcitamente se indique lo contrario. Puede ser una buena idea hacer un anuncio suplementario sobre las cartas en als cajas de mazo para cubrir este asunto.<\/span><\/i><\/p>\n<p><i><span style=\"font-weight: 400\">Los jugadores que presenten su sideboard, identificandolo al oponente al principio de la partida no deber\u00edan recibir esta penalizaci\u00f3n, aun cuando haya otras otras cartas en la caja de mazo que no est\u00e9n incluidas en la lista de excepciones. Debemos incentivar a los jugadores a adquirir esta costumbre.<\/span><\/i><\/p>\n<p><i><span style=\"font-weight: 400\">Las cartas promocionales que fueron entregadas en el torneo est\u00e1n entre las excepciones porque de otro modo, estar\u00edamos dando a los jugadores una P\u00e9rdida de Juego durante cada chequeo de mazo en un Grand Prix. Las cartas de dos caras tambi\u00e9n son una excepci\u00f3n ya que\u2026 d\u00f3nde m\u00e1s se supone que uno deber\u00eda guardarlas, si es que se est\u00e1n usando cartas de listado? Dichas cartas de dos caras necesitan estar en folios diferentes para mitigar el riesgo de que accidental o intencionalmente sean barajadas en el mazo, y que por ende hayan m\u00e1s de cuatro copias de \u00a0una carta en dicho mazo.<\/span><\/i><span style=\"font-weight: 400\"><\/div><\/span><\/p>\n<p><span style=\"font-weight: 400\">Las cartas en distintos protectores, las fichas y las cartas de dos caras para las cuales se est\u00e1n usando cartas de listado se ignoran al determinar la legalidad del mazo (no del sideboard). <\/span><\/p>\n<p><span style=\"font-weight: 400\"><div class=\"alert alert-info\" role=\"alert\"> <\/span><i><span style=\"font-weight: 400\">Si tu carta est\u00e1 mi mazo, y esto es obvio al observar la parte de atr\u00e1s del folio que no pertenece al mazo, entonces no recibo ninguna penalizaci\u00f3n. Adem\u00e1s, las fichas no son cartas, as\u00ed que estas no cuentan. Hay que tener en cuenta que el mazo debe tener al menos 60 cartas luego de solucionar los problemas, ya que de otra forma tenemos un mazo que no es legal. Adicionalmente, cartas con la habilidad de Combinar cuentan como cartas de dos caras.<\/span><\/i><span style=\"font-weight: 400\"><\/div><\/span><\/p>\n<p><span style=\"font-weight: 400\">Si un jugador no puede encontrar cartas (o equivalentes id\u00e9nticos) de su mazo principal, en su lugar tr\u00e1talo como un Problema de lista de mazo. Si faltan cartas del sideboard, reg\u00edstralo, pero no se asigna penalizaci\u00f3n.<\/span><\/p>\n<p><span style=\"font-weight: 400\"><div class=\"alert alert-info\" role=\"alert\"> <\/span><i><span style=\"font-weight: 400\">Si un jugador ha perdido una o m\u00e1s cartas de su mazo, y no tiene una forma r\u00e1pida de reemplazarlas (por ejemplo, se trata de una carta m\u00edtica, de la cual ya se han vendido todas las copias en el lugar del torneo, o el jugador no desea comprar reemplazos para dicha carta), entonces la infracci\u00f3n pasa a ser Error de Lista de Mazo en lugar de Error de Mazo, ya que resulta imposible seguir usando un mazo cuyo contenido se corresponda con la lista de dicho mazo. De hecho, este caso en particular es mencionado en la secci\u00f3n de Error de Lista de Mazo, en el Ejemplo D &#8211; \u201cUn jugador pierde algunas cartas y no le es posible encontrar reemplazos, haciendo que ya no pueda jugar con un mazo que corresponda con su Lista de Mazo.\u201d<\/span><\/i><\/p>\n<p><i><span style=\"font-weight: 400\">Si las cartas del Sideboard est\u00e1n equivocadas o son imprecisas, esto amerita una infracci\u00f3n por la potencial ventaja que puede dar. En contraposici\u00f3n, perder cartas del Sideboard no provee ventaja alguna, sino m\u00e1s bien una desventaja, por lo que no debemos agravar la falta aplicando una penalizaci\u00f3n. Los jugadores no deben desperdiciar demasiado tiempo buscando reemplazos para las cartas, pero cartas del Sideboard \u201cencontradas\u201d despu\u00e9s de anotar el faltante pueden ser agregadas nuevamente al mazo. <\/span><\/i><\/p>\n<p><i><span style=\"font-weight: 400\">Debe notarse que en torneos de formato Limitado, los jugadores cambian, botan o guardan todas las cartas que no fueron usadas en su mazo. Este comportamiento no debe ser penalizado, sino tratado con las instrucciones mencionadas anteriormente.<\/span><\/i><span style=\"font-weight: 400\"><\/div><\/span><\/p>\n<h2 style=\"text-align: justify\">Ejemplos<\/h2>\n<ul>\n<li><b>A.<\/b><span style=\"font-weight: 400\"> Un jugador tiene 59 cartas en su mazo, pero 60 anotadas en su lista de mazo.<\/span><\/li>\n<li><b>B.<\/b><span style=\"font-weight: 400\"> Un jugador tiene un <a href=\"https:\/\/blogs.magicjudges.org\/rules\/wp-content\/plugins\/lems-mtg-helper\/lems-mtg-helper-cardfinder.php?find=Pacifismo&width=223&height=310\" class=\"jTip\" name=\"\">Pacifismo<\/a> en su mazo de un oponente anterior.<\/span><\/li>\n<li><b>C.<\/b><span style=\"font-weight: 400\"> En el primer juego de una partida, un jugador tiene una <a href=\"https:\/\/blogs.magicjudges.org\/rules\/wp-content\/plugins\/lems-mtg-helper\/lems-mtg-helper-cardfinder.php?find=Aguja+medular&width=223&height=310\" class=\"jTip\" name=\"\">Aguja medular<\/a> en su mazo, pero s\u00f3lo tiene una registrada en su sideboard.<\/span><\/li>\n<\/ul>\n<p><i><span style=\"font-weight: 400\"><div class=\"alert alert-info\" role=\"alert\"> En el primer ejemplo, tenemos un mazo que no es legal, a pesar de que tenemos una lista de mazo que SI es legal. Por ende, el error est\u00e1 en el mazo, no en la lista, la cual es la que debemos corregir. El ejemplo B es un caso donde la carta se baraj\u00f3 dentro del mazo en un juego previo, pero aun as\u00ed esto resulta en un mazo que no corresponde con su respectiva lista. El ejemplo C es un caso de no quitar el Sideboard, lo cual implica que el mazo no se corresponde con la configuraci\u00f3n que deber\u00eda de tener en el primer juego.<\/span><\/i><span style=\"font-weight: 400\"><\/div><\/span><\/p>\n<h2><b>Filosof\u00eda<\/b><\/h2>\n<p><span style=\"font-weight: 400\">Se espera que los jugadores llamen la atenci\u00f3n sobre errores en el mazo inmediatamente, y no ganen una ventaja potencial por tener las cartas en su mazo.<\/span><\/p>\n<p><span style=\"font-weight: 400\"><div class=\"alert alert-info\" role=\"alert\"> <\/span><i><span style=\"font-weight: 400\">Si un jugador no notifica inmediatamente acerca de un error en el mazo que haya observado, se puede considerar razonablemente que est\u00e1 intentando obtener alguna ventaja de ello. Un jugador que espera para llamar a un juez hasta el punto en el que el error fuera a volverse p\u00fablico (por alg\u00fan efecto que haga revelar la mano, o similares) no ha notificado acerca del error en el momento en el que se percat\u00f3 por primera vez.<\/span><\/i><span style=\"font-weight: 400\"><\/div><\/span><\/p>\n<p><span style=\"font-weight: 400\">Las formas m\u00e1s comunes de error de mazo son error al quitar el sideboard y tener una carta en el mazo equivocado. En ambas es dif\u00edcil ganar ventaja sin hacer obviamente trampa. Negarles la carta que deber\u00edan usar es suficiente para compensar situaciones descubiertas f\u00e1cilmente.<\/span><\/p>\n<p><span style=\"font-weight: 400\"><div class=\"alert alert-info\" role=\"alert\"> <\/span><i><span style=\"font-weight: 400\">Ya que estos dos errores son relativamente comunes, y, como ya se mencion\u00f3, es dif\u00edcil obtener ventaja de ello sin hacer trampa de manera muy obvia, la penalizaci\u00f3n de una Advertencia es suficiente para educar a los jugadores a que no repitan esta infracci\u00f3n. \u00a0Adem\u00e1s de aplicar la soluci\u00f3n de remover las cartas que no corresponden, esto deber\u00eda de ser suficientemente disuasivo.<\/span><\/i><span style=\"font-weight: 400\"><\/div><\/span><\/p>\n<p>Los duplicados de cartas que comienzan en el mazo principal son m\u00e1s problem\u00e1ticas, ya que no es f\u00e1cil descubrirlas, y por eso es necesario aumentar la penalizaci\u00f3n.<\/p>\n<p><span style=\"font-weight: 400\"><div class=\"alert alert-info\" role=\"alert\"> <\/span><i><span style=\"font-weight: 400\">Una situaci\u00f3n en la cual una biblioteca tiene copias adicionales de una carta que pertenecen al sideboard es mucho m\u00e1s f\u00e1cil de abusar durante el primer juego de una partida. Tambi\u00e9n son mucho m\u00e1s dif\u00edciles de determinar, y, como resultado, requieren de una penalizaci\u00f3n m\u00e1s severa asociada a ella para disuadir el potencial de abuso.<\/span><\/i><span style=\"font-weight: 400\"><\/div><\/span><\/p>\n<p><span style=\"font-weight: 400\">Esta ventana en la cual es necesario asignar una P\u00e9rdida de juego existe para desalentar el abuso intencional. Una vez pasado ese punto, el oponente acuerda que el mazo es v\u00e1lido. Los jueces deber\u00edan ser precavidos de las posibilidades de abuso al investigar estas infracciones.<\/span><\/p>\n<p><span style=\"font-weight: 400\"><div class=\"alert alert-info\" role=\"alert\"> <\/span><i><span style=\"font-weight: 400\">Esta secci\u00f3n se refiere al primer caso de Aumento que se discute m\u00e1s abajo. Una ventana para un Aumento en la penalizaci\u00f3n debe existir a manera de disuadir a los jugadores de hacer trampa. Si el error es descubierto por un oponente, durante la presentaci\u00f3n del mazo, se sigue aplicando la penalizaci\u00f3n de P\u00e9rdida de Juego respectivamente.<\/span><\/i><span style=\"font-weight: 400\"> <\/div><\/span><\/p>\n<h2><b>Soluci\u00f3n adicional<\/b><\/h2>\n<p><span style=\"font-weight: 400\">Remueve cualquier carta incorrecta del mazo, incluyendo cartas del sideboard que no podrian haber sido agregadas legalmente. Ubica cualquier carta faltante del mazo y bar\u00e1jalas en la porci\u00f3n aleatoria del mazo.<\/span><\/p>\n<p><span style=\"font-weight: 400\"><div class=\"alert alert-info\" role=\"alert\"> <\/span><i><span style=\"font-weight: 400\">Una vez que se determine que el mazo est\u00e1 con una configuraci\u00f3n incorrecta, queremos regresar a su configuraci\u00f3n original lo mas rapido posible. Remover las cartas del sideboard que no deberian estar ahi es la forma m\u00e1s f\u00e1cil de corregir el error de no haber quitado las cartas de sideboard de un juego anterior. Adicionalmente, si se observan cartas faltantes, simplemente las agregamos de vuelta al mazo y lo barajamos para regresarlo a su configuraci\u00f3n original. Debemos asegurarnos que las partes conocidas de la biblioteca se mantengan de esta manera.<\/span><\/i><span style=\"font-weight: 400\"><\/div><\/span><\/p>\n<p>Si la o las cartas faltantes est\u00e1n en el sideboard y no es el primer juego, elige las que ser\u00e1n barajadas en el mazo al azar entre todas las cartas del mazo principal en el sideboard.<\/p>\n<p><span style=\"font-weight: 400\"><div class=\"alert alert-info\" role=\"alert\"> <\/span><i><span style=\"font-weight: 400\">Este caso ocurre cuando un jugador est\u00e1 mirando o buscando algo en su caja de mazo (por ejemplo una ficha) y se da cuenta que hay una carta con el sideboard que deber\u00eda estar en el mazo. Si se determina que el mazo no est\u00e1 con su configuraci\u00f3n correcta (espec\u00edficamente si hay 59 o menos cartas, o el mazo es de otra forma ilegal, a diferencia del caso en que un jugador ten\u00eda la intenci\u00f3n de usar una carta de su sideboard y perdi\u00f3 su oportunidad de hacerlo), podemos restablecer el mazo a su configuraci\u00f3n legal agregando una carta al azar del sideboard al mazo.<\/span><\/i><span style=\"font-weight: 400\"><\/div><\/span><\/p>\n<p><span style=\"font-weight: 400\">Si el error es descubierto durante la mano inicial, indica al jugador que realice un mulligan. Si no es as\u00ed, no reemplaces cartas err\u00f3neas descubiertas en la mano u otros grupos (como un grupo de cartas que est\u00e1n siendo robadas o adivinadas). Si las cartas faltantes estaban en el mazo de un oponente anterior o actual, asigna una penalizaci\u00f3n a ambos jugadores.<\/span><\/p>\n<p><span style=\"font-weight: 400\"><div class=\"alert alert-info\" role=\"alert\"> <\/span><i><span style=\"font-weight: 400\">Cuando se trata de manos iniciales, primero solucionamos los problemas del mazo, luego indicamos al jugador a hacer un mulligan. Hay que asegurarse de saber cuantas cartas tiene el jugador en la mano antes de aplicar esta soluci\u00f3n (aunque generalmente ambos jugadores van a estar al tanto de esto) de forma tal que podamos asegurarnos que se est\u00e1 haciendo mulligan al n\u00famero correcto de cartas luego de arreglar los problemas del mazo.<\/span><\/i><\/p>\n<p><i><span style=\"font-weight: 400\">Si el error se descubre en un momento fuera de las manos iniciales, la carta es simplemente removida y no es reemplazada. Esto es, de vuelta, para mitigar el potencial de abuso.<\/span><\/i><\/p>\n<p><i><span style=\"font-weight: 400\">Si la carta perdida o extra es del mazo de otro jugador, ambos jugadores tienen mazos que no corresponden con los que tienen la intenci\u00f3n de jugar, as\u00ed que ambos reciben una advertencia.<\/span><\/i><span style=\"font-weight: 400\"><\/div><\/span><\/p>\n<h5><b><div class=\"card\"><div class=\"card-header\">Aumento<\/div><\/div><\/b><\/h5>\n<p><span style=\"font-weight: 400\">Si se descubre que el mazo o sideboard es incorrecto al presentarlo al oponente para que baraje antes del juego, y las cartas perdidas no est\u00e1n en el mazo del oponente, la penalizaci\u00f3n es una P\u00e9rdida de juego.<\/span><\/p>\n<p><span style=\"font-weight: 400\"><div class=\"alert alert-info\" role=\"alert\"> <\/span><i><span style=\"font-weight: 400\">Este caso de Aumento existe para desalentar a los jugadores a hacer trampa. El procedimiento de presentar el mazo y sideboard al oponente es una declaraci\u00f3n de que \u201ceste mazo es legal y est\u00e1 listo para que tu lo barajes\u201d. Si el oponente descubre que el mazo no es legal mientras baraja o al contar las cartas del mazo, la penalizaci\u00f3n es aumentada a una P\u00e9rdida de Juego.<\/span><\/i><span style=\"font-weight: 400\"><\/div><\/span><\/p>\n<h5><b><div class=\"card\"><div class=\"card-header\">Aumento<\/div><\/div><\/b><\/h5>\n<p><span style=\"font-weight: 400\">Si una carta incorrecta en el mazo o mano se hace visible para un oponente (por ejemplo por ser mostrada por un efecto o puesta en el cementerio), o es descubierta por un juez durante una verificaci\u00f3n de mazo, la penalizaci\u00f3n es una P\u00e9rdida de juego. Este aumento se aplica incluso si el jugador llama a un juez con un efecto en la pila o que se est\u00e1 resolviendo y que har\u00eda que la carta se haga visible.<\/span><\/p>\n<p><span style=\"font-weight: 400\"><div class=\"alert alert-info\" role=\"alert\"> <\/span><i><span style=\"font-weight: 400\">Este caso, de nuevo, es para desalentar a los jugadores a hacer trampa. Llamar la atenci\u00f3n sobre un error solamente en el momento en que dicho error se volver\u00eda observable para el oponente o un juez es muy sospechoso y abusable, as\u00ed que la penalizaci\u00f3n es una P\u00e9rdida de Juego para asegurarnos que esta pr\u00e1ctica este desincentivada. Por supuesto, se requiere que haya una investigaci\u00f3n para determinar en qu\u00e9 casos esta situaci\u00f3n no implica trampa, pero de todas formas la posibilidad de abuso en s\u00ed misma ya garantiza la penalizaci\u00f3n de P\u00e9rdida de Juego.<\/span><\/i><span style=\"font-weight: 400\"><\/div><\/span><\/p>\n<h5><b><div class=\"card\"><div class=\"card-header\">Aumento<\/div><\/div><\/b><\/h5>\n<p><span style=\"font-weight: 400\">Si por un error hay m\u00e1s copias de una carta del mazo principal en el mismo de las que estaban registradas y esto se descubre despu\u00e9s de que comenz\u00f3 el juego, la penalizaci\u00f3n es una P\u00e9rdida de juego a menos que todas las copias de la carta todav\u00eda est\u00e9n en la porci\u00f3n aleatoria de la biblioteca. Por ejemplo si la lista de mazo tiene dos copias de Choque en el mazo principal y dos en el sideboard, pero una b\u00fasqueda encuentra dos copias de Choque en la biblioteca, y hay otra en el cementerio, la penalizaci\u00f3n es aumentada.<\/span><\/p>\n<p><span style=\"font-weight: 400\"><div class=\"alert alert-info\" role=\"alert\"> <\/span><i><span style=\"font-weight: 400\">Este caso de Aumento se aplica aqu\u00ed porque no hay forma de saber si es que el jugador ya obtuvo alg\u00fan tipo de ventaja. T\u00edpicamente, uno no se dar\u00eda cuenta de que tiene tres copias de Choque hasta que uno vea\/robe\/lanze las dos copias anteriores. En el extremadamente raro caso en que el jugador tenga suficientes copias para darse cuenta de este error en la mano inicial (3 o 4 shock en la mano inicial siguiendo el ejemplo anterior), la penalizaci\u00f3n no es aumentada siempre y cuando el jugador llame a un juez antes de tomar cualquier acci\u00f3n en el juego.<\/span><\/i><span style=\"font-weight: 400\"><\/div><\/span><\/p>\n","protected":false},"excerpt":{"rendered":"<p>Definici\u00f3n El contenido del mazo o sideboard no se corresponden con la lista de mazo registrada y la lista de mazo representa lo que el jugador planea jugar. Si hay cartas adicionales guardadas con el sideboard que podr\u00edan ser usadas en el mazo del jugador, deber\u00edan ser consideradas parte del sideboard, a menos que sean: [&hellip;]<\/p>\n","protected":false},"author":13,"featured_media":0,"parent":0,"menu_order":0,"comment_status":"closed","ping_status":"closed","template":"page_width-index.php","meta":{"footnotes":"","_links_to":"","_links_to_target":""},"language":[8],"class_list":["post-4340","page","type-page","status-publish","hentry","language-es"],"_links":{"self":[{"href":"https:\/\/blogs.magicjudges.org\/rules\/wp-json\/wp\/v2\/pages\/4340","targetHints":{"allow":["GET"]}}],"collection":[{"href":"https:\/\/blogs.magicjudges.org\/rules\/wp-json\/wp\/v2\/pages"}],"about":[{"href":"https:\/\/blogs.magicjudges.org\/rules\/wp-json\/wp\/v2\/types\/page"}],"author":[{"embeddable":true,"href":"https:\/\/blogs.magicjudges.org\/rules\/wp-json\/wp\/v2\/users\/13"}],"replies":[{"embeddable":true,"href":"https:\/\/blogs.magicjudges.org\/rules\/wp-json\/wp\/v2\/comments?post=4340"}],"version-history":[{"count":18,"href":"https:\/\/blogs.magicjudges.org\/rules\/wp-json\/wp\/v2\/pages\/4340\/revisions"}],"predecessor-version":[{"id":8805,"href":"https:\/\/blogs.magicjudges.org\/rules\/wp-json\/wp\/v2\/pages\/4340\/revisions\/8805"}],"wp:attachment":[{"href":"https:\/\/blogs.magicjudges.org\/rules\/wp-json\/wp\/v2\/media?parent=4340"}],"wp:term":[{"taxonomy":"language","embeddable":true,"href":"https:\/\/blogs.magicjudges.org\/rules\/wp-json\/wp\/v2\/language?post=4340"}],"curies":[{"name":"wp","href":"https:\/\/api.w.org\/{rel}","templated":true}]}}