{"id":4345,"date":"2016-06-14T20:07:46","date_gmt":"2016-06-14T17:07:46","guid":{"rendered":"http:\/\/blogs.magicjudges.org\/rules\/?page_id=4345"},"modified":"2018-09-03T03:42:14","modified_gmt":"2018-09-03T00:42:14","slug":"ipg3-8-es","status":"publish","type":"page","link":"https:\/\/blogs.magicjudges.org\/rules\/ipg3-8-es\/","title":{"rendered":"IPG 3.8 Error de Torneo \u2014 Cartas Marcadas"},"content":{"rendered":"<div style=\"padding-right: 20px;float: left;width: 80%;margin-top: 0px\">\n<h2>Definici\u00f3n<\/h2>\n<p><span style=\"font-weight: 400\">Las cartas o protectores en el mazo de un jugador tienen inconsistencias que permitir\u00edan que fueran diferenciadas entre ellas mientras est\u00e1n en la biblioteca. Esto incluye marcas de raspado, de u\u00f1as, decoloraciones, bordes doblados y arqueos por ser foil o premium.<\/span><span style=\"font-weight: 400\"><br \/>\n<\/span><\/p>\n<\/div>\n<div style=\"float: right;width: 20%;margin-top: 0px;margin-bottom: -20px;text-align: center\">\n<div class=\"alert alert-warning\" role=\"alert\"> <\/p>\n<p style=\"text-align: center;margin-top: 10px;margin-left: -10px\"><strong>Penalizaci\u00f3n<\/strong><\/p>\n<p style=\"text-align: center;margin-bottom: 10px;margin-left: -12px\">Advertencia<\/p>\n<p><\/div>\n<\/div>\n<p><br style=\"clear: both; height: 1px; margin: -1px 0pt 0pt; overflow: hidden;\"><div class=\"alert alert-info\" role=\"alert\"> Una carta s\u00f3lo debe poder ser identificada por su cara frontal. Que sea posible identificar qu\u00e9 carta es o qu\u00e9 tipo de carta es de otra forma que no sea su frente es un problema. Esto aplica a marcas f\u00edsicas como rayones, dobleces o desgastes; as\u00ed como a la orientaci\u00f3n f\u00edsica, por ejemplo, si todas las cartas de tierra est\u00e1n orientadas hacia abajo en relaci\u00f3n al resto del mazo. Si una carta en particular puede ser identificada de lado (es decir, mientras baraja), esto tambi\u00e9n es un problema que debe ser resuelto reemplazando la carta o el protector, dependiendo de la situaci\u00f3n. Por favor, ten en cuenta que esta infracci\u00f3n s\u00f3lo aplica a situaciones que potencialmente pueden llevar a un abuso. Si sentimos que es un abuso intencional, entonces debemos considerar Conducta Antideportiva &#8211; Hacer Trampa.<\/span><\/p>\n<p><span style=\"font-weight: 400\">S\u00f3lo aplicamos esta infracci\u00f3n si las cartas marcadas est\u00e1n en el mazo, no en el Sideboard. Si las cartas en el Sideboard tienen diferentes marcas o los protectores aparentan estar m\u00e1s nuevos, s\u00f3lo aplicamos esta infracci\u00f3n una vez que las cartas marcadas del Sideboard est\u00e1n dentro del mazo. Si estas marcas son detectadas durante un Chequeo de Mazos se le debe informar al jugador y sugerirle que use los protectores de su mazo principal cuando utilice cartas de su Sideboard.<\/div><\/span><\/p>\n<h2><span style=\"font-weight: 400\">Ejemplos<\/span><\/h2>\n<ul>\n<li><span style=\"font-weight: 400\">A. Un jugador tiene peque\u00f1as marcas en algunos de sus protectores. Las marcas est\u00e1n en una monta\u00f1a, un <a href=\"https:\/\/blogs.magicjudges.org\/rules\/wp-content\/plugins\/lems-mtg-helper\/lems-mtg-helper-cardfinder.php?find=Jerarca+loxod%C3%B3n&width=223&height=310\" class=\"jTip\" name=\"\">Jerarca loxod\u00f3n<\/a> y una <a href=\"https:\/\/blogs.magicjudges.org\/rules\/wp-content\/plugins\/lems-mtg-helper\/lems-mtg-helper-cardfinder.php?find=H%C3%A9lice+de+rel%C3%A1mpagos&width=223&height=310\" class=\"jTip\" name=\"\">H\u00e9lice de rel\u00e1mpagos<\/a>.<\/span><span style=\"font-weight: 400\"><br \/>\n<\/span><span style=\"font-weight: 400\"><div class=\"alert alert-info\" role=\"alert\"> No es sostenible que exista un patr\u00f3n cuando hay marcas en una tierra, una criatura y un instant\u00e1neo. Sin embargo, marcas en cartas individuales a\u00fan pueden ser un problema. Si el jugador detecta esas marcas, puede asumir que \u201cesa carta en mi mazo de 60 cartas es una monta\u00f1a, o un Jerarca Loxod\u00f3n o un H\u00e9lice de Rel\u00e1mpagos\u201d, d\u00e1ndole un conocimiento indebido sobre qu\u00e9 carta podr\u00eda ser.<\/div><\/span><\/li>\n<li><span style=\"font-weight: 400\">B. Un jugador tiene varias cartas premium que se diferencian significativamente del resto del mazo.<br \/>\n<\/span><span style=\"font-weight: 400\"><div class=\"alert alert-info\" role=\"alert\"> Las cartas foil tienen la tendencia de curvarse hacia adentro. Es posible, con mala manipulaci\u00f3n, que esas cartas se doblen de manera que sean identificables. Nuevamente, sabiendo que cartas foil el jugador tiene en su mazo, puede adivinar con m\u00e1s certeza qu\u00e9 carta podr\u00eda ser. Se debe tener en cuenta que no todas las cartas foil se consideran marcadas, y no todas las cartas dobladas son foil. Debemos ser bien claros en esto, el hecho de que tu mazo tenga cartas foil en un patr\u00f3n (todas las tierras sean foil, por ejemplo) no significa que el mazo est\u00e9 marcado; las marcas provienen del doblez (si es que existe).<\/div><\/span><\/li>\n<li><span style=\"font-weight: 400\">C. Las tierras b\u00e1sicas en un mazo sin protectores de un jugador son de una colecci\u00f3n con dorsos notoriamente m\u00e1s claros.<\/span><span style=\"font-weight: 400\"><br \/>\n<\/span><span style=\"font-weight: 400\"><div class=\"alert alert-info\" role=\"alert\"> Tener dorsos m\u00e1s claros que se puedan distinguir hace que estas cartas se consideren marcadas. Debido a que son todas las tierras b\u00e1sicas esto encaja con el aumento indicado en la soluci\u00f3n adicional, porque se puede obtener una ventaja sustancial sabiendo si la carta de la parte superior de la biblioteca es una tierra solo con ver el dorso diferente.<\/div><\/span><\/li>\n<\/ul>\n<h2><span style=\"font-weight: 400\">Filosof\u00eda<\/span><\/h2>\n<p><span style=\"font-weight: 400\">Los protectores y las cartas normalmente se marcan durante el transcurso de un torneo y, mientras un jugador no intente obtener ventaja de esto, solucionar la situaci\u00f3n es suficiente en la mayor\u00eda de los casos. N\u00f3tese que casi todos los protectores pueden ser considerados marcados en alguna manera y los jueces deber\u00edan tener esto en cuenta al aplicar penalizaciones.<\/span><span style=\"font-weight: 400\"><br \/>\n<\/span><span style=\"font-weight: 400\"><div class=\"alert alert-info\" role=\"alert\"> Los torneos son largos, algunos ocupando 8 o m\u00e1s horas de juego. Jugar Magic (especialmente barajar las cartas) por un per\u00edodo de m\u00e1s de 8 horas puede provocar quiebres en los protectores, adem\u00e1s de piquetes, dobleces y desgaste. Mientras esas marcas no hagan a la carta identificable, s\u00f3lo es necesario indicar el problema, dar la penalizaci\u00f3n y pedir al jugador que reemplace los protectores. Pero ten cuidado, si miras por mucho tiempo, probablemente ver\u00e1s marcas en todos los protectores salvo en los m\u00e1s nuevos. Esto no significa que est\u00e9n marcados.<\/div><\/span><\/p>\n<p><span style=\"font-weight: 400\">En los casos de cartas marcadas es muy importante educar a los jugadores para que barajen sus cartas antes de ponerle los protectores.<\/span><span style=\"font-weight: 400\"><br \/>\n<\/span><span style=\"font-weight: 400\"><div class=\"alert alert-info\" role=\"alert\"> Siempre es importante explicarle a los jugadores el porqu\u00e9 est\u00e1n recibiendo una penalizaci\u00f3n, pero en el caso de cartas marcadas adem\u00e1s debes explicar c\u00f3mo evitar que ocurra nuevamente. Generalmente los jugadores no saben que est\u00e1 mal hasta que se les dice.<\/span><span style=\"font-weight: 400\"><br \/>\n<\/span><span style=\"font-weight: 400\">Hay algunos pasos adicionales que los jugadores deber\u00edan hacer antes de ponerle protectores a su mazo. Por ejemplo, los jugadores deber\u00edan barajar sus protectores as\u00ed como su mazo antes de poner los protectores, ya que en ciertos casos algunos protectores son un poco m\u00e1s peque\u00f1os que el resto (esto suele suceder con protectores de diferentes paquetes, a\u00fan si se venden como id\u00e9nticos). Si el jugador baraja sus protectores, puede que haya marcas en las cartas, y sean necesarios cambios, pero es poco probable que sean un problema. Si el jugador no baraja los protectores primero, puede ocurrir que el mazo est\u00e9 en protectores de un tama\u00f1o y el Sideboard en un tama\u00f1o diferente, volvi\u00e9ndose un problema mayor (ver abajo).<\/div><\/span><\/p>\n<p><span style=\"font-weight: 400\">Esta infracci\u00f3n se aplica solo a cartas en el mazo de un jugador. Los protectores con marcas en el sideboard no son ilegales a menos que sean colocados en el mazo sin cambiarlos.<\/span><span style=\"font-weight: 400\"><br \/>\n<\/span><span style=\"font-weight: 400\"><div class=\"alert alert-info\" role=\"alert\"> Digamos que el mazo de un jugador tiene protectores, pero el sideboard no los tiene. \u00bfEst\u00e1n las cartas del sideboard marcadas? \u00a1Por supuesto que no! Estas dos frases marcan los l\u00edmites entre Cartas Marcadas y cartas que est\u00e1n marcadas, y ese l\u00edmite es el mazo. Las cartas en el sideboard pueden estar de cualquier manera hasta que son puestas en el mazo. Esto significa que durante una revisi\u00f3n de mazo, puedes encontrarte con protectores marcados que hacen que las cartas en el sideboard sobresalgan, pero mientras no est\u00e9n en un mazo, est\u00e1 permitido.<\/span><span style=\"font-weight: 400\"><br \/>\n<\/span><span style=\"font-weight: 400\"><\/div><\/span><\/p>\n<p><span style=\"font-weight: 400\">A menos que est\u00e9n investigando, los jueces deber\u00edan avisar a los jugadores si tienen alguna preocupaci\u00f3n sobre cartas marcadas en el sideboard.<\/span><span style=\"font-weight: 400\"><br \/>\n<\/span><span style=\"font-weight: 400\"><div class=\"alert alert-info\" role=\"alert\"> Durante una revisi\u00f3n de mazo, encontrar\u00e1s cartas del sideboard que est\u00e1n marcadas, av\u00edsale al jugador de que necesita cambiar los protectores con los que est\u00e1n en el mazo principal. No esperes en silencio para ver si es que ingresa esas cartas al mazo y para luego aplicar una sanci\u00f3n. Diles de antemano esto. La excepci\u00f3n para esto es: una Investigaci\u00f3n. Si estuvieras investigando por trampas, puedes optar no decirles a los jugadores para poder reunir informaci\u00f3n para tu investigaci\u00f3n.<\/div><\/span><\/p>\n<h2><span style=\"font-weight: 400\">Soluci\u00f3n Adicional<\/span><\/h2>\n<p><span style=\"font-weight: 400\">El jugador necesita reemplazar la(s) carta(s) o protector(es) por una versi\u00f3n no marcada o, si no usa protectores, usarlos para esconder las marcas.<\/span><span style=\"font-weight: 400\"><br \/>\n<\/span><span style=\"font-weight: 400\"><div class=\"alert alert-info\" role=\"alert\"> En el evento de que las cartas o protectores de un jugador est\u00e9n marcadas, es necesario eliminar dichas marcas. Generalmente hay vendedores en los eventos grandes como los Grand Prix, y los PPTQs y otros eventos m\u00e1s peque\u00f1os de REL Competitivo son realizados usualmente en una tienda, donde se pueden comprar protectores r\u00e1pidamente y a un precio asequible. Si el problema son unas pocas cartas, muchos packs vienen con un par de protectores extras, o el jugador puede cambiarlos por protectores sin marcar de su Sideboard. Esto es especialmente importante en los casos en que el jugador no usa protectores en su mazo, es que con la frecuencia que un mazo de Magic es barajado, las cartas sin protectores pueden marcarse r\u00e1pidamente.<\/div><\/span><\/p>\n<p><span style=\"font-weight: 400\">Si las mismas cartas se marcaron durante el juego del torneo, el Juez principal podr\u00eda decidir hacer una carta de reemplazo.<\/span><span style=\"font-weight: 400\"><br \/>\n<\/span><span style=\"font-weight: 400\"><div class=\"alert alert-info\" role=\"alert\"> Si alguien tira un vaso de agua sobre el mazo de un jugador, no queremos que eso sea el final del torneo para ese jugador debido a que no puede jugar con sus cartas. Las cartas que sufren da\u00f1os o se marcan durante el transcurso del torneo (as\u00ed como producto sellado con errores de impresi\u00f3n) pueden ser reemplazadas por Cartas de Reemplazo (Proxies) realizadas a discreci\u00f3n del Juez Principal, tal como se indica en la secci\u00f3n 3.4 de las Reglas de Torneo de Magic.<\/div><\/span><\/p>\n<p><b><div class=\"card\"><div class=\"card-header\">Aumento<\/div><\/div><br \/>\n<\/b><span style=\"font-weight: 400\">Si un jugador no puede encontrar cartas de reemplazo, puede reemplazar esas cartas con cartas llamadas Llanura, Isla, Pantano, Monta\u00f1a o Bosque. Como la lista de mazo es alterada para coincidir con los nuevos contenidos del mazo, la penalizaci\u00f3n es una P\u00e9rdida de juego. Este cambio puede ser revertido m\u00e1s adelante sin m\u00e1s penalizaciones si se encuentran reemplazos para las cartas marcadas.<\/span><span style=\"font-weight: 400\"><br \/>\n<\/span><span style=\"font-weight: 400\"><div class=\"alert alert-info\" role=\"alert\"> Si un jugador no puede usar ciertas cartas por ser ilegales (por ejemplo, cuatro <a href=\"https:\/\/blogs.magicjudges.org\/rules\/wp-content\/plugins\/lems-mtg-helper\/lems-mtg-helper-cardfinder.php?find=Maestro+de+caza+de+las+colinas&width=223&height=310\" class=\"jTip\" name=\"\">Maestro de caza de las colinas<\/a> foil que est\u00e1n curvadas, por lo que no pueden ser usadas, y el resultado es un mazo de 56 cartas), el jugador puede reemplazar esas cartas con otras copias de las mismas o con cualquier combinaci\u00f3n de cartas llamadas Llanura, Isla, Pantano, Monta\u00f1a o Bosque. Si el jugador opta por buscar cartas para reemplazarlas, p\u00eddele que se apresure y dale 10 minutos antes de asignarle una penalizaci\u00f3n por Tardanza. Si el jugador decide agregar cualquiera de las tierras b\u00e1sicas nombradas, la Lista de Mazo deber\u00e1 ser modificada para reflejar lo que ahora est\u00e1 jugando. Le asignamos al jugador una P\u00e9rdida de Juego por el cambio en su lista de mazo, lo que significa que no recibir\u00e1 una penalizaci\u00f3n por Problema de Mazo si se le hiciera una revisi\u00f3n de mazo m\u00e1s adelante. Si por alguna raz\u00f3n el jugador termina encontrando reemplazos, podemos revertir este cambio, esta vez sin penalizaci\u00f3n.<\/div><\/span><\/p>\n<p><span style=\"font-weight: 400\"><b><div class=\"card\"><div class=\"card-header\">Aumento<\/div><\/div><br \/>\n<\/b><\/span><span style=\"font-weight: 400\">Si el Juez principal cree que el propietario de un mazo al notar el patr\u00f3n de marcas podr\u00eda sacar ventaja sustancial de este conocimiento, la penalizaci\u00f3n es una P\u00e9rdida de juego.<\/span><span style=\"font-weight: 400\"><br \/>\n<\/span><span style=\"font-weight: 400\"><div class=\"alert alert-info\" role=\"alert\"> Las marcas en cartas que tienen un patr\u00f3n reconocible constituyen un problema mayor que los bordes desgastados. Por ejemplo, en casos en que los protectores del jugador no son completamente opacos, cartas de doble cara como el <a href=\"https:\/\/blogs.magicjudges.org\/rules\/wp-content\/plugins\/lems-mtg-helper\/lems-mtg-helper-cardfinder.php?find=Maestro+de+caza+de+las+colinas&width=223&height=310\" class=\"jTip\" name=\"\">Maestro de caza de las colinas<\/a> pueden ser vistas a trav\u00e9s del protector. Debido a que todos los Maestro de caza de las colinas est\u00e1n marcados de esta forma, se puede aplicar el aumento de la penalizaci\u00f3n. Otros ejemplos incluye: 11 cartas tienen marcas en una de sus esquinas y 10 de ellas son tierras; todos los posibles objetivos de un mazo de reanimaci\u00f3n est\u00e1n levemente curvos; en un mazo que incluye cartas del Sideboard, estas est\u00e1n visiblemente menos desgastadas que el resto del mazo.<\/div><\/span><\/p>\n","protected":false},"excerpt":{"rendered":"<p>Definici\u00f3n Las cartas o protectores en el mazo de un jugador tienen inconsistencias que permitir\u00edan que fueran diferenciadas entre ellas mientras est\u00e1n en la biblioteca. Esto incluye marcas de raspado, de u\u00f1as, decoloraciones, bordes doblados y arqueos por ser foil o premium. Ejemplos A. Un jugador tiene peque\u00f1as marcas en algunos de sus protectores. Las [&hellip;]<\/p>\n","protected":false},"author":13,"featured_media":0,"parent":0,"menu_order":0,"comment_status":"closed","ping_status":"closed","template":"page_width-index.php","meta":{"footnotes":"","_links_to":"","_links_to_target":""},"language":[8],"class_list":["post-4345","page","type-page","status-publish","hentry","language-es"],"_links":{"self":[{"href":"https:\/\/blogs.magicjudges.org\/rules\/wp-json\/wp\/v2\/pages\/4345","targetHints":{"allow":["GET"]}}],"collection":[{"href":"https:\/\/blogs.magicjudges.org\/rules\/wp-json\/wp\/v2\/pages"}],"about":[{"href":"https:\/\/blogs.magicjudges.org\/rules\/wp-json\/wp\/v2\/types\/page"}],"author":[{"embeddable":true,"href":"https:\/\/blogs.magicjudges.org\/rules\/wp-json\/wp\/v2\/users\/13"}],"replies":[{"embeddable":true,"href":"https:\/\/blogs.magicjudges.org\/rules\/wp-json\/wp\/v2\/comments?post=4345"}],"version-history":[{"count":8,"href":"https:\/\/blogs.magicjudges.org\/rules\/wp-json\/wp\/v2\/pages\/4345\/revisions"}],"predecessor-version":[{"id":8238,"href":"https:\/\/blogs.magicjudges.org\/rules\/wp-json\/wp\/v2\/pages\/4345\/revisions\/8238"}],"wp:attachment":[{"href":"https:\/\/blogs.magicjudges.org\/rules\/wp-json\/wp\/v2\/media?parent=4345"}],"wp:term":[{"taxonomy":"language","embeddable":true,"href":"https:\/\/blogs.magicjudges.org\/rules\/wp-json\/wp\/v2\/language?post=4345"}],"curies":[{"name":"wp","href":"https:\/\/api.w.org\/{rel}","templated":true}]}}