{"id":4369,"date":"2016-06-16T15:47:18","date_gmt":"2016-06-16T12:47:18","guid":{"rendered":"http:\/\/blogs.magicjudges.org\/rules\/?page_id=4369"},"modified":"2018-09-01T21:24:31","modified_gmt":"2018-09-01T18:24:31","slug":"ipg4-es","status":"publish","type":"page","link":"https:\/\/blogs.magicjudges.org\/rules\/ipg4-es\/","title":{"rendered":"IPG 4. Conducta Antideportiva"},"content":{"rendered":"<table class=\"table table-hover table-condensed\" style=\"width: 100%\">\n<tbody>\n<tr>\n<td style=\"width: 50%;text-align: left\">4.1. <a href=\"http:\/\/blogs.magicjudges.org\/rules\/ipg4-1-es\/\">Conducta antideportiva \u2014 Menor<\/a><\/td>\n<td style=\"width: 50%;text-align: left\">4.5. <a href=\"http:\/\/blogs.magicjudges.org\/rules\/ipg4-5-es\/\">Conducta antideportiva \u2014 Comportamiento Agresivo<\/a><\/td>\n<\/tr>\n<tr>\n<td style=\"width: 50%;text-align: left\">4.2. <a href=\"http:\/\/blogs.magicjudges.org\/rules\/ipg4-2-es\/\">Conducta antideportiva \u2014 Mayor<\/a><\/td>\n<td style=\"width: 50%;text-align: left\">4.6. <a href=\"http:\/\/blogs.magicjudges.org\/rules\/ipg4-6-es\/\">Conducta antideportiva \u2014 Robo de Material de Torneo<\/a><\/td>\n<\/tr>\n<tr>\n<td style=\"width: 50%;text-align: left\">4.3. <a href=\"http:\/\/blogs.magicjudges.org\/rules\/ipg4-3-es\/\">Conducta antideportiva \u2014 Determinar Incorrectamente un Ganador<\/a><\/td>\n<td style=\"width: 50%;text-align: left\">4.7. <a href=\"http:\/\/blogs.magicjudges.org\/rules\/ipg4-7-es\/\">Conducta antideportiva \u2014 Demorar la Partida<\/a><\/td>\n<\/tr>\n<tr>\n<td style=\"width: 50%;text-align: left\">4.4. <a href=\"http:\/\/blogs.magicjudges.org\/rules\/ipg4-4-es\/\">Conducta antideportiva \u2014 Soborno y Apuestas<\/a><\/td>\n<td style=\"width: 50%;text-align: left\">4.8. <a href=\"http:\/\/blogs.magicjudges.org\/rules\/ipg4-8-es\/\">Conducta antideportiva \u2014 Hacer Trampa<\/a><\/td>\n<\/tr>\n<tr>\n<td style=\"width: 50%;text-align: left\"><\/td>\n<td style=\"width: 50%;text-align: left\"><\/td>\n<\/tr>\n<\/tbody>\n<\/table>\n<p><span style=\"font-weight: 400\">La conducta antideportiva es comportamiento disruptivo que puede afectar la seguridad, competitividad, diversi\u00f3n o integridad de un torneo de manera significativa.<\/span><\/p>\n<p><i><span style=\"font-weight: 400\"><div class=\"alert alert-info\" role=\"alert\"> Esta es una definici\u00f3n general de lo que constituye \u201cConducta Antideportiva\u201d, y es bastante amplia. Algunos de ustedes podr\u00edan pensar que cubre muchas cosas que las que habr\u00edan de esperar &#8211; pero hay que tener en cuenta que todas estas cosas son vitales para poder proporcionar una buena experiencia de torneo. Como jueces necesitamos estar alerta a las cosas que puedan crear una experiencia negativa para los jugadores, y tratar con ellas de la forma apropiada.<\/div><\/span><\/i><\/p>\n<p><span style=\"font-weight: 400\">L<\/span><span style=\"font-weight: 400\">a conducta antideportiva no es lo mismo que la falta de conducta deportiva. Hay mucho lugar para comportamiento \u201ccompetitivo\u201d que ciertamente no es \u201cagradable\u201d ni \u201cdeportivo\u201d pero que a\u00fan as\u00ed no califica como \u201cantideportivo\u201d.<\/span><\/p>\n<p><i><span style=\"font-weight: 400\"><div class=\"alert alert-info\" role=\"alert\"> Es importante hacer esta aclaraci\u00f3n. Si un jugador no est\u00e1 siendo agradable contigo, eso no quiere decir necesariamente que est\u00e9 siendo antideportivo. Por ejemplo, no se te pide que digas \u201cBuen juego\u201d despu\u00e9s de ser aplastado, no tienes que dar la mano, tu oponente no tiene que decirte exactamente qu\u00e9 hace la carta, etc\u00e9tera. Ninguna de estas acciones constituyen una Conducta Antideportiva. Los jugadores tienen permitido tener \u201ccara de juego.\u201d<\/div><\/span><\/i><\/p>\n<p><span style=\"font-weight: 400\">El juez principal es la autoridad final sobre qu\u00e9 constituye conducta antideportiva.<\/span><\/p>\n<p><i><span style=\"font-weight: 400\"><div class=\"alert alert-info\" role=\"alert\"> Un juez de piso puede decidir asignar una penalizaci\u00f3n por Conducta Antideportiva, pero los jugadores pueden apelar a esta resoluci\u00f3n. Tal como con muchas otras secciones de este documento, el Juez Principal es la autoridad final cuando se trata de determinar si algo es o no una Conducta Antideportiva. Tambi\u00e9n es necesario obtener el consentimiento\/la aprobaci\u00f3n del Juez Principal antes de asignar una infracci\u00f3n con una penalizaci\u00f3n de P\u00e9rdida de Juego o mayor, y si es una Descalificaci\u00f3n, el Juez Principal deber\u00eda ser quien la asigna.<\/div><\/span><\/i><\/p>\n<p><span style=\"font-weight: 400\">Los jueces deber\u00edan informar al jugador c\u00f3mo su conducta es disruptiva. Se espera que el jugador corrija esa situaci\u00f3n y comportamiento inmediatamente. Sin embargo, aunque asegurarse de que el jugador entiende la severidad de sus acciones es importante, los jueces deben focalizarse primero en calmar la situaci\u00f3n y luego en asignar infracciones y penalizaciones.<\/span><\/p>\n<p><i><span style=\"font-weight: 400\"><div class=\"alert alert-info\" role=\"alert\"> Algunas veces los jugadores no se dan cuenta que su comportamiento es disruptivo para el evento. Est\u00e1n envueltos en sus preocupaciones, as\u00ed que los jueces tienen que hacerles saber que lo que est\u00e1n haciendo est\u00e1 causando un problema. Despu\u00e9s de haber sido avisado, el jugador deber\u00eda inmediatamente corregir sus acciones. Sin embargo, para prevenir que las situaciones escalen, el enfoque principal de los jueces deber\u00eda ser poner la situaci\u00f3n bajo control. B\u00e1sicamente, si tienes un jugador que est\u00e1 enfadado, asignarle una penalizaci\u00f3n en este momento probablemente har\u00e1 que las cosas empeoren. Controla la situaci\u00f3n, y luego preoc\u00fapate por las infracciones.<\/div><\/span><\/i><\/p>\n","protected":false},"excerpt":{"rendered":"<p>4.1. Conducta antideportiva \u2014 Menor 4.5. Conducta antideportiva \u2014 Comportamiento Agresivo 4.2. Conducta antideportiva \u2014 Mayor 4.6. Conducta antideportiva \u2014 Robo de Material de Torneo 4.3. Conducta antideportiva \u2014 Determinar Incorrectamente un Ganador 4.7. Conducta antideportiva \u2014 Demorar la Partida 4.4. Conducta antideportiva \u2014 Soborno y Apuestas 4.8. Conducta antideportiva \u2014 Hacer Trampa La conducta [&hellip;]<\/p>\n","protected":false},"author":13,"featured_media":0,"parent":0,"menu_order":0,"comment_status":"closed","ping_status":"closed","template":"page_width-index.php","meta":{"footnotes":"","_links_to":"","_links_to_target":""},"language":[8],"class_list":["post-4369","page","type-page","status-publish","hentry","language-es"],"_links":{"self":[{"href":"https:\/\/blogs.magicjudges.org\/rules\/wp-json\/wp\/v2\/pages\/4369","targetHints":{"allow":["GET"]}}],"collection":[{"href":"https:\/\/blogs.magicjudges.org\/rules\/wp-json\/wp\/v2\/pages"}],"about":[{"href":"https:\/\/blogs.magicjudges.org\/rules\/wp-json\/wp\/v2\/types\/page"}],"author":[{"embeddable":true,"href":"https:\/\/blogs.magicjudges.org\/rules\/wp-json\/wp\/v2\/users\/13"}],"replies":[{"embeddable":true,"href":"https:\/\/blogs.magicjudges.org\/rules\/wp-json\/wp\/v2\/comments?post=4369"}],"version-history":[{"count":7,"href":"https:\/\/blogs.magicjudges.org\/rules\/wp-json\/wp\/v2\/pages\/4369\/revisions"}],"predecessor-version":[{"id":8183,"href":"https:\/\/blogs.magicjudges.org\/rules\/wp-json\/wp\/v2\/pages\/4369\/revisions\/8183"}],"wp:attachment":[{"href":"https:\/\/blogs.magicjudges.org\/rules\/wp-json\/wp\/v2\/media?parent=4369"}],"wp:term":[{"taxonomy":"language","embeddable":true,"href":"https:\/\/blogs.magicjudges.org\/rules\/wp-json\/wp\/v2\/language?post=4369"}],"curies":[{"name":"wp","href":"https:\/\/api.w.org\/{rel}","templated":true}]}}