{"id":4384,"date":"2016-06-16T16:44:50","date_gmt":"2016-06-16T13:44:50","guid":{"rendered":"http:\/\/blogs.magicjudges.org\/rules\/?page_id=4384"},"modified":"2018-11-03T21:04:58","modified_gmt":"2018-11-03T18:04:58","slug":"ipg4-5-es","status":"publish","type":"page","link":"https:\/\/blogs.magicjudges.org\/rules\/ipg4-5-es\/","title":{"rendered":"IPG 4.5 Conducta Antideportiva \u2014 Comportamiento Agresivo"},"content":{"rendered":"<div style=\"padding-right: 20px;float: left;width: 80%;margin-top: 0px\">\n<h2>Definici\u00f3n<\/h2>\n<p><span style=\"font-weight: 400\">Un jugador act\u00faa de manera amenazante hacia otros o su propiedad.<\/span><\/p>\n<\/div>\n<div style=\"float: right;width: 20%;margin-top: 0px;margin-bottom: -20px;text-align: center\">\n<div class=\"alert alert-warning\" role=\"alert\"> <\/p>\n<p style=\"text-align: center;margin-top: 10px;margin-left: -10px\"><strong>Penalizaci\u00f3n<\/strong><\/p>\n<p style=\"text-align: center;margin-bottom: 10px;margin-left: -12px\">Descalificaci\u00f3n<\/p>\n<p><\/div>\n<\/div>\n<br style=\"clear: both; height: 1px; margin: -1px 0pt 0pt; overflow: hidden;\">\n<p style=\"margin-top: px\"><div class=\"alert alert-info\" role=\"alert\"> <i><span style=\"font-weight: 400\">Conducta Antideportiva \u2014 Comportamiento Agresivo es bastante claro. A diferencia de Conducta Antideportiva <\/span><\/i><a href=\"https:\/\/blogs.magicjudges.org\/rules\/ipg4-1-es\/\"><i><span style=\"font-weight: 400\">Menor <\/span><\/i><\/a><i><span style=\"font-weight: 400\">o<\/span><\/i><a href=\"http:\/\/blogs.magicjudges.org\/rules\/ipg4-2\/\"> <i><span style=\"font-weight: 400\">Mayor<\/span><\/i><\/a><i><span style=\"font-weight: 400\">, donde asignamos infracciones basadas en gente siendo incomodada u ofendida o por uso de lenguaje ofensivo (adem\u00e1s de otras cosas), Conducta Antideportiva \u2014 Comportamiento Agresivo se basa en acciones f\u00edsicas o lenguaje que sugiera la intenci\u00f3n de causar da\u00f1o f\u00edsico.<\/span><\/i><\/div><\/p>\n<h2 style=\"text-align: justify\">Ejemplos<\/h2>\n<ul class=\"list-group\" style=\"text-align: justify;margin-left: 0px;margin-bottom: 5px\">\n<li class=\"list-group-item\"><strong>A.<\/strong>Un jugador amenaza con golpear a otro jugador si no le concede.<\/li>\n<li class=\"list-group-item\"><strong>B.<\/strong>Un jugador mueve la silla de otro jugador, causando que \u00e9ste caiga al suelo.<\/li>\n<li class=\"list-group-item\"><strong>C.<\/strong> Un jugador amenaza a un juez despu\u00e9s de recibir una decisi\u00f3n de reglas.<\/li>\n<li class=\"list-group-item\"><strong>D.<\/strong> Un jugador rompe una carta de otro jugador.<\/li>\n<li class=\"list-group-item\"><strong>E.<\/strong> Un jugador intencionalmente vuelca una mesa.<\/li>\n<\/ul>\n<p><span style=\"font-weight: 400\"><div class=\"alert alert-info\" role=\"alert\"> <\/span><i><span style=\"font-weight: 400\">Estos ejemplos dejan muy claro qu\u00e9 puede constituir Conducta Antideportiva \u2014 Comportamiento Agresivo. Tambi\u00e9n incluye amenazas sutiles, tales como &#8220;Te estar\u00e9 esperando en el estacionamiento cuando salgas&#8221;. No es necesario buscar palabras espec\u00edficas &#8211; puedes reconocer una amenaza cuando la oyes. Tambi\u00e9n es importante tener en cuenta que, si un jugador da\u00f1a su propiedad, aunque pueda resultar intimidante, probablemente no caiga en Conducta Antideportiva \u2014 Comportamiento Agresivo sino en<\/span><\/i><a href=\"http:\/\/blogs.magicjudges.org\/rules\/ipg4-1-es\/\"> <i><span style=\"font-weight: 400\">Conducta Antideportiva &#8211; Menor<\/span><\/i><\/a><i><span style=\"font-weight: 400\">, a menos que lo est\u00e9 haciendo de una manera que constituya una amenaza.<\/span><\/i><span style=\"font-weight: 400\"><\/div><\/span><\/p>\n<h2 style=\"text-align: justify\">Filosof\u00eda<\/h2>\n<p><span style=\"font-weight: 400\">La seguridad de todas las personas en el torneo es extremadamente importante. No se tolerar\u00e1 ning\u00fan abuso f\u00edsico o intimidaci\u00f3n.<\/span><\/p>\n<p><span style=\"font-weight: 400\"><div class=\"alert alert-info\" role=\"alert\"> <\/span><i><span style=\"font-weight: 400\">La raz\u00f3n por la que otorgamos una descalificaci\u00f3n por este tipo de infracci\u00f3n es porque todo el mundo debe sentirse seguro en cualquier evento sancionado, y permitir que alguien contin\u00fae en un evento despu\u00e9s de tal comportamiento podr\u00eda desalentar a los jugadores de volver a participar en un evento.<\/span><\/i><span style=\"font-weight: 400\"><\/div><\/span><\/p>\n<h2><b>Soluci\u00f3n Adicional<\/b><\/h2>\n<p><span style=\"font-weight: 400\">El organizador deber\u00eda pedirle al ofensor que abandone el sal\u00f3n.<\/span><\/p>\n<p><span style=\"font-weight: 400\"><div class=\"alert alert-info\" role=\"alert\"> <\/span><i><span style=\"font-weight: 400\">Ten en cuenta que tu primera prioridad es calmar la situaci\u00f3n. C\u00f3mo hacer esto depende de la situaci\u00f3n. Sin embargo, no eres un oficial de polic\u00eda y no est\u00e1s obligado a involucrarte f\u00edsicamente. Cuando se produce esta infracci\u00f3n, el d\u00eda de ese jugador en el evento ha terminado. \u00c9l o ella ser\u00e1 descalificado\/a. Aseg\u00farate de recoger una declaraci\u00f3n para<\/span><\/i><a href=\"https:\/\/blogs.magicjudges.org\/o\/spheres-es\/investigations-committee-es\/\"> <i><span style=\"font-weight: 400\">el Comit\u00e9 de Investigaciones<\/span><\/i><\/a><i><span style=\"font-weight: 400\"> si el jugador est\u00e1 dispuesto a dar una, y aseg\u00farate de escribir la tuya propia. Tambi\u00e9n se aconseja que el Organizador del Torneo pida al jugador que deje el lugar tan pronto como sea posible. Es importante distinguir que es el Organizador del Torneo quien deber\u00eda tomar esta decisi\u00f3n. Podemos alentar al Organizador del Torneo a tomar esta decisi\u00f3n, pero nuestra jurisdicci\u00f3n no llega m\u00e1s all\u00e1 del alcance del evento. Una vez que el jugador deja de estar involucrado en el evento, deja de ser alguien con el que nosotros, como jueces, debamos lidiar.<\/span><\/i><span style=\"font-weight: 400\"><\/div><\/span><\/p>\n<p style=\"text-align: justify;margin-bottom: 0px\">\n","protected":false},"excerpt":{"rendered":"<p>Definici\u00f3n Un jugador act\u00faa de manera amenazante hacia otros o su propiedad. Ejemplos A.Un jugador amenaza con golpear a otro jugador si no le concede. B.Un jugador mueve la silla de otro jugador, causando que \u00e9ste caiga al suelo. C. Un jugador amenaza a un juez despu\u00e9s de recibir una decisi\u00f3n de reglas. D. Un [&hellip;]<\/p>\n","protected":false},"author":13,"featured_media":0,"parent":0,"menu_order":0,"comment_status":"closed","ping_status":"closed","template":"page_width-index.php","meta":{"footnotes":"","_links_to":"","_links_to_target":""},"language":[8],"class_list":["post-4384","page","type-page","status-publish","hentry","language-es"],"_links":{"self":[{"href":"https:\/\/blogs.magicjudges.org\/rules\/wp-json\/wp\/v2\/pages\/4384","targetHints":{"allow":["GET"]}}],"collection":[{"href":"https:\/\/blogs.magicjudges.org\/rules\/wp-json\/wp\/v2\/pages"}],"about":[{"href":"https:\/\/blogs.magicjudges.org\/rules\/wp-json\/wp\/v2\/types\/page"}],"author":[{"embeddable":true,"href":"https:\/\/blogs.magicjudges.org\/rules\/wp-json\/wp\/v2\/users\/13"}],"replies":[{"embeddable":true,"href":"https:\/\/blogs.magicjudges.org\/rules\/wp-json\/wp\/v2\/comments?post=4384"}],"version-history":[{"count":6,"href":"https:\/\/blogs.magicjudges.org\/rules\/wp-json\/wp\/v2\/pages\/4384\/revisions"}],"predecessor-version":[{"id":8574,"href":"https:\/\/blogs.magicjudges.org\/rules\/wp-json\/wp\/v2\/pages\/4384\/revisions\/8574"}],"wp:attachment":[{"href":"https:\/\/blogs.magicjudges.org\/rules\/wp-json\/wp\/v2\/media?parent=4384"}],"wp:term":[{"taxonomy":"language","embeddable":true,"href":"https:\/\/blogs.magicjudges.org\/rules\/wp-json\/wp\/v2\/language?post=4384"}],"curies":[{"name":"wp","href":"https:\/\/api.w.org\/{rel}","templated":true}]}}