{"id":4407,"date":"2016-06-16T17:45:43","date_gmt":"2016-06-16T14:45:43","guid":{"rendered":"http:\/\/blogs.magicjudges.org\/rules\/?page_id=4407"},"modified":"2019-02-13T09:12:24","modified_gmt":"2019-02-13T06:12:24","slug":"ipg-appendix-a-es","status":"publish","type":"page","link":"https:\/\/blogs.magicjudges.org\/rules\/ipg-appendix-a-es\/","title":{"rendered":"Ap\u00e9ndice A \u2014 Gu\u00eda de Referencia R\u00e1pida de Penalizaciones"},"content":{"rendered":"<table class=\"table table-hover table-condensed aligncenter\" style=\"border: none\">\n<tbody>\n<tr style=\"background-color: #d4d4d4\">\n<td style=\"width: 500px;vertical-align: middle\" scope=\"col\"><strong>Infracci\u00f3n<\/strong><\/td>\n<td style=\"width: 200px;text-align: center;vertical-align: middle\" scope=\"col\"><strong>Penalizaci\u00f3n<\/strong><\/td>\n<\/tr>\n<tr style=\"border: none\">\n<td style=\"border: none\"><strong>Errores de juego<\/strong><\/td>\n<td style=\"border: none\"><\/td>\n<\/tr>\n<tr>\n<td><a href=\"http:\/\/blogs.magicjudges.org\/rules\/ipg2-1-es\/\">Disparo Olvidado<\/a><\/td>\n<td style=\"width: 200px;text-align: center;vertical-align: middle\" scope=\"col\">Ninguna<\/td>\n<\/tr>\n<tr>\n<td><a href=\"http:\/\/blogs.magicjudges.org\/rules\/ipg2-2-es\/\">Mirar Cartas Adicionales<\/a><\/td>\n<td style=\"width: 200px;text-align: center;vertical-align: middle\" scope=\"col\">Advertencia<\/td>\n<\/tr>\n<tr>\n<td><a href=\"http:\/\/blogs.magicjudges.org\/rules\/ipg2-3-es\/\">Error de Carta Oculta<\/a><\/td>\n<td style=\"width: 200px;text-align: center;vertical-align: middle\" scope=\"col\">Advertencia<\/td>\n<\/tr>\n<tr>\n<td><a href=\"http:\/\/blogs.magicjudges.org\/rules\/ipg2-4-es\/\">Error de Procedimiento de Mulligan<\/a><\/td>\n<td style=\"width: 200px;text-align: center;vertical-align: middle\" scope=\"col\">Advertencia<\/td>\n<\/tr>\n<tr>\n<td><a href=\"http:\/\/blogs.magicjudges.org\/rules\/ipg2-5-es\/\">Violaci\u00f3n de Regla de Juego<\/a><\/td>\n<td style=\"width: 200px;text-align: center;vertical-align: middle\" scope=\"col\">Advertencia<\/td>\n<\/tr>\n<tr>\n<td><a href=\"http:\/\/blogs.magicjudges.org\/rules\/ipg2-6-es\/\">No Mantener el Estado de Juego<\/a><\/td>\n<td style=\"width: 200px;text-align: center;vertical-align: middle\" scope=\"col\">Advertencia<\/td>\n<\/tr>\n<tr style=\"border: none\">\n<td style=\"border: none\"><strong>Errores de Torneo<\/strong><\/td>\n<td style=\"border: none\"><\/td>\n<\/tr>\n<tr>\n<td><a href=\"http:\/\/blogs.magicjudges.org\/rules\/ipg3-1-es\/\">Tardanza<\/a><\/td>\n<td style=\"width: 200px;text-align: center;vertical-align: middle\" scope=\"col\">P\u00e9rdida de Juego<\/td>\n<\/tr>\n<tr>\n<td><a href=\"http:\/\/blogs.magicjudges.org\/rules\/ipg3-2-es\/\">Ayuda Externa<\/a><\/td>\n<td style=\"width: 200px;text-align: center;vertical-align: middle\" scope=\"col\">P\u00e9rdida de Partida<\/td>\n<\/tr>\n<tr>\n<td><a href=\"http:\/\/blogs.magicjudges.org\/rules\/ipg3-3-es\/\">Juego Lento<\/a><\/td>\n<td style=\"width: 200px;text-align: center;vertical-align: middle\" scope=\"col\">Advertencia<\/td>\n<\/tr>\n<tr>\n<td><a href=\"http:\/\/blogs.magicjudges.org\/rules\/ipg3-4-es\/\">Problema de Lista de Mazo<\/a><\/td>\n<td style=\"width: 200px;text-align: center;vertical-align: middle\" scope=\"col\">P\u00e9rdida de Juego<\/td>\n<\/tr>\n<tr>\n<td><a href=\"http:\/\/blogs.magicjudges.org\/rules\/ipg3-5-es\/\">Problema de Mazo<\/a><\/td>\n<td style=\"width: 200px;text-align: center;vertical-align: middle\" scope=\"col\">Advertencia<\/td>\n<\/tr>\n<tr>\n<td><a href=\"http:\/\/blogs.magicjudges.org\/rules\/ipg3-6-es\/\">Violaci\u00f3n del Procedimiento de Limitado<\/a><\/td>\n<td style=\"width: 200px;text-align: center;vertical-align: middle\" scope=\"col\">Advertencia<\/td>\n<\/tr>\n<tr>\n<td><a href=\"http:\/\/blogs.magicjudges.org\/rules\/ipg3-7-es\/\">Violaci\u00f3n de la Pol\u00edtica de Comunicaci\u00f3n<\/a><\/td>\n<td style=\"width: 200px;text-align: center;vertical-align: middle\" scope=\"col\">Advertencia<\/td>\n<\/tr>\n<tr>\n<td><a href=\"http:\/\/blogs.magicjudges.org\/rules\/ipg3-8-es\/\">Cartas Marcadas<\/a><\/td>\n<td style=\"width: 200px;text-align: center;vertical-align: middle\" scope=\"col\">Advertencia<\/td>\n<\/tr>\n<tr>\n<td>\u00a0<a href=\"http:\/\/blogs.magicjudges.org\/rules\/ipg3-9-es\/\">Barajar Insuficientemente<\/a><\/td>\n<td style=\"width: 200px;text-align: center;vertical-align: middle\" scope=\"col\">Advertencia<\/td>\n<\/tr>\n<tr style=\"border: none\">\n<td style=\"border: none\"><strong>Conducta Antideportiva<\/strong><\/td>\n<td style=\"border: none\"><\/td>\n<\/tr>\n<tr>\n<td><a href=\"http:\/\/blogs.magicjudges.org\/rules\/ipg4-1-es\/\">Conducta antideportiva \u2014 Menor<\/a><\/td>\n<td style=\"width: 200px;text-align: center;vertical-align: middle\" scope=\"col\">Advertencia<\/td>\n<\/tr>\n<tr>\n<td><a href=\"http:\/\/blogs.magicjudges.org\/rules\/ipg4-2-es\/\">Conducta antideportiva \u2014 Mayor<\/a><\/td>\n<td style=\"width: 200px;text-align: center;vertical-align: middle\" scope=\"col\">P\u00e9rdida de Partida<\/td>\n<\/tr>\n<tr>\n<td><a href=\"http:\/\/blogs.magicjudges.org\/rules\/ipg4-3-es\/\">Determinar Incorrectamente un Ganador<\/a><\/td>\n<td style=\"width: 200px;text-align: center;vertical-align: middle\" scope=\"col\">P\u00e9rdida de Partida<\/td>\n<\/tr>\n<tr>\n<td><a href=\"http:\/\/blogs.magicjudges.org\/rules\/ipg4-4-es\/\">Soborno y Apuestas<\/a><\/td>\n<td style=\"width: 200px;text-align: center;vertical-align: middle\" scope=\"col\">P\u00e9rdida de Partida<\/td>\n<\/tr>\n<tr>\n<td><a href=\"http:\/\/blogs.magicjudges.org\/rules\/ipg4-5-es\/\">Comportamiento Agresivo<\/a><\/td>\n<td style=\"width: 200px;text-align: center;vertical-align: middle\" scope=\"col\">Descalificaci\u00f3n<\/td>\n<\/tr>\n<tr>\n<td><a href=\"http:\/\/blogs.magicjudges.org\/rules\/ipg4-6\/\">Robo de Material de Torneo<\/a><\/td>\n<td style=\"width: 200px;text-align: center;vertical-align: middle\" scope=\"col\">Descalificaci\u00f3n<\/td>\n<\/tr>\n<tr>\n<td><a href=\"http:\/\/blogs.magicjudges.org\/rules\/ipg4-7-es\/\">Demorar la Partida<\/a><\/td>\n<td style=\"width: 200px;text-align: center;vertical-align: middle\" scope=\"col\">Descalificaci\u00f3n<\/td>\n<\/tr>\n<tr>\n<td><a href=\"http:\/\/blogs.magicjudges.org\/rules\/ipg4-8-es\/\">Hacer Trampa<\/a><\/td>\n<td style=\"width: 200px;text-align: center;vertical-align: middle\" scope=\"col\">Descalificaci\u00f3n<\/td>\n<\/tr>\n<\/tbody>\n<\/table>\n<p><\/p>\n","protected":false},"excerpt":{"rendered":"<p>Infracci\u00f3n Penalizaci\u00f3n Errores de juego Disparo Olvidado Ninguna Mirar Cartas Adicionales Advertencia Error de Carta Oculta Advertencia Error de Procedimiento de Mulligan Advertencia Violaci\u00f3n de Regla de Juego Advertencia No Mantener el Estado de Juego Advertencia Errores de Torneo Tardanza P\u00e9rdida de Juego Ayuda Externa P\u00e9rdida de Partida Juego Lento Advertencia Problema de Lista de [&hellip;]<\/p>\n","protected":false},"author":13,"featured_media":0,"parent":0,"menu_order":0,"comment_status":"closed","ping_status":"closed","template":"page_width-index.php","meta":{"footnotes":"","_links_to":"","_links_to_target":""},"language":[8],"class_list":["post-4407","page","type-page","status-publish","hentry","language-es"],"_links":{"self":[{"href":"https:\/\/blogs.magicjudges.org\/rules\/wp-json\/wp\/v2\/pages\/4407","targetHints":{"allow":["GET"]}}],"collection":[{"href":"https:\/\/blogs.magicjudges.org\/rules\/wp-json\/wp\/v2\/pages"}],"about":[{"href":"https:\/\/blogs.magicjudges.org\/rules\/wp-json\/wp\/v2\/types\/page"}],"author":[{"embeddable":true,"href":"https:\/\/blogs.magicjudges.org\/rules\/wp-json\/wp\/v2\/users\/13"}],"replies":[{"embeddable":true,"href":"https:\/\/blogs.magicjudges.org\/rules\/wp-json\/wp\/v2\/comments?post=4407"}],"version-history":[{"count":3,"href":"https:\/\/blogs.magicjudges.org\/rules\/wp-json\/wp\/v2\/pages\/4407\/revisions"}],"predecessor-version":[{"id":8826,"href":"https:\/\/blogs.magicjudges.org\/rules\/wp-json\/wp\/v2\/pages\/4407\/revisions\/8826"}],"wp:attachment":[{"href":"https:\/\/blogs.magicjudges.org\/rules\/wp-json\/wp\/v2\/media?parent=4407"}],"wp:term":[{"taxonomy":"language","embeddable":true,"href":"https:\/\/blogs.magicjudges.org\/rules\/wp-json\/wp\/v2\/language?post=4407"}],"curies":[{"name":"wp","href":"https:\/\/api.w.org\/{rel}","templated":true}]}}