{"id":4411,"date":"2016-06-16T18:08:50","date_gmt":"2016-06-16T15:08:50","guid":{"rendered":"http:\/\/blogs.magicjudges.org\/rules\/?page_id=4411"},"modified":"2019-05-21T22:16:09","modified_gmt":"2019-05-21T19:16:09","slug":"ipg-es","status":"publish","type":"page","link":"https:\/\/blogs.magicjudges.org\/rules\/ipg-es\/","title":{"rendered":"Gu\u00eda de Procedimientos de Infracciones de Magic"},"content":{"rendered":"<div style=\"float: right;width: 300px;margin-right: 0px;margin-top: -20px;text-align: right\"><em>Efectivas desde el 03 de mayo de 2019<br \/>\n\u00daltima actualizaci\u00f3n: 21 de mayo de 2019<br \/>\n<\/em><\/div>\n<p>&nbsp;<\/p>\n<h2>Introducci\u00f3n<\/h2>\n<div style=\"float: right;width: 80%;padding-left: 20px\">\n<p style=\"text-align: justify\">La Gu\u00eda de Procedimientos de Infracciones de Magic da a los jueces las penalizaciones y procedimientos adecuados para manejar violaciones de reglas que ocurren durante un torneo realizado a Nivel de Imposici\u00f3n de Reglas (NIR) Competitivo o Profesional, as\u00ed como la filosof\u00eda que respalda su implementaci\u00f3n. Existe para proteger a los jugadores de potenciales abusos y para proteger la integridad del mismo torneo. Las violaciones de reglas normalmente requieren de una penalizaci\u00f3n o no se puede hacer que se cumplan. Los torneos organizados a NIR Normal usan el documento <a href=\"http:\/\/blogs.magicjudges.org\/rules\/jar\/\">Juzgando en NIR Normal<\/a>.<\/p>\n<\/div>\n<div style=\"float: right;width: 20%;text-align: center\"><div class=\"alert alert-grey\" role=\"alert\"> <a href=\"http:\/\/blogs.magicjudges.org\/translatedrules\/2016\/06\/01\/ipg-20160408-es\/\" target=\"_blank\" rel=\"noopener\"><img loading=\"lazy\" decoding=\"async\" class=\"wp-image-1294 size-full\" src=\"http:\/\/blogs.magicjudges.org\/rules\/files\/2015\/10\/PDFicon.png\" alt=\"Descarga la IPG\" width=\"100\" height=\"100\" \/><\/a> <strong><a style=\"font-size: 13px\" href=\"https:\/\/blogs.magicjudges.org\/translatedrules\/?lang=es\" target=\"_blank\" rel=\"noopener\"><br \/>\nDescarga la IPG<\/a><\/strong><\/div><\/div>\n<h2>Marco de este documento<\/h2>\n<p><span style=\"font-weight: 400\">Este documento est\u00e1 dividido en dos grandes partes:<\/span><a href=\"http:\/\/blogs.magicjudges.org\/rules\/ipg1-es\/\"> <span style=\"font-weight: 400\">Definiciones generales y filosof\u00eda<\/span><\/a><span style=\"font-weight: 400\"> (secci\u00f3n 1), e Infracciones (secciones 2 a 4). Las infracciones est\u00e1s desglosadas en categor\u00edas generales (como<\/span><a href=\"http:\/\/blogs.magicjudges.org\/rules\/ipg2-es\/\"> <span style=\"font-weight: 400\">Errores de juego<\/span><\/a><span style=\"font-weight: 400\">,<\/span><a href=\"http:\/\/blogs.magicjudges.org\/rules\/ipg3-es\/\"> <span style=\"font-weight: 400\">Errores de torneo<\/span><\/a><span style=\"font-weight: 400\"> y<\/span><a href=\"http:\/\/blogs.magicjudges.org\/rules\/ipg4-es\/\"> <span style=\"font-weight: 400\">Conducta antideportiva<\/span><\/a><span style=\"font-weight: 400\">), y adem\u00e1s en subcategor\u00edas para infracciones espec\u00edficas.<\/span><\/p>\n<p><span style=\"font-weight: 400\">Por favor ver las<\/span><a href=\"http:\/\/blogs.magicjudges.org\/rules\/mtr\/\"> <span style=\"font-weight: 400\">Reglas de Torneos de Magic<\/span><\/a><span style=\"font-weight: 400\">, donde se encuentran m\u00e1s definiciones de los t\u00e9rminos en este documento.<\/span><\/p>\n<p><span style=\"font-weight: 400\">Este documento es publicado en varios idiomas. Si existe una diferencia entre la versi\u00f3n en ingl\u00e9s y la versi\u00f3n traducida de este documento, los participantes de torneos deben referirse a la versi\u00f3n en ingl\u00e9s para conciliar disputas concernientes a interpretaciones de la Gu\u00eda de Procedimientos de Infracciones. <\/span><\/p>\n<p><span style=\"font-weight: 400\">Este documento se actualiza peri\u00f3dicamente. Por favor obt\u00e9n la versi\u00f3n m\u00e1s actualizada en:<\/span><\/p>\n<p><a href=\"http:\/\/www.wizards.com\/wpn\/Events\/Rules.aspx\"><span style=\"font-weight: 400\">http:\/\/www.wizards.com\/wpn\/Events\/Rules.aspx<\/span><\/a><span style=\"font-weight: 400\">.<\/span><\/p>\n<h2><b>IPG Anotada<\/b><\/h2>\n<p><span style=\"font-weight: 400\">La IPG Anotada es una deconstrucci\u00f3n l\u00ednea por l\u00ednea de cada oraci\u00f3n en la IPG. La IPG es un documento muy denso con varias palabras extra\u00f1as. Cada oraci\u00f3n tiene su significado, y el objetivo de la IPGA es enfocarse en los detalles de esas oraciones. Puede ser utilizada como gu\u00eda de estudio para Nivel 2, como refresco de la memoria para jueces que est\u00e1n regresando a la actividad o para entablar discusiones entre jueces, pero su principal foco es la educaci\u00f3n.<\/span><\/p>\n<p><span style=\"font-weight: 400\"><div class=\"alert alert-info\" role=\"alert\"> <\/span><i><span style=\"font-weight: 400\">La IPG Anotada aparece en este sitio web a lo largo del documento de la IPG en paneles azules como este.<\/span><\/i><span style=\"font-weight: 400\"><\/div><\/span><\/p>\n<p><span style=\"font-weight: 400\">Si descubres un problema, tienes una sugerencia o pregunta sobre la AIPG, puedes enviar un email a janit.mindis@gmail.com<\/span><\/p>\n<p style=\"text-align: justify;font-size: 24px\">Contenidos<\/p>\n<h2 style=\"text-align: justify;font-size: 16px;margin-top: -20px\">1. <a style=\"color: #0000ff\" href=\"http:\/\/blogs.magicjudges.org\/rules\/ipg1-es\/\">Filosofia General<\/a><\/h2>\n<p style=\"padding-left: 30px\">1.1. <a href=\"http:\/\/blogs.magicjudges.org\/rules\/ipg1-1-es\/\">Definici\u00f3n de Penalizaciones<\/a><br \/>\n1.2. <a href=\"http:\/\/blogs.magicjudges.org\/rules\/ipg1-2-es\/\">Aplicando Penalizaciones<\/a><br \/>\n1.3. <a href=\"http:\/\/blogs.magicjudges.org\/rules\/ipg1-3-es\/\">Aleatorizando un Mazo<\/a><br \/>\n1.4. <a href=\"http:\/\/blogs.magicjudges.org\/rules\/ipg1-4-es\/\">Volver Atr\u00e1s<br \/>\n<\/a>1.5. <a href=\"http:\/\/blogs.magicjudges.org\/rules\/ipg1-5-es\/\">Grupos<br \/>\n<\/a><\/p>\n<h2 style=\"text-align: justify;font-size: 16px\">2. <a style=\"color: #0000ff\" href=\"http:\/\/blogs.magicjudges.org\/rules\/ipg2-es\/\">Errores de Juego<\/a><\/h2>\n<p style=\"padding-left: 30px\">2.1. <a href=\"http:\/\/blogs.magicjudges.org\/rules\/ipg2-1-es\/\">Error de Juego \u2014 Disparo Olvidado<\/a><br \/>\n2.2. <a href=\"http:\/\/blogs.magicjudges.org\/rules\/ipg2-2-es\/\">Error de Juego \u2014 Mirar Cartas Adicionales<\/a><br \/>\n2.3. <a href=\"http:\/\/blogs.magicjudges.org\/rules\/ipg2-3-es\/\">Error de Juego \u2014 Error de Carta Oculta<\/a><br \/>\n2.4. <a href=\"http:\/\/blogs.magicjudges.org\/rules\/ipg2-4-es\/\">Error de Juego \u2014 Error de Procedimiento de Mulligan<\/a><br \/>\n2.5. <a href=\"http:\/\/blogs.magicjudges.org\/rules\/ipg2-5-es\/\">Error de Juego \u2014 Violaci\u00f3n de Regla de Juego<\/a><br \/>\n2.6. <a href=\"http:\/\/blogs.magicjudges.org\/rules\/ipg2-6-es\/\">Error de Juego \u2014 No Mantener el Estado de Juego<\/a><\/p>\n<h2 style=\"text-align: justify;font-size: 16px\">3. <a style=\"color: #0000ff\" href=\"http:\/\/blogs.magicjudges.org\/rules\/ipg3-es\/\">Errores de Torneo<\/a><\/h2>\n<p style=\"padding-left: 30px\">3.1. <a href=\"http:\/\/blogs.magicjudges.org\/rules\/ipg3-1-es\/\">Error de Torneo \u2014 Tardanza<\/a><br \/>\n3.2. <a href=\"http:\/\/blogs.magicjudges.org\/rules\/ipg3-2-es\/\">Error de Torneo \u2014 Ayuda Externa<\/a><br \/>\n3.3. <a href=\"http:\/\/blogs.magicjudges.org\/rules\/ipg3-3-es\/\">Error de Torneo \u2014 Juego Lento<\/a><br \/>\n3.4. <a href=\"http:\/\/blogs.magicjudges.org\/rules\/ipg3-4-es\/\">Error de Torneo \u2014 Problema de lista de mazo<\/a><br \/>\n3.5. <a href=\"http:\/\/blogs.magicjudges.org\/rules\/ipg3-5-es\/\">Error de Torneo \u2014 Problema de mazo<\/a><br \/>\n3.6. <a href=\"http:\/\/blogs.magicjudges.org\/rules\/ipg3-6-es\/\">Error de Torneo \u2014 Violaci\u00f3n del Procedimiento de Limitado<\/a><br \/>\n3.7. <a href=\"http:\/\/blogs.magicjudges.org\/rules\/ipg3-7-es\/\">Error de Torneo \u2014 Violaci\u00f3n de la Pol\u00edtica de Comunicaci\u00f3n<\/a><br \/>\n3.8. <a href=\"http:\/\/blogs.magicjudges.org\/rules\/ipg3-8-es\/\">Error de Torneo \u2014 Cartas marcadas<br \/>\n<\/a> 3.9. <a href=\"http:\/\/blogs.magicjudges.org\/rules\/ipg3-9-es\/\">Error de Torneo \u2014 Barajar insuficientemente<\/a><\/p>\n<h2 style=\"text-align: justify;font-size: 16px\">4. <a style=\"color: #0000ff\" href=\"http:\/\/blogs.magicjudges.org\/rules\/ipg4-es\/\">Conducta Antideportiva<\/a><\/h2>\n<p style=\"padding-left: 30px\">4.1. <a href=\"http:\/\/blogs.magicjudges.org\/rules\/ipg4-1-es\/\">Conducta Antideportiva \u2014 Menor<\/a><br \/>\n4.2. <a href=\"http:\/\/blogs.magicjudges.org\/rules\/ipg4-2-es\/\">Conducta Antideportiva \u2014 Mayor<\/a><br \/>\n4.3. <a href=\"http:\/\/blogs.magicjudges.org\/rules\/ipg4-3-es\/\">Conducta Antideportiva \u2014 Determinar Incorrectamente un Ganador<\/a><br \/>\n4.4. <a href=\"http:\/\/blogs.magicjudges.org\/rules\/ipg4-4-es\/\">Conducta Antideportiva \u2014 Soborno y Apuestas<\/a><br \/>\n4.5. <a href=\"http:\/\/blogs.magicjudges.org\/rules\/ipg4-5-es\/\">Conducta Antideportiva \u2014 Comportamiento Agresivo<\/a><br \/>\n4.6. <a href=\"http:\/\/blogs.magicjudges.org\/rules\/ipg4-6-es\/\">Conducta Antideportiva \u2014 Robo de Material de Torneo<\/a><br \/>\n4.7. <a href=\"http:\/\/blogs.magicjudges.org\/rules\/ipg4-7-es\/\">Conducta Antideportiva \u2014 Demorar la Partida<\/a><br \/>\n4.8. <a href=\"http:\/\/blogs.magicjudges.org\/rules\/ipg4-8-es\/\">Conducta Antideportiva \u2014 Hacer Trampa<\/a><\/p>\n<h2 style=\"text-align: justify;font-size: 16px\">Anexos<\/h2>\n<p style=\"padding-left: 30px\">Ap\u00e9ndice A \u2014 <a href=\"http:\/\/blogs.magicjudges.org\/rules\/ipg-appendix-a-es\/\">Gu\u00eda de referencia r\u00e1pida de penalizaciones<\/a><br \/>\nAp\u00e9ndice B \u2014 <a href=\"http:\/\/blogs.magicjudges.org\/rules\/ipg-appendix-b-es\/\">Cambios desde versiones anteriores<\/a><\/p>\n<p style=\"text-align: justify;font-size: 12px\">Todas las marcas registradas son propiedad de Wizards of the Coast, LLC en los EE. UU. y en otros pa\u00edses. \u00a92016 Wizards<\/p>\n","protected":false},"excerpt":{"rendered":"<p>Efectivas desde el 03 de mayo de 2019 \u00daltima actualizaci\u00f3n: 21 de mayo de 2019 &nbsp; Introducci\u00f3n La Gu\u00eda de Procedimientos de Infracciones de Magic da a los jueces las penalizaciones y procedimientos adecuados para manejar violaciones de reglas que ocurren durante un torneo realizado a Nivel de Imposici\u00f3n de Reglas (NIR) Competitivo o Profesional, [&hellip;]<\/p>\n","protected":false},"author":13,"featured_media":0,"parent":0,"menu_order":0,"comment_status":"closed","ping_status":"closed","template":"page_width-index.php","meta":{"footnotes":"","_links_to":"","_links_to_target":""},"language":[8],"class_list":["post-4411","page","type-page","status-publish","hentry","language-es"],"_links":{"self":[{"href":"https:\/\/blogs.magicjudges.org\/rules\/wp-json\/wp\/v2\/pages\/4411","targetHints":{"allow":["GET"]}}],"collection":[{"href":"https:\/\/blogs.magicjudges.org\/rules\/wp-json\/wp\/v2\/pages"}],"about":[{"href":"https:\/\/blogs.magicjudges.org\/rules\/wp-json\/wp\/v2\/types\/page"}],"author":[{"embeddable":true,"href":"https:\/\/blogs.magicjudges.org\/rules\/wp-json\/wp\/v2\/users\/13"}],"replies":[{"embeddable":true,"href":"https:\/\/blogs.magicjudges.org\/rules\/wp-json\/wp\/v2\/comments?post=4411"}],"version-history":[{"count":38,"href":"https:\/\/blogs.magicjudges.org\/rules\/wp-json\/wp\/v2\/pages\/4411\/revisions"}],"predecessor-version":[{"id":9075,"href":"https:\/\/blogs.magicjudges.org\/rules\/wp-json\/wp\/v2\/pages\/4411\/revisions\/9075"}],"wp:attachment":[{"href":"https:\/\/blogs.magicjudges.org\/rules\/wp-json\/wp\/v2\/media?parent=4411"}],"wp:term":[{"taxonomy":"language","embeddable":true,"href":"https:\/\/blogs.magicjudges.org\/rules\/wp-json\/wp\/v2\/language?post=4411"}],"curies":[{"name":"wp","href":"https:\/\/api.w.org\/{rel}","templated":true}]}}