{"id":4415,"date":"2016-06-16T18:12:39","date_gmt":"2016-06-16T15:12:39","guid":{"rendered":"http:\/\/blogs.magicjudges.org\/rules\/?page_id=4415"},"modified":"2019-05-28T17:23:37","modified_gmt":"2019-05-28T14:23:37","slug":"ipg-appendix-b-es","status":"publish","type":"page","link":"https:\/\/blogs.magicjudges.org\/rules\/ipg-appendix-b-es\/","title":{"rendered":"IPG Ap\u00e9ndice B \u2014 Cambios desde versiones anteriores"},"content":{"rendered":"<p><strong>3 de mayo de 2019<\/strong><\/p>\n<p>1.1: Si vas a asignarle dos P\u00e9rdidas de juego a un jugador, se asigna solo una.<br \/>\n2.2: Ahora tambi\u00e9n cubre ver accidentalmente un sideboard.<br \/>\n3.7: Los jugadores deben tomar una decisi\u00f3n dentro del juego para que se considere VPC.<\/p>\n<p><strong><br \/>\n21 de enero de 2019<\/strong><\/p>\n<p>2.1: No hay m\u00e1s manejos especiales para los disparos por defecto. Se revis\u00f3 la gu\u00eda para corregir<br \/>\ncambios de zona.<br \/>\n2.1: Las verificaciones de disparos detrimentales incluyen si eres propietario o no de la carta que caus\u00f3<br \/>\nel disparo.<br \/>\n2.3: Se aclararon los l\u00edmites de Mirar cartas adicionales.<br \/>\n2.3: Las cartas regresan a la ubicaci\u00f3n original, no solo a la parte superior de la biblioteca.<br \/>\n2.5: La soluci\u00f3n parcial de cambio de zona no requiere identidad conocida.<br \/>\n3: Las penalizaciones se reinician al final del d\u00eda nuevamente en los torneos de varios d\u00edas (para<br \/>\ncoincidir con la secci\u00f3n 2).<br \/>\n3.5: Al barajar cartas del sideboard, solo se elige entre las que originalmente estaban en el mazo.<br \/>\n3.6: Los jugadores que mueven su cabeza inadecuadamente ahora pueden cometer una infracci\u00f3n de<br \/>\nViolaci\u00f3n del procedimiento de Limitado.<br \/>\n4.3: Ahora la base es una P\u00e9rdida de partida. Saber que es ilegal lo convierte en Hacer trampa.<br \/>\n4.3: Incitar a tu oponente a una determinaci\u00f3n incorrecta es tambi\u00e9n determinaci\u00f3n incorrecta.<br \/>\n4.3: Los jugadores ya no est\u00e1n obligados a reportar ofrecimientos a un oficial de torneo.<br \/>\n4.4: Ahora la base es una P\u00e9rdida de partida. Saber que es ilegal lo convierte en Hacer trampa.<br \/>\n4.4: Enga\u00f1ar a tu oponente para que haga una oferta de soborno o apuesta tambi\u00e9n es ilegal.<br \/>\n4.4: Los jugadores ya no est\u00e1n obligados a reportar ofrecimientos a un oficial de torneo.<\/p>\n","protected":false},"excerpt":{"rendered":"<p>3 de mayo de 2019 1.1: Si vas a asignarle dos P\u00e9rdidas de juego a un jugador, se asigna solo una. 2.2: Ahora tambi\u00e9n cubre ver accidentalmente un sideboard. 3.7: Los jugadores deben tomar una decisi\u00f3n dentro del juego para que se considere VPC. 21 de enero de 2019 2.1: No hay m\u00e1s manejos especiales [&hellip;]<\/p>\n","protected":false},"author":13,"featured_media":0,"parent":0,"menu_order":0,"comment_status":"closed","ping_status":"closed","template":"page_width-index.php","meta":{"footnotes":"","_links_to":"","_links_to_target":""},"language":[8],"class_list":["post-4415","page","type-page","status-publish","hentry","language-es"],"_links":{"self":[{"href":"https:\/\/blogs.magicjudges.org\/rules\/wp-json\/wp\/v2\/pages\/4415","targetHints":{"allow":["GET"]}}],"collection":[{"href":"https:\/\/blogs.magicjudges.org\/rules\/wp-json\/wp\/v2\/pages"}],"about":[{"href":"https:\/\/blogs.magicjudges.org\/rules\/wp-json\/wp\/v2\/types\/page"}],"author":[{"embeddable":true,"href":"https:\/\/blogs.magicjudges.org\/rules\/wp-json\/wp\/v2\/users\/13"}],"replies":[{"embeddable":true,"href":"https:\/\/blogs.magicjudges.org\/rules\/wp-json\/wp\/v2\/comments?post=4415"}],"version-history":[{"count":5,"href":"https:\/\/blogs.magicjudges.org\/rules\/wp-json\/wp\/v2\/pages\/4415\/revisions"}],"predecessor-version":[{"id":9090,"href":"https:\/\/blogs.magicjudges.org\/rules\/wp-json\/wp\/v2\/pages\/4415\/revisions\/9090"}],"wp:attachment":[{"href":"https:\/\/blogs.magicjudges.org\/rules\/wp-json\/wp\/v2\/media?parent=4415"}],"wp:term":[{"taxonomy":"language","embeddable":true,"href":"https:\/\/blogs.magicjudges.org\/rules\/wp-json\/wp\/v2\/language?post=4415"}],"curies":[{"name":"wp","href":"https:\/\/api.w.org\/{rel}","templated":true}]}}