{"id":4557,"date":"2016-08-06T00:01:51","date_gmt":"2016-08-05T21:01:51","guid":{"rendered":"http:\/\/blogs.magicjudges.org\/rules\/?page_id=4557"},"modified":"2017-10-22T15:13:47","modified_gmt":"2017-10-22T12:13:47","slug":"ipg-appendix-b-fr","status":"publish","type":"page","link":"https:\/\/blogs.magicjudges.org\/rules\/ipg-appendix-b-fr\/","title":{"rendered":"IPG Annexe B \u2014 Changements par rapport aux versions pr\u00e9c\u00e9dentes"},"content":{"rendered":"<p><strong>29 Septembre 2017<\/strong><\/p>\n<p><a href=\"http:\/\/blogs.magicjudges.org\/rules\/ipg1-1-fr\/\"><strong>1.1<\/strong><\/a> : Suppression d\u2019un paragraphe obsol\u00e8te sur la philosophie des Games Loss. Mise \u00e0 jour de celui sur les Match Loss<br \/>\n<a href=\"http:\/\/blogs.magicjudges.org\/rules\/ipg1-1-fr\/\"><strong>1.1<\/strong><\/a> : Les Game Loss re\u00e7ues simultan\u00e9ment \u00e0 un Match Loss pour l\u2019adversaire ne sont plus report\u00e9es au match suivant.<br \/>\n<a href=\"http:\/\/blogs.magicjudges.org\/rules\/ipg1-2-fr\/\"><strong>1.2<\/strong><\/a> : Modification d\u2019une r\u00e9f\u00e9rence obsol\u00e8te aux Erreurs de Deck.<br \/>\n<a href=\"http:\/\/blogs.magicjudges.org\/rules\/ipg2-1-fr\/\"><strong>2.1<\/strong><\/a> : Les capacit\u00e9s d\u00e9clench\u00e9es de la forme \u201cquand vous [faites cette action]\u201d \u00e0 la suite d\u2019une action optionnelle ne peuvent plus \u00eatre manqu\u00e9es.<br \/>\n<a href=\"http:\/\/blogs.magicjudges.org\/rules\/ipg3-2-fr\/\"><strong>3.2<\/strong><\/a> : Ajout d\u2019une diminution quand l\u2019information \u00e9tait l\u00e9galement accessible entre les parties.<br \/>\n<a href=\"http:\/\/blogs.magicjudges.org\/rules\/ipg3-5-fr\/\"><strong>3.5<\/strong><\/a> : D\u00e9finition plus claire de la p\u00e9riode de pr\u00e9sentation<\/p>\n<p><strong>14 Juillet 2017<\/strong><\/p>\n<p><a href=\"http:\/\/blogs.magicjudges.org\/rules\/ipg1-2-fr\/\"><strong>1.2<\/strong><\/a> : Si une seule erreur est la cause de plusieurs infractions, n\u2019appliquez que la plus s\u00e9v\u00e8re.<br \/>\n<a href=\"http:\/\/blogs.magicjudges.org\/rules\/ipg2-2-fr\/\"><strong>2.2<\/strong><\/a> : Une carte qui se d\u00e9place de la biblioth\u00e8que \u00e0 une zone publique (par exemple le cimeti\u00e8re) peut \u00eatre une LEC.<br \/>\n<a href=\"http:\/\/blogs.magicjudges.org\/rules\/ipg2-5-fr\/\"><strong>2.5<\/strong><\/a> : Un retour en arri\u00e8re simple peut toujours \u00eatre effectu\u00e9 avant d\u2019appliquer une des proc\u00e9dures suppl\u00e9mentaires de la liste.<br \/>\n<a href=\"http:\/\/blogs.magicjudges.org\/rules\/ipg3-4-fr\/\"><strong>3.4<\/strong><\/a> : Unification de la terminologie d\u00e9signant les terrains de base entre 3.4 et 3.5.<br \/>\n<a href=\"http:\/\/blogs.magicjudges.org\/rules\/ipg3-5-fr\/\"><strong>3.5<\/strong><\/a> : Changement de terminologie due au fait que toutes les cartes double-face n\u2019ont pas un c\u00f4t\u00e9 \u201cnuit\u201d.<\/p>\n<p><strong>24 Avril 2017<\/strong><\/p>\n<p><a href=\"http:\/\/blogs.magicjudges.org\/rules\/ipg1-1-fr\/\"><strong>1.1<\/strong><\/a> : Clarification du fait que les joueurs disqualifi\u00e9s d\u2019un tournoi ne re\u00e7oivent pas de Points Planeswalker ou de Points Professionnel pour ce tournoi.<br \/>\n<a href=\"http:\/\/blogs.magicjudges.org\/rules\/ipg1-2-fr\/\"><strong>1.2<\/strong><\/a> : Quitter un tournoi ne permet pas d\u2019\u00e9viter une p\u00e9nalit\u00e9.<br \/>\n<a href=\"http:\/\/blogs.magicjudges.org\/rules\/ipg1-5-fr\/\"><strong>1.5<\/strong><\/a> : Les cartes ne rejoignent des ensembles visibles que lorsqu\u2019un joueur les voit.<br \/>\n<a href=\"http:\/\/blogs.magicjudges.org\/rules\/ipg2-1-fr\/\"><strong>2.1<\/strong><\/a> : Nouveau type de capacit\u00e9 d\u00e9clench\u00e9es qui sont toujours effectu\u00e9es lorsque l\u2019on se rend compte qu\u2019elles ont \u00e9t\u00e9 manqu\u00e9es.<br \/>\n<a href=\"http:\/\/blogs.magicjudges.org\/rules\/ipg2-3-fr\/\"><strong>2.3<\/strong><\/a> : Nouvelle proc\u00e9dure suppl\u00e9mentaire pour les cartes qui auraient d\u00fb \u00eatre r\u00e9v\u00e9l\u00e9es.<br \/>\n<a href=\"http:\/\/blogs.magicjudges.org\/rules\/ipg3-3-fr\/\"><strong>3.3<\/strong><\/a> : Clarification sur l\u2019ajout de tours suppl\u00e9mentaires \u00e0 la fin d\u2019un match.<br \/>\n<a href=\"http:\/\/blogs.magicjudges.org\/rules\/ipg3-4-fr\/\"><strong>3.4<\/strong><\/a> : Insufficient Shuffling d\u00e9plac\u00e9 en 3.9<br \/>\n<a href=\"http:\/\/blogs.magicjudges.org\/rules\/ipg3-4-fr\/\"><strong>3.4<\/strong><\/a> : Nouvelle infraction ! Concerne les erreurs de liste de deck.<br \/>\n<a href=\"http:\/\/blogs.magicjudges.org\/rules\/ipg3-5-fr\/\"><strong>3.5<\/strong><\/a> : R\u00e9\u00e9crite pour concerner sp\u00e9cifiquement les erreurs de deck. La p\u00e9nalit\u00e9 est maintenant un Warning avec des augmentations.<br \/>\n<a href=\"http:\/\/blogs.magicjudges.org\/rules\/ipg4-3-fr\/\"><strong>4.3<\/strong><\/a> : Modifi\u00e9e pour correspondre aux MTR sur le fait que ne pas signaler une offre est consid\u00e9r\u00e9 comme de la complicit\u00e9.<br \/>\n<a href=\"http:\/\/blogs.magicjudges.org\/rules\/ipg4-4-fr\/\"><strong>4.4<\/strong><\/a> : Modifi\u00e9e pour correspondre aux MTR sur le fait que ne pas signaler une offre est consid\u00e9r\u00e9 comme de la complicit\u00e9.<\/p>\n<p><strong>20 janvier 2017<\/strong><\/p>\n<p>G\u00e9n\u00e9ral: Utilisation de \u00abbiblioth\u00e8que\u00bb au lieu de \u00abdeck\u00bb lorsque cela est plus appropri\u00e9.<br \/>\nG\u00e9n\u00e9ral: Utilisation de \u00abtournoi\u00bb au lieu d&#8217;\u00ab\u00e9v\u00e8nement\u00bb lorsque cela est plus appropri\u00e9.<br \/>\n<a href=\"http:\/\/blogs.magicjudges.org\/rules\/ipg1-4-fr\/\"><strong>1.4<\/strong><\/a> : Les cartes publiquement r\u00e9v\u00e9l\u00e9es \u00e0 tous les joueurs peuvent \u00eatre rem\u00e9lang\u00e9es.<br \/>\n<a href=\"http:\/\/blogs.magicjudges.org\/rules\/ipg1-5-fr\/\"><strong>1.5<\/strong><\/a> : Nouvelle section d\u00e9finissant et expliquant les ensembles de cartes.<br \/>\n<a href=\"http:\/\/blogs.magicjudges.org\/rules\/ipg2-2-fr\/\"><strong>2.2<\/strong><\/a> : Nouvelle d\u00e9finition. S\u2019applique d\u00e9sormais uniquement aux cartes dans la biblioth\u00e8que.<br \/>\n<a href=\"http:\/\/blogs.magicjudges.org\/rules\/ipg2-3-fr\/\"><strong>2.3<\/strong><\/a> : Plus de d\u00e9tails sur la fronti\u00e8re LEC\/HCE. Un joueur doit avoir eu l\u2019intention de regarder les cartes.<br \/>\n<a href=\"http:\/\/blogs.magicjudges.org\/rules\/ipg2-3-fr\/\"><strong>2.3<\/strong><\/a> : Si une action doit \u00eatre fix\u00e9e, l\u2019action est r\u00e9alis\u00e9e l\u00e9galement.<br \/>\n<a href=\"http:\/\/blogs.magicjudges.org\/rules\/ipg3-5-fr\/\"><strong>3.5<\/strong><\/a> : Clarification sur le fait que les pochettes diff\u00e9rentes, les jetons, etc. s\u2019appliquent uniquement au deck, pas au sideboard.<br \/>\n<a href=\"http:\/\/blogs.magicjudges.org\/rules\/ipg3-5-fr\/\"><strong>3.5<\/strong><\/a> : La diminution pour cartes manquantes s\u2019applique tout le temps quand les cartes manquantes sont localis\u00e9es dans le deck d\u2019un adversaire.<br \/>\n<a href=\"http:\/\/blogs.magicjudges.org\/rules\/ipg3-5-fr\/\"><strong>3.5<\/strong><\/a> : Nouvelle diminution pour plusieurs situations o\u00f9 un joueur a oubli\u00e9 de d\u00e9sider.<br \/>\n<a href=\"http:\/\/blogs.magicjudges.org\/rules\/ipg3-8-fr\/\"><strong>3.8<\/strong><\/a> : R\u00e9\u00e9criture de la d\u00e9finition pour mettre l\u2019accent sur les marquages.<br \/>\n<a href=\"http:\/\/blogs.magicjudges.org\/rules\/ipg3-8-fr\/\"><strong>3.8<\/strong><\/a> : Ajout d\u2019un exemple pour le cas d\u2019un deck utilis\u00e9 sans pochette.<\/p>\n","protected":false},"excerpt":{"rendered":"<p>29 Septembre 2017 1.1 : Suppression d\u2019un paragraphe obsol\u00e8te sur la philosophie des Games Loss. Mise \u00e0 jour de celui sur les Match Loss 1.1 : Les Game Loss re\u00e7ues simultan\u00e9ment \u00e0 un Match Loss pour l\u2019adversaire ne sont plus report\u00e9es au match suivant. 1.2 : Modification d\u2019une r\u00e9f\u00e9rence obsol\u00e8te aux Erreurs de Deck. 2.1 [&hellip;]<\/p>\n","protected":false},"author":249,"featured_media":0,"parent":0,"menu_order":0,"comment_status":"closed","ping_status":"closed","template":"page_width-index.php","meta":{"footnotes":"","_links_to":"","_links_to_target":""},"language":[9],"class_list":["post-4557","page","type-page","status-publish","hentry","language-fr"],"_links":{"self":[{"href":"https:\/\/blogs.magicjudges.org\/rules\/wp-json\/wp\/v2\/pages\/4557","targetHints":{"allow":["GET"]}}],"collection":[{"href":"https:\/\/blogs.magicjudges.org\/rules\/wp-json\/wp\/v2\/pages"}],"about":[{"href":"https:\/\/blogs.magicjudges.org\/rules\/wp-json\/wp\/v2\/types\/page"}],"author":[{"embeddable":true,"href":"https:\/\/blogs.magicjudges.org\/rules\/wp-json\/wp\/v2\/users\/249"}],"replies":[{"embeddable":true,"href":"https:\/\/blogs.magicjudges.org\/rules\/wp-json\/wp\/v2\/comments?post=4557"}],"version-history":[{"count":7,"href":"https:\/\/blogs.magicjudges.org\/rules\/wp-json\/wp\/v2\/pages\/4557\/revisions"}],"predecessor-version":[{"id":7106,"href":"https:\/\/blogs.magicjudges.org\/rules\/wp-json\/wp\/v2\/pages\/4557\/revisions\/7106"}],"wp:attachment":[{"href":"https:\/\/blogs.magicjudges.org\/rules\/wp-json\/wp\/v2\/media?parent=4557"}],"wp:term":[{"taxonomy":"language","embeddable":true,"href":"https:\/\/blogs.magicjudges.org\/rules\/wp-json\/wp\/v2\/language?post=4557"}],"curies":[{"name":"wp","href":"https:\/\/api.w.org\/{rel}","templated":true}]}}