{"id":4562,"date":"2016-08-06T00:05:44","date_gmt":"2016-08-05T21:05:44","guid":{"rendered":"http:\/\/blogs.magicjudges.org\/rules\/?page_id=4562"},"modified":"2017-10-22T17:15:33","modified_gmt":"2017-10-22T14:15:33","slug":"ipg-appendix-a-fr","status":"publish","type":"page","link":"https:\/\/blogs.magicjudges.org\/rules\/ipg-appendix-a-fr\/","title":{"rendered":"IPG Annexe A \u2014 R\u00e9f\u00e9rence rapide des p\u00e9nalit\u00e9s"},"content":{"rendered":"<table class=\"table table-hover table-condensed aligncenter\" style=\"border: none\">\n<tbody>\n<tr style=\"background-color: #d4d4d4\">\n<td style=\"width: 500px;vertical-align: middle\" scope=\"col\"><strong>Infraction<\/strong><\/td>\n<td style=\"width: 200px;text-align: center;vertical-align: middle\" scope=\"col\"><strong>P\u00e9nalit\u00e9<\/strong><\/td>\n<\/tr>\n<tr style=\"border: none\">\n<td style=\"border: none\"><strong>Erreurs de jeu<\/strong> (Game Play Errors)<\/td>\n<td style=\"border: none\"><\/td>\n<\/tr>\n<tr>\n<td><a href=\"http:\/\/blogs.magicjudges.org\/rules\/ipg-2-1-fr\/\">Capacit\u00e9 d\u00e9clench\u00e9e manqu\u00e9e<\/a> (Missed Trigger)<\/td>\n<td style=\"width: 200px;text-align: center;vertical-align: middle\" scope=\"col\">Aucune<\/td>\n<\/tr>\n<tr>\n<td><a href=\"http:\/\/blogs.magicjudges.org\/rules\/ipg-2-2-fr\/\">Observation de cartes suppl\u00e9mentaires<\/a> (Looking at Extra Cards)<\/td>\n<td style=\"width: 200px;text-align: center;vertical-align: middle\" scope=\"col\">Warning<\/td>\n<\/tr>\n<tr>\n<td><a href=\"http:\/\/blogs.magicjudges.org\/rules\/ipg-2-3-fr\/\">Erreur li\u00e9e \u00e0 une carte cach\u00e9e<\/a> (Hidden Card Error)<\/td>\n<td style=\"width: 200px;text-align: center;vertical-align: middle\" scope=\"col\">Warning<\/td>\n<\/tr>\n<tr>\n<td><a href=\"http:\/\/blogs.magicjudges.org\/rules\/ipg-2-4-fr\/\">Erreur lors de la proc\u00e9dure de mulligan<\/a> (Mulligan Procedure Error)<\/td>\n<td style=\"width: 200px;text-align: center;vertical-align: middle\" scope=\"col\">Warning<\/td>\n<\/tr>\n<tr>\n<td><a href=\"http:\/\/blogs.magicjudges.org\/rules\/ipg-2-5-fr\/\">Violation d\u2019une r\u00e8gle du jeu<\/a> (Game Rule Violation)<\/td>\n<td style=\"width: 200px;text-align: center;vertical-align: middle\" scope=\"col\">Warning<\/td>\n<\/tr>\n<tr>\n<td><a href=\"http:\/\/blogs.magicjudges.org\/rules\/ipg-2-6-fr\/\">\u00c9chec \u00e0 conserver un \u00e9tat de la partie l\u00e9gal<\/a> (Failure to Maintain Game State)<\/td>\n<td style=\"width: 200px;text-align: center;vertical-align: middle\" scope=\"col\">Warning<\/td>\n<\/tr>\n<tr>\n<td><\/td>\n<td style=\"width: 200px;text-align: center;vertical-align: middle\" scope=\"col\"><\/td>\n<\/tr>\n<tr style=\"border: none\">\n<td style=\"border: none\"><strong>Erreurs de tournoi<\/strong> (Tournament Errors)<\/td>\n<td style=\"border: none\"><\/td>\n<\/tr>\n<tr>\n<td><a href=\"http:\/\/blogs.magicjudges.org\/rules\/ipg-3-1-fr\/\">Retard<\/a> (Tardiness)<\/td>\n<td style=\"width: 200px;text-align: center;vertical-align: middle\" scope=\"col\">Game Loss<\/td>\n<\/tr>\n<tr>\n<td><a href=\"http:\/\/blogs.magicjudges.org\/rules\/ipg-3-2-fr\/\">Assistance ext\u00e9rieure<\/a> (Outside Assistance)<\/td>\n<td style=\"width: 200px;text-align: center;vertical-align: middle\" scope=\"col\">Match Loss<\/td>\n<\/tr>\n<tr>\n<td><a href=\"http:\/\/blogs.magicjudges.org\/rules\/ipg-3-3-fr\/\">Rythme de jeu trop lent<\/a> (Slow Play)<\/td>\n<td style=\"width: 200px;text-align: center;vertical-align: middle\" scope=\"col\">Warning<\/td>\n<\/tr>\n<tr>\n<td><a href=\"http:\/\/blogs.magicjudges.org\/rules\/ipg-3-4-fr\/\">Probl\u00e8me de liste de deck<\/a> (Decklist Problem)<\/td>\n<td style=\"width: 200px;text-align: center;vertical-align: middle\" scope=\"col\">Game Loss<\/td>\n<\/tr>\n<tr>\n<td><a href=\"http:\/\/blogs.magicjudges.org\/rules\/ipg-3-5-fr\/\">Probl\u00e8me de deck<\/a> (Deck Problem)<\/td>\n<td style=\"width: 200px;text-align: center;vertical-align: middle\" scope=\"col\">Warning<\/td>\n<\/tr>\n<tr>\n<td><a href=\"http:\/\/blogs.magicjudges.org\/rules\/ipg-3-6-fr\/\">Violation des proc\u00e9dures en format limit\u00e9<\/a> (Limited Procedure Violation)<\/td>\n<td style=\"width: 200px;text-align: center;vertical-align: middle\" scope=\"col\">Warning<\/td>\n<\/tr>\n<tr>\n<td><a href=\"http:\/\/blogs.magicjudges.org\/rules\/ipg-3-7-fr\/\">Violation des r\u00e8gles de communication<\/a> (Communication Policy Violation)<\/td>\n<td style=\"width: 200px;text-align: center;vertical-align: middle\" scope=\"col\">Warning<\/td>\n<\/tr>\n<tr>\n<td><a href=\"http:\/\/blogs.magicjudges.org\/rules\/ipg-3-8-fr\/\">Cartes marqu\u00e9es<\/a> (Marked Cards)<\/td>\n<td style=\"width: 200px;text-align: center;vertical-align: middle\" scope=\"col\">Warning<\/td>\n<\/tr>\n<tr>\n<td><a href=\"http:\/\/blogs.magicjudges.org\/rules\/ipg-3-9-fr\/\">M\u00e9lange insuffisant<\/a> (Insufficient Shuffling)<\/td>\n<td style=\"width: 200px;text-align: center;vertical-align: middle\" scope=\"col\">Warning<\/td>\n<\/tr>\n<tr>\n<td><\/td>\n<td style=\"width: 200px;text-align: center;vertical-align: middle\" scope=\"col\"><\/td>\n<\/tr>\n<tr style=\"border: none\">\n<td style=\"border: none\"><strong>Conduite antisportive<\/strong> (Unsporting Conduct)<\/td>\n<td style=\"border: none\"><\/td>\n<\/tr>\n<tr>\n<td><a href=\"http:\/\/blogs.magicjudges.org\/rules\/ipg-4-1-fr\/\">Conduite antisportive \u2014 Mineure<\/a> (Unsporting Conduct \u2014 Minor)<\/td>\n<td style=\"width: 200px;text-align: center;vertical-align: middle\" scope=\"col\">Warning<\/td>\n<\/tr>\n<tr>\n<td><a href=\"http:\/\/blogs.magicjudges.org\/rules\/ipg-4-2-fr\/\">Conduite antisportive \u2014 Majeure<\/a> (Unsporting Conduct \u2014 Major)<\/td>\n<td style=\"width: 200px;text-align: center;vertical-align: middle\" scope=\"col\">Match Loss<\/td>\n<\/tr>\n<tr>\n<td><a href=\"http:\/\/blogs.magicjudges.org\/rules\/ipg-4-3-fr\/\">D\u00e9termination inappropri\u00e9e d\u2019un vainqueur<\/a> (Improperly Determining a Winner)<\/td>\n<td style=\"width: 200px;text-align: center;vertical-align: middle\" scope=\"col\">Disqualification<\/td>\n<\/tr>\n<tr>\n<td><a href=\"http:\/\/blogs.magicjudges.org\/rules\/ipg4-4-fr\/\">Corruption et paris<\/a> (Bribery and Wagering)<\/td>\n<td style=\"width: 200px;text-align: center;vertical-align: middle\" scope=\"col\">Disqualification<\/td>\n<\/tr>\n<tr>\n<td><a href=\"http:\/\/blogs.magicjudges.org\/rules\/ipg-4-5-fr\/\">Comportement agressif<\/a> (Aggressive Behavior)<\/td>\n<td style=\"width: 200px;text-align: center;vertical-align: middle\" scope=\"col\">Disqualification<\/td>\n<\/tr>\n<tr>\n<td><a href=\"http:\/\/blogs.magicjudges.org\/rules\/ipg-4-6-fr\/\">Vol de mat\u00e9riel de tournoi<\/a> (Theft of Tournament Material)<\/td>\n<td style=\"width: 200px;text-align: center;vertical-align: middle\" scope=\"col\">Disqualification<\/td>\n<\/tr>\n<tr>\n<td><a href=\"http:\/\/blogs.magicjudges.org\/rules\/ipg-4-7-fr\/\">Abus de la limite de temps<\/a> (Stalling)<\/td>\n<td style=\"width: 200px;text-align: center;vertical-align: middle\" scope=\"col\">Disqualification<\/td>\n<\/tr>\n<tr>\n<td><a href=\"http:\/\/blogs.magicjudges.org\/rules\/ipg-4-8-fr\/\">Triche<\/a> (Cheating)<\/td>\n<td style=\"width: 200px;text-align: center;vertical-align: middle\" scope=\"col\">Disqualification<\/td>\n<\/tr>\n<tr>\n<td><\/td>\n<td style=\"width: 200px;text-align: center;vertical-align: middle\" scope=\"col\"><\/td>\n<\/tr>\n<\/tbody>\n<\/table>\n<p>&nbsp;<\/p>\n","protected":false},"excerpt":{"rendered":"<p>Infraction P\u00e9nalit\u00e9 Erreurs de jeu (Game Play Errors) Capacit\u00e9 d\u00e9clench\u00e9e manqu\u00e9e (Missed Trigger) Aucune Observation de cartes suppl\u00e9mentaires (Looking at Extra Cards) Warning Erreur li\u00e9e \u00e0 une carte cach\u00e9e (Hidden Card Error) Warning Erreur lors de la proc\u00e9dure de mulligan (Mulligan Procedure Error) Warning Violation d\u2019une r\u00e8gle du jeu (Game Rule Violation) Warning \u00c9chec \u00e0 [&hellip;]<\/p>\n","protected":false},"author":249,"featured_media":0,"parent":0,"menu_order":0,"comment_status":"closed","ping_status":"closed","template":"page_width-index.php","meta":{"footnotes":"","_links_to":"","_links_to_target":""},"language":[9],"class_list":["post-4562","page","type-page","status-publish","hentry","language-fr"],"_links":{"self":[{"href":"https:\/\/blogs.magicjudges.org\/rules\/wp-json\/wp\/v2\/pages\/4562","targetHints":{"allow":["GET"]}}],"collection":[{"href":"https:\/\/blogs.magicjudges.org\/rules\/wp-json\/wp\/v2\/pages"}],"about":[{"href":"https:\/\/blogs.magicjudges.org\/rules\/wp-json\/wp\/v2\/types\/page"}],"author":[{"embeddable":true,"href":"https:\/\/blogs.magicjudges.org\/rules\/wp-json\/wp\/v2\/users\/249"}],"replies":[{"embeddable":true,"href":"https:\/\/blogs.magicjudges.org\/rules\/wp-json\/wp\/v2\/comments?post=4562"}],"version-history":[{"count":4,"href":"https:\/\/blogs.magicjudges.org\/rules\/wp-json\/wp\/v2\/pages\/4562\/revisions"}],"predecessor-version":[{"id":7109,"href":"https:\/\/blogs.magicjudges.org\/rules\/wp-json\/wp\/v2\/pages\/4562\/revisions\/7109"}],"wp:attachment":[{"href":"https:\/\/blogs.magicjudges.org\/rules\/wp-json\/wp\/v2\/media?parent=4562"}],"wp:term":[{"taxonomy":"language","embeddable":true,"href":"https:\/\/blogs.magicjudges.org\/rules\/wp-json\/wp\/v2\/language?post=4562"}],"curies":[{"name":"wp","href":"https:\/\/api.w.org\/{rel}","templated":true}]}}