{"id":4571,"date":"2016-08-06T08:31:51","date_gmt":"2016-08-06T05:31:51","guid":{"rendered":"http:\/\/blogs.magicjudges.org\/rules\/?page_id=4571"},"modified":"2017-12-26T22:20:29","modified_gmt":"2017-12-26T19:20:29","slug":"ipg4-6-fr","status":"publish","type":"page","link":"https:\/\/blogs.magicjudges.org\/rules\/ipg4-6-fr\/","title":{"rendered":"IPG 4.6 Conduite antisportive \u2014 Vol de mat\u00e9riel de tournoi"},"content":{"rendered":"<div style=\"padding-right: 20px;float: left;width: 80%;margin-top: 0px\">\n<h2>D\u00e9finition<\/h2>\n<p>Un joueur d\u00e9robe quelque chose faisant partie du tournoi, comme des cartes ou du mat\u00e9riel de tournoi (liste non exhaustive).<\/p>\n<\/div>\n<div style=\"float: right;width: 20%;margin-top: 0px;margin-bottom: -20px;text-align: center\">\n<div class=\"alert alert-warning\" role=\"alert\"> <\/p>\n<p style=\"text-align: center;margin-top: 10px;margin-left: -10px\"><strong>P\u00e9nalit\u00e9<\/strong><\/p>\n<p style=\"text-align: center;margin-bottom: 10px;margin-left: -12px\">Disqualification<\/p>\n<p><\/div>\n<\/div>\n<br style=\"clear: both; height: 1px; margin: -1px 0pt 0pt; overflow: hidden;\">\n<p style=\"margin-top: -5px\"><div class=\"alert alert-info\" role=\"alert\"> <em>Que votre syst\u00e8me moral s&#8217;appuie sur les lois de votre pays, les Dix Commandements, ou le Code de Hammurabi, vous savez probablement d\u00e9j\u00e0 que voler est un comportement inacceptable. Ce type de conduite est tout aussi intol\u00e9rable dans les tournois de Magic que globalement dans la soci\u00e9t\u00e9. Ici la fronti\u00e8re est claire ; pour subir cette p\u00e9nalit\u00e9, il faut voler du mat\u00e9riel de tournoi. Voler un deck Commander dans le sac \u00e0 dos d&#8217;un joueur n&#8217;est pas du vol de mat\u00e9riel de tournoi. \u00c9videmment \u00e7a reste inacceptable.<br \/>\nVoler c&#8217;est mal. Votre m\u00e8re ne vous l&#8217;a-t-elle jamais appris ?<\/em><\/div><\/p>\n<h2 style=\"text-align: justify\">Exemples<\/h2>\n<ul class=\"list-group\" style=\"text-align: justify;margin-left: 0px\">\n<li class=\"list-group-item\"><strong>A.<\/strong> Un joueur vole une carte du sideboard de son adversaire.<\/li>\n<li class=\"list-group-item\"><strong>B.<\/strong> Un joueur vole un num\u00e9ro de table utilis\u00e9 dans le tournoi.<br \/>\n<div class=\"alert alert-info\" role=\"alert\"> <em>Si un num\u00e9ro de table manque, ce sera probablement le 42 ou le 69.<\/em><\/div><\/li>\n<li class=\"list-group-item\"><strong>C.<\/strong> Un joueur se rend compte qu&#8217;il poss\u00e8de une carte d&#8217;un adversaire pr\u00e9c\u00e9dent mais la cache plut\u00f4t que de le signaler \u00e0 un arbitre.<br \/>\n<div class=\"alert alert-info\" role=\"alert\"> <em>L&#8217;exemple C clarifie le fait qu&#8217;un joueur qui a d\u00e9rob\u00e9 quelque chose par inadvertance peut quand m\u00eame finir par commettre cette infraction par son inaction quand il le remarquera plus tard. Voici un ph\u00e9nom\u00e8ne aussi vieux que Magic : un joueur oublie de rendre \u00e0 son adversaire une cr\u00e9ature dont il a pris le contr\u00f4le avec <a href=\"https:\/\/blogs.magicjudges.org\/rules\/wp-content\/plugins\/lems-mtg-helper\/lems-mtg-helper-cardfinder.php?find=Control+Magic&width=223&height=310\" class=\"jTip\" name=\"\">Control Magic<\/a>, et il m\u00e9lange accidentellement cette cr\u00e9ature dans son propre deck en ramassant ses cartes. Faire cela n&#8217;est pas un probl\u00e8me en tant que tel, sous r\u00e9serve que le joueur restitue la carte ou alors qu&#8217;il appelle un arbitre d\u00e8s qu&#8217;il remarque le probl\u00e8me. Cependant, si un joueur remarque soudain qu&#8217;il a r\u00e9cup\u00e9r\u00e9 accidentellement le <a href=\"https:\/\/blogs.magicjudges.org\/rules\/wp-content\/plugins\/lems-mtg-helper\/lems-mtg-helper-cardfinder.php?find=Thragcorne&width=223&height=310\" class=\"jTip\" name=\"\">Thragcorne<\/a> de son adversaire de la ronde pr\u00e9c\u00e9dente et qu&#8217;il choisit de garder le silence, l\u00e0 c&#8217;est un probl\u00e8me grave, et \u00e7a correspond encore \u00e0 la d\u00e9finition de cette infraction. Pensez-y comme une forme de \u201cvol passif\u201d.<\/em><\/div><\/li>\n<\/ul>\n<h2 style=\"text-align: justify;margin-top: 20px\">Philosophie<\/h2>\n<p style=\"text-align: justify;margin-bottom: 0px\">Les joueurs doivent s&#8217;attendre \u00e0 ce que leurs possessions soient prot\u00e9g\u00e9es en s&#8217;inscrivant \u00e0 un tournoi.<\/p>\n<div class=\"alert alert-info\" role=\"alert\"> <em>Comme dit l&#8217;adage, vos droits s&#8217;arr\u00eatent l\u00e0 o\u00f9 commencent ceux des autres. Les joueurs ont des droits sur leurs affaires personnelles, et donc vous n&#8217;avez pas le droit de les prendre. Personne ne devrait avoir besoin de l&#8217;IPG pour savoir cela.<\/em><\/div>\n<p style=\"text-align: justify;margin-bottom: 0px\">Si cela ne leur enl\u00e8ve en rien la responsabilit\u00e9 de faire attention \u00e0 leurs affaires, ils sont en droit de terminer le tournoi avec le produit qu&#8217;ils ont amen\u00e9 ou qu&#8217;on leur a donn\u00e9.<\/p>\n<div class=\"alert alert-info\" role=\"alert\"> <em>Le vol est un probl\u00e8me omnipr\u00e9sent, aussi il est important de garder un \u0153il sur ses affaires personnelles. Malgr\u00e9 des rappels constants de la part des arbitres, des TOs, et de l&#8217;IPG ici-m\u00eame, il est rare de terminer un grand tournoi sans que le week-end d&#8217;au moins quelques joueurs n&#8217;ait \u00e9t\u00e9 ruin\u00e9 par le vol de leurs sacs. Bien que les arbitres se doivent de prendre garde aux voleurs, en fin de compte les joueurs sont les seuls responsables de leurs affaires personnelles.<\/em><\/div>\n<p style=\"text-align: justify;margin-bottom: 0px\">Les vols ne mettant pas en cause de mat\u00e9riel de tournoi sont de la responsabilit\u00e9 de l&#8217;Organisateur du tournoi, m\u00eame si les arbitres sont encourag\u00e9s \u00e0 l&#8217;aider de toutes les mani\u00e8res possibles.<\/p>\n<div class=\"alert alert-info\" role=\"alert\"> <em>Cette phrase n&#8217;est pas forc\u00e9ment \u00e9vidente \u00e0 comprendre. Que se passe-t-il quand un joueur vole un sac de classeurs d&#8217;\u00e9change, mais pas le deck d&#8217;un joueur ? Stricto sensu, cela ne constitue pas vraiment du vol de mat\u00e9riel de tournoi, bien que le r\u00e9sultat (le voleur est exclu du tournoi) ait plus ou moins les m\u00eames cons\u00e9quences. Si le vol est port\u00e9 \u00e0 l&#8217;attention d&#8217;un arbitre, celui-ci doit en informer l&#8217;organisateur du tournoi. Il s&#8217;occupera d&#8217;exclure le voleur de la salle, et d&#8217;appeler la police le cas \u00e9ch\u00e9ant. Dans une telle situation, il faut absolument que l&#8217;information soit rapport\u00e9e quand m\u00eame au <a href=\"http:\/\/blogs.magicjudges.org\/o\/spheres\/investigations-committee\/\">Comit\u00e9 d&#8217;Investigations<\/a> gr\u00e2ce \u00e0 l&#8217;onglet appropri\u00e9 <a href=\"https:\/\/judge.wizards.com\/investigations.aspx\">\u201cInvestigations\u201d dans le Judge Center<\/a>. En pratique, un joueur qui vole un sac doit \u00eatre trait\u00e9 de la m\u00eame fa\u00e7on que quelqu&#8217;un qui aurait commis cette infraction.<\/em><\/p>\n<p><em>De plus, les arbitres ne font pas partie des forces de l&#8217;ordre \u2013 l&#8217;expression \u201cde toutes les mani\u00e8res possibles\u201d n&#8217;inclut ni la d\u00e9tention du voleur, ni le couvrir de goudron et de plumes, ni le laisser pieds et poings li\u00e9s sur le parking du commissariat de police de Gotham City. Laissons la \u201cjustice vigilante\u201d aux superh\u00e9ros.<\/em><\/div>\n<h2 style=\"text-align: justify\">Proc\u00e9dure suppl\u00e9mentaire<\/h2>\n<p style=\"text-align: justify;margin-bottom: 0px\">L&#8217;organisateur doit s&#8217;assurer que le voleur quitte la salle.<\/p>\n<div class=\"alert alert-info\" role=\"alert\"> <em>Ne passez pas par la case d\u00e9part. Ne touchez pas 200\u20ac. Ciao ciao. Vous repartez les mains vides. Vous ne reviendrez pas en deuxi\u00e8me semaine. Il se peut que j&#8217;ai un peu tout m\u00e9lang\u00e9.<\/em><\/div>\n","protected":false},"excerpt":{"rendered":"<p>D\u00e9finition Un joueur d\u00e9robe quelque chose faisant partie du tournoi, comme des cartes ou du mat\u00e9riel de tournoi (liste non exhaustive). Exemples A. Un joueur vole une carte du sideboard de son adversaire. B. Un joueur vole un num\u00e9ro de table utilis\u00e9 dans le tournoi. C. Un joueur se rend compte qu&#8217;il poss\u00e8de une carte [&hellip;]<\/p>\n","protected":false},"author":249,"featured_media":0,"parent":0,"menu_order":0,"comment_status":"closed","ping_status":"closed","template":"page_width-index.php","meta":{"footnotes":"","_links_to":"","_links_to_target":""},"language":[9],"class_list":["post-4571","page","type-page","status-publish","hentry","language-fr"],"_links":{"self":[{"href":"https:\/\/blogs.magicjudges.org\/rules\/wp-json\/wp\/v2\/pages\/4571","targetHints":{"allow":["GET"]}}],"collection":[{"href":"https:\/\/blogs.magicjudges.org\/rules\/wp-json\/wp\/v2\/pages"}],"about":[{"href":"https:\/\/blogs.magicjudges.org\/rules\/wp-json\/wp\/v2\/types\/page"}],"author":[{"embeddable":true,"href":"https:\/\/blogs.magicjudges.org\/rules\/wp-json\/wp\/v2\/users\/249"}],"replies":[{"embeddable":true,"href":"https:\/\/blogs.magicjudges.org\/rules\/wp-json\/wp\/v2\/comments?post=4571"}],"version-history":[{"count":4,"href":"https:\/\/blogs.magicjudges.org\/rules\/wp-json\/wp\/v2\/pages\/4571\/revisions"}],"predecessor-version":[{"id":7244,"href":"https:\/\/blogs.magicjudges.org\/rules\/wp-json\/wp\/v2\/pages\/4571\/revisions\/7244"}],"wp:attachment":[{"href":"https:\/\/blogs.magicjudges.org\/rules\/wp-json\/wp\/v2\/media?parent=4571"}],"wp:term":[{"taxonomy":"language","embeddable":true,"href":"https:\/\/blogs.magicjudges.org\/rules\/wp-json\/wp\/v2\/language?post=4571"}],"curies":[{"name":"wp","href":"https:\/\/api.w.org\/{rel}","templated":true}]}}