{"id":4576,"date":"2016-08-06T08:22:33","date_gmt":"2016-08-06T05:22:33","guid":{"rendered":"http:\/\/blogs.magicjudges.org\/rules\/?page_id=4576"},"modified":"2017-12-26T22:20:50","modified_gmt":"2017-12-26T19:20:50","slug":"ipg4-4-fr","status":"publish","type":"page","link":"https:\/\/blogs.magicjudges.org\/rules\/ipg4-4-fr\/","title":{"rendered":"IPG 4.4 Conduite antisportive \u2014 Corruption et paris"},"content":{"rendered":"<div style=\"padding-right: 20px;float: left;width: 80%;margin-top: 0px\">\n<h2>D\u00e9finition<\/h2>\n<p>Un joueur fait une offre \u00e0 un adversaire pour l&#8217;encourager \u00e0 conc\u00e9der, accepter le match nul ou modifier le r\u00e9sultat d&#8217;une partie, ou accepte une telle offre. Veuillez vous r\u00e9f\u00e9rer \u00e0 la <a href=\"http:\/\/blogs.magicjudges.org\/rules\/mtr5-2\/\">section 5.2<\/a> des <strong>Magic<\/strong> Tournament Rules pour une description plus d\u00e9taill\u00e9e de ce qu&#8217;on appelle la corruption.<\/p>\n<\/div>\n<div style=\"float: right;width: 20%;margin-top: 0px;margin-bottom: -20px;text-align: center\">\n<div class=\"alert alert-warning\" role=\"alert\"> <\/p>\n<p style=\"text-align: center;margin-top: 10px;margin-left: -10px\"><strong>P\u00e9nalit\u00e9<\/strong><\/p>\n<p style=\"text-align: center;margin-bottom: 10px;margin-left: -12px\">Disqualification<\/p>\n<p><\/div>\n<\/div>\n<br style=\"clear: both; height: 1px; margin: -1px 0pt 0pt; overflow: hidden;\">\n<p style=\"margin-top: -30px\"><div class=\"alert alert-info\" role=\"alert\"> <em>Quand l&#8217;IPG dit \u201cveuillez vous r\u00e9f\u00e9rer aux Magic Tournament Rules\u201d, cela veut dire \u201cabsolument tout ce qui concerne <a href=\"http:\/\/blogs.magicjudges.org\/rules\/mtr5-2\/\">la corruption<\/a> se trouve dans les MTR, \u00e0 l&#8217;exception de la p\u00e9nalit\u00e9 encourue\u201d. Donc r\u00e9sumons les points-cl\u00e9s ici (veuillez vous r\u00e9f\u00e9rer aux MTR pour des informations compl\u00e8tes et d\u00e9taill\u00e9es sur ce sujet). Des articles entiers ont \u00e9t\u00e9 \u00e9crits sur ce qui est \/ n&#8217;est pas l\u00e9gal. Nous nous contentons de r\u00e9sumer tout \u00e7a ici.<\/em><\/p>\n<p><em>Abandonner (drop), conc\u00e9der, ou se mettre d&#8217;accord sur une \u00e9galit\u00e9 intentionnelle ne doit pas \u00eatre fait en \u00e9change de n&#8217;importe quelle sorte de r\u00e9compense ou d&#8217;incitation. Des phrases telles que \u201cje te conc\u00e8derai le match si tu me donnes ta carte promo FNM\u201d, ou \u201ch\u00e9, si je passe en top 8, je recevrai de l&#8217;argent en guise de lot, et je peux me montrer assez g\u00e9n\u00e9reux\u201d sont inacceptables. \u201cH\u00e9, j&#8217;ai faim, faisons une \u00e9galit\u00e9 intentionnelle afin qu&#8217;on puisse aller manger avant la prochaine ronde\u201d n&#8217;est pas une offre ni une incitation, donc ce n&#8217;est pas un probl\u00e8me.<\/em><\/p>\n<p><em>Pendant la finale, une exception aux r\u00e8gles sur <a href=\"http:\/\/blogs.magicjudges.org\/rules\/mtr5-2\/\">la corruption<\/a> entre en vigueur : elle autorise les joueurs \u00e0 se partager leurs lots comme ils le souhaitent, tant que cela n&#8217;inclut absolument rien d&#8217;autre que les lots pr\u00e9vus. Si la finale comporte un lot qui n&#8217;est pas divisible, comme une invitation \u00e0 un Pro Tour, alors le joueur qui ne la re\u00e7oit pas doit abandonner (drop) le tournoi \u2013 non pas conc\u00e9der mais bel et bien abandonner.<\/em><\/p>\n<p><em>Un joueur est libre d&#8217;utiliser toute information dont il dispose sur les r\u00e9sultats d&#8217;autres matchs pour d\u00e9cider s&#8217;il souhaite proposer une ID. N\u00e9anmoins, il ne peut pas consulter les joueurs de ces autres matchs, ni n\u00e9gocier un accord avec eux.<\/em><\/p>\n<p><em>Lors de certains \u00e9v\u00e9nements, pendant la phase d&#8217;\u00e9limination directe, les joueurs peuvent d\u00e9cider de partager \u00e9quitablement tous les lots. Cela requiert l&#8217;accord du TO, et la d\u00e9cision doit \u00eatre unanime parmi tous les joueurs.<\/em><\/div><\/p>\n<p style=\"text-align: justify;margin-bottom: 0px\">On appelle <a href=\"http:\/\/blogs.magicjudges.org\/rules\/mtr5-3\/\">pari<\/a> l&#8217;action d&#8217;un spectateur ou d&#8217;un joueur de miser ou de proposer de miser sur l&#8217;issue d&#8217;un tournoi, d&#8217;un match ou de n&#8217;importe quelle partie d&#8217;un tournoi ou d&#8217;un match. L&#8217;enjeu du pari n&#8217;a pas besoin d&#8217;\u00eatre mon\u00e9taire et il n&#8217;y a pas besoin de parier sur son propre match pour que l&#8217;action soit ill\u00e9gale.<\/p>\n<div class=\"alert alert-info\" role=\"alert\"> <em>Parier est plus facile \u00e0 comprendre. Si vous misez sur quoi que ce soit dans l&#8217;\u00e9v\u00e9nement, vous \u00eates en train de parier, et cela n&#8217;est pas autoris\u00e9 dans les \u00e9v\u00e9nements homologu\u00e9s. \u00c0 partir du moment o\u00f9 les gens se mettent \u00e0 miser quoi que ce soit sur l&#8217;issue des parties ou des matchs du tournoi, si les arbitres n&#8217;interviennent pas en excluant ces joueurs de l&#8217;\u00e9v\u00e9nement alors ils courrent le risque de nuire \u00e0 l&#8217;image de Magic dans son ensemble, bien au-del\u00e0 de cet \u00e9v\u00e9nement particulier. Il y eu des cas o\u00f9 des \u00e9v\u00e9nements tels que des Friday Night Magic ont \u00e9t\u00e9 interrompus par les forces de l&#8217;ordre du coin parce qu&#8217;elles estimaient qu&#8217;ils enfreignaient les lois sur les paris. C&#8217;est le genre de choses auxquelles Wizards ne veut pas que les gens pensent quand ils pensent \u00e0 leur jeu, donc voil\u00e0 pourquoi cette politique de tol\u00e9rance z\u00e9ro existe.<\/em><\/div>\n<p>Un joueur qui re\u00e7oit une telle proposition doit imm\u00e9diatement en aviser un officiel du tournoi. Ne pas le faire est consid\u00e9r\u00e9 comme de la complicit\u00e9, et m\u00e9rite la m\u00eame p\u00e9nalit\u00e9.<\/p>\n<div class=\"alert alert-info\" role=\"alert\"> On attend des joueurs qu&#8217;ils appellent imm\u00e9diatement un arbitre si leur adversaire leur fait une telle proposition. S&#8217;ils ne le font pas, les deux joueurs recevront la m\u00eame p\u00e9nalit\u00e9.<\/div>\n<h2 style=\"text-align: justify\">Exemples<\/h2>\n<ul class=\"list-group\" style=\"text-align: justify;margin-left: 0px\">\n<li class=\"list-group-item\"><strong>A.<\/strong> Dans les rondes suisses d&#8217;un tournoi, un joueur propose 100\u20ac \u00e0 son adversaire pour qu&#8217;il conc\u00e8de le match.<br \/>\n<div class=\"alert alert-info\" role=\"alert\"> <em>Voici un exemple o\u00f9 on ach\u00e8te une victoire, or c&#8217;est interdit. Basiquement c&#8217;est un avantage injuste qui octroierait \u00e0 la personne avec le plus gros porte-feuilles la capacit\u00e9 d&#8217;acheter des victoires.<\/em><\/div><\/li>\n<li class=\"list-group-item\"><strong>B.<\/strong> Un joueur propose \u00e0 son adversaire une carte en \u00e9change d&#8217;un match nul.<br \/>\n<div class=\"alert alert-info\" role=\"alert\"> <em>Voici un exemple d&#8217;incitation pour influencer les r\u00e9sultats. Ce n&#8217;est pas rigoureusement aussi all\u00e9chant que le billet de cent euros ci-dessus, mais ce n&#8217;est toujours pas juste envers toutes les autres personnes que quelqu&#8217;un puisse utiliser quelque chose d&#8217;ext\u00e9rieur au jeu pour influencer les r\u00e9sultats de ses matchs.<\/em><\/div><\/li>\n<li class=\"list-group-item\"><strong>C.<\/strong> Un joueur propose \u00e0 son adversaire de conc\u00e9der contre un \u00ab split \u00bb (partage des gains).<br \/>\n<div class=\"alert alert-info\" role=\"alert\"> <em>Rappelez-vous que les joueurs ont le droit de se mettre d&#8217;accord pour partager les lots \u2014 peut-\u00eatre parce qu&#8217;ils sont amis, ou qu&#8217;ils se sentent mal \u00e0 propos de ce qui est arriv\u00e9 \u00e0 quelqu&#8217;un d&#8217;autre pendant l&#8217;\u00e9v\u00e9nement \u2014 mais pas si le partage ou l&#8217;\u00e9change est surbordonn\u00e9 \u00e0 un certain r\u00e9sultat du match. Dire que vous conc\u00e8derez en \u00e9change d&#8217;un partage des lots est ill\u00e9gal. Cependant voici un sc\u00e9nario l\u00e9gal : vous proposez de partager les lots puis, apr\u00e8s que cela a \u00e9t\u00e9 accept\u00e9, vous demandez \u00e0 votre adversaire de conc\u00e9der, ou vous conc\u00e9dez vous-m\u00eame. Dans ce sc\u00e9nario, le partage des lots ne d\u00e9pendait pas d&#8217;une concession, en d\u00e9pit du fait qu&#8217;apr\u00e8s l&#8217;accord sur le partage des lots, l&#8217;un des joueurs ne souhaitait plus jouer.<\/em><\/div><\/li>\n<li class=\"list-group-item\"><strong>D.<\/strong> Deux joueurs se mettent d&#8217;accord pour que le vainqueur du match prenne une carte rare du deck de son adversaire \u00e0 la fin du match.<br \/>\n<div class=\"alert alert-info\" role=\"alert\"> <em>M\u00eame quelque chose d&#8217;insignifiant comme \u201cun soda contre une \u00e9galit\u00e9\u201d ou \u201cje te masserai les pieds quand on rentrera \u00e0 la maison\u201d est quelque chose qui affecte d\u00e9sormais les d\u00e9cisions des joueurs, quelle que soit l&#8217;intention r\u00e9elle derri\u00e8re cette offre. Cela pourrait \u00eatre une \u201cplaisanterie\u201d entre deux joueurs, mais nous ne saurons jamais si c&#8217;est vrai ou non.<\/em><\/div><\/li>\n<li class=\"list-group-item\"><strong>E.<\/strong> Deux spectateurs parient sur le nombre de parties qui seront n\u00e9cessaires \u00e0 la d\u00e9termination du vainqueur d&#8217;un match.<br \/>\n<div class=\"alert alert-info\" role=\"alert\"> <em>Voici un parfait exemple de pari auquel vous pourriez ne pas avoir pens\u00e9 spontan\u00e9ment.<\/em><\/div><\/li>\n<\/ul>\n<h2 style=\"text-align: justify;margin-top: 20px\">Philosophie<\/h2>\n<p style=\"text-align: justify;margin-bottom: 0px\">Corruption et paris mettent en p\u00e9ril l&#8217;int\u00e9grit\u00e9 d&#8217;un tournoi et sont strictement prohib\u00e9s.<\/p>\n<div class=\"alert alert-info\" role=\"alert\"> <em>En proposant une incitation quelconque en \u00e9change d&#8217;un certain r\u00e9sultat pour un match donn\u00e9, ou en offrant une r\u00e9compense selon le r\u00e9sultat du match, les joueurs ont entach\u00e9 l&#8217;int\u00e9grit\u00e9 de l&#8217;\u00e9v\u00e9nement, et cr\u00e9\u00e9 un environnement de jeu injuste o\u00f9 les r\u00e9sultats ne se d\u00e9cident par exclusivement par des parties de Magic. Puisque cela peut \u00eatre tellement dommageable et difficile \u00e0 rep\u00e9rer, c&#8217;est puni par la disqualification, et le simple fait de ne pas en faire part aux arbitres sur-le-champ peut conduire \u00e0 une p\u00e9nalit\u00e9 si un joueur s&#8217;est vu offrir un pot-de-vin. Cela n&#8217;a pas d&#8217;importance qu&#8217;il n&#8217;ait jamais eu l&#8217;intention d&#8217;accepter la proposition, ou que l&#8217;offre n&#8217;\u00e9tait pas s\u00e9rieuse, ou si la personne qui la propose est l&#8217;ami du joueur. D\u00e8s l&#8217;instant o\u00f9 la proposition existe, il n&#8217;y a aucun moyen de dire si cela a influenc\u00e9 ou non la d\u00e9cision du joueur. Et il n&#8217;y a aucun moyen de savoir si cette personne va ou ne va pas proposer la m\u00eame offre \u00e0 quelqu&#8217;un d&#8217;autre plus tard.<\/em><\/div>\n","protected":false},"excerpt":{"rendered":"<p>D\u00e9finition Un joueur fait une offre \u00e0 un adversaire pour l&#8217;encourager \u00e0 conc\u00e9der, accepter le match nul ou modifier le r\u00e9sultat d&#8217;une partie, ou accepte une telle offre. Veuillez vous r\u00e9f\u00e9rer \u00e0 la section 5.2 des Magic Tournament Rules pour une description plus d\u00e9taill\u00e9e de ce qu&#8217;on appelle la corruption. On appelle pari l&#8217;action d&#8217;un [&hellip;]<\/p>\n","protected":false},"author":249,"featured_media":0,"parent":0,"menu_order":0,"comment_status":"closed","ping_status":"closed","template":"page_width-index.php","meta":{"footnotes":"","_links_to":"","_links_to_target":""},"language":[9],"class_list":["post-4576","page","type-page","status-publish","hentry","language-fr"],"_links":{"self":[{"href":"https:\/\/blogs.magicjudges.org\/rules\/wp-json\/wp\/v2\/pages\/4576","targetHints":{"allow":["GET"]}}],"collection":[{"href":"https:\/\/blogs.magicjudges.org\/rules\/wp-json\/wp\/v2\/pages"}],"about":[{"href":"https:\/\/blogs.magicjudges.org\/rules\/wp-json\/wp\/v2\/types\/page"}],"author":[{"embeddable":true,"href":"https:\/\/blogs.magicjudges.org\/rules\/wp-json\/wp\/v2\/users\/249"}],"replies":[{"embeddable":true,"href":"https:\/\/blogs.magicjudges.org\/rules\/wp-json\/wp\/v2\/comments?post=4576"}],"version-history":[{"count":7,"href":"https:\/\/blogs.magicjudges.org\/rules\/wp-json\/wp\/v2\/pages\/4576\/revisions"}],"predecessor-version":[{"id":7246,"href":"https:\/\/blogs.magicjudges.org\/rules\/wp-json\/wp\/v2\/pages\/4576\/revisions\/7246"}],"wp:attachment":[{"href":"https:\/\/blogs.magicjudges.org\/rules\/wp-json\/wp\/v2\/media?parent=4576"}],"wp:term":[{"taxonomy":"language","embeddable":true,"href":"https:\/\/blogs.magicjudges.org\/rules\/wp-json\/wp\/v2\/language?post=4576"}],"curies":[{"name":"wp","href":"https:\/\/api.w.org\/{rel}","templated":true}]}}